{"id":990,"date":"2015-06-27T17:33:21","date_gmt":"2015-06-27T15:33:21","guid":{"rendered":"http:\/\/www.pro-evologia.ch\/?page_id=990"},"modified":"2015-06-27T17:35:12","modified_gmt":"2015-06-27T15:35:12","slug":"lazure-des-paluds","status":"publish","type":"page","link":"https:\/\/www.pro-evologia.ch\/?page_id=990","title":{"rendered":"L\u2019azur\u00e9 des paluds"},"content":{"rendered":"<h2><strong>L\u2019azur\u00e9 des paluds \u2013 un papillon embl\u00e9matique du district<\/strong>\u00a0:<\/h2>\n<p>L\u2019Azur\u00e9 des paluds est un petit papillon discret, \u00f4 combien embl\u00e9matique de certains milieux humides. Sa rar\u00e9faction est un excellent reflet de la disparition de son habitat et a \u00e9t\u00e9 d\u2019ailleurs \u00e0 la base de la r\u00e9flexion men\u00e9e dans le cadre de l\u2019EcoR\u00e9seau Val-de-Ruz.<\/p>\n<p>En effet, il est strictement inf\u00e9od\u00e9 \u00e0 sa plante h\u00f4te, la Grande Primprenelle ou sanguisorbe officinale (Sanguisorba officinalis), ce qui signifie que ses populations ne peuvent se maintenir en l\u2019absence de celle-ci. Cette plante se d\u00e9veloppe dans les prairies humides qui ont eu tendance \u00e0 dispara\u00eetre en raison des drainages effectu\u00e9s au cours du 19<sup>\u00e8me<\/sup> si\u00e8cle. En outre, les exigences du papillon ne s\u2019arr\u00eatent pas l\u00e0. En effet, sa chenille doit \u00eatre adopt\u00e9e par une fourmi de l\u2019esp\u00e8ce Myrmica rubra ou fourmi rouge afin de pouvoir se d\u00e9velopper et se transformer en papillon. La fourmi, elle sera sensible aux labours et \u00e0 l\u2019\u00e9pandage d\u2019insecticides. Ainsi, toute disparition soit de la grande pimprenelle soit de la fourmi rouge sur un site conduit irr\u00e9vocablement \u00e0 la disparition de l\u2019Azur\u00e9 des paluds.<\/p>\n<p>Au Val-de-Ruz, diff\u00e9rentes mesures ont \u00e9t\u00e9 mises en place dans le cadre de l\u2019EcoR\u00e9seau afin de sauvegarder les derni\u00e8res populations d\u2019Azur\u00e9s. La plupart des stations sont situ\u00e9es soit directement dans la v\u00e9g\u00e9tation riveraine des petits cours d&rsquo;eau (ruisseaux, collecteurs de drainage), soit en p\u00e9riph\u00e9rie imm\u00e9diate (zones de captage de sources, zones de suintement). Ainsi la mise en place de prairies extensives et de zones tampons \u00e0 proximit\u00e9 de ces stations. La fauche doit aussi \u00eatre adapt\u00e9e au cycle du papillon, soit avant la floraison de la Sanguisorbe soit tardivement, \u00e0 la fin du cycle du papillon. Le papillon est plut\u00f4t s\u00e9dentaire, d\u00e8s lors il est toujours difficile pour lui de coloniser de nouvelles stations, d\u2019o\u00f9 l\u2019int\u00e9r\u00eat de multiplier au maximum les sites dans lesquels il pourrait se d\u00e9velopper et de les mettre en r\u00e9seau.<\/p>\n<h3>Cycle de vie<\/h3>\n<p>L\u2019azur\u00e9 des paluds est une esp\u00e8ce monovoltine ce qui signifie qu\u2019elle ne fait qu\u2019une seule g\u00e9n\u00e9ration par an. Les premi\u00e8res \u00e9mergences ont lieu vers fin juin\/d\u00e9but juillet. Le papillon une fois adulte ne vit que 7 \u00e0 10 jours et donc n\u2019a pas de temps \u00e0 perdre. La reproduction et la ponte ont lieu quelques heures apr\u00e8s que l\u2019insecte est sorti de son cocon. La femelle ins\u00e8re ses \u0153ufs dans les fleurs de sanguisorbe. Trois semaines apr\u00e8s son \u00e9closion, la chenille se laisse tomber au sol. Si une fourmi quelconque passe par l\u00e0, la larve sans d\u00e9fense se fait d\u00e9vorer. Si, par contre, une fourmi rouge (Myrmica rubra) la d\u00e9couvre, elle est emport\u00e9e dans la fourmili\u00e8re. En effet, la larve produit une s\u00e9cr\u00e9tion attractive, sucr\u00e9e et riche en acides amin\u00e9s que cette fourmi appr\u00e9cie particuli\u00e8rement. La chenille accomplit sa croissance tout en se nourrissant, \u00e0 l\u2019insu des ouvri\u00e8res, de couvains. La chenille hiverne et poursuit son d\u00e9veloppement jusqu\u2019\u00e0 l\u2019ann\u00e9e suivante dans la fourmili\u00e8re. Chaque chenille d\u00e9vore 600 larves de fourmis lors de son \u00ab s\u00e9jour \u00bb. Dans ces conditions, une fourmili\u00e8re ne peut accueillir qu&rsquo;un nombre r\u00e9duit de chenilles. Apr\u00e8s la m\u00e9tamorphose, l&rsquo;adulte quitte la fourmili\u00e8re. La p\u00e9riode de vol des adultes se termine fin ao\u00fbt ou d\u00e9but septembre.<\/p>\n","protected":false},"excerpt":{"rendered":"<p>L\u2019azur\u00e9 des paluds \u2013 un papillon embl\u00e9matique du district\u00a0: L\u2019Azur\u00e9 des paluds est un petit papillon discret, \u00f4 combien embl\u00e9matique de certains milieux humides. Sa rar\u00e9faction est un excellent reflet de la disparition de son habitat et a \u00e9t\u00e9 d\u2019ailleurs \u00e0 la base de la r\u00e9flexion men\u00e9e dans le cadre de l\u2019EcoR\u00e9seau Val-de-Ruz. En effet, &#8230; <a title=\"L\u2019azur\u00e9 des paluds\" class=\"read-more\" href=\"https:\/\/www.pro-evologia.ch\/?page_id=990\" aria-label=\"En savoir plus sur L\u2019azur\u00e9 des paluds\">Read more<\/a><\/p>\n","protected":false},"author":1,"featured_media":0,"parent":816,"menu_order":1,"comment_status":"closed","ping_status":"closed","template":"","meta":{"ngg_post_thumbnail":0,"generate_page_header":"","footnotes":""},"class_list":["post-990","page","type-page","status-publish"],"yoast_head":"<!-- This site is optimized with the Yoast SEO plugin v27.4 - https:\/\/yoast.com\/product\/yoast-seo-wordpress\/ -->\n<title>L\u2019azur\u00e9 des paluds &#8226; Association des amis d&#039;Evologia<\/title>\n<meta name=\"robots\" content=\"index, follow, max-snippet:-1, max-image-preview:large, max-video-preview:-1\" \/>\n<link rel=\"canonical\" href=\"http:\/\/www.pro-evologia.ch\/?page_id=990\" \/>\n<meta property=\"og:locale\" content=\"fr_FR\" \/>\n<meta property=\"og:type\" content=\"article\" \/>\n<meta property=\"og:title\" content=\"L\u2019azur\u00e9 des paluds &#8226; Association des amis d&#039;Evologia\" \/>\n<meta property=\"og:description\" content=\"L\u2019azur\u00e9 des paluds \u2013 un papillon embl\u00e9matique du district\u00a0: L\u2019Azur\u00e9 des paluds est un petit papillon discret, \u00f4 combien embl\u00e9matique de certains milieux humides. Sa rar\u00e9faction est un excellent reflet de la disparition de son habitat et a \u00e9t\u00e9 d\u2019ailleurs \u00e0 la base de la r\u00e9flexion men\u00e9e dans le cadre de l\u2019EcoR\u00e9seau Val-de-Ruz. En effet, ... Read more\" \/>\n<meta property=\"og:url\" content=\"http:\/\/www.pro-evologia.ch\/?page_id=990\" \/>\n<meta property=\"og:site_name\" content=\"Association des amis d&#039;Evologia\" \/>\n<meta property=\"article:publisher\" content=\"https:\/\/www.facebook.com\/proevologia\" \/>\n<meta property=\"article:modified_time\" content=\"2015-06-27T15:35:12+00:00\" \/>\n<meta property=\"og:image\" content=\"https:\/\/www.pro-evologia.ch\/wp-content\/uploads\/2015\/01\/Entete.jpg\" \/>\n\t<meta property=\"og:image:width\" content=\"640\" \/>\n\t<meta property=\"og:image:height\" content=\"167\" \/>\n\t<meta property=\"og:image:type\" content=\"image\/jpeg\" \/>\n<meta name=\"twitter:label1\" content=\"Dur\u00e9e de lecture estim\u00e9e\" \/>\n\t<meta name=\"twitter:data1\" content=\"3 minutes\" \/>\n<script type=\"application\/ld+json\" class=\"yoast-schema-graph\">{\"@context\":\"https:\\\/\\\/schema.org\",\"@graph\":[{\"@type\":\"WebPage\",\"@id\":\"http:\\\/\\\/www.pro-evologia.ch\\\/?page_id=990\",\"url\":\"http:\\\/\\\/www.pro-evologia.ch\\\/?page_id=990\",\"name\":\"L\u2019azur\u00e9 des paluds &#8226; Association des amis d&#039;Evologia\",\"isPartOf\":{\"@id\":\"https:\\\/\\\/www.pro-evologia.ch\\\/#website\"},\"datePublished\":\"2015-06-27T15:33:21+00:00\",\"dateModified\":\"2015-06-27T15:35:12+00:00\",\"breadcrumb\":{\"@id\":\"http:\\\/\\\/www.pro-evologia.ch\\\/?page_id=990#breadcrumb\"},\"inLanguage\":\"fr-FR\",\"potentialAction\":[{\"@type\":\"ReadAction\",\"target\":[\"http:\\\/\\\/www.pro-evologia.ch\\\/?page_id=990\"]}]},{\"@type\":\"BreadcrumbList\",\"@id\":\"http:\\\/\\\/www.pro-evologia.ch\\\/?page_id=990#breadcrumb\",\"itemListElement\":[{\"@type\":\"ListItem\",\"position\":1,\"name\":\"Accueil\",\"item\":\"https:\\\/\\\/www.pro-evologia.ch\\\/\"},{\"@type\":\"ListItem\",\"position\":2,\"name\":\"L&rsquo;Association\",\"item\":\"https:\\\/\\\/www.pro-evologia.ch\\\/?page_id=33\"},{\"@type\":\"ListItem\",\"position\":3,\"name\":\"Archives 2015\",\"item\":\"https:\\\/\\\/www.pro-evologia.ch\\\/?page_id=1147\"},{\"@type\":\"ListItem\",\"position\":4,\"name\":\"Exposition 2015 \u00ab\u00a0Eco-r\u00e9seaux &#038; Paysages au Val-de-Ruz\u00a0\u00bb\",\"item\":\"https:\\\/\\\/www.pro-evologia.ch\\\/?page_id=60\"},{\"@type\":\"ListItem\",\"position\":5,\"name\":\"Panneaux de l&rsquo;exposition\",\"item\":\"https:\\\/\\\/www.pro-evologia.ch\\\/?page_id=810\"},{\"@type\":\"ListItem\",\"position\":6,\"name\":\"Panneaux \u00ab\u00a0L&rsquo;eau\u00a0\u00bb\",\"item\":\"https:\\\/\\\/www.pro-evologia.ch\\\/?page_id=816\"},{\"@type\":\"ListItem\",\"position\":7,\"name\":\"L\u2019azur\u00e9 des paluds\"}]},{\"@type\":\"WebSite\",\"@id\":\"https:\\\/\\\/www.pro-evologia.ch\\\/#website\",\"url\":\"https:\\\/\\\/www.pro-evologia.ch\\\/\",\"name\":\"Association des amis d&#039;Evologia\",\"description\":\"Pro Evologia est  une association \u00e0 but non lucratif qui soutient Evologia\",\"potentialAction\":[{\"@type\":\"SearchAction\",\"target\":{\"@type\":\"EntryPoint\",\"urlTemplate\":\"https:\\\/\\\/www.pro-evologia.ch\\\/?s={search_term_string}\"},\"query-input\":{\"@type\":\"PropertyValueSpecification\",\"valueRequired\":true,\"valueName\":\"search_term_string\"}}],\"inLanguage\":\"fr-FR\"}]}<\/script>\n<!-- \/ Yoast SEO plugin. -->","yoast_head_json":{"title":"L\u2019azur\u00e9 des paluds &#8226; Association des amis d&#039;Evologia","robots":{"index":"index","follow":"follow","max-snippet":"max-snippet:-1","max-image-preview":"max-image-preview:large","max-video-preview":"max-video-preview:-1"},"canonical":"http:\/\/www.pro-evologia.ch\/?page_id=990","og_locale":"fr_FR","og_type":"article","og_title":"L\u2019azur\u00e9 des paluds &#8226; Association des amis d&#039;Evologia","og_description":"L\u2019azur\u00e9 des paluds \u2013 un papillon embl\u00e9matique du district\u00a0: L\u2019Azur\u00e9 des paluds est un petit papillon discret, \u00f4 combien embl\u00e9matique de certains milieux humides. Sa rar\u00e9faction est un excellent reflet de la disparition de son habitat et a \u00e9t\u00e9 d\u2019ailleurs \u00e0 la base de la r\u00e9flexion men\u00e9e dans le cadre de l\u2019EcoR\u00e9seau Val-de-Ruz. En effet, ... Read more","og_url":"http:\/\/www.pro-evologia.ch\/?page_id=990","og_site_name":"Association des amis d&#039;Evologia","article_publisher":"https:\/\/www.facebook.com\/proevologia","article_modified_time":"2015-06-27T15:35:12+00:00","og_image":[{"width":640,"height":167,"url":"https:\/\/www.pro-evologia.ch\/wp-content\/uploads\/2015\/01\/Entete.jpg","type":"image\/jpeg"}],"twitter_misc":{"Dur\u00e9e de lecture estim\u00e9e":"3 minutes"},"schema":{"@context":"https:\/\/schema.org","@graph":[{"@type":"WebPage","@id":"http:\/\/www.pro-evologia.ch\/?page_id=990","url":"http:\/\/www.pro-evologia.ch\/?page_id=990","name":"L\u2019azur\u00e9 des paluds &#8226; Association des amis d&#039;Evologia","isPartOf":{"@id":"https:\/\/www.pro-evologia.ch\/#website"},"datePublished":"2015-06-27T15:33:21+00:00","dateModified":"2015-06-27T15:35:12+00:00","breadcrumb":{"@id":"http:\/\/www.pro-evologia.ch\/?page_id=990#breadcrumb"},"inLanguage":"fr-FR","potentialAction":[{"@type":"ReadAction","target":["http:\/\/www.pro-evologia.ch\/?page_id=990"]}]},{"@type":"BreadcrumbList","@id":"http:\/\/www.pro-evologia.ch\/?page_id=990#breadcrumb","itemListElement":[{"@type":"ListItem","position":1,"name":"Accueil","item":"https:\/\/www.pro-evologia.ch\/"},{"@type":"ListItem","position":2,"name":"L&rsquo;Association","item":"https:\/\/www.pro-evologia.ch\/?page_id=33"},{"@type":"ListItem","position":3,"name":"Archives 2015","item":"https:\/\/www.pro-evologia.ch\/?page_id=1147"},{"@type":"ListItem","position":4,"name":"Exposition 2015 \u00ab\u00a0Eco-r\u00e9seaux &#038; Paysages au Val-de-Ruz\u00a0\u00bb","item":"https:\/\/www.pro-evologia.ch\/?page_id=60"},{"@type":"ListItem","position":5,"name":"Panneaux de l&rsquo;exposition","item":"https:\/\/www.pro-evologia.ch\/?page_id=810"},{"@type":"ListItem","position":6,"name":"Panneaux \u00ab\u00a0L&rsquo;eau\u00a0\u00bb","item":"https:\/\/www.pro-evologia.ch\/?page_id=816"},{"@type":"ListItem","position":7,"name":"L\u2019azur\u00e9 des paluds"}]},{"@type":"WebSite","@id":"https:\/\/www.pro-evologia.ch\/#website","url":"https:\/\/www.pro-evologia.ch\/","name":"Association des amis d&#039;Evologia","description":"Pro Evologia est  une association \u00e0 but non lucratif qui soutient Evologia","potentialAction":[{"@type":"SearchAction","target":{"@type":"EntryPoint","urlTemplate":"https:\/\/www.pro-evologia.ch\/?s={search_term_string}"},"query-input":{"@type":"PropertyValueSpecification","valueRequired":true,"valueName":"search_term_string"}}],"inLanguage":"fr-FR"}]}},"_links":{"self":[{"href":"https:\/\/www.pro-evologia.ch\/index.php?rest_route=\/wp\/v2\/pages\/990","targetHints":{"allow":["GET"]}}],"collection":[{"href":"https:\/\/www.pro-evologia.ch\/index.php?rest_route=\/wp\/v2\/pages"}],"about":[{"href":"https:\/\/www.pro-evologia.ch\/index.php?rest_route=\/wp\/v2\/types\/page"}],"author":[{"embeddable":true,"href":"https:\/\/www.pro-evologia.ch\/index.php?rest_route=\/wp\/v2\/users\/1"}],"replies":[{"embeddable":true,"href":"https:\/\/www.pro-evologia.ch\/index.php?rest_route=%2Fwp%2Fv2%2Fcomments&post=990"}],"version-history":[{"count":0,"href":"https:\/\/www.pro-evologia.ch\/index.php?rest_route=\/wp\/v2\/pages\/990\/revisions"}],"up":[{"embeddable":true,"href":"https:\/\/www.pro-evologia.ch\/index.php?rest_route=\/wp\/v2\/pages\/816"}],"wp:attachment":[{"href":"https:\/\/www.pro-evologia.ch\/index.php?rest_route=%2Fwp%2Fv2%2Fmedia&parent=990"}],"curies":[{"name":"wp","href":"https:\/\/api.w.org\/{rel}","templated":true}]}}