{"id":78,"date":"2015-01-19T14:21:22","date_gmt":"2015-01-19T13:21:22","guid":{"rendered":"http:\/\/www.pro-evologia.ch\/?page_id=78"},"modified":"2015-09-01T12:37:48","modified_gmt":"2015-09-01T10:37:48","slug":"78-2","status":"publish","type":"page","link":"https:\/\/www.pro-evologia.ch\/?page_id=78","title":{"rendered":"Concours de dessins"},"content":{"rendered":"<h2><span style=\"color: #008000;\">Concours \u00ab\u00a0<em>Dessine ton paysage du Val-de-Ruz\u00a0\u00bb<\/em><\/span><\/h2>\n<p>Le comit\u00e9 de Pro Evologia a propos\u00e9 aux enfants du Val-de-Ruz de participer \u00e0 un concours ax\u00e9 sur la nature et le paysage dans leur vall\u00e9e. L\u2019id\u00e9e fut de proposer aux \u00e9l\u00e8ves de dessiner une vue ouverte depuis leur localit\u00e9 sur les magnifiques paysages ruraux et selon inspiration, d\u2019y ajouter une note personnelle illustrant leurs visions (m\u00eame utopiques) du futur am\u00e9nagement de notre commune. Pour le reste tout est libre.<\/p>\n<p>Les dessins, r\u00e9alis\u00e9s ce printemps sur papier de format A3 (42 cm\/29.7 cm) ont \u00e9t\u00e9 d\u00e9pos\u00e9s au guichet d\u2019Evologia<strong>. <\/strong>Ils sont pr\u00e9sent\u00e9s au Mycorama dans le cadre de l\u2019exposition\u00ab\u00a0<strong>EcoR\u00e9seau &amp; Paysage<\/strong>\u00a0\u00bb. Cette derni\u00e8re est mont\u00e9e par le comit\u00e9 de Pro Evologia et est visible durant les mois de juillet et ao\u00fbt, notamment pendant la manifestation de \u00ab\u00a0<strong>F\u00eate la Terre\u00a0<\/strong>\u00bb. Au moment du vernissage pr\u00e9vu le 20 ao\u00fbt \u00e0 18h00, les 10 auteurs des dessins s\u00e9lectionn\u00e9s par le jury recevront un abonnement d\u2019un an \u00e0 la revue \u00ab\u00a0<strong>La Petite Salamandre<\/strong>\u00a0\u00bb.<\/p>\n<p><strong><a href=\"https:\/\/www.pro-evologia.ch\/wp-content\/uploads\/2015\/06\/Panneau-concours.pdf\" target=\"_blank\">Panneau du concours<\/a><\/strong><\/p>\n<h2><span style=\"color: #008000;\">Le r\u00e9sultat<\/span><\/h2>\n<p><a href=\"https:\/\/www.pro-evologia.ch\/wp-content\/uploads\/2015\/09\/Resultas-concours-dessins.jpg\"><img loading=\"lazy\" decoding=\"async\" class=\"alignnone wp-image-1140 size-full\" src=\"https:\/\/www.pro-evologia.ch\/wp-content\/uploads\/2015\/09\/Resultas-concours-dessins.jpg\" alt=\"Resultas-concours-dessins\" width=\"993\" height=\"747\" srcset=\"https:\/\/www.pro-evologia.ch\/wp-content\/uploads\/2015\/09\/Resultas-concours-dessins.jpg 993w, https:\/\/www.pro-evologia.ch\/wp-content\/uploads\/2015\/09\/Resultas-concours-dessins-300x226.jpg 300w\" sizes=\"auto, (max-width: 993px) 100vw, 993px\" \/><\/a><\/p>\n","protected":false},"excerpt":{"rendered":"<p>Concours \u00ab\u00a0Dessine ton paysage du Val-de-Ruz\u00a0\u00bb Le comit\u00e9 de Pro Evologia a propos\u00e9 aux enfants du Val-de-Ruz de participer \u00e0 un concours ax\u00e9 sur la nature et le paysage dans leur vall\u00e9e. L\u2019id\u00e9e fut de proposer aux \u00e9l\u00e8ves de dessiner une vue ouverte depuis leur localit\u00e9 sur les magnifiques paysages ruraux et selon inspiration, d\u2019y &#8230; <a title=\"Concours de dessins\" class=\"read-more\" href=\"https:\/\/www.pro-evologia.ch\/?page_id=78\" aria-label=\"En savoir plus sur Concours de dessins\">Read more<\/a><\/p>\n","protected":false},"author":1,"featured_media":0,"parent":60,"menu_order":2,"comment_status":"closed","ping_status":"closed","template":"","meta":{"ngg_post_thumbnail":0,"generate_page_header":"","footnotes":""},"class_list":["post-78","page","type-page","status-publish"],"yoast_head":"<!-- This site is optimized with the Yoast SEO plugin v27.6 - https:\/\/yoast.com\/product\/yoast-seo-wordpress\/ -->\n<title>Concours de dessins &#8226; Association des amis d&#039;Evologia<\/title>\n<meta name=\"robots\" content=\"index, follow, max-snippet:-1, max-image-preview:large, max-video-preview:-1\" \/>\n<link rel=\"canonical\" href=\"https:\/\/www.pro-evologia.ch\/?page_id=78\" \/>\n<meta property=\"og:locale\" content=\"fr_FR\" \/>\n<meta property=\"og:type\" content=\"article\" \/>\n<meta property=\"og:title\" content=\"Concours de dessins &#8226; Association des amis d&#039;Evologia\" \/>\n<meta property=\"og:description\" content=\"Concours \u00ab\u00a0Dessine ton paysage du Val-de-Ruz\u00a0\u00bb Le comit\u00e9 de Pro Evologia a propos\u00e9 aux enfants du Val-de-Ruz de participer \u00e0 un concours ax\u00e9 sur la nature et le paysage dans leur vall\u00e9e. L\u2019id\u00e9e fut de proposer aux \u00e9l\u00e8ves de dessiner une vue ouverte depuis leur localit\u00e9 sur les magnifiques paysages ruraux et selon inspiration, d\u2019y ... Read more\" \/>\n<meta property=\"og:url\" content=\"https:\/\/www.pro-evologia.ch\/?page_id=78\" \/>\n<meta property=\"og:site_name\" content=\"Association des amis d&#039;Evologia\" \/>\n<meta property=\"article:publisher\" content=\"https:\/\/www.facebook.com\/proevologia\" \/>\n<meta property=\"article:modified_time\" content=\"2015-09-01T10:37:48+00:00\" \/>\n<meta property=\"og:image\" content=\"https:\/\/www.pro-evologia.ch\/wp-content\/uploads\/2015\/09\/Resultas-concours-dessins.jpg\" \/>\n<meta name=\"twitter:label1\" content=\"Dur\u00e9e de lecture estim\u00e9e\" \/>\n\t<meta name=\"twitter:data1\" content=\"1 minute\" \/>\n<script type=\"application\/ld+json\" class=\"yoast-schema-graph\">{\"@context\":\"https:\\\/\\\/schema.org\",\"@graph\":[{\"@type\":\"WebPage\",\"@id\":\"https:\\\/\\\/www.pro-evologia.ch\\\/?page_id=78\",\"url\":\"https:\\\/\\\/www.pro-evologia.ch\\\/?page_id=78\",\"name\":\"Concours de dessins &#8226; Association des amis d&#039;Evologia\",\"isPartOf\":{\"@id\":\"https:\\\/\\\/www.pro-evologia.ch\\\/#website\"},\"primaryImageOfPage\":{\"@id\":\"https:\\\/\\\/www.pro-evologia.ch\\\/?page_id=78#primaryimage\"},\"image\":{\"@id\":\"https:\\\/\\\/www.pro-evologia.ch\\\/?page_id=78#primaryimage\"},\"thumbnailUrl\":\"https:\\\/\\\/www.pro-evologia.ch\\\/wp-content\\\/uploads\\\/2015\\\/09\\\/Resultas-concours-dessins.jpg\",\"datePublished\":\"2015-01-19T13:21:22+00:00\",\"dateModified\":\"2015-09-01T10:37:48+00:00\",\"breadcrumb\":{\"@id\":\"https:\\\/\\\/www.pro-evologia.ch\\\/?page_id=78#breadcrumb\"},\"inLanguage\":\"fr-FR\",\"potentialAction\":[{\"@type\":\"ReadAction\",\"target\":[\"https:\\\/\\\/www.pro-evologia.ch\\\/?page_id=78\"]}]},{\"@type\":\"ImageObject\",\"inLanguage\":\"fr-FR\",\"@id\":\"https:\\\/\\\/www.pro-evologia.ch\\\/?page_id=78#primaryimage\",\"url\":\"https:\\\/\\\/www.pro-evologia.ch\\\/wp-content\\\/uploads\\\/2015\\\/09\\\/Resultas-concours-dessins.jpg\",\"contentUrl\":\"https:\\\/\\\/www.pro-evologia.ch\\\/wp-content\\\/uploads\\\/2015\\\/09\\\/Resultas-concours-dessins.jpg\"},{\"@type\":\"BreadcrumbList\",\"@id\":\"https:\\\/\\\/www.pro-evologia.ch\\\/?page_id=78#breadcrumb\",\"itemListElement\":[{\"@type\":\"ListItem\",\"position\":1,\"name\":\"Accueil\",\"item\":\"https:\\\/\\\/www.pro-evologia.ch\\\/\"},{\"@type\":\"ListItem\",\"position\":2,\"name\":\"L&rsquo;Association\",\"item\":\"https:\\\/\\\/www.pro-evologia.ch\\\/?page_id=33\"},{\"@type\":\"ListItem\",\"position\":3,\"name\":\"Archives 2015\",\"item\":\"http:\\\/\\\/www.pro-evologia.ch\\\/?page_id=1147\"},{\"@type\":\"ListItem\",\"position\":4,\"name\":\"Exposition 2015 \u00ab\u00a0Eco-r\u00e9seaux &#038; Paysages au Val-de-Ruz\u00a0\u00bb\",\"item\":\"https:\\\/\\\/www.pro-evologia.ch\\\/?page_id=60\"},{\"@type\":\"ListItem\",\"position\":5,\"name\":\"Concours de dessins\"}]},{\"@type\":\"WebSite\",\"@id\":\"https:\\\/\\\/www.pro-evologia.ch\\\/#website\",\"url\":\"https:\\\/\\\/www.pro-evologia.ch\\\/\",\"name\":\"Association des amis d'Evologia\",\"description\":\"Pro Evologia est  une association \u00e0 but non lucratif qui soutient Evologia\",\"publisher\":{\"@id\":\"https:\\\/\\\/www.pro-evologia.ch\\\/#organization\"},\"potentialAction\":[{\"@type\":\"SearchAction\",\"target\":{\"@type\":\"EntryPoint\",\"urlTemplate\":\"https:\\\/\\\/www.pro-evologia.ch\\\/?s={search_term_string}\"},\"query-input\":{\"@type\":\"PropertyValueSpecification\",\"valueRequired\":true,\"valueName\":\"search_term_string\"}}],\"inLanguage\":\"fr-FR\"},{\"@type\":\"Organization\",\"@id\":\"https:\\\/\\\/www.pro-evologia.ch\\\/#organization\",\"name\":\"Pro Evologia\",\"url\":\"https:\\\/\\\/www.pro-evologia.ch\\\/\",\"logo\":{\"@type\":\"ImageObject\",\"inLanguage\":\"fr-FR\",\"@id\":\"https:\\\/\\\/www.pro-evologia.ch\\\/#\\\/schema\\\/logo\\\/image\\\/\",\"url\":\"https:\\\/\\\/www.pro-evologia.ch\\\/wp-content\\\/uploads\\\/2016\\\/01\\\/ProEvologiaCpos.jpg\",\"contentUrl\":\"https:\\\/\\\/www.pro-evologia.ch\\\/wp-content\\\/uploads\\\/2016\\\/01\\\/ProEvologiaCpos.jpg\",\"width\":2173,\"height\":909,\"caption\":\"Pro Evologia\"},\"image\":{\"@id\":\"https:\\\/\\\/www.pro-evologia.ch\\\/#\\\/schema\\\/logo\\\/image\\\/\"},\"sameAs\":[\"https:\\\/\\\/www.facebook.com\\\/proevologia\"]}]}<\/script>\n<!-- \/ Yoast SEO plugin. -->","yoast_head_json":{"title":"Concours de dessins &#8226; Association des amis d&#039;Evologia","robots":{"index":"index","follow":"follow","max-snippet":"max-snippet:-1","max-image-preview":"max-image-preview:large","max-video-preview":"max-video-preview:-1"},"canonical":"https:\/\/www.pro-evologia.ch\/?page_id=78","og_locale":"fr_FR","og_type":"article","og_title":"Concours de dessins &#8226; Association des amis d&#039;Evologia","og_description":"Concours \u00ab\u00a0Dessine ton paysage du Val-de-Ruz\u00a0\u00bb Le comit\u00e9 de Pro Evologia a propos\u00e9 aux enfants du Val-de-Ruz de participer \u00e0 un concours ax\u00e9 sur la nature et le paysage dans leur vall\u00e9e. L\u2019id\u00e9e fut de proposer aux \u00e9l\u00e8ves de dessiner une vue ouverte depuis leur localit\u00e9 sur les magnifiques paysages ruraux et selon inspiration, d\u2019y ... Read more","og_url":"https:\/\/www.pro-evologia.ch\/?page_id=78","og_site_name":"Association des amis d&#039;Evologia","article_publisher":"https:\/\/www.facebook.com\/proevologia","article_modified_time":"2015-09-01T10:37:48+00:00","og_image":[{"url":"https:\/\/www.pro-evologia.ch\/wp-content\/uploads\/2015\/09\/Resultas-concours-dessins.jpg","type":"","width":"","height":""}],"twitter_misc":{"Dur\u00e9e de lecture estim\u00e9e":"1 minute"},"schema":{"@context":"https:\/\/schema.org","@graph":[{"@type":"WebPage","@id":"https:\/\/www.pro-evologia.ch\/?page_id=78","url":"https:\/\/www.pro-evologia.ch\/?page_id=78","name":"Concours de dessins &#8226; Association des amis d&#039;Evologia","isPartOf":{"@id":"https:\/\/www.pro-evologia.ch\/#website"},"primaryImageOfPage":{"@id":"https:\/\/www.pro-evologia.ch\/?page_id=78#primaryimage"},"image":{"@id":"https:\/\/www.pro-evologia.ch\/?page_id=78#primaryimage"},"thumbnailUrl":"https:\/\/www.pro-evologia.ch\/wp-content\/uploads\/2015\/09\/Resultas-concours-dessins.jpg","datePublished":"2015-01-19T13:21:22+00:00","dateModified":"2015-09-01T10:37:48+00:00","breadcrumb":{"@id":"https:\/\/www.pro-evologia.ch\/?page_id=78#breadcrumb"},"inLanguage":"fr-FR","potentialAction":[{"@type":"ReadAction","target":["https:\/\/www.pro-evologia.ch\/?page_id=78"]}]},{"@type":"ImageObject","inLanguage":"fr-FR","@id":"https:\/\/www.pro-evologia.ch\/?page_id=78#primaryimage","url":"https:\/\/www.pro-evologia.ch\/wp-content\/uploads\/2015\/09\/Resultas-concours-dessins.jpg","contentUrl":"https:\/\/www.pro-evologia.ch\/wp-content\/uploads\/2015\/09\/Resultas-concours-dessins.jpg"},{"@type":"BreadcrumbList","@id":"https:\/\/www.pro-evologia.ch\/?page_id=78#breadcrumb","itemListElement":[{"@type":"ListItem","position":1,"name":"Accueil","item":"https:\/\/www.pro-evologia.ch\/"},{"@type":"ListItem","position":2,"name":"L&rsquo;Association","item":"https:\/\/www.pro-evologia.ch\/?page_id=33"},{"@type":"ListItem","position":3,"name":"Archives 2015","item":"http:\/\/www.pro-evologia.ch\/?page_id=1147"},{"@type":"ListItem","position":4,"name":"Exposition 2015 \u00ab\u00a0Eco-r\u00e9seaux &#038; Paysages au Val-de-Ruz\u00a0\u00bb","item":"https:\/\/www.pro-evologia.ch\/?page_id=60"},{"@type":"ListItem","position":5,"name":"Concours de dessins"}]},{"@type":"WebSite","@id":"https:\/\/www.pro-evologia.ch\/#website","url":"https:\/\/www.pro-evologia.ch\/","name":"Association des amis d'Evologia","description":"Pro Evologia est  une association \u00e0 but non lucratif qui soutient Evologia","publisher":{"@id":"https:\/\/www.pro-evologia.ch\/#organization"},"potentialAction":[{"@type":"SearchAction","target":{"@type":"EntryPoint","urlTemplate":"https:\/\/www.pro-evologia.ch\/?s={search_term_string}"},"query-input":{"@type":"PropertyValueSpecification","valueRequired":true,"valueName":"search_term_string"}}],"inLanguage":"fr-FR"},{"@type":"Organization","@id":"https:\/\/www.pro-evologia.ch\/#organization","name":"Pro Evologia","url":"https:\/\/www.pro-evologia.ch\/","logo":{"@type":"ImageObject","inLanguage":"fr-FR","@id":"https:\/\/www.pro-evologia.ch\/#\/schema\/logo\/image\/","url":"https:\/\/www.pro-evologia.ch\/wp-content\/uploads\/2016\/01\/ProEvologiaCpos.jpg","contentUrl":"https:\/\/www.pro-evologia.ch\/wp-content\/uploads\/2016\/01\/ProEvologiaCpos.jpg","width":2173,"height":909,"caption":"Pro Evologia"},"image":{"@id":"https:\/\/www.pro-evologia.ch\/#\/schema\/logo\/image\/"},"sameAs":["https:\/\/www.facebook.com\/proevologia"]}]}},"_links":{"self":[{"href":"https:\/\/www.pro-evologia.ch\/index.php?rest_route=\/wp\/v2\/pages\/78","targetHints":{"allow":["GET"]}}],"collection":[{"href":"https:\/\/www.pro-evologia.ch\/index.php?rest_route=\/wp\/v2\/pages"}],"about":[{"href":"https:\/\/www.pro-evologia.ch\/index.php?rest_route=\/wp\/v2\/types\/page"}],"author":[{"embeddable":true,"href":"https:\/\/www.pro-evologia.ch\/index.php?rest_route=\/wp\/v2\/users\/1"}],"replies":[{"embeddable":true,"href":"https:\/\/www.pro-evologia.ch\/index.php?rest_route=%2Fwp%2Fv2%2Fcomments&post=78"}],"version-history":[{"count":0,"href":"https:\/\/www.pro-evologia.ch\/index.php?rest_route=\/wp\/v2\/pages\/78\/revisions"}],"up":[{"embeddable":true,"href":"https:\/\/www.pro-evologia.ch\/index.php?rest_route=\/wp\/v2\/pages\/60"}],"wp:attachment":[{"href":"https:\/\/www.pro-evologia.ch\/index.php?rest_route=%2Fwp%2Fv2%2Fmedia&parent=78"}],"curies":[{"name":"wp","href":"https:\/\/api.w.org\/{rel}","templated":true}]}}