{"id":60,"date":"2014-11-06T18:30:03","date_gmt":"2014-11-06T17:30:03","guid":{"rendered":"http:\/\/kzcerqm.preview.infomaniak.com\/?page_id=60"},"modified":"2017-06-16T10:59:14","modified_gmt":"2017-06-16T08:59:14","slug":"exposition-eco-reseaux-au-val-de-ruz","status":"publish","type":"page","link":"https:\/\/www.pro-evologia.ch\/?page_id=60","title":{"rendered":"Exposition 2015 \u00ab\u00a0Eco-r\u00e9seaux &#038; Paysages au Val-de-Ruz\u00a0\u00bb"},"content":{"rendered":"<h4><strong><em><span style=\"color: #000000;\">Notre projet est port\u00e9 avec l\u2019accompagnement de la Chambre neuch\u00e2teloise de l\u2019agriculture et de la viticulture, du Service de l&rsquo;Agriculture, de l\u2019Association EcoR\u00e9seau du Val-de-Ruz et Paysage, du Parc r\u00e9gional Chasseral, ainsi que du bureau l\u2019Azur\u00e9.<\/span><\/em><\/strong><\/h4>\n<p>Les \u00e9cor\u00e9seaux sont reconnus pour l\u2019attribution de paiements directs, avec d\u2019autres prestations fournies en faveur de la soci\u00e9t\u00e9, ils permettent le versement de contributions aux exploitations agricoles. Une part appropri\u00e9e, environ 7% de la surface agricole utile, doit \u00eatre exploit\u00e9e de mani\u00e8re \u00e0 promouvoir la biodiversit\u00e9. La mise en r\u00e9seau de ces surfaces en collaboration avec les exploitations agricoles voisines permet aux agriculteurs de b\u00e9n\u00e9ficier d\u2019une augmentation des paiements directs selon les r\u00e8gles \u00e9tablies dans l\u2019ordonnance des paiements directs.<\/p>\n<p>C\u2019est au Val-de-Ruz que le premier r\u00e9seau \u00e9cologique cantonal a \u00e9t\u00e9 mis sur pied gr\u00e2ce \u00e0 la collaboration des agriculteurs et du soutien de l\u2019Etat de Neuch\u00e2tel. Ce principe a \u00e9t\u00e9 reconnu par la Conf\u00e9d\u00e9ration et des r\u00e9seaux \u00e9cologiques sont mis en place dans le canton de Neuch\u00e2tel, on en compte actuellement 12 sur un potentiel de 16. Depuis 2014, des prestations paysage font \u00e9galement partie des paiements directs. Le Val-de-Ruz a \u00e9t\u00e9 choisi comme un des premiers exemples. Une association d\u2019agriculteurs a \u00e9t\u00e9 constitu\u00e9e tant pour les \u00e9cor\u00e9seaux que pour les prestations \u2018paysage\u2019.<\/p>\n<p>Notre volont\u00e9 est de faire conna\u00eetre les <strong>r\u00e9seaux \u00e9cologiques<\/strong> et le principe des <strong>prestations paysage<\/strong> \u00e0 la population dans le cadre de <strong>F\u00eate la Terre<\/strong> et des expositions d\u2019\u00e9t\u00e9 \u00e0 <strong>Evologia<\/strong> durant les mois de juillet et d\u2019ao\u00fbt 2015.<\/p>\n<h3>Nos buts et objectifs<\/h3>\n<p>Permettre aux gens de comprendre ce qu\u2019est\u2026<\/p>\n<ul>\n<li>un \u00ab&nbsp;paysage&nbsp;\u00bb&nbsp;et quels sont les \u00e9l\u00e9ments qui le composent<\/li>\n<li>la politique agricole 2014-2017 et les objectifs qu\u2019elle vise<\/li>\n<li>le r\u00f4le des agriculteurs dans la structure du paysage<\/li>\n<li>l\u2019\u00e9volution de la politique agricole et son impact sur le paysage<\/li>\n<li>un paysage qui \u00e9volue dans le temps et qui n\u2019est pas fig\u00e9<\/li>\n<li>une \u00e9volution de l\u2019habitat et de l\u2019urbanisation<\/li>\n<li>l\u2019histoire de la r\u00e9gion d\u2019un point de vue paysager et agricole (vergers, all\u00e9es)<\/li>\n<li>la typicit\u00e9 du paysage du Val-de-Ruz<\/li>\n<li>un \u00e9clairage sur un \u00e9l\u00e9ment paysager typique du canton&nbsp;: les p\u00e2turages bois\u00e9s de la Br\u00e9vine<\/li>\n<li>l\u2019esp\u00e8ce\/les esp\u00e8ces embl\u00e9matiques du Val-de-Ruz<\/li>\n<li>un \u00e9cor\u00e9seau et le r\u00f4le qu\u2019il joue<\/li>\n<li>la biodiversit\u00e9 dans un paysage et comment la reconna\u00eetre<\/li>\n<\/ul>\n<p>et de<\/p>\n<ul>\n<li>savoir reconna\u00eetre quelques facteurs qui favorisent ou non la biodiversit\u00e9 dans le paysage agricole<\/li>\n<li>r\u00e9aliser comment fonctionnent les paiements directs en faveur de la biodiversit\u00e9 (\u00e9cor\u00e9seau) et de la qualit\u00e9 du paysage<\/li>\n<li>permettre aux gens de porter un autre regard sur le Val-deRuz et son paysage<\/li>\n<li>conna\u00eetre la relation entre paysage diversifi\u00e9 et biodiversit\u00e9<\/li>\n<li>comprendre, imaginer d\u00e9busquer ce qu\u2019il y a derri\u00e8re le paysage ou derri\u00e8re les \u00e9l\u00e9ments qui forment le paysage<\/li>\n<\/ul>\n<hr>\n<h3>Contenu de l&rsquo;exposition \u00ab\u00a0EcoR\u00e9seau &amp; Paysages au Val-de-Ruz\u00a0\u00bb<\/h3>\n<p>Th\u00e8mes et animation de l&rsquo;exposition <strong><a href=\"https:\/\/www.pro-evologia.ch\/wp-content\/uploads\/2015\/06\/EcoReseau-et-Paysages-VDR.pdf\" target=\"_blank\" rel=\"noopener\">EcoR\u00e9seau et Paysages au Val-de-Ruz<\/a><\/strong><\/p>\n<p>Introduction et remerciements aux contributeurs et \u00e0 nos soutiens ==&gt; <strong><a href=\"https:\/\/www.pro-evologia.ch\/wp-content\/uploads\/2015\/06\/Panneau-Expo-ecoreseau-paysages.pdf\" target=\"_blank\" rel=\"noopener\">Panneau g\u00e9n\u00e9ral de l&rsquo;exposition<\/a><\/strong><\/p>\n<p>Le <strong><a href=\"https:\/\/www.pro-evologia.ch\/wp-content\/uploads\/2015\/06\/Schema-expo-2015-EcoReseau-Paysage.pdf\" target=\"_blank\" rel=\"noopener\">plan<\/a><\/strong> de l&rsquo;exposition<\/p>\n<p>R\u00e9alisation d&rsquo;un <strong><a href=\"https:\/\/www.pro-evologia.ch\/?page_id=832\" target=\"_blank\" rel=\"noopener\">Film<\/a><\/strong><\/p>\n<p>Exposition <strong>IP Suisse<\/strong> du 17 au 30 ao\u00fbt<\/p>\n<p>D\u00e9marche avec les \u00e9coles : Jardins potagers et <strong><a href=\"https:\/\/www.pro-evologia.ch\/?page_id=78\" target=\"_blank\" rel=\"noopener\">Concours de dessins<\/a><\/strong><\/p>\n<p><strong><a href=\"https:\/\/www.pro-evologia.ch\/?p=777\" target=\"_blank\" rel=\"noopener\">Table ronde<\/a><\/strong><\/p>\n<h4><strong>Le livre d&rsquo;Or<\/strong><\/h4>\n<p><strong><a href=\"https:\/\/www.pro-evologia.ch\/wp-content\/uploads\/2015\/09\/Pro-Evologia-Expo-2015-Livre-dOr.pdf\">Exposition-<\/a><a href=\"https:\/\/www.pro-evologia.ch\/wp-content\/uploads\/2015\/09\/Pro-Evologia-Expo-2015-Livre-dOr.pdf\">Pro-Evologia-<\/a><a href=\"https:\/\/www.pro-evologia.ch\/wp-content\/uploads\/2015\/09\/Pro-Evologia-Expo-2015-Livre-dOr.pdf\">EcoR\u00e9seau&amp;Paysages-2015-Livre-d&rsquo;Or<\/a><\/strong><\/p>\n<hr>\n\n<table id=\"tablepress-6\" class=\"tablepress tablepress-id-6\">\n<tbody>\n<tr class=\"row-1\">\n\t<td class=\"column-1\"><a href=\"http:\/\/www.pro-evologia.ch\/wp-content\/uploads\/2015\/05\/Logo-ne.png\"><img loading=\"lazy\" decoding=\"async\" src=\"http:\/\/www.pro-evologia.ch\/wp-content\/uploads\/2015\/05\/Logo-ne.png\" alt=\"Logo-ne\" width=\"167\" height=\"53\" class=\"alignnone size-full wp-image-653\" \/><\/a><br \/>\n<strong>Service de l\u2019Agriculture<br \/>\nService de la faune, des for\u00eats et de la nature<\/strong><\/td><td class=\"column-2\"><a href=\"http:\/\/www.pro-evologia.ch\/wp-content\/uploads\/2015\/05\/Logo-CNAV.jpg\"><img loading=\"lazy\" decoding=\"async\" src=\"http:\/\/www.pro-evologia.ch\/wp-content\/uploads\/2015\/05\/Logo-CNAV.jpg\" alt=\"Logo-CNAV\" width=\"219\" height=\"100\" class=\"alignnone size-full wp-image-657\" \/><\/a><strong><br>Chambre neuch\u00e2teloise d'agriculture et de viticulture<\/strong><\/td><td class=\"column-3\"><a href=\"http:\/\/www.pro-evologia.ch\/wp-content\/uploads\/2015\/05\/Logo-Azure.jpg\"><img loading=\"lazy\" decoding=\"async\" src=\"http:\/\/www.pro-evologia.ch\/wp-content\/uploads\/2015\/05\/Logo-Azure-300x76.jpg\" alt=\"Logo-Azure\" width=\"300\" height=\"76\" class=\"alignnone size-medium wp-image-656\" srcset=\"https:\/\/www.pro-evologia.ch\/wp-content\/uploads\/2015\/05\/Logo-Azure-300x76.jpg 300w, https:\/\/www.pro-evologia.ch\/wp-content\/uploads\/2015\/05\/Logo-Azure-1024x260.jpg 1024w, https:\/\/www.pro-evologia.ch\/wp-content\/uploads\/2015\/05\/Logo-Azure.jpg 1235w\" sizes=\"auto, (max-width: 300px) 100vw, 300px\" \/><\/a><br \/>\n<br \/>\n<\/td>\n<\/tr>\n<tr class=\"row-2\">\n\t<td class=\"column-1\"><a href=\"http:\/\/www.pro-evologia.ch\/wp-content\/uploads\/2015\/05\/Logo-ecoforum.jpg\"><img loading=\"lazy\" decoding=\"async\" src=\"http:\/\/www.pro-evologia.ch\/wp-content\/uploads\/2015\/05\/Logo-ecoforum-300x132.jpg\" alt=\"Logo-ecoforum\" width=\"300\" height=\"132\" class=\"alignnone size-medium wp-image-655\" srcset=\"https:\/\/www.pro-evologia.ch\/wp-content\/uploads\/2015\/05\/Logo-ecoforum-300x132.jpg 300w, https:\/\/www.pro-evologia.ch\/wp-content\/uploads\/2015\/05\/Logo-ecoforum.jpg 926w\" sizes=\"auto, (max-width: 300px) 100vw, 300px\" \/><\/a><\/td><td class=\"column-2\"><a href=\"http:\/\/www.pro-evologia.ch\/wp-content\/uploads\/2015\/05\/Logo-pronatura.gif\"><img loading=\"lazy\" decoding=\"async\" src=\"http:\/\/www.pro-evologia.ch\/wp-content\/uploads\/2015\/05\/Logo-pronatura.gif\" alt=\"Logo-pronatura\" width=\"220\" height=\"110\" class=\"alignnone size-full wp-image-654\" \/><\/a><\/td><td class=\"column-3\"><a href=\"http:\/\/www.pro-evologia.ch\/wp-content\/uploads\/2015\/05\/Logo-parc-chasseral.png\"><img loading=\"lazy\" decoding=\"async\" src=\"http:\/\/www.pro-evologia.ch\/wp-content\/uploads\/2015\/05\/Logo-parc-chasseral.png\" alt=\"Logo-parc-chasseral\" width=\"135\" height=\"76\" class=\"alignnone size-full wp-image-652\" \/><\/a><br \/>\n<strong>Parc Chasseral<\/strong><\/td>\n<\/tr>\n<tr class=\"row-3\">\n\t<td class=\"column-1\"><a href=\"http:\/\/www.pro-evologia.ch\/wp-content\/uploads\/2015\/05\/Logo-vdr.png\"><img loading=\"lazy\" decoding=\"async\" src=\"http:\/\/www.pro-evologia.ch\/wp-content\/uploads\/2015\/05\/Logo-vdr-261x300.png\" alt=\"Logo-vdr\" width=\"150\" height=\"172\" class=\"alignnone size-medium wp-image-659\" srcset=\"https:\/\/www.pro-evologia.ch\/wp-content\/uploads\/2015\/05\/Logo-vdr-261x300.png 261w, https:\/\/www.pro-evologia.ch\/wp-content\/uploads\/2015\/05\/Logo-vdr.png 712w\" sizes=\"auto, (max-width: 150px) 100vw, 150px\" \/><\/a><p><br \/>\n<strong>Commune de Val-de-Ruz<\/strong><\/p><\/td><td class=\"column-2\"><a href=\"http:\/\/www.pro-evologia.ch\/wp-content\/uploads\/2015\/05\/Logo-wwf.jpg\"><img loading=\"lazy\" decoding=\"async\" src=\"http:\/\/www.pro-evologia.ch\/wp-content\/uploads\/2015\/05\/Logo-wwf.jpg\" alt=\"Logo-wwf\" width=\"133\" height=\"200\" class=\"alignnone size-full wp-image-658\" \/><\/a><\/td><td class=\"column-3\"><a href=\"http:\/\/www.pro-evologia.ch\/wp-content\/uploads\/2015\/05\/Logo-EVR.jpg\"><img loading=\"lazy\" decoding=\"async\" src=\"http:\/\/www.pro-evologia.ch\/wp-content\/uploads\/2015\/05\/Logo-EVR-300x188.jpg\" alt=\"Logo-EVR\" width=\"300\" height=\"188\" class=\"alignnone size-medium wp-image-660\" srcset=\"https:\/\/www.pro-evologia.ch\/wp-content\/uploads\/2015\/05\/Logo-EVR-300x188.jpg 300w, https:\/\/www.pro-evologia.ch\/wp-content\/uploads\/2015\/05\/Logo-EVR-1024x642.jpg 1024w, https:\/\/www.pro-evologia.ch\/wp-content\/uploads\/2015\/05\/Logo-EVR.jpg 1465w\" sizes=\"auto, (max-width: 300px) 100vw, 300px\" \/><\/a><\/td>\n<\/tr>\n<tr class=\"row-4\">\n\t<td class=\"column-1\"><a href=\"http:\/\/www.pro-evologia.ch\/wp-content\/uploads\/2015\/06\/Val-impressions.jpg\"><img loading=\"lazy\" decoding=\"async\" src=\"http:\/\/www.pro-evologia.ch\/wp-content\/uploads\/2015\/06\/Val-impressions-300x61.jpg\" alt=\"Val-impressions\" width=\"300\" height=\"61\" class=\"alignnone size-medium wp-image-950\" srcset=\"https:\/\/www.pro-evologia.ch\/wp-content\/uploads\/2015\/06\/Val-impressions-300x61.jpg 300w, https:\/\/www.pro-evologia.ch\/wp-content\/uploads\/2015\/06\/Val-impressions-1024x208.jpg 1024w, https:\/\/www.pro-evologia.ch\/wp-content\/uploads\/2015\/06\/Val-impressions.jpg 1393w\" sizes=\"auto, (max-width: 300px) 100vw, 300px\" \/><\/a><\/td><td class=\"column-2\"><a href=\"http:\/\/www.pro-evologia.ch\/wp-content\/uploads\/2015\/06\/Logo-LORO.jpg\"><img loading=\"lazy\" decoding=\"async\" src=\"http:\/\/www.pro-evologia.ch\/wp-content\/uploads\/2015\/06\/Logo-LORO-300x105.jpg\" alt=\"LoRo-Beneficiaire\" width=\"300\" height=\"105\" class=\"alignnone size-medium wp-image-916\" srcset=\"https:\/\/www.pro-evologia.ch\/wp-content\/uploads\/2015\/06\/Logo-LORO-300x105.jpg 300w, https:\/\/www.pro-evologia.ch\/wp-content\/uploads\/2015\/06\/Logo-LORO.jpg 780w\" sizes=\"auto, (max-width: 300px) 100vw, 300px\" \/><\/a><\/td><td class=\"column-3\"><\/td>\n<\/tr>\n<\/tbody>\n<\/table>\n<!-- #tablepress-6 from cache -->\n","protected":false},"excerpt":{"rendered":"<p>Notre projet est port\u00e9 avec l\u2019accompagnement de la Chambre neuch\u00e2teloise de l\u2019agriculture et de la viticulture, du Service de l&rsquo;Agriculture, de l\u2019Association EcoR\u00e9seau du Val-de-Ruz et Paysage, du Parc r\u00e9gional Chasseral, ainsi que du bureau l\u2019Azur\u00e9. Les \u00e9cor\u00e9seaux sont reconnus pour l\u2019attribution de paiements directs, avec d\u2019autres prestations fournies en faveur de la soci\u00e9t\u00e9, ils &#8230; <a title=\"Exposition 2015 \u00ab\u00a0Eco-r\u00e9seaux &#038; Paysages au Val-de-Ruz\u00a0\u00bb\" class=\"read-more\" href=\"https:\/\/www.pro-evologia.ch\/?page_id=60\" aria-label=\"En savoir plus sur Exposition 2015 \u00ab\u00a0Eco-r\u00e9seaux &#038; Paysages au Val-de-Ruz\u00a0\u00bb\">Read more<\/a><\/p>\n","protected":false},"author":1,"featured_media":0,"parent":1147,"menu_order":6,"comment_status":"closed","ping_status":"closed","template":"","meta":{"ngg_post_thumbnail":0,"generate_page_header":"","footnotes":""},"class_list":["post-60","page","type-page","status-publish"],"yoast_head":"<!-- This site is optimized with the Yoast SEO plugin v27.4 - https:\/\/yoast.com\/product\/yoast-seo-wordpress\/ -->\n<title>Exposition 2015 &quot;Eco-r\u00e9seaux &amp; Paysages au Val-de-Ruz&quot; &#8226; Association des amis d&#039;Evologia<\/title>\n<meta name=\"robots\" content=\"index, follow, max-snippet:-1, max-image-preview:large, max-video-preview:-1\" \/>\n<link rel=\"canonical\" href=\"https:\/\/www.pro-evologia.ch\/?page_id=60\" \/>\n<meta property=\"og:locale\" content=\"fr_FR\" \/>\n<meta property=\"og:type\" content=\"article\" \/>\n<meta property=\"og:title\" content=\"Exposition 2015 &quot;Eco-r\u00e9seaux &amp; Paysages au Val-de-Ruz&quot; &#8226; Association des amis d&#039;Evologia\" \/>\n<meta property=\"og:description\" content=\"Notre projet est port\u00e9 avec l\u2019accompagnement de la Chambre neuch\u00e2teloise de l\u2019agriculture et de la viticulture, du Service de l&rsquo;Agriculture, de l\u2019Association EcoR\u00e9seau du Val-de-Ruz et Paysage, du Parc r\u00e9gional Chasseral, ainsi que du bureau l\u2019Azur\u00e9. Les \u00e9cor\u00e9seaux sont reconnus pour l\u2019attribution de paiements directs, avec d\u2019autres prestations fournies en faveur de la soci\u00e9t\u00e9, ils ... Read more\" \/>\n<meta property=\"og:url\" content=\"https:\/\/www.pro-evologia.ch\/?page_id=60\" \/>\n<meta property=\"og:site_name\" content=\"Association des amis d&#039;Evologia\" \/>\n<meta property=\"article:publisher\" content=\"https:\/\/www.facebook.com\/proevologia\" \/>\n<meta property=\"article:modified_time\" content=\"2017-06-16T08:59:14+00:00\" \/>\n<meta property=\"og:image\" content=\"https:\/\/www.pro-evologia.ch\/wp-content\/uploads\/2015\/01\/Entete.jpg\" \/>\n\t<meta property=\"og:image:width\" content=\"640\" \/>\n\t<meta property=\"og:image:height\" content=\"167\" \/>\n\t<meta property=\"og:image:type\" content=\"image\/jpeg\" \/>\n<meta name=\"twitter:label1\" content=\"Dur\u00e9e de lecture estim\u00e9e\" \/>\n\t<meta name=\"twitter:data1\" content=\"3 minutes\" \/>\n<script type=\"application\/ld+json\" class=\"yoast-schema-graph\">{\"@context\":\"https:\\\/\\\/schema.org\",\"@graph\":[{\"@type\":\"WebPage\",\"@id\":\"https:\\\/\\\/www.pro-evologia.ch\\\/?page_id=60\",\"url\":\"https:\\\/\\\/www.pro-evologia.ch\\\/?page_id=60\",\"name\":\"Exposition 2015 \\\"Eco-r\u00e9seaux & Paysages au Val-de-Ruz\\\" &#8226; Association des amis d&#039;Evologia\",\"isPartOf\":{\"@id\":\"https:\\\/\\\/www.pro-evologia.ch\\\/#website\"},\"datePublished\":\"2014-11-06T17:30:03+00:00\",\"dateModified\":\"2017-06-16T08:59:14+00:00\",\"breadcrumb\":{\"@id\":\"https:\\\/\\\/www.pro-evologia.ch\\\/?page_id=60#breadcrumb\"},\"inLanguage\":\"fr-FR\",\"potentialAction\":[{\"@type\":\"ReadAction\",\"target\":[\"https:\\\/\\\/www.pro-evologia.ch\\\/?page_id=60\"]}]},{\"@type\":\"BreadcrumbList\",\"@id\":\"https:\\\/\\\/www.pro-evologia.ch\\\/?page_id=60#breadcrumb\",\"itemListElement\":[{\"@type\":\"ListItem\",\"position\":1,\"name\":\"Accueil\",\"item\":\"https:\\\/\\\/www.pro-evologia.ch\\\/\"},{\"@type\":\"ListItem\",\"position\":2,\"name\":\"L&rsquo;Association\",\"item\":\"https:\\\/\\\/www.pro-evologia.ch\\\/?page_id=33\"},{\"@type\":\"ListItem\",\"position\":3,\"name\":\"Archives 2015\",\"item\":\"https:\\\/\\\/www.pro-evologia.ch\\\/?page_id=1147\"},{\"@type\":\"ListItem\",\"position\":4,\"name\":\"Exposition 2015 \u00ab\u00a0Eco-r\u00e9seaux &#038; Paysages au Val-de-Ruz\u00a0\u00bb\"}]},{\"@type\":\"WebSite\",\"@id\":\"https:\\\/\\\/www.pro-evologia.ch\\\/#website\",\"url\":\"https:\\\/\\\/www.pro-evologia.ch\\\/\",\"name\":\"Association des amis d&#039;Evologia\",\"description\":\"Pro Evologia est  une association \u00e0 but non lucratif qui soutient Evologia\",\"potentialAction\":[{\"@type\":\"SearchAction\",\"target\":{\"@type\":\"EntryPoint\",\"urlTemplate\":\"https:\\\/\\\/www.pro-evologia.ch\\\/?s={search_term_string}\"},\"query-input\":{\"@type\":\"PropertyValueSpecification\",\"valueRequired\":true,\"valueName\":\"search_term_string\"}}],\"inLanguage\":\"fr-FR\"}]}<\/script>\n<!-- \/ Yoast SEO plugin. -->","yoast_head_json":{"title":"Exposition 2015 \"Eco-r\u00e9seaux & Paysages au Val-de-Ruz\" &#8226; Association des amis d&#039;Evologia","robots":{"index":"index","follow":"follow","max-snippet":"max-snippet:-1","max-image-preview":"max-image-preview:large","max-video-preview":"max-video-preview:-1"},"canonical":"https:\/\/www.pro-evologia.ch\/?page_id=60","og_locale":"fr_FR","og_type":"article","og_title":"Exposition 2015 \"Eco-r\u00e9seaux & Paysages au Val-de-Ruz\" &#8226; Association des amis d&#039;Evologia","og_description":"Notre projet est port\u00e9 avec l\u2019accompagnement de la Chambre neuch\u00e2teloise de l\u2019agriculture et de la viticulture, du Service de l&rsquo;Agriculture, de l\u2019Association EcoR\u00e9seau du Val-de-Ruz et Paysage, du Parc r\u00e9gional Chasseral, ainsi que du bureau l\u2019Azur\u00e9. Les \u00e9cor\u00e9seaux sont reconnus pour l\u2019attribution de paiements directs, avec d\u2019autres prestations fournies en faveur de la soci\u00e9t\u00e9, ils ... Read more","og_url":"https:\/\/www.pro-evologia.ch\/?page_id=60","og_site_name":"Association des amis d&#039;Evologia","article_publisher":"https:\/\/www.facebook.com\/proevologia","article_modified_time":"2017-06-16T08:59:14+00:00","og_image":[{"width":640,"height":167,"url":"https:\/\/www.pro-evologia.ch\/wp-content\/uploads\/2015\/01\/Entete.jpg","type":"image\/jpeg"}],"twitter_misc":{"Dur\u00e9e de lecture estim\u00e9e":"3 minutes"},"schema":{"@context":"https:\/\/schema.org","@graph":[{"@type":"WebPage","@id":"https:\/\/www.pro-evologia.ch\/?page_id=60","url":"https:\/\/www.pro-evologia.ch\/?page_id=60","name":"Exposition 2015 \"Eco-r\u00e9seaux & Paysages au Val-de-Ruz\" &#8226; Association des amis d&#039;Evologia","isPartOf":{"@id":"https:\/\/www.pro-evologia.ch\/#website"},"datePublished":"2014-11-06T17:30:03+00:00","dateModified":"2017-06-16T08:59:14+00:00","breadcrumb":{"@id":"https:\/\/www.pro-evologia.ch\/?page_id=60#breadcrumb"},"inLanguage":"fr-FR","potentialAction":[{"@type":"ReadAction","target":["https:\/\/www.pro-evologia.ch\/?page_id=60"]}]},{"@type":"BreadcrumbList","@id":"https:\/\/www.pro-evologia.ch\/?page_id=60#breadcrumb","itemListElement":[{"@type":"ListItem","position":1,"name":"Accueil","item":"https:\/\/www.pro-evologia.ch\/"},{"@type":"ListItem","position":2,"name":"L&rsquo;Association","item":"https:\/\/www.pro-evologia.ch\/?page_id=33"},{"@type":"ListItem","position":3,"name":"Archives 2015","item":"https:\/\/www.pro-evologia.ch\/?page_id=1147"},{"@type":"ListItem","position":4,"name":"Exposition 2015 \u00ab\u00a0Eco-r\u00e9seaux &#038; Paysages au Val-de-Ruz\u00a0\u00bb"}]},{"@type":"WebSite","@id":"https:\/\/www.pro-evologia.ch\/#website","url":"https:\/\/www.pro-evologia.ch\/","name":"Association des amis d&#039;Evologia","description":"Pro Evologia est  une association \u00e0 but non lucratif qui soutient Evologia","potentialAction":[{"@type":"SearchAction","target":{"@type":"EntryPoint","urlTemplate":"https:\/\/www.pro-evologia.ch\/?s={search_term_string}"},"query-input":{"@type":"PropertyValueSpecification","valueRequired":true,"valueName":"search_term_string"}}],"inLanguage":"fr-FR"}]}},"_links":{"self":[{"href":"https:\/\/www.pro-evologia.ch\/index.php?rest_route=\/wp\/v2\/pages\/60","targetHints":{"allow":["GET"]}}],"collection":[{"href":"https:\/\/www.pro-evologia.ch\/index.php?rest_route=\/wp\/v2\/pages"}],"about":[{"href":"https:\/\/www.pro-evologia.ch\/index.php?rest_route=\/wp\/v2\/types\/page"}],"author":[{"embeddable":true,"href":"https:\/\/www.pro-evologia.ch\/index.php?rest_route=\/wp\/v2\/users\/1"}],"replies":[{"embeddable":true,"href":"https:\/\/www.pro-evologia.ch\/index.php?rest_route=%2Fwp%2Fv2%2Fcomments&post=60"}],"version-history":[{"count":0,"href":"https:\/\/www.pro-evologia.ch\/index.php?rest_route=\/wp\/v2\/pages\/60\/revisions"}],"up":[{"embeddable":true,"href":"https:\/\/www.pro-evologia.ch\/index.php?rest_route=\/wp\/v2\/pages\/1147"}],"wp:attachment":[{"href":"https:\/\/www.pro-evologia.ch\/index.php?rest_route=%2Fwp%2Fv2%2Fmedia&parent=60"}],"curies":[{"name":"wp","href":"https:\/\/api.w.org\/{rel}","templated":true}]}}