{"id":31,"date":"2014-11-06T17:45:04","date_gmt":"2014-11-06T16:45:04","guid":{"rendered":"http:\/\/kzcerqm.preview.infomaniak.com\/?page_id=31"},"modified":"2025-03-19T15:30:19","modified_gmt":"2025-03-19T14:30:19","slug":"accueil","status":"publish","type":"page","link":"https:\/\/www.pro-evologia.ch\/","title":{"rendered":"Accueil"},"content":{"rendered":"<p><strong>Evologia<\/strong> est soutenu par une association \u00e0 but non lucratif, <strong>Pro Evologia<\/strong>, qui s&rsquo;efforce de lui donner les moyens d&rsquo;accomplir sa mission d&rsquo;int\u00e9r\u00eat public et assure une partie de son animation, en entretenant un r\u00e9seau de comp\u00e9tences scientifiques et professionnelles, en organisant divers \u00e9v\u00e9nements et en r\u00e9coltant, traitant et diffusant un maximum d&rsquo;information et de documentation sur le th\u00e8me de la domestication et de son \u00e9volution.<\/p>\n<p>Retrouvez toutes les informations culturelles et id\u00e9es de sorties en famille sur le site <a href=\"http:\/\/www.parc-evologia.ch\" target=\"_blank\" rel=\"noopener noreferrer\"><strong>Le Parc Evologia<\/strong><\/a> &#8211; L&rsquo;espace vert et culturel.<\/p>\n\n\n<figure class=\"wp-block-image size-large\"><a href=\"https:\/\/www.pro-evologia.ch\/wp-content\/uploads\/2024\/12\/Parc-Evologia.png\"><img loading=\"lazy\" decoding=\"async\" width=\"1024\" height=\"538\" src=\"https:\/\/www.pro-evologia.ch\/wp-content\/uploads\/2024\/12\/Parc-Evologia-1024x538.png\" alt=\"\" class=\"wp-image-3309\" srcset=\"https:\/\/www.pro-evologia.ch\/wp-content\/uploads\/2024\/12\/Parc-Evologia-1024x538.png 1024w, https:\/\/www.pro-evologia.ch\/wp-content\/uploads\/2024\/12\/Parc-Evologia-300x158.png 300w, https:\/\/www.pro-evologia.ch\/wp-content\/uploads\/2024\/12\/Parc-Evologia-768x404.png 768w, https:\/\/www.pro-evologia.ch\/wp-content\/uploads\/2024\/12\/Parc-Evologia.png 1063w\" sizes=\"auto, (max-width: 1024px) 100vw, 1024px\" \/><\/a><\/figure>\n","protected":false},"excerpt":{"rendered":"<p>Evologia est soutenu par une association \u00e0 but non lucratif, Pro Evologia, qui s&rsquo;efforce de lui donner les moyens d&rsquo;accomplir sa mission d&rsquo;int\u00e9r\u00eat public et assure une partie de son animation, en entretenant un r\u00e9seau de comp\u00e9tences scientifiques et professionnelles, en organisant divers \u00e9v\u00e9nements et en r\u00e9coltant, traitant et diffusant un maximum d&rsquo;information et de &#8230; <a title=\"Accueil\" class=\"read-more\" href=\"https:\/\/www.pro-evologia.ch\/\" aria-label=\"En savoir plus sur Accueil\">Read more<\/a><\/p>\n","protected":false},"author":1,"featured_media":0,"parent":0,"menu_order":1,"comment_status":"closed","ping_status":"closed","template":"","meta":{"ngg_post_thumbnail":0,"generate_page_header":"","footnotes":""},"class_list":["post-31","page","type-page","status-publish"],"yoast_head":"<!-- This site is optimized with the Yoast SEO plugin v27.4 - https:\/\/yoast.com\/product\/yoast-seo-wordpress\/ -->\n<title>Accueil &#8226; Association des amis d&#039;Evologia<\/title>\n<meta name=\"robots\" content=\"index, follow, max-snippet:-1, max-image-preview:large, max-video-preview:-1\" \/>\n<link rel=\"canonical\" href=\"https:\/\/www.pro-evologia.ch\/\" \/>\n<meta property=\"og:locale\" content=\"fr_FR\" \/>\n<meta property=\"og:type\" content=\"article\" \/>\n<meta property=\"og:title\" content=\"Accueil &#8226; Association des amis d&#039;Evologia\" \/>\n<meta property=\"og:description\" content=\"Evologia est soutenu par une association \u00e0 but non lucratif, Pro Evologia, qui s&rsquo;efforce de lui donner les moyens d&rsquo;accomplir sa mission d&rsquo;int\u00e9r\u00eat public et assure une partie de son animation, en entretenant un r\u00e9seau de comp\u00e9tences scientifiques et professionnelles, en organisant divers \u00e9v\u00e9nements et en r\u00e9coltant, traitant et diffusant un maximum d&rsquo;information et de ... Read more\" \/>\n<meta property=\"og:url\" content=\"https:\/\/www.pro-evologia.ch\/\" \/>\n<meta property=\"og:site_name\" content=\"Association des amis d&#039;Evologia\" \/>\n<meta property=\"article:publisher\" content=\"https:\/\/www.facebook.com\/proevologia\" \/>\n<meta property=\"article:modified_time\" content=\"2025-03-19T14:30:19+00:00\" \/>\n<meta property=\"og:image\" content=\"https:\/\/www.pro-evologia.ch\/wp-content\/uploads\/2024\/12\/Parc-Evologia-1024x538.png\" \/>\n<meta name=\"twitter:label1\" content=\"Dur\u00e9e de lecture estim\u00e9e\" \/>\n\t<meta name=\"twitter:data1\" content=\"1 minute\" \/>\n<script type=\"application\/ld+json\" class=\"yoast-schema-graph\">{\"@context\":\"https:\\\/\\\/schema.org\",\"@graph\":[{\"@type\":\"WebPage\",\"@id\":\"https:\\\/\\\/www.pro-evologia.ch\\\/\",\"url\":\"https:\\\/\\\/www.pro-evologia.ch\\\/\",\"name\":\"Accueil &#8226; Association des amis d&#039;Evologia\",\"isPartOf\":{\"@id\":\"https:\\\/\\\/www.pro-evologia.ch\\\/#website\"},\"primaryImageOfPage\":{\"@id\":\"https:\\\/\\\/www.pro-evologia.ch\\\/#primaryimage\"},\"image\":{\"@id\":\"https:\\\/\\\/www.pro-evologia.ch\\\/#primaryimage\"},\"thumbnailUrl\":\"https:\\\/\\\/www.pro-evologia.ch\\\/wp-content\\\/uploads\\\/2024\\\/12\\\/Parc-Evologia-1024x538.png\",\"datePublished\":\"2014-11-06T16:45:04+00:00\",\"dateModified\":\"2025-03-19T14:30:19+00:00\",\"breadcrumb\":{\"@id\":\"https:\\\/\\\/www.pro-evologia.ch\\\/#breadcrumb\"},\"inLanguage\":\"fr-FR\",\"potentialAction\":[{\"@type\":\"ReadAction\",\"target\":[\"https:\\\/\\\/www.pro-evologia.ch\\\/\"]}]},{\"@type\":\"ImageObject\",\"inLanguage\":\"fr-FR\",\"@id\":\"https:\\\/\\\/www.pro-evologia.ch\\\/#primaryimage\",\"url\":\"https:\\\/\\\/www.pro-evologia.ch\\\/wp-content\\\/uploads\\\/2024\\\/12\\\/Parc-Evologia.png\",\"contentUrl\":\"https:\\\/\\\/www.pro-evologia.ch\\\/wp-content\\\/uploads\\\/2024\\\/12\\\/Parc-Evologia.png\",\"width\":1063,\"height\":559},{\"@type\":\"BreadcrumbList\",\"@id\":\"https:\\\/\\\/www.pro-evologia.ch\\\/#breadcrumb\",\"itemListElement\":[{\"@type\":\"ListItem\",\"position\":1,\"name\":\"Accueil\",\"item\":\"https:\\\/\\\/www.pro-evologia.ch\\\/\"},{\"@type\":\"ListItem\",\"position\":2,\"name\":\"Accueil\"}]},{\"@type\":\"WebSite\",\"@id\":\"https:\\\/\\\/www.pro-evologia.ch\\\/#website\",\"url\":\"https:\\\/\\\/www.pro-evologia.ch\\\/\",\"name\":\"Association des amis d&#039;Evologia\",\"description\":\"Pro Evologia est  une association \u00e0 but non lucratif qui soutient Evologia\",\"potentialAction\":[{\"@type\":\"SearchAction\",\"target\":{\"@type\":\"EntryPoint\",\"urlTemplate\":\"https:\\\/\\\/www.pro-evologia.ch\\\/?s={search_term_string}\"},\"query-input\":{\"@type\":\"PropertyValueSpecification\",\"valueRequired\":true,\"valueName\":\"search_term_string\"}}],\"inLanguage\":\"fr-FR\"}]}<\/script>\n<!-- \/ Yoast SEO plugin. -->","yoast_head_json":{"title":"Accueil &#8226; Association des amis d&#039;Evologia","robots":{"index":"index","follow":"follow","max-snippet":"max-snippet:-1","max-image-preview":"max-image-preview:large","max-video-preview":"max-video-preview:-1"},"canonical":"https:\/\/www.pro-evologia.ch\/","og_locale":"fr_FR","og_type":"article","og_title":"Accueil &#8226; Association des amis d&#039;Evologia","og_description":"Evologia est soutenu par une association \u00e0 but non lucratif, Pro Evologia, qui s&rsquo;efforce de lui donner les moyens d&rsquo;accomplir sa mission d&rsquo;int\u00e9r\u00eat public et assure une partie de son animation, en entretenant un r\u00e9seau de comp\u00e9tences scientifiques et professionnelles, en organisant divers \u00e9v\u00e9nements et en r\u00e9coltant, traitant et diffusant un maximum d&rsquo;information et de ... Read more","og_url":"https:\/\/www.pro-evologia.ch\/","og_site_name":"Association des amis d&#039;Evologia","article_publisher":"https:\/\/www.facebook.com\/proevologia","article_modified_time":"2025-03-19T14:30:19+00:00","og_image":[{"url":"https:\/\/www.pro-evologia.ch\/wp-content\/uploads\/2024\/12\/Parc-Evologia-1024x538.png","type":"","width":"","height":""}],"twitter_misc":{"Dur\u00e9e de lecture estim\u00e9e":"1 minute"},"schema":{"@context":"https:\/\/schema.org","@graph":[{"@type":"WebPage","@id":"https:\/\/www.pro-evologia.ch\/","url":"https:\/\/www.pro-evologia.ch\/","name":"Accueil &#8226; Association des amis d&#039;Evologia","isPartOf":{"@id":"https:\/\/www.pro-evologia.ch\/#website"},"primaryImageOfPage":{"@id":"https:\/\/www.pro-evologia.ch\/#primaryimage"},"image":{"@id":"https:\/\/www.pro-evologia.ch\/#primaryimage"},"thumbnailUrl":"https:\/\/www.pro-evologia.ch\/wp-content\/uploads\/2024\/12\/Parc-Evologia-1024x538.png","datePublished":"2014-11-06T16:45:04+00:00","dateModified":"2025-03-19T14:30:19+00:00","breadcrumb":{"@id":"https:\/\/www.pro-evologia.ch\/#breadcrumb"},"inLanguage":"fr-FR","potentialAction":[{"@type":"ReadAction","target":["https:\/\/www.pro-evologia.ch\/"]}]},{"@type":"ImageObject","inLanguage":"fr-FR","@id":"https:\/\/www.pro-evologia.ch\/#primaryimage","url":"https:\/\/www.pro-evologia.ch\/wp-content\/uploads\/2024\/12\/Parc-Evologia.png","contentUrl":"https:\/\/www.pro-evologia.ch\/wp-content\/uploads\/2024\/12\/Parc-Evologia.png","width":1063,"height":559},{"@type":"BreadcrumbList","@id":"https:\/\/www.pro-evologia.ch\/#breadcrumb","itemListElement":[{"@type":"ListItem","position":1,"name":"Accueil","item":"https:\/\/www.pro-evologia.ch\/"},{"@type":"ListItem","position":2,"name":"Accueil"}]},{"@type":"WebSite","@id":"https:\/\/www.pro-evologia.ch\/#website","url":"https:\/\/www.pro-evologia.ch\/","name":"Association des amis d&#039;Evologia","description":"Pro Evologia est  une association \u00e0 but non lucratif qui soutient Evologia","potentialAction":[{"@type":"SearchAction","target":{"@type":"EntryPoint","urlTemplate":"https:\/\/www.pro-evologia.ch\/?s={search_term_string}"},"query-input":{"@type":"PropertyValueSpecification","valueRequired":true,"valueName":"search_term_string"}}],"inLanguage":"fr-FR"}]}},"_links":{"self":[{"href":"https:\/\/www.pro-evologia.ch\/index.php?rest_route=\/wp\/v2\/pages\/31","targetHints":{"allow":["GET"]}}],"collection":[{"href":"https:\/\/www.pro-evologia.ch\/index.php?rest_route=\/wp\/v2\/pages"}],"about":[{"href":"https:\/\/www.pro-evologia.ch\/index.php?rest_route=\/wp\/v2\/types\/page"}],"author":[{"embeddable":true,"href":"https:\/\/www.pro-evologia.ch\/index.php?rest_route=\/wp\/v2\/users\/1"}],"replies":[{"embeddable":true,"href":"https:\/\/www.pro-evologia.ch\/index.php?rest_route=%2Fwp%2Fv2%2Fcomments&post=31"}],"version-history":[{"count":3,"href":"https:\/\/www.pro-evologia.ch\/index.php?rest_route=\/wp\/v2\/pages\/31\/revisions"}],"predecessor-version":[{"id":3315,"href":"https:\/\/www.pro-evologia.ch\/index.php?rest_route=\/wp\/v2\/pages\/31\/revisions\/3315"}],"wp:attachment":[{"href":"https:\/\/www.pro-evologia.ch\/index.php?rest_route=%2Fwp%2Fv2%2Fmedia&parent=31"}],"curies":[{"name":"wp","href":"https:\/\/api.w.org\/{rel}","templated":true}]}}