{"id":2961,"date":"2024-04-15T21:12:53","date_gmt":"2024-04-15T19:12:53","guid":{"rendered":"https:\/\/www.pro-evologia.ch\/?page_id=2961"},"modified":"2024-05-08T16:54:26","modified_gmt":"2024-05-08T14:54:26","slug":"la-voix-e-des-arbres","status":"publish","type":"page","link":"https:\/\/www.pro-evologia.ch\/?page_id=2961","title":{"rendered":"La Voix\/e des Arbres"},"content":{"rendered":"\n<p class=\"has-large-font-size\"><strong>Ce que nous devons aux arbres&#8230;<\/strong><\/p>\n\n\n\n<div class=\"wp-block-columns is-layout-flex wp-container-core-columns-is-layout-9d6595d7 wp-block-columns-is-layout-flex\">\n<div class=\"wp-block-column is-layout-flow wp-block-column-is-layout-flow\">\n<figure class=\"wp-block-image size-full is-resized\"><a href=\"https:\/\/www.pro-evologia.ch\/wp-content\/uploads\/2024\/05\/VoixArbres.png\"><img loading=\"lazy\" decoding=\"async\" width=\"573\" height=\"808\" src=\"https:\/\/www.pro-evologia.ch\/wp-content\/uploads\/2024\/05\/VoixArbres.png\" alt=\"\" class=\"wp-image-3056\" style=\"width:389px;height:auto\" srcset=\"https:\/\/www.pro-evologia.ch\/wp-content\/uploads\/2024\/05\/VoixArbres.png 573w, https:\/\/www.pro-evologia.ch\/wp-content\/uploads\/2024\/05\/VoixArbres-213x300.png 213w\" sizes=\"auto, (max-width: 573px) 100vw, 573px\" \/><\/a><\/figure>\n<\/div>\n\n\n\n<div class=\"wp-block-column is-layout-flow wp-block-column-is-layout-flow\">\n<p>Ce que nous devons aux arbres<br>est quelque chose<br>&nbsp;&nbsp;&nbsp;&nbsp;&nbsp;&nbsp;&nbsp;&nbsp;&nbsp;&nbsp;&nbsp;&nbsp;&nbsp;&nbsp;&nbsp;&nbsp;&nbsp;&nbsp;&nbsp;&nbsp;&nbsp;&nbsp;&nbsp;&nbsp;&nbsp;&nbsp;&nbsp;&nbsp;&nbsp;&nbsp;&nbsp;&nbsp;&nbsp;&nbsp;&nbsp;&nbsp;&nbsp;&nbsp;&nbsp;&nbsp;&nbsp;&nbsp;&nbsp;&nbsp;&nbsp;&nbsp;&nbsp;&nbsp;&nbsp;&nbsp;&nbsp;&nbsp;&nbsp;&nbsp;&nbsp;&nbsp;&nbsp;&nbsp; quelque chose<br>que rien ne peut remplacer<br>que rien ne peut atteindre<br>que rien ne peut \u00e9teindre<br>que rien ne peut<\/p>\n\n\n\n<p>Ce que nous devons aux arbres ?<br>&nbsp;&nbsp;&nbsp;&nbsp;&nbsp;&nbsp;&nbsp;&nbsp;&nbsp;&nbsp;&nbsp;&nbsp;&nbsp;&nbsp;&nbsp;&nbsp;&nbsp;&nbsp;&nbsp;&nbsp;&nbsp;&nbsp;&nbsp;&nbsp;&nbsp;&nbsp;&nbsp;&nbsp;&nbsp;&nbsp;&nbsp;&nbsp;&nbsp;&nbsp;&nbsp;&nbsp;&nbsp;&nbsp;&nbsp;&nbsp;&nbsp;&nbsp;&nbsp;&nbsp;&nbsp;&nbsp;&nbsp;&nbsp;&nbsp;&nbsp;&nbsp;&nbsp;&nbsp;&nbsp;&nbsp;&nbsp;&nbsp;&nbsp;&nbsp;&nbsp;&nbsp;&nbsp; Rien.<\/p>\n\n\n\n<p><strong>St\u00e9phane Bataillon<\/strong>, Contre la nuit, \u00c9ditions Bruno Doucey, 2019<\/p>\n<\/div>\n<\/div>\n\n\n\n<figure class=\"wp-block-image size-large\"><a href=\"https:\/\/www.pro-evologia.ch\/wp-content\/uploads\/2024\/05\/Parcours_VoixArbres.png\"><img loading=\"lazy\" decoding=\"async\" width=\"1024\" height=\"730\" src=\"https:\/\/www.pro-evologia.ch\/wp-content\/uploads\/2024\/05\/Parcours_VoixArbres-1024x730.png\" alt=\"\" class=\"wp-image-3057\" srcset=\"https:\/\/www.pro-evologia.ch\/wp-content\/uploads\/2024\/05\/Parcours_VoixArbres-1024x730.png 1024w, https:\/\/www.pro-evologia.ch\/wp-content\/uploads\/2024\/05\/Parcours_VoixArbres-300x214.png 300w, https:\/\/www.pro-evologia.ch\/wp-content\/uploads\/2024\/05\/Parcours_VoixArbres-768x548.png 768w, https:\/\/www.pro-evologia.ch\/wp-content\/uploads\/2024\/05\/Parcours_VoixArbres.png 1133w\" sizes=\"auto, (max-width: 1024px) 100vw, 1024px\" \/><\/a><\/figure>\n\n\n\n<p class=\"has-medium-font-size\"><strong>Po\u00e8mes de la Voix\/e des Arbres<\/strong><\/p>\n\n\n<p><a href=\"https:\/\/www.pro-evologia.ch\/wp-content\/uploads\/2024\/04\/Sequoia.pdf\" target=\"blank\" rel=\"noopener\" data-wplink-edit=\"true\">Po\u00e8me s\u00e9quoia<\/a> &#8211; <a href=\"https:\/\/www.pro-evologia.ch\/wp-content\/uploads\/2024\/04\/Frene.pdf\" target=\"blank\" rel=\"noopener\" data-wplink-edit=\"true\">Po\u00e8me fr\u00eane<\/a> &#8211; <a href=\"https:\/\/www.pro-evologia.ch\/wp-content\/uploads\/2024\/04\/Prunier.pdf\" target=\"blank\" rel=\"noopener\" data-wplink-edit=\"true\">Po\u00e8me prunier<\/a> &#8211; <a href=\"https:\/\/www.pro-evologia.ch\/wp-content\/uploads\/2024\/04\/Erable.pdf\" target=\"blank\" rel=\"noopener\" data-wplink-edit=\"true\">Po\u00e8me \u00e9rable<\/a> &#8211; <a href=\"https:\/\/www.pro-evologia.ch\/wp-content\/uploads\/2024\/04\/Orme.pdf\" target=\"blank\" rel=\"noopener\" data-wplink-edit=\"true\">Po\u00e8me orme<\/a>&nbsp;<\/p>\n<p><a href=\"\/\/www.pro-evologia.ch\/wp-content\/uploads\/2024\/04\/Saule.pdf\" target=\"blank\" rel=\"noopener\" data-wplink-edit=\"true\">Po\u00e8me saule<\/a> &#8211; <a href=\"\/\/www.pro-evologia.ch\/wp-content\/uploads\/2024\/04\/Sapin.pdf\" target=\"blank\" rel=\"noopener\" data-wplink-edit=\"true\">Po\u00e8me sapin<\/a> &#8211; <a href=\"\/\/www.pro-evologia.ch\/wp-content\/uploads\/2024\/04\/Solitude.pdf\" target=\"blank\" rel=\"noopener\" data-wplink-edit=\"true\">Po\u00e8me Solitude<\/a> &#8211; <a href=\"https:\/\/www.pro-evologia.ch\/wp-content\/uploads\/2024\/04\/Voie-des-arbres.pdf\" target=\"blank\" rel=\"noopener\" data-wplink-edit=\"true\">Po\u00e8me voix\/e des arbres<\/a><\/p>","protected":false},"excerpt":{"rendered":"<p>Ce que nous devons aux arbres&#8230; Ce que nous devons aux arbresest quelque chose&nbsp;&nbsp;&nbsp;&nbsp;&nbsp;&nbsp;&nbsp;&nbsp;&nbsp;&nbsp;&nbsp;&nbsp;&nbsp;&nbsp;&nbsp;&nbsp;&nbsp;&nbsp;&nbsp;&nbsp;&nbsp;&nbsp;&nbsp;&nbsp;&nbsp;&nbsp;&nbsp;&nbsp;&nbsp;&nbsp;&nbsp;&nbsp;&nbsp;&nbsp;&nbsp;&nbsp;&nbsp;&nbsp;&nbsp;&nbsp;&nbsp;&nbsp;&nbsp;&nbsp;&nbsp;&nbsp;&nbsp;&nbsp;&nbsp;&nbsp;&nbsp;&nbsp;&nbsp;&nbsp;&nbsp;&nbsp;&nbsp;&nbsp; quelque choseque rien ne peut remplacerque rien ne peut atteindreque rien ne peut \u00e9teindreque rien ne peut Ce que nous devons aux arbres ?&nbsp;&nbsp;&nbsp;&nbsp;&nbsp;&nbsp;&nbsp;&nbsp;&nbsp;&nbsp;&nbsp;&nbsp;&nbsp;&nbsp;&nbsp;&nbsp;&nbsp;&nbsp;&nbsp;&nbsp;&nbsp;&nbsp;&nbsp;&nbsp;&nbsp;&nbsp;&nbsp;&nbsp;&nbsp;&nbsp;&nbsp;&nbsp;&nbsp;&nbsp;&nbsp;&nbsp;&nbsp;&nbsp;&nbsp;&nbsp;&nbsp;&nbsp;&nbsp;&nbsp;&nbsp;&nbsp;&nbsp;&nbsp;&nbsp;&nbsp;&nbsp;&nbsp;&nbsp;&nbsp;&nbsp;&nbsp;&nbsp;&nbsp;&nbsp;&nbsp;&nbsp;&nbsp; Rien. St\u00e9phane Bataillon, Contre la nuit, \u00c9ditions Bruno Doucey, 2019 Po\u00e8mes de la Voix\/e des Arbres Po\u00e8me &#8230; <a title=\"La Voix\/e des Arbres\" class=\"read-more\" href=\"https:\/\/www.pro-evologia.ch\/?page_id=2961\" aria-label=\"En savoir plus sur La Voix\/e des Arbres\">Read more<\/a><\/p>\n","protected":false},"author":1,"featured_media":0,"parent":2000,"menu_order":5,"comment_status":"closed","ping_status":"closed","template":"","meta":{"ngg_post_thumbnail":0,"generate_page_header":"","footnotes":""},"class_list":["post-2961","page","type-page","status-publish"],"yoast_head":"<!-- This site is optimized with the Yoast SEO plugin v27.2 - https:\/\/yoast.com\/product\/yoast-seo-wordpress\/ -->\n<title>La Voix\/e des Arbres &#8226; Association des amis d&#039;Evologia<\/title>\n<meta name=\"robots\" content=\"index, follow, max-snippet:-1, max-image-preview:large, max-video-preview:-1\" \/>\n<link rel=\"canonical\" href=\"https:\/\/www.pro-evologia.ch\/?page_id=2961\" \/>\n<meta property=\"og:locale\" content=\"fr_FR\" \/>\n<meta property=\"og:type\" content=\"article\" \/>\n<meta property=\"og:title\" content=\"La Voix\/e des Arbres &#8226; Association des amis d&#039;Evologia\" \/>\n<meta property=\"og:description\" content=\"Ce que nous devons aux arbres&#8230; Ce que nous devons aux arbresest quelque chose&nbsp;&nbsp;&nbsp;&nbsp;&nbsp;&nbsp;&nbsp;&nbsp;&nbsp;&nbsp;&nbsp;&nbsp;&nbsp;&nbsp;&nbsp;&nbsp;&nbsp;&nbsp;&nbsp;&nbsp;&nbsp;&nbsp;&nbsp;&nbsp;&nbsp;&nbsp;&nbsp;&nbsp;&nbsp;&nbsp;&nbsp;&nbsp;&nbsp;&nbsp;&nbsp;&nbsp;&nbsp;&nbsp;&nbsp;&nbsp;&nbsp;&nbsp;&nbsp;&nbsp;&nbsp;&nbsp;&nbsp;&nbsp;&nbsp;&nbsp;&nbsp;&nbsp;&nbsp;&nbsp;&nbsp;&nbsp;&nbsp;&nbsp; quelque choseque rien ne peut remplacerque rien ne peut atteindreque rien ne peut \u00e9teindreque rien ne peut Ce que nous devons aux arbres ?&nbsp;&nbsp;&nbsp;&nbsp;&nbsp;&nbsp;&nbsp;&nbsp;&nbsp;&nbsp;&nbsp;&nbsp;&nbsp;&nbsp;&nbsp;&nbsp;&nbsp;&nbsp;&nbsp;&nbsp;&nbsp;&nbsp;&nbsp;&nbsp;&nbsp;&nbsp;&nbsp;&nbsp;&nbsp;&nbsp;&nbsp;&nbsp;&nbsp;&nbsp;&nbsp;&nbsp;&nbsp;&nbsp;&nbsp;&nbsp;&nbsp;&nbsp;&nbsp;&nbsp;&nbsp;&nbsp;&nbsp;&nbsp;&nbsp;&nbsp;&nbsp;&nbsp;&nbsp;&nbsp;&nbsp;&nbsp;&nbsp;&nbsp;&nbsp;&nbsp;&nbsp;&nbsp; Rien. St\u00e9phane Bataillon, Contre la nuit, \u00c9ditions Bruno Doucey, 2019 Po\u00e8mes de la Voix\/e des Arbres Po\u00e8me ... Read more\" \/>\n<meta property=\"og:url\" content=\"https:\/\/www.pro-evologia.ch\/?page_id=2961\" \/>\n<meta property=\"og:site_name\" content=\"Association des amis d&#039;Evologia\" \/>\n<meta property=\"article:publisher\" content=\"https:\/\/www.facebook.com\/proevologia\" \/>\n<meta property=\"article:modified_time\" content=\"2024-05-08T14:54:26+00:00\" \/>\n<meta property=\"og:image\" content=\"https:\/\/www.pro-evologia.ch\/wp-content\/uploads\/2024\/05\/VoixArbres.png\" \/>\n<meta name=\"twitter:label1\" content=\"Dur\u00e9e de lecture estim\u00e9e\" \/>\n\t<meta name=\"twitter:data1\" content=\"1 minute\" \/>\n<script type=\"application\/ld+json\" class=\"yoast-schema-graph\">{\"@context\":\"https:\/\/schema.org\",\"@graph\":[{\"@type\":\"WebPage\",\"@id\":\"https:\/\/www.pro-evologia.ch\/?page_id=2961\",\"url\":\"https:\/\/www.pro-evologia.ch\/?page_id=2961\",\"name\":\"La Voix\/e des Arbres &#8226; Association des amis d&#039;Evologia\",\"isPartOf\":{\"@id\":\"https:\/\/www.pro-evologia.ch\/#website\"},\"primaryImageOfPage\":{\"@id\":\"https:\/\/www.pro-evologia.ch\/?page_id=2961#primaryimage\"},\"image\":{\"@id\":\"https:\/\/www.pro-evologia.ch\/?page_id=2961#primaryimage\"},\"thumbnailUrl\":\"https:\/\/www.pro-evologia.ch\/wp-content\/uploads\/2024\/05\/VoixArbres.png\",\"datePublished\":\"2024-04-15T19:12:53+00:00\",\"dateModified\":\"2024-05-08T14:54:26+00:00\",\"breadcrumb\":{\"@id\":\"https:\/\/www.pro-evologia.ch\/?page_id=2961#breadcrumb\"},\"inLanguage\":\"fr-FR\",\"potentialAction\":[{\"@type\":\"ReadAction\",\"target\":[\"https:\/\/www.pro-evologia.ch\/?page_id=2961\"]}]},{\"@type\":\"ImageObject\",\"inLanguage\":\"fr-FR\",\"@id\":\"https:\/\/www.pro-evologia.ch\/?page_id=2961#primaryimage\",\"url\":\"https:\/\/www.pro-evologia.ch\/wp-content\/uploads\/2024\/05\/VoixArbres.png\",\"contentUrl\":\"https:\/\/www.pro-evologia.ch\/wp-content\/uploads\/2024\/05\/VoixArbres.png\"},{\"@type\":\"BreadcrumbList\",\"@id\":\"https:\/\/www.pro-evologia.ch\/?page_id=2961#breadcrumb\",\"itemListElement\":[{\"@type\":\"ListItem\",\"position\":1,\"name\":\"Accueil\",\"item\":\"http:\/\/www.pro-evologia.ch\/\"},{\"@type\":\"ListItem\",\"position\":2,\"name\":\"Nos projets\",\"item\":\"http:\/\/www.pro-evologia.ch\/?page_id=2000\"},{\"@type\":\"ListItem\",\"position\":3,\"name\":\"La Voix\/e des Arbres\"}]},{\"@type\":\"WebSite\",\"@id\":\"https:\/\/www.pro-evologia.ch\/#website\",\"url\":\"https:\/\/www.pro-evologia.ch\/\",\"name\":\"Association des amis d&#039;Evologia\",\"description\":\"Pro Evologia est  une association \u00e0 but non lucratif qui soutient Evologia\",\"potentialAction\":[{\"@type\":\"SearchAction\",\"target\":{\"@type\":\"EntryPoint\",\"urlTemplate\":\"https:\/\/www.pro-evologia.ch\/?s={search_term_string}\"},\"query-input\":{\"@type\":\"PropertyValueSpecification\",\"valueRequired\":true,\"valueName\":\"search_term_string\"}}],\"inLanguage\":\"fr-FR\"}]}<\/script>\n<!-- \/ Yoast SEO plugin. -->","yoast_head_json":{"title":"La Voix\/e des Arbres &#8226; Association des amis d&#039;Evologia","robots":{"index":"index","follow":"follow","max-snippet":"max-snippet:-1","max-image-preview":"max-image-preview:large","max-video-preview":"max-video-preview:-1"},"canonical":"https:\/\/www.pro-evologia.ch\/?page_id=2961","og_locale":"fr_FR","og_type":"article","og_title":"La Voix\/e des Arbres &#8226; Association des amis d&#039;Evologia","og_description":"Ce que nous devons aux arbres&#8230; Ce que nous devons aux arbresest quelque chose&nbsp;&nbsp;&nbsp;&nbsp;&nbsp;&nbsp;&nbsp;&nbsp;&nbsp;&nbsp;&nbsp;&nbsp;&nbsp;&nbsp;&nbsp;&nbsp;&nbsp;&nbsp;&nbsp;&nbsp;&nbsp;&nbsp;&nbsp;&nbsp;&nbsp;&nbsp;&nbsp;&nbsp;&nbsp;&nbsp;&nbsp;&nbsp;&nbsp;&nbsp;&nbsp;&nbsp;&nbsp;&nbsp;&nbsp;&nbsp;&nbsp;&nbsp;&nbsp;&nbsp;&nbsp;&nbsp;&nbsp;&nbsp;&nbsp;&nbsp;&nbsp;&nbsp;&nbsp;&nbsp;&nbsp;&nbsp;&nbsp;&nbsp; quelque choseque rien ne peut remplacerque rien ne peut atteindreque rien ne peut \u00e9teindreque rien ne peut Ce que nous devons aux arbres ?&nbsp;&nbsp;&nbsp;&nbsp;&nbsp;&nbsp;&nbsp;&nbsp;&nbsp;&nbsp;&nbsp;&nbsp;&nbsp;&nbsp;&nbsp;&nbsp;&nbsp;&nbsp;&nbsp;&nbsp;&nbsp;&nbsp;&nbsp;&nbsp;&nbsp;&nbsp;&nbsp;&nbsp;&nbsp;&nbsp;&nbsp;&nbsp;&nbsp;&nbsp;&nbsp;&nbsp;&nbsp;&nbsp;&nbsp;&nbsp;&nbsp;&nbsp;&nbsp;&nbsp;&nbsp;&nbsp;&nbsp;&nbsp;&nbsp;&nbsp;&nbsp;&nbsp;&nbsp;&nbsp;&nbsp;&nbsp;&nbsp;&nbsp;&nbsp;&nbsp;&nbsp;&nbsp; Rien. St\u00e9phane Bataillon, Contre la nuit, \u00c9ditions Bruno Doucey, 2019 Po\u00e8mes de la Voix\/e des Arbres Po\u00e8me ... Read more","og_url":"https:\/\/www.pro-evologia.ch\/?page_id=2961","og_site_name":"Association des amis d&#039;Evologia","article_publisher":"https:\/\/www.facebook.com\/proevologia","article_modified_time":"2024-05-08T14:54:26+00:00","og_image":[{"url":"https:\/\/www.pro-evologia.ch\/wp-content\/uploads\/2024\/05\/VoixArbres.png","type":"","width":"","height":""}],"twitter_misc":{"Dur\u00e9e de lecture estim\u00e9e":"1 minute"},"schema":{"@context":"https:\/\/schema.org","@graph":[{"@type":"WebPage","@id":"https:\/\/www.pro-evologia.ch\/?page_id=2961","url":"https:\/\/www.pro-evologia.ch\/?page_id=2961","name":"La Voix\/e des Arbres &#8226; Association des amis d&#039;Evologia","isPartOf":{"@id":"https:\/\/www.pro-evologia.ch\/#website"},"primaryImageOfPage":{"@id":"https:\/\/www.pro-evologia.ch\/?page_id=2961#primaryimage"},"image":{"@id":"https:\/\/www.pro-evologia.ch\/?page_id=2961#primaryimage"},"thumbnailUrl":"https:\/\/www.pro-evologia.ch\/wp-content\/uploads\/2024\/05\/VoixArbres.png","datePublished":"2024-04-15T19:12:53+00:00","dateModified":"2024-05-08T14:54:26+00:00","breadcrumb":{"@id":"https:\/\/www.pro-evologia.ch\/?page_id=2961#breadcrumb"},"inLanguage":"fr-FR","potentialAction":[{"@type":"ReadAction","target":["https:\/\/www.pro-evologia.ch\/?page_id=2961"]}]},{"@type":"ImageObject","inLanguage":"fr-FR","@id":"https:\/\/www.pro-evologia.ch\/?page_id=2961#primaryimage","url":"https:\/\/www.pro-evologia.ch\/wp-content\/uploads\/2024\/05\/VoixArbres.png","contentUrl":"https:\/\/www.pro-evologia.ch\/wp-content\/uploads\/2024\/05\/VoixArbres.png"},{"@type":"BreadcrumbList","@id":"https:\/\/www.pro-evologia.ch\/?page_id=2961#breadcrumb","itemListElement":[{"@type":"ListItem","position":1,"name":"Accueil","item":"http:\/\/www.pro-evologia.ch\/"},{"@type":"ListItem","position":2,"name":"Nos projets","item":"http:\/\/www.pro-evologia.ch\/?page_id=2000"},{"@type":"ListItem","position":3,"name":"La Voix\/e des Arbres"}]},{"@type":"WebSite","@id":"https:\/\/www.pro-evologia.ch\/#website","url":"https:\/\/www.pro-evologia.ch\/","name":"Association des amis d&#039;Evologia","description":"Pro Evologia est  une association \u00e0 but non lucratif qui soutient Evologia","potentialAction":[{"@type":"SearchAction","target":{"@type":"EntryPoint","urlTemplate":"https:\/\/www.pro-evologia.ch\/?s={search_term_string}"},"query-input":{"@type":"PropertyValueSpecification","valueRequired":true,"valueName":"search_term_string"}}],"inLanguage":"fr-FR"}]}},"_links":{"self":[{"href":"https:\/\/www.pro-evologia.ch\/index.php?rest_route=\/wp\/v2\/pages\/2961","targetHints":{"allow":["GET"]}}],"collection":[{"href":"https:\/\/www.pro-evologia.ch\/index.php?rest_route=\/wp\/v2\/pages"}],"about":[{"href":"https:\/\/www.pro-evologia.ch\/index.php?rest_route=\/wp\/v2\/types\/page"}],"author":[{"embeddable":true,"href":"https:\/\/www.pro-evologia.ch\/index.php?rest_route=\/wp\/v2\/users\/1"}],"replies":[{"embeddable":true,"href":"https:\/\/www.pro-evologia.ch\/index.php?rest_route=%2Fwp%2Fv2%2Fcomments&post=2961"}],"version-history":[{"count":40,"href":"https:\/\/www.pro-evologia.ch\/index.php?rest_route=\/wp\/v2\/pages\/2961\/revisions"}],"predecessor-version":[{"id":3076,"href":"https:\/\/www.pro-evologia.ch\/index.php?rest_route=\/wp\/v2\/pages\/2961\/revisions\/3076"}],"up":[{"embeddable":true,"href":"https:\/\/www.pro-evologia.ch\/index.php?rest_route=\/wp\/v2\/pages\/2000"}],"wp:attachment":[{"href":"https:\/\/www.pro-evologia.ch\/index.php?rest_route=%2Fwp%2Fv2%2Fmedia&parent=2961"}],"curies":[{"name":"wp","href":"https:\/\/api.w.org\/{rel}","templated":true}]}}