{"id":2656,"date":"2023-01-25T09:55:42","date_gmt":"2023-01-25T08:55:42","guid":{"rendered":"https:\/\/www.pro-evologia.ch\/?page_id=2656"},"modified":"2024-05-22T17:23:21","modified_gmt":"2024-05-22T15:23:21","slug":"biodiversite","status":"publish","type":"page","link":"https:\/\/www.pro-evologia.ch\/?page_id=2656","title":{"rendered":"Biodiversit\u00e9"},"content":{"rendered":"\n<p class=\"has-large-font-size\"><strong>Inventorier la biodiversit\u00e9 \u00e0 Evologia pour mieux l\u2019expliquer<\/strong><\/p>\n\n\n\n<p class=\"has-medium-font-size\"><strong>Programme de fauche tardive, protection des plantes et interaction entre la faune et la flore guideront \u00e9galement l\u2019action de Pro Evologia. L\u2019association va ainsi r\u00e9aliser un inventaire de la biodiversit\u00e9, l\u2019expliquer au grand public et surtout aider \u00e0 mieux entretenir les espaces verts d\u2019Evologia.<\/strong><\/p>\n\n\n\n<p>Les am\u00e9nagements paysagers du site d\u2019Evologia font la part belle au Land Art, mais l\u2019association Pro Evologia entend surtout parler de Nature dans les projets qu\u2019elle soutient. La biodiversit\u00e9 lui tient particuli\u00e8rement \u00e0 c\u0153ur, car il s\u2019agit de trouver les meilleures interactions entre le travail humain et l\u2019environnement. Pour y parvenir, l\u2019association a d\u00e9cid\u00e9 de faire un inventaire tr\u00e8s pr\u00e9cis dans son p\u00e9rim\u00e8tre d\u2019activit\u00e9. De mani\u00e8re \u00e0 y promouvoir une intervention humaine respectueuse, et l\u2019expliquer au grand public. Ainsi veut-elle que les espaces verts d\u2019Evologia se dotent d\u2019outils pour adopter les gestes appropri\u00e9s \u00e0 l\u2019entretien des jardins.<\/p>\n\n\n\n<figure class=\"wp-block-image size-large\"><a href=\"https:\/\/www.pro-evologia.ch\/wp-content\/uploads\/2023\/01\/Biodiversite-img.png\"><img loading=\"lazy\" decoding=\"async\" width=\"1024\" height=\"207\" src=\"https:\/\/www.pro-evologia.ch\/wp-content\/uploads\/2023\/01\/Biodiversite-img-1024x207.png\" alt=\"\" class=\"wp-image-2659\" srcset=\"https:\/\/www.pro-evologia.ch\/wp-content\/uploads\/2023\/01\/Biodiversite-img-1024x207.png 1024w, https:\/\/www.pro-evologia.ch\/wp-content\/uploads\/2023\/01\/Biodiversite-img-300x61.png 300w, https:\/\/www.pro-evologia.ch\/wp-content\/uploads\/2023\/01\/Biodiversite-img-768x155.png 768w, https:\/\/www.pro-evologia.ch\/wp-content\/uploads\/2023\/01\/Biodiversite-img-1536x310.png 1536w, https:\/\/www.pro-evologia.ch\/wp-content\/uploads\/2023\/01\/Biodiversite-img-2048x413.png 2048w\" sizes=\"auto, (max-width: 1024px) 100vw, 1024px\" \/><\/a><\/figure>\n\n\n<div class=\"wp-block-image\">\n<figure class=\"aligncenter size-large\"><a href=\"https:\/\/www.pro-evologia.ch\/wp-content\/uploads\/2023\/04\/Brochure_2023_evologia_page_4-5.png\"><img loading=\"lazy\" decoding=\"async\" width=\"1024\" height=\"709\" src=\"https:\/\/www.pro-evologia.ch\/wp-content\/uploads\/2023\/04\/Brochure_2023_evologia_page_4-5-1024x709.png\" alt=\"\" class=\"wp-image-2705\" srcset=\"https:\/\/www.pro-evologia.ch\/wp-content\/uploads\/2023\/04\/Brochure_2023_evologia_page_4-5-1024x709.png 1024w, https:\/\/www.pro-evologia.ch\/wp-content\/uploads\/2023\/04\/Brochure_2023_evologia_page_4-5-300x208.png 300w, https:\/\/www.pro-evologia.ch\/wp-content\/uploads\/2023\/04\/Brochure_2023_evologia_page_4-5-768x532.png 768w, https:\/\/www.pro-evologia.ch\/wp-content\/uploads\/2023\/04\/Brochure_2023_evologia_page_4-5.png 1200w\" sizes=\"auto, (max-width: 1024px) 100vw, 1024px\" \/><\/a><\/figure>\n<\/div>\n\n\n<p class=\"has-medium-font-size\"> <\/p>\n\n\n\n<div class=\"wp-block-columns is-layout-flex wp-container-core-columns-is-layout-9d6595d7 wp-block-columns-is-layout-flex\">\n<div class=\"wp-block-column is-layout-flow wp-block-column-is-layout-flow\" style=\"flex-basis:25%\">\n<p class=\"has-medium-font-size\"><strong>V\u00e9g\u00e9tation<\/strong><\/p>\n\n\n\n<p><a href=\"https:\/\/www.pro-evologia.ch\/?page_id=2765#Element-1\">Prairies maigres<\/a><\/p>\n\n\n\n<p><a href=\"https:\/\/www.pro-evologia.ch\/?page_id=2765#Element-2\">Bords d&rsquo;\u00e9tangs<\/a><\/p>\n\n\n\n<p><a href=\"https:\/\/www.pro-evologia.ch\/?page_id=2765#Element-3\">Vergers<\/a><\/p>\n\n\n\n<p><a href=\"https:\/\/www.pro-evologia.ch\/?page_id=2765#Element-4\">Orties<\/a><\/p>\n<\/div>\n\n\n\n<div class=\"wp-block-column is-layout-flow wp-block-column-is-layout-flow\" style=\"flex-basis:50%\">\n<p class=\"has-medium-font-size\"><strong>Colonies de champignons<\/strong><\/p>\n\n\n\n<p><a href=\"https:\/\/www.pro-evologia.ch\/?page_id=2765#Element-6\">Colonisation saprophytiques<\/a><\/p>\n\n\n\n<p><a href=\"https:\/\/www.pro-evologia.ch\/?page_id=2765#Element-7\">Tricholome de la St-Georges<\/a><\/p>\n\n\n\n<p><a href=\"https:\/\/www.pro-evologia.ch\/?page_id=2765#Element-8\">Tricholome terreux<\/a><\/p>\n\n\n\n<p><a href=\"https:\/\/www.pro-evologia.ch\/?page_id=2765#Element-9\">Collybie \u00e0 pied velout\u00e9<\/a><\/p>\n\n\n\n<p><a href=\"https:\/\/www.pro-evologia.ch\/?page_id=2765#Element-10\">Myc\u00e8ne \u00e0 lait rouge et plut\u00e9e de Pouzar<\/a><\/p>\n\n\n\n<p><a href=\"https:\/\/www.pro-evologia.ch\/?page_id=2765#Element-11\">Tram\u00e8te versicolore<\/a><\/p>\n\n\n\n<p><a href=\"https:\/\/www.pro-evologia.ch\/?page_id=2765#Element-12\">Daldinie concentrique<\/a><\/p>\n\n\n\n<p><a href=\"https:\/\/www.pro-evologia.ch\/?page_id=2765#Element-13\">Melanoleuca de Fries<\/a><\/p>\n\n\n\n<p><a href=\"https:\/\/www.pro-evologia.ch\/?page_id=2765#Element-14\">Arboretum<\/a><\/p>\n\n\n\n<p><a href=\"https:\/\/www.pro-evologia.ch\/?page_id=2765#Element-15\">Card\u00e8re<\/a><\/p>\n<\/div>\n\n\n\n<div class=\"wp-block-column is-layout-flow wp-block-column-is-layout-flow\" style=\"flex-basis:25%\">\n<p class=\"has-medium-font-size\"><strong>Animaux &amp; insectes<\/strong><\/p>\n\n\n\n<p><a href=\"https:\/\/www.pro-evologia.ch\/?page_id=2765#Element-5\">Chauve-souris<\/a><\/p>\n\n\n\n<p><a href=\"https:\/\/www.pro-evologia.ch\/?page_id=2765#Element-16\">Anax empereur<\/a><\/p>\n\n\n\n<p><a href=\"https:\/\/www.pro-evologia.ch\/?page_id=2765#Element-17\">H\u00e9risson<\/a><\/p>\n\n\n\n<p><a href=\"https:\/\/www.pro-evologia.ch\/?page_id=2765#Element-18\">Renard roux<\/a><\/p>\n\n\n\n<p><a href=\"https:\/\/www.pro-evologia.ch\/?page_id=2765#Element-19\">Triton alpestre<\/a><\/p>\n\n\n\n<p><a href=\"https:\/\/www.pro-evologia.ch\/?page_id=2765#Element-20\">Martinet noir<\/a><\/p>\n\n\n\n<p><a href=\"https:\/\/www.pro-evologia.ch\/?page_id=2765#Element-21\">Le chardonneret \u00e9l\u00e9gant<\/a><\/p>\n\n\n\n<p><a href=\"https:\/\/www.pro-evologia.ch\/?page_id=2765#Element-22\">Abeilles sauvages<\/a><\/p>\n<\/div>\n<\/div>\n","protected":false},"excerpt":{"rendered":"<p>Inventorier la biodiversit\u00e9 \u00e0 Evologia pour mieux l\u2019expliquer Programme de fauche tardive, protection des plantes et interaction entre la faune et la flore guideront \u00e9galement l\u2019action de Pro Evologia. L\u2019association va ainsi r\u00e9aliser un inventaire de la biodiversit\u00e9, l\u2019expliquer au grand public et surtout aider \u00e0 mieux entretenir les espaces verts d\u2019Evologia. Les am\u00e9nagements paysagers &#8230; <a title=\"Biodiversit\u00e9\" class=\"read-more\" href=\"https:\/\/www.pro-evologia.ch\/?page_id=2656\" aria-label=\"En savoir plus sur Biodiversit\u00e9\">Read more<\/a><\/p>\n","protected":false},"author":1,"featured_media":0,"parent":2000,"menu_order":4,"comment_status":"closed","ping_status":"closed","template":"","meta":{"ngg_post_thumbnail":0,"generate_page_header":"","footnotes":""},"class_list":["post-2656","page","type-page","status-publish"],"yoast_head":"<!-- This site is optimized with the Yoast SEO plugin v27.5 - https:\/\/yoast.com\/product\/yoast-seo-wordpress\/ -->\n<title>Biodiversit\u00e9 &#8226; Association des amis d&#039;Evologia<\/title>\n<meta name=\"robots\" content=\"index, follow, max-snippet:-1, max-image-preview:large, max-video-preview:-1\" \/>\n<link rel=\"canonical\" href=\"https:\/\/www.pro-evologia.ch\/?page_id=2656\" \/>\n<meta property=\"og:locale\" content=\"fr_FR\" \/>\n<meta property=\"og:type\" content=\"article\" \/>\n<meta property=\"og:title\" content=\"Biodiversit\u00e9 &#8226; Association des amis d&#039;Evologia\" \/>\n<meta property=\"og:description\" content=\"Inventorier la biodiversit\u00e9 \u00e0 Evologia pour mieux l\u2019expliquer Programme de fauche tardive, protection des plantes et interaction entre la faune et la flore guideront \u00e9galement l\u2019action de Pro Evologia. L\u2019association va ainsi r\u00e9aliser un inventaire de la biodiversit\u00e9, l\u2019expliquer au grand public et surtout aider \u00e0 mieux entretenir les espaces verts d\u2019Evologia. Les am\u00e9nagements paysagers ... Read more\" \/>\n<meta property=\"og:url\" content=\"https:\/\/www.pro-evologia.ch\/?page_id=2656\" \/>\n<meta property=\"og:site_name\" content=\"Association des amis d&#039;Evologia\" \/>\n<meta property=\"article:publisher\" content=\"https:\/\/www.facebook.com\/proevologia\" \/>\n<meta property=\"article:modified_time\" content=\"2024-05-22T15:23:21+00:00\" \/>\n<meta property=\"og:image\" content=\"https:\/\/www.pro-evologia.ch\/wp-content\/uploads\/2023\/01\/Biodiversite-img-1024x207.png\" \/>\n<meta name=\"twitter:label1\" content=\"Dur\u00e9e de lecture estim\u00e9e\" \/>\n\t<meta name=\"twitter:data1\" content=\"2 minutes\" \/>\n<script type=\"application\/ld+json\" class=\"yoast-schema-graph\">{\"@context\":\"https:\\\/\\\/schema.org\",\"@graph\":[{\"@type\":\"WebPage\",\"@id\":\"https:\\\/\\\/www.pro-evologia.ch\\\/?page_id=2656\",\"url\":\"https:\\\/\\\/www.pro-evologia.ch\\\/?page_id=2656\",\"name\":\"Biodiversit\u00e9 &#8226; Association des amis d&#039;Evologia\",\"isPartOf\":{\"@id\":\"https:\\\/\\\/www.pro-evologia.ch\\\/#website\"},\"primaryImageOfPage\":{\"@id\":\"https:\\\/\\\/www.pro-evologia.ch\\\/?page_id=2656#primaryimage\"},\"image\":{\"@id\":\"https:\\\/\\\/www.pro-evologia.ch\\\/?page_id=2656#primaryimage\"},\"thumbnailUrl\":\"https:\\\/\\\/www.pro-evologia.ch\\\/wp-content\\\/uploads\\\/2023\\\/01\\\/Biodiversite-img-1024x207.png\",\"datePublished\":\"2023-01-25T08:55:42+00:00\",\"dateModified\":\"2024-05-22T15:23:21+00:00\",\"breadcrumb\":{\"@id\":\"https:\\\/\\\/www.pro-evologia.ch\\\/?page_id=2656#breadcrumb\"},\"inLanguage\":\"fr-FR\",\"potentialAction\":[{\"@type\":\"ReadAction\",\"target\":[\"https:\\\/\\\/www.pro-evologia.ch\\\/?page_id=2656\"]}]},{\"@type\":\"ImageObject\",\"inLanguage\":\"fr-FR\",\"@id\":\"https:\\\/\\\/www.pro-evologia.ch\\\/?page_id=2656#primaryimage\",\"url\":\"https:\\\/\\\/www.pro-evologia.ch\\\/wp-content\\\/uploads\\\/2023\\\/01\\\/Biodiversite-img.png\",\"contentUrl\":\"https:\\\/\\\/www.pro-evologia.ch\\\/wp-content\\\/uploads\\\/2023\\\/01\\\/Biodiversite-img.png\",\"width\":2612,\"height\":527},{\"@type\":\"BreadcrumbList\",\"@id\":\"https:\\\/\\\/www.pro-evologia.ch\\\/?page_id=2656#breadcrumb\",\"itemListElement\":[{\"@type\":\"ListItem\",\"position\":1,\"name\":\"Accueil\",\"item\":\"https:\\\/\\\/www.pro-evologia.ch\\\/\"},{\"@type\":\"ListItem\",\"position\":2,\"name\":\"Nos projets\",\"item\":\"https:\\\/\\\/www.pro-evologia.ch\\\/?page_id=2000\"},{\"@type\":\"ListItem\",\"position\":3,\"name\":\"Biodiversit\u00e9\"}]},{\"@type\":\"WebSite\",\"@id\":\"https:\\\/\\\/www.pro-evologia.ch\\\/#website\",\"url\":\"https:\\\/\\\/www.pro-evologia.ch\\\/\",\"name\":\"Association des amis d&#039;Evologia\",\"description\":\"Pro Evologia est  une association \u00e0 but non lucratif qui soutient Evologia\",\"potentialAction\":[{\"@type\":\"SearchAction\",\"target\":{\"@type\":\"EntryPoint\",\"urlTemplate\":\"https:\\\/\\\/www.pro-evologia.ch\\\/?s={search_term_string}\"},\"query-input\":{\"@type\":\"PropertyValueSpecification\",\"valueRequired\":true,\"valueName\":\"search_term_string\"}}],\"inLanguage\":\"fr-FR\"}]}<\/script>\n<!-- \/ Yoast SEO plugin. -->","yoast_head_json":{"title":"Biodiversit\u00e9 &#8226; Association des amis d&#039;Evologia","robots":{"index":"index","follow":"follow","max-snippet":"max-snippet:-1","max-image-preview":"max-image-preview:large","max-video-preview":"max-video-preview:-1"},"canonical":"https:\/\/www.pro-evologia.ch\/?page_id=2656","og_locale":"fr_FR","og_type":"article","og_title":"Biodiversit\u00e9 &#8226; Association des amis d&#039;Evologia","og_description":"Inventorier la biodiversit\u00e9 \u00e0 Evologia pour mieux l\u2019expliquer Programme de fauche tardive, protection des plantes et interaction entre la faune et la flore guideront \u00e9galement l\u2019action de Pro Evologia. L\u2019association va ainsi r\u00e9aliser un inventaire de la biodiversit\u00e9, l\u2019expliquer au grand public et surtout aider \u00e0 mieux entretenir les espaces verts d\u2019Evologia. Les am\u00e9nagements paysagers ... Read more","og_url":"https:\/\/www.pro-evologia.ch\/?page_id=2656","og_site_name":"Association des amis d&#039;Evologia","article_publisher":"https:\/\/www.facebook.com\/proevologia","article_modified_time":"2024-05-22T15:23:21+00:00","og_image":[{"url":"https:\/\/www.pro-evologia.ch\/wp-content\/uploads\/2023\/01\/Biodiversite-img-1024x207.png","type":"","width":"","height":""}],"twitter_misc":{"Dur\u00e9e de lecture estim\u00e9e":"2 minutes"},"schema":{"@context":"https:\/\/schema.org","@graph":[{"@type":"WebPage","@id":"https:\/\/www.pro-evologia.ch\/?page_id=2656","url":"https:\/\/www.pro-evologia.ch\/?page_id=2656","name":"Biodiversit\u00e9 &#8226; Association des amis d&#039;Evologia","isPartOf":{"@id":"https:\/\/www.pro-evologia.ch\/#website"},"primaryImageOfPage":{"@id":"https:\/\/www.pro-evologia.ch\/?page_id=2656#primaryimage"},"image":{"@id":"https:\/\/www.pro-evologia.ch\/?page_id=2656#primaryimage"},"thumbnailUrl":"https:\/\/www.pro-evologia.ch\/wp-content\/uploads\/2023\/01\/Biodiversite-img-1024x207.png","datePublished":"2023-01-25T08:55:42+00:00","dateModified":"2024-05-22T15:23:21+00:00","breadcrumb":{"@id":"https:\/\/www.pro-evologia.ch\/?page_id=2656#breadcrumb"},"inLanguage":"fr-FR","potentialAction":[{"@type":"ReadAction","target":["https:\/\/www.pro-evologia.ch\/?page_id=2656"]}]},{"@type":"ImageObject","inLanguage":"fr-FR","@id":"https:\/\/www.pro-evologia.ch\/?page_id=2656#primaryimage","url":"https:\/\/www.pro-evologia.ch\/wp-content\/uploads\/2023\/01\/Biodiversite-img.png","contentUrl":"https:\/\/www.pro-evologia.ch\/wp-content\/uploads\/2023\/01\/Biodiversite-img.png","width":2612,"height":527},{"@type":"BreadcrumbList","@id":"https:\/\/www.pro-evologia.ch\/?page_id=2656#breadcrumb","itemListElement":[{"@type":"ListItem","position":1,"name":"Accueil","item":"https:\/\/www.pro-evologia.ch\/"},{"@type":"ListItem","position":2,"name":"Nos projets","item":"https:\/\/www.pro-evologia.ch\/?page_id=2000"},{"@type":"ListItem","position":3,"name":"Biodiversit\u00e9"}]},{"@type":"WebSite","@id":"https:\/\/www.pro-evologia.ch\/#website","url":"https:\/\/www.pro-evologia.ch\/","name":"Association des amis d&#039;Evologia","description":"Pro Evologia est  une association \u00e0 but non lucratif qui soutient Evologia","potentialAction":[{"@type":"SearchAction","target":{"@type":"EntryPoint","urlTemplate":"https:\/\/www.pro-evologia.ch\/?s={search_term_string}"},"query-input":{"@type":"PropertyValueSpecification","valueRequired":true,"valueName":"search_term_string"}}],"inLanguage":"fr-FR"}]}},"_links":{"self":[{"href":"https:\/\/www.pro-evologia.ch\/index.php?rest_route=\/wp\/v2\/pages\/2656","targetHints":{"allow":["GET"]}}],"collection":[{"href":"https:\/\/www.pro-evologia.ch\/index.php?rest_route=\/wp\/v2\/pages"}],"about":[{"href":"https:\/\/www.pro-evologia.ch\/index.php?rest_route=\/wp\/v2\/types\/page"}],"author":[{"embeddable":true,"href":"https:\/\/www.pro-evologia.ch\/index.php?rest_route=\/wp\/v2\/users\/1"}],"replies":[{"embeddable":true,"href":"https:\/\/www.pro-evologia.ch\/index.php?rest_route=%2Fwp%2Fv2%2Fcomments&post=2656"}],"version-history":[{"count":25,"href":"https:\/\/www.pro-evologia.ch\/index.php?rest_route=\/wp\/v2\/pages\/2656\/revisions"}],"predecessor-version":[{"id":3261,"href":"https:\/\/www.pro-evologia.ch\/index.php?rest_route=\/wp\/v2\/pages\/2656\/revisions\/3261"}],"up":[{"embeddable":true,"href":"https:\/\/www.pro-evologia.ch\/index.php?rest_route=\/wp\/v2\/pages\/2000"}],"wp:attachment":[{"href":"https:\/\/www.pro-evologia.ch\/index.php?rest_route=%2Fwp%2Fv2%2Fmedia&parent=2656"}],"curies":[{"name":"wp","href":"https:\/\/api.w.org\/{rel}","templated":true}]}}