{"id":2000,"date":"2019-03-22T11:00:58","date_gmt":"2019-03-22T10:00:58","guid":{"rendered":"https:\/\/www.pro-evologia.ch\/?page_id=2000"},"modified":"2024-10-10T13:04:55","modified_gmt":"2024-10-10T11:04:55","slug":"nos-projets","status":"publish","type":"page","link":"https:\/\/www.pro-evologia.ch\/?page_id=2000","title":{"rendered":"Nos projets"},"content":{"rendered":"\n<h2><strong>La Fleur bor\u00e9ale<\/strong><\/h2>\n\n\n\n<p><strong>V\u00e9ritable embl\u00e8me d\u2019Evologia, \u00e0 Cernier, cette \u0153uvre monumentale, install\u00e9e en 2012 a d\u00e9j\u00e0 marqu\u00e9 les Jardins extraordinaires depuis. <\/strong><\/p>\n\n\n\n<div class=\"wp-block-image\"><figure class=\"aligncenter\"><img loading=\"lazy\" decoding=\"async\" width=\"300\" height=\"192\" src=\"https:\/\/www.pro-evologia.ch\/wp-content\/uploads\/2019\/03\/Fleur_boreale-300x192.png\" alt=\"\" class=\"wp-image-2006\" srcset=\"https:\/\/www.pro-evologia.ch\/wp-content\/uploads\/2019\/03\/Fleur_boreale-300x192.png 300w, https:\/\/www.pro-evologia.ch\/wp-content\/uploads\/2019\/03\/Fleur_boreale-768x491.png 768w, https:\/\/www.pro-evologia.ch\/wp-content\/uploads\/2019\/03\/Fleur_boreale-1024x655.png 1024w, https:\/\/www.pro-evologia.ch\/wp-content\/uploads\/2019\/03\/Fleur_boreale.png 1897w\" sizes=\"auto, (max-width: 300px) 100vw, 300px\" \/><\/figure><\/div>\n\n\n\n<p><em>Apr\u00e8s cinq ans de vie, il faut que cette fleur devienne p\u00e9renne. C\u2019est ainsi que Pro Evologia souhaite l\u2019illuminer et renforcer son enveloppe.<\/em><\/p>\n\n\n\n<p><strong><a href=\"https:\/\/www.pro-evologia.ch\/?page_id=2015\" target=\"_blank\" rel=\"noreferrer noopener\" aria-label=\"Lire plus (s\u2019ouvre dans un nouvel onglet)\">Lire plus<\/a><\/strong><\/p>\n\n\n<hr width=\"100%\" size=\"10\" align=\"center\">\n\n\n<h2 class=\"wp-block-heading\"><strong>La permaculture<\/strong><\/h2>\n\n\n\n<div class=\"wp-block-image\"><figure class=\"aligncenter\"><img loading=\"lazy\" decoding=\"async\" width=\"208\" height=\"300\" src=\"https:\/\/www.pro-evologia.ch\/wp-content\/uploads\/2019\/03\/Maquette-permaculture-208x300.png\" alt=\"\" class=\"wp-image-1943\" srcset=\"https:\/\/www.pro-evologia.ch\/wp-content\/uploads\/2019\/03\/Maquette-permaculture-208x300.png 208w, https:\/\/www.pro-evologia.ch\/wp-content\/uploads\/2019\/03\/Maquette-permaculture-709x1024.png 709w, https:\/\/www.pro-evologia.ch\/wp-content\/uploads\/2019\/03\/Maquette-permaculture.png 720w\" sizes=\"auto, (max-width: 208px) 100vw, 208px\" \/><\/figure><\/div>\n\n\n\n<p><strong>L\u2019ancien verger \u00e0 pommes d \u2019Evologia se transforme pour emmener ses visiteurs \u00e0 la d\u00e9couverte de l\u2019agriculture perma-nente et respectueuse de l\u2019environne-ment. <\/strong><\/p>\n\n\n\n<p><em>Con\u00e7u par Danielle Rouiller et par Roger Hofstetter, le projet \u00e9voluera encore jusqu&rsquo;en 2019, avec le concours d&rsquo;Evologia et de Pro Evologia. Le verger se r\u00e9partit entre une partie didactique et p\u00e9dagogique, et un espace plut\u00f4t d\u00e9volu \u00e0 la recherche. Le Land art y apporte une touche ludique.<\/em><\/p>\n\n\n\n<p><strong><a href=\"https:\/\/www.pro-evologia.ch\/?page_id=1383\" target=\"_blank\" rel=\"noreferrer noopener\" aria-label=\"Lire plus (s\u2019ouvre dans un nouvel onglet)\">Lire plus<\/a><\/strong><\/p>\n\n\n<hr width=\"100%\" size=\"10\" align=\"center\">\n\n\n<h2><strong>Le Pruneau de Ch\u00e9zard<\/strong><\/h2>\n\n\n\n<div class=\"wp-block-image\"><figure class=\"aligncenter\"><img loading=\"lazy\" decoding=\"async\" width=\"300\" height=\"182\" src=\"https:\/\/www.pro-evologia.ch\/wp-content\/uploads\/2019\/03\/Pruneaux-1-300x182.png\" alt=\"\" class=\"wp-image-2005\" srcset=\"https:\/\/www.pro-evologia.ch\/wp-content\/uploads\/2019\/03\/Pruneaux-1-300x182.png 300w, https:\/\/www.pro-evologia.ch\/wp-content\/uploads\/2019\/03\/Pruneaux-1.png 664w\" sizes=\"auto, (max-width: 300px) 100vw, 300px\" \/><\/figure><\/div>\n\n\n\n<p><strong>Ce fruit nomm\u00e9 pruneau ou prune de Ch\u00e9zard a \u00e9t\u00e9 nomm\u00e9 : fruit de l\u2019ann\u00e9e  2013 par Fructus (Association suisse pour la sauvegarde du patrimoine fruitier).<\/strong><\/p>\n\n\n\n<p><em>Il est d\u00e9j\u00e0 mentionn\u00e9 au 18e si\u00e8cle et semble donc avoir \u00e9t\u00e9 propag\u00e9 par  un \u00e9tablissement horticole de Ch\u00e9zard, mais on le trouve en plaine et \u00e0 la  montagne, dans le Jura, en Ajoie et jusque le Chablais. C\u2019est un pruneau qui  n\u2019exige pas de traitement, car il est tol\u00e9rant au carpocapse des prunes et \u00e0  la maladie des pochettes.<\/em><\/p>\n\n\n\n<p><strong><a href=\"https:\/\/www.pro-evologia.ch\/?page_id=1521\" target=\"_blank\" rel=\"noreferrer noopener\" aria-label=\"Lire plus (s\u2019ouvre dans un nouvel onglet)\">Lire plus<\/a><\/strong><\/p>\n\n\n\n<p><br><\/p>\n","protected":false},"excerpt":{"rendered":"<p>La Fleur bor\u00e9ale V\u00e9ritable embl\u00e8me d\u2019Evologia, \u00e0 Cernier, cette \u0153uvre monumentale, install\u00e9e en 2012 a d\u00e9j\u00e0 marqu\u00e9 les Jardins extraordinaires depuis. Apr\u00e8s cinq ans de vie, il faut que cette fleur devienne p\u00e9renne. C\u2019est ainsi que Pro Evologia souhaite l\u2019illuminer et renforcer son enveloppe. Lire plus La permaculture L\u2019ancien verger \u00e0 pommes d \u2019Evologia se &#8230; <a title=\"Nos projets\" class=\"read-more\" href=\"https:\/\/www.pro-evologia.ch\/?page_id=2000\" aria-label=\"En savoir plus sur Nos projets\">Read more<\/a><\/p>\n","protected":false},"author":1,"featured_media":0,"parent":0,"menu_order":4,"comment_status":"closed","ping_status":"closed","template":"","meta":{"ngg_post_thumbnail":0,"generate_page_header":"","footnotes":""},"class_list":["post-2000","page","type-page","status-publish"],"yoast_head":"<!-- This site is optimized with the Yoast SEO plugin v27.5 - https:\/\/yoast.com\/product\/yoast-seo-wordpress\/ -->\n<title>Nos projets &#8226; Association des amis d&#039;Evologia<\/title>\n<meta name=\"robots\" content=\"index, follow, max-snippet:-1, max-image-preview:large, max-video-preview:-1\" \/>\n<link rel=\"canonical\" href=\"https:\/\/www.pro-evologia.ch\/?page_id=2000\" \/>\n<meta property=\"og:locale\" content=\"fr_FR\" \/>\n<meta property=\"og:type\" content=\"article\" \/>\n<meta property=\"og:title\" content=\"Nos projets &#8226; Association des amis d&#039;Evologia\" \/>\n<meta property=\"og:description\" content=\"La Fleur bor\u00e9ale V\u00e9ritable embl\u00e8me d\u2019Evologia, \u00e0 Cernier, cette \u0153uvre monumentale, install\u00e9e en 2012 a d\u00e9j\u00e0 marqu\u00e9 les Jardins extraordinaires depuis. Apr\u00e8s cinq ans de vie, il faut que cette fleur devienne p\u00e9renne. C\u2019est ainsi que Pro Evologia souhaite l\u2019illuminer et renforcer son enveloppe. Lire plus La permaculture L\u2019ancien verger \u00e0 pommes d \u2019Evologia se ... Read more\" \/>\n<meta property=\"og:url\" content=\"https:\/\/www.pro-evologia.ch\/?page_id=2000\" \/>\n<meta property=\"og:site_name\" content=\"Association des amis d&#039;Evologia\" \/>\n<meta property=\"article:publisher\" content=\"https:\/\/www.facebook.com\/proevologia\" \/>\n<meta property=\"article:modified_time\" content=\"2024-10-10T11:04:55+00:00\" \/>\n<meta property=\"og:image\" content=\"https:\/\/www.pro-evologia.ch\/wp-content\/uploads\/2019\/03\/Fleur_boreale-300x192.png\" \/>\n<meta name=\"twitter:label1\" content=\"Dur\u00e9e de lecture estim\u00e9e\" \/>\n\t<meta name=\"twitter:data1\" content=\"2 minutes\" \/>\n<script type=\"application\/ld+json\" class=\"yoast-schema-graph\">{\"@context\":\"https:\\\/\\\/schema.org\",\"@graph\":[{\"@type\":\"WebPage\",\"@id\":\"https:\\\/\\\/www.pro-evologia.ch\\\/?page_id=2000\",\"url\":\"https:\\\/\\\/www.pro-evologia.ch\\\/?page_id=2000\",\"name\":\"Nos projets &#8226; Association des amis d&#039;Evologia\",\"isPartOf\":{\"@id\":\"https:\\\/\\\/www.pro-evologia.ch\\\/#website\"},\"primaryImageOfPage\":{\"@id\":\"https:\\\/\\\/www.pro-evologia.ch\\\/?page_id=2000#primaryimage\"},\"image\":{\"@id\":\"https:\\\/\\\/www.pro-evologia.ch\\\/?page_id=2000#primaryimage\"},\"thumbnailUrl\":\"https:\\\/\\\/www.pro-evologia.ch\\\/wp-content\\\/uploads\\\/2019\\\/03\\\/Fleur_boreale-300x192.png\",\"datePublished\":\"2019-03-22T10:00:58+00:00\",\"dateModified\":\"2024-10-10T11:04:55+00:00\",\"breadcrumb\":{\"@id\":\"https:\\\/\\\/www.pro-evologia.ch\\\/?page_id=2000#breadcrumb\"},\"inLanguage\":\"fr-FR\",\"potentialAction\":[{\"@type\":\"ReadAction\",\"target\":[\"https:\\\/\\\/www.pro-evologia.ch\\\/?page_id=2000\"]}]},{\"@type\":\"ImageObject\",\"inLanguage\":\"fr-FR\",\"@id\":\"https:\\\/\\\/www.pro-evologia.ch\\\/?page_id=2000#primaryimage\",\"url\":\"https:\\\/\\\/www.pro-evologia.ch\\\/wp-content\\\/uploads\\\/2019\\\/03\\\/Fleur_boreale.png\",\"contentUrl\":\"https:\\\/\\\/www.pro-evologia.ch\\\/wp-content\\\/uploads\\\/2019\\\/03\\\/Fleur_boreale.png\",\"width\":1897,\"height\":1214},{\"@type\":\"BreadcrumbList\",\"@id\":\"https:\\\/\\\/www.pro-evologia.ch\\\/?page_id=2000#breadcrumb\",\"itemListElement\":[{\"@type\":\"ListItem\",\"position\":1,\"name\":\"Accueil\",\"item\":\"https:\\\/\\\/www.pro-evologia.ch\\\/\"},{\"@type\":\"ListItem\",\"position\":2,\"name\":\"Nos projets\"}]},{\"@type\":\"WebSite\",\"@id\":\"https:\\\/\\\/www.pro-evologia.ch\\\/#website\",\"url\":\"https:\\\/\\\/www.pro-evologia.ch\\\/\",\"name\":\"Association des amis d&#039;Evologia\",\"description\":\"Pro Evologia est  une association \u00e0 but non lucratif qui soutient Evologia\",\"potentialAction\":[{\"@type\":\"SearchAction\",\"target\":{\"@type\":\"EntryPoint\",\"urlTemplate\":\"https:\\\/\\\/www.pro-evologia.ch\\\/?s={search_term_string}\"},\"query-input\":{\"@type\":\"PropertyValueSpecification\",\"valueRequired\":true,\"valueName\":\"search_term_string\"}}],\"inLanguage\":\"fr-FR\"}]}<\/script>\n<!-- \/ Yoast SEO plugin. -->","yoast_head_json":{"title":"Nos projets &#8226; Association des amis d&#039;Evologia","robots":{"index":"index","follow":"follow","max-snippet":"max-snippet:-1","max-image-preview":"max-image-preview:large","max-video-preview":"max-video-preview:-1"},"canonical":"https:\/\/www.pro-evologia.ch\/?page_id=2000","og_locale":"fr_FR","og_type":"article","og_title":"Nos projets &#8226; Association des amis d&#039;Evologia","og_description":"La Fleur bor\u00e9ale V\u00e9ritable embl\u00e8me d\u2019Evologia, \u00e0 Cernier, cette \u0153uvre monumentale, install\u00e9e en 2012 a d\u00e9j\u00e0 marqu\u00e9 les Jardins extraordinaires depuis. Apr\u00e8s cinq ans de vie, il faut que cette fleur devienne p\u00e9renne. C\u2019est ainsi que Pro Evologia souhaite l\u2019illuminer et renforcer son enveloppe. Lire plus La permaculture L\u2019ancien verger \u00e0 pommes d \u2019Evologia se ... Read more","og_url":"https:\/\/www.pro-evologia.ch\/?page_id=2000","og_site_name":"Association des amis d&#039;Evologia","article_publisher":"https:\/\/www.facebook.com\/proevologia","article_modified_time":"2024-10-10T11:04:55+00:00","og_image":[{"url":"https:\/\/www.pro-evologia.ch\/wp-content\/uploads\/2019\/03\/Fleur_boreale-300x192.png","type":"","width":"","height":""}],"twitter_misc":{"Dur\u00e9e de lecture estim\u00e9e":"2 minutes"},"schema":{"@context":"https:\/\/schema.org","@graph":[{"@type":"WebPage","@id":"https:\/\/www.pro-evologia.ch\/?page_id=2000","url":"https:\/\/www.pro-evologia.ch\/?page_id=2000","name":"Nos projets &#8226; Association des amis d&#039;Evologia","isPartOf":{"@id":"https:\/\/www.pro-evologia.ch\/#website"},"primaryImageOfPage":{"@id":"https:\/\/www.pro-evologia.ch\/?page_id=2000#primaryimage"},"image":{"@id":"https:\/\/www.pro-evologia.ch\/?page_id=2000#primaryimage"},"thumbnailUrl":"https:\/\/www.pro-evologia.ch\/wp-content\/uploads\/2019\/03\/Fleur_boreale-300x192.png","datePublished":"2019-03-22T10:00:58+00:00","dateModified":"2024-10-10T11:04:55+00:00","breadcrumb":{"@id":"https:\/\/www.pro-evologia.ch\/?page_id=2000#breadcrumb"},"inLanguage":"fr-FR","potentialAction":[{"@type":"ReadAction","target":["https:\/\/www.pro-evologia.ch\/?page_id=2000"]}]},{"@type":"ImageObject","inLanguage":"fr-FR","@id":"https:\/\/www.pro-evologia.ch\/?page_id=2000#primaryimage","url":"https:\/\/www.pro-evologia.ch\/wp-content\/uploads\/2019\/03\/Fleur_boreale.png","contentUrl":"https:\/\/www.pro-evologia.ch\/wp-content\/uploads\/2019\/03\/Fleur_boreale.png","width":1897,"height":1214},{"@type":"BreadcrumbList","@id":"https:\/\/www.pro-evologia.ch\/?page_id=2000#breadcrumb","itemListElement":[{"@type":"ListItem","position":1,"name":"Accueil","item":"https:\/\/www.pro-evologia.ch\/"},{"@type":"ListItem","position":2,"name":"Nos projets"}]},{"@type":"WebSite","@id":"https:\/\/www.pro-evologia.ch\/#website","url":"https:\/\/www.pro-evologia.ch\/","name":"Association des amis d&#039;Evologia","description":"Pro Evologia est  une association \u00e0 but non lucratif qui soutient Evologia","potentialAction":[{"@type":"SearchAction","target":{"@type":"EntryPoint","urlTemplate":"https:\/\/www.pro-evologia.ch\/?s={search_term_string}"},"query-input":{"@type":"PropertyValueSpecification","valueRequired":true,"valueName":"search_term_string"}}],"inLanguage":"fr-FR"}]}},"_links":{"self":[{"href":"https:\/\/www.pro-evologia.ch\/index.php?rest_route=\/wp\/v2\/pages\/2000","targetHints":{"allow":["GET"]}}],"collection":[{"href":"https:\/\/www.pro-evologia.ch\/index.php?rest_route=\/wp\/v2\/pages"}],"about":[{"href":"https:\/\/www.pro-evologia.ch\/index.php?rest_route=\/wp\/v2\/types\/page"}],"author":[{"embeddable":true,"href":"https:\/\/www.pro-evologia.ch\/index.php?rest_route=\/wp\/v2\/users\/1"}],"replies":[{"embeddable":true,"href":"https:\/\/www.pro-evologia.ch\/index.php?rest_route=%2Fwp%2Fv2%2Fcomments&post=2000"}],"version-history":[{"count":1,"href":"https:\/\/www.pro-evologia.ch\/index.php?rest_route=\/wp\/v2\/pages\/2000\/revisions"}],"predecessor-version":[{"id":3298,"href":"https:\/\/www.pro-evologia.ch\/index.php?rest_route=\/wp\/v2\/pages\/2000\/revisions\/3298"}],"wp:attachment":[{"href":"https:\/\/www.pro-evologia.ch\/index.php?rest_route=%2Fwp%2Fv2%2Fmedia&parent=2000"}],"curies":[{"name":"wp","href":"https:\/\/api.w.org\/{rel}","templated":true}]}}