{"id":1670,"date":"2018-04-26T07:23:43","date_gmt":"2018-04-26T05:23:43","guid":{"rendered":"http:\/\/www.pro-evologia.ch\/?page_id=1670"},"modified":"2023-01-17T15:11:54","modified_gmt":"2023-01-17T14:11:54","slug":"prime-matinee","status":"publish","type":"page","link":"https:\/\/www.pro-evologia.ch\/?page_id=1670","title":{"rendered":"Prime matin\u00e9e 2022"},"content":{"rendered":"<p>La Prime Matin\u00e9e 2022 de Pro Evologia se d\u00e9roulera le <strong>lundi du Je\u00fbne le 19 septembre<\/strong> <strong>d\u00e8s 9h30<\/strong> sous forme d\u2019un d\u00e9jeuner compos\u00e9 principalement de g\u00e2teaux-aux-pruneaux-de-Ch\u00e9zard et de tartines. Pro Evologia souhaite mettre en valeur ce produit de notre terroir.<\/p>\n<p>Pr\u00e9sentation du film \u00ab <strong><em>Le pruneau de Ch\u00e9zard, prince des vergers du Val-de-Ruz<\/em> <\/strong>\u00bb r\u00e9alis\u00e9 par le comit\u00e9 de Pro Evologia. D\u2019une dur\u00e9e de 8 minutes, il pr\u00e9sente le pruneau au cours de toutes les saisons de l\u2019ann\u00e9e.<\/p>\n<p>Participent \u00e0 cette manifestation&nbsp;:<\/p>\n<ul>\n<li>Le <strong>restaurant de la Terrassiette<\/strong> avec des produits \u00e0 base de pruneaux&nbsp;: confits de pruneaux au lard, mousse aux pruneaux, muffins\u2026<\/li>\n<li>L\u2019association \u00ab&nbsp;<strong>Les Paysannes du Val-de-Ruz&nbsp;<\/strong>\u00bb&nbsp;par la production de g\u00e2teaux aux pruneaux et la vente de diverses confitures\u2026&nbsp;;<\/li>\n<li>L\u2019association \u00ab&nbsp;<strong>R\u00e9tropomme<\/strong>&nbsp;\u00bb par la vente de pruniers de Ch\u00e9zard (des fiches de commandes seront propos\u00e9es)&nbsp;;<\/li>\n<\/ul>\n<p>Nous invitons donc le public au <strong><em>D\u00e9jeuner-g\u00e2teau-aux-pruneaux-de-Ch\u00e9zard<\/em><\/strong><em>, tartines et autres recettes aux pruneaux<\/em>, avec quelques fromages de la r\u00e9gion.&nbsp;<\/p>\n<p>Afin de bien pr\u00e9parer cette manifestation, nous demandons aux personnes de s\u2019inscrire par :<\/p>\n<p>la <a href=\"https:\/\/www.pro-evologia.ch\/?page_id=1680\">page d&rsquo;inscription<\/a>&nbsp; ou par&nbsp; <strong>info@pro-evologia.ch <\/strong>ou par t\u00e9l\u00e9phone au<strong> 032 889 36 00, d\u00e9lai lundi 12 septembre.<\/strong><\/p>\n<p><a href=\"https:\/\/www.pro-evologia.ch\/wp-content\/uploads\/2022\/08\/Flyer-Evologia-Lundi-19-septembre-2022.jpg\"><img loading=\"lazy\" decoding=\"async\" class=\"aligncenter size-medium wp-image-2621\" src=\"https:\/\/www.pro-evologia.ch\/wp-content\/uploads\/2022\/08\/Flyer-Evologia-Lundi-19-septembre-2022-212x300.jpg\" alt=\"\" width=\"212\" height=\"300\" srcset=\"https:\/\/www.pro-evologia.ch\/wp-content\/uploads\/2022\/08\/Flyer-Evologia-Lundi-19-septembre-2022-212x300.jpg 212w, https:\/\/www.pro-evologia.ch\/wp-content\/uploads\/2022\/08\/Flyer-Evologia-Lundi-19-septembre-2022-725x1024.jpg 725w, https:\/\/www.pro-evologia.ch\/wp-content\/uploads\/2022\/08\/Flyer-Evologia-Lundi-19-septembre-2022-768x1085.jpg 768w, https:\/\/www.pro-evologia.ch\/wp-content\/uploads\/2022\/08\/Flyer-Evologia-Lundi-19-septembre-2022-1087x1536.jpg 1087w, https:\/\/www.pro-evologia.ch\/wp-content\/uploads\/2022\/08\/Flyer-Evologia-Lundi-19-septembre-2022.jpg 1280w\" sizes=\"auto, (max-width: 212px) 100vw, 212px\" \/><\/a><\/p>\n","protected":false},"excerpt":{"rendered":"<p>La Prime Matin\u00e9e 2022 de Pro Evologia se d\u00e9roulera le lundi du Je\u00fbne le 19 septembre d\u00e8s 9h30 sous forme d\u2019un d\u00e9jeuner compos\u00e9 principalement de g\u00e2teaux-aux-pruneaux-de-Ch\u00e9zard et de tartines. Pro Evologia souhaite mettre en valeur ce produit de notre terroir. Pr\u00e9sentation du film \u00ab Le pruneau de Ch\u00e9zard, prince des vergers du Val-de-Ruz \u00bb r\u00e9alis\u00e9 &#8230; <a title=\"Prime matin\u00e9e 2022\" class=\"read-more\" href=\"https:\/\/www.pro-evologia.ch\/?page_id=1670\" aria-label=\"En savoir plus sur Prime matin\u00e9e 2022\">Read more<\/a><\/p>\n","protected":false},"author":1,"featured_media":0,"parent":2542,"menu_order":2,"comment_status":"closed","ping_status":"closed","template":"","meta":{"ngg_post_thumbnail":0,"generate_page_header":"","footnotes":""},"class_list":["post-1670","page","type-page","status-publish"],"yoast_head":"<!-- This site is optimized with the Yoast SEO plugin v27.2 - https:\/\/yoast.com\/product\/yoast-seo-wordpress\/ -->\n<title>Prime matin\u00e9e 2022 &#8226; Association des amis d&#039;Evologia<\/title>\n<meta name=\"robots\" content=\"index, follow, max-snippet:-1, max-image-preview:large, max-video-preview:-1\" \/>\n<link rel=\"canonical\" href=\"https:\/\/www.pro-evologia.ch\/?page_id=1670\" \/>\n<meta property=\"og:locale\" content=\"fr_FR\" \/>\n<meta property=\"og:type\" content=\"article\" \/>\n<meta property=\"og:title\" content=\"Prime matin\u00e9e 2022 &#8226; Association des amis d&#039;Evologia\" \/>\n<meta property=\"og:description\" content=\"La Prime Matin\u00e9e 2022 de Pro Evologia se d\u00e9roulera le lundi du Je\u00fbne le 19 septembre d\u00e8s 9h30 sous forme d\u2019un d\u00e9jeuner compos\u00e9 principalement de g\u00e2teaux-aux-pruneaux-de-Ch\u00e9zard et de tartines. Pro Evologia souhaite mettre en valeur ce produit de notre terroir. Pr\u00e9sentation du film \u00ab Le pruneau de Ch\u00e9zard, prince des vergers du Val-de-Ruz \u00bb r\u00e9alis\u00e9 ... Read more\" \/>\n<meta property=\"og:url\" content=\"https:\/\/www.pro-evologia.ch\/?page_id=1670\" \/>\n<meta property=\"og:site_name\" content=\"Association des amis d&#039;Evologia\" \/>\n<meta property=\"article:publisher\" content=\"https:\/\/www.facebook.com\/proevologia\" \/>\n<meta property=\"article:modified_time\" content=\"2023-01-17T14:11:54+00:00\" \/>\n<meta property=\"og:image\" content=\"https:\/\/www.pro-evologia.ch\/wp-content\/uploads\/2022\/08\/Flyer-Evologia-Lundi-19-septembre-2022-212x300.jpg\" \/>\n<meta name=\"twitter:label1\" content=\"Dur\u00e9e de lecture estim\u00e9e\" \/>\n\t<meta name=\"twitter:data1\" content=\"2 minutes\" \/>\n<script type=\"application\/ld+json\" class=\"yoast-schema-graph\">{\"@context\":\"https:\/\/schema.org\",\"@graph\":[{\"@type\":\"WebPage\",\"@id\":\"https:\/\/www.pro-evologia.ch\/?page_id=1670\",\"url\":\"https:\/\/www.pro-evologia.ch\/?page_id=1670\",\"name\":\"Prime matin\u00e9e 2022 &#8226; Association des amis d&#039;Evologia\",\"isPartOf\":{\"@id\":\"https:\/\/www.pro-evologia.ch\/#website\"},\"primaryImageOfPage\":{\"@id\":\"https:\/\/www.pro-evologia.ch\/?page_id=1670#primaryimage\"},\"image\":{\"@id\":\"https:\/\/www.pro-evologia.ch\/?page_id=1670#primaryimage\"},\"thumbnailUrl\":\"https:\/\/www.pro-evologia.ch\/wp-content\/uploads\/2022\/08\/Flyer-Evologia-Lundi-19-septembre-2022-212x300.jpg\",\"datePublished\":\"2018-04-26T05:23:43+00:00\",\"dateModified\":\"2023-01-17T14:11:54+00:00\",\"breadcrumb\":{\"@id\":\"https:\/\/www.pro-evologia.ch\/?page_id=1670#breadcrumb\"},\"inLanguage\":\"fr-FR\",\"potentialAction\":[{\"@type\":\"ReadAction\",\"target\":[\"https:\/\/www.pro-evologia.ch\/?page_id=1670\"]}]},{\"@type\":\"ImageObject\",\"inLanguage\":\"fr-FR\",\"@id\":\"https:\/\/www.pro-evologia.ch\/?page_id=1670#primaryimage\",\"url\":\"https:\/\/www.pro-evologia.ch\/wp-content\/uploads\/2022\/08\/Flyer-Evologia-Lundi-19-septembre-2022.jpg\",\"contentUrl\":\"https:\/\/www.pro-evologia.ch\/wp-content\/uploads\/2022\/08\/Flyer-Evologia-Lundi-19-septembre-2022.jpg\",\"width\":1280,\"height\":1809},{\"@type\":\"BreadcrumbList\",\"@id\":\"https:\/\/www.pro-evologia.ch\/?page_id=1670#breadcrumb\",\"itemListElement\":[{\"@type\":\"ListItem\",\"position\":1,\"name\":\"Accueil\",\"item\":\"https:\/\/www.pro-evologia.ch\/\"},{\"@type\":\"ListItem\",\"position\":2,\"name\":\"L&rsquo;Association\",\"item\":\"https:\/\/www.pro-evologia.ch\/?page_id=33\"},{\"@type\":\"ListItem\",\"position\":3,\"name\":\"Archives 2022\",\"item\":\"https:\/\/www.pro-evologia.ch\/?page_id=2542\"},{\"@type\":\"ListItem\",\"position\":4,\"name\":\"Prime matin\u00e9e 2022\"}]},{\"@type\":\"WebSite\",\"@id\":\"https:\/\/www.pro-evologia.ch\/#website\",\"url\":\"https:\/\/www.pro-evologia.ch\/\",\"name\":\"Association des amis d&#039;Evologia\",\"description\":\"Pro Evologia est  une association \u00e0 but non lucratif qui soutient Evologia\",\"potentialAction\":[{\"@type\":\"SearchAction\",\"target\":{\"@type\":\"EntryPoint\",\"urlTemplate\":\"https:\/\/www.pro-evologia.ch\/?s={search_term_string}\"},\"query-input\":{\"@type\":\"PropertyValueSpecification\",\"valueRequired\":true,\"valueName\":\"search_term_string\"}}],\"inLanguage\":\"fr-FR\"}]}<\/script>\n<!-- \/ Yoast SEO plugin. -->","yoast_head_json":{"title":"Prime matin\u00e9e 2022 &#8226; Association des amis d&#039;Evologia","robots":{"index":"index","follow":"follow","max-snippet":"max-snippet:-1","max-image-preview":"max-image-preview:large","max-video-preview":"max-video-preview:-1"},"canonical":"https:\/\/www.pro-evologia.ch\/?page_id=1670","og_locale":"fr_FR","og_type":"article","og_title":"Prime matin\u00e9e 2022 &#8226; Association des amis d&#039;Evologia","og_description":"La Prime Matin\u00e9e 2022 de Pro Evologia se d\u00e9roulera le lundi du Je\u00fbne le 19 septembre d\u00e8s 9h30 sous forme d\u2019un d\u00e9jeuner compos\u00e9 principalement de g\u00e2teaux-aux-pruneaux-de-Ch\u00e9zard et de tartines. Pro Evologia souhaite mettre en valeur ce produit de notre terroir. Pr\u00e9sentation du film \u00ab Le pruneau de Ch\u00e9zard, prince des vergers du Val-de-Ruz \u00bb r\u00e9alis\u00e9 ... Read more","og_url":"https:\/\/www.pro-evologia.ch\/?page_id=1670","og_site_name":"Association des amis d&#039;Evologia","article_publisher":"https:\/\/www.facebook.com\/proevologia","article_modified_time":"2023-01-17T14:11:54+00:00","og_image":[{"url":"https:\/\/www.pro-evologia.ch\/wp-content\/uploads\/2022\/08\/Flyer-Evologia-Lundi-19-septembre-2022-212x300.jpg","type":"","width":"","height":""}],"twitter_misc":{"Dur\u00e9e de lecture estim\u00e9e":"2 minutes"},"schema":{"@context":"https:\/\/schema.org","@graph":[{"@type":"WebPage","@id":"https:\/\/www.pro-evologia.ch\/?page_id=1670","url":"https:\/\/www.pro-evologia.ch\/?page_id=1670","name":"Prime matin\u00e9e 2022 &#8226; Association des amis d&#039;Evologia","isPartOf":{"@id":"https:\/\/www.pro-evologia.ch\/#website"},"primaryImageOfPage":{"@id":"https:\/\/www.pro-evologia.ch\/?page_id=1670#primaryimage"},"image":{"@id":"https:\/\/www.pro-evologia.ch\/?page_id=1670#primaryimage"},"thumbnailUrl":"https:\/\/www.pro-evologia.ch\/wp-content\/uploads\/2022\/08\/Flyer-Evologia-Lundi-19-septembre-2022-212x300.jpg","datePublished":"2018-04-26T05:23:43+00:00","dateModified":"2023-01-17T14:11:54+00:00","breadcrumb":{"@id":"https:\/\/www.pro-evologia.ch\/?page_id=1670#breadcrumb"},"inLanguage":"fr-FR","potentialAction":[{"@type":"ReadAction","target":["https:\/\/www.pro-evologia.ch\/?page_id=1670"]}]},{"@type":"ImageObject","inLanguage":"fr-FR","@id":"https:\/\/www.pro-evologia.ch\/?page_id=1670#primaryimage","url":"https:\/\/www.pro-evologia.ch\/wp-content\/uploads\/2022\/08\/Flyer-Evologia-Lundi-19-septembre-2022.jpg","contentUrl":"https:\/\/www.pro-evologia.ch\/wp-content\/uploads\/2022\/08\/Flyer-Evologia-Lundi-19-septembre-2022.jpg","width":1280,"height":1809},{"@type":"BreadcrumbList","@id":"https:\/\/www.pro-evologia.ch\/?page_id=1670#breadcrumb","itemListElement":[{"@type":"ListItem","position":1,"name":"Accueil","item":"https:\/\/www.pro-evologia.ch\/"},{"@type":"ListItem","position":2,"name":"L&rsquo;Association","item":"https:\/\/www.pro-evologia.ch\/?page_id=33"},{"@type":"ListItem","position":3,"name":"Archives 2022","item":"https:\/\/www.pro-evologia.ch\/?page_id=2542"},{"@type":"ListItem","position":4,"name":"Prime matin\u00e9e 2022"}]},{"@type":"WebSite","@id":"https:\/\/www.pro-evologia.ch\/#website","url":"https:\/\/www.pro-evologia.ch\/","name":"Association des amis d&#039;Evologia","description":"Pro Evologia est  une association \u00e0 but non lucratif qui soutient Evologia","potentialAction":[{"@type":"SearchAction","target":{"@type":"EntryPoint","urlTemplate":"https:\/\/www.pro-evologia.ch\/?s={search_term_string}"},"query-input":{"@type":"PropertyValueSpecification","valueRequired":true,"valueName":"search_term_string"}}],"inLanguage":"fr-FR"}]}},"_links":{"self":[{"href":"https:\/\/www.pro-evologia.ch\/index.php?rest_route=\/wp\/v2\/pages\/1670","targetHints":{"allow":["GET"]}}],"collection":[{"href":"https:\/\/www.pro-evologia.ch\/index.php?rest_route=\/wp\/v2\/pages"}],"about":[{"href":"https:\/\/www.pro-evologia.ch\/index.php?rest_route=\/wp\/v2\/types\/page"}],"author":[{"embeddable":true,"href":"https:\/\/www.pro-evologia.ch\/index.php?rest_route=\/wp\/v2\/users\/1"}],"replies":[{"embeddable":true,"href":"https:\/\/www.pro-evologia.ch\/index.php?rest_route=%2Fwp%2Fv2%2Fcomments&post=1670"}],"version-history":[{"count":0,"href":"https:\/\/www.pro-evologia.ch\/index.php?rest_route=\/wp\/v2\/pages\/1670\/revisions"}],"up":[{"embeddable":true,"href":"https:\/\/www.pro-evologia.ch\/index.php?rest_route=\/wp\/v2\/pages\/2542"}],"wp:attachment":[{"href":"https:\/\/www.pro-evologia.ch\/index.php?rest_route=%2Fwp%2Fv2%2Fmedia&parent=1670"}],"curies":[{"name":"wp","href":"https:\/\/api.w.org\/{rel}","templated":true}]}}