{"id":1618,"date":"2017-10-12T16:21:58","date_gmt":"2017-10-12T14:21:58","guid":{"rendered":"http:\/\/www.pro-evologia.ch\/?page_id=1618"},"modified":"2026-01-22T17:32:09","modified_gmt":"2026-01-22T16:32:09","slug":"archives-2017","status":"publish","type":"page","link":"https:\/\/www.pro-evologia.ch\/?page_id=1618","title":{"rendered":"Archives 2017"},"content":{"rendered":"<p><a href=\"https:\/\/www.pro-evologia.ch\/?page_id=1488\" target=\"_blank\" rel=\"noopener\"><strong>Brochure \u00ab\u00a0Un \u00e9t\u00e9 \u00e0 Evologia &#8211; Cernier\u00a0\u00bb<\/strong><\/a><\/p>\n<p><strong><a href=\"https:\/\/www.pro-evologia.ch\/?page_id=1446\" target=\"_blank\" rel=\"noopener\">F\u00eate la Terre 2017<\/a><\/strong><\/p>\n<p><a href=\"https:\/\/www.pro-evologia.ch\/?page_id=1433\" target=\"_blank\" rel=\"noopener\"><strong>Concours de peinture \u00ab\u00a0La for\u00eat et nous\u00a0\u00bb<\/strong><\/a><\/p>\n<p>&nbsp;<\/p>\n","protected":false},"excerpt":{"rendered":"<p>Brochure \u00ab\u00a0Un \u00e9t\u00e9 \u00e0 Evologia &#8211; Cernier\u00a0\u00bb F\u00eate la Terre 2017 Concours de peinture \u00ab\u00a0La for\u00eat et nous\u00a0\u00bb &nbsp;<\/p>\n","protected":false},"author":1,"featured_media":0,"parent":33,"menu_order":12,"comment_status":"closed","ping_status":"closed","template":"","meta":{"ngg_post_thumbnail":0,"generate_page_header":"","footnotes":""},"class_list":["post-1618","page","type-page","status-publish"],"yoast_head":"<!-- This site is optimized with the Yoast SEO plugin v27.5 - https:\/\/yoast.com\/product\/yoast-seo-wordpress\/ -->\n<title>Archives 2017 &#8226; Association des amis d&#039;Evologia<\/title>\n<meta name=\"robots\" content=\"index, follow, max-snippet:-1, max-image-preview:large, max-video-preview:-1\" \/>\n<link rel=\"canonical\" href=\"https:\/\/www.pro-evologia.ch\/?page_id=1618\" \/>\n<meta property=\"og:locale\" content=\"fr_FR\" \/>\n<meta property=\"og:type\" content=\"article\" \/>\n<meta property=\"og:title\" content=\"Archives 2017 &#8226; Association des amis d&#039;Evologia\" \/>\n<meta property=\"og:description\" content=\"Brochure \u00ab\u00a0Un \u00e9t\u00e9 \u00e0 Evologia &#8211; Cernier\u00a0\u00bb F\u00eate la Terre 2017 Concours de peinture \u00ab\u00a0La for\u00eat et nous\u00a0\u00bb &nbsp;\" \/>\n<meta property=\"og:url\" content=\"https:\/\/www.pro-evologia.ch\/?page_id=1618\" \/>\n<meta property=\"og:site_name\" content=\"Association des amis d&#039;Evologia\" \/>\n<meta property=\"article:publisher\" content=\"https:\/\/www.facebook.com\/proevologia\" \/>\n<meta property=\"article:modified_time\" content=\"2026-01-22T16:32:09+00:00\" \/>\n<meta property=\"og:image\" content=\"https:\/\/www.pro-evologia.ch\/wp-content\/uploads\/2015\/01\/Entete.jpg\" \/>\n\t<meta property=\"og:image:width\" content=\"640\" \/>\n\t<meta property=\"og:image:height\" content=\"167\" \/>\n\t<meta property=\"og:image:type\" content=\"image\/jpeg\" \/>\n<meta name=\"twitter:label1\" content=\"Dur\u00e9e de lecture estim\u00e9e\" \/>\n\t<meta name=\"twitter:data1\" content=\"1 minute\" \/>\n<script type=\"application\/ld+json\" class=\"yoast-schema-graph\">{\"@context\":\"https:\\\/\\\/schema.org\",\"@graph\":[{\"@type\":\"WebPage\",\"@id\":\"https:\\\/\\\/www.pro-evologia.ch\\\/?page_id=1618\",\"url\":\"https:\\\/\\\/www.pro-evologia.ch\\\/?page_id=1618\",\"name\":\"Archives 2017 &#8226; Association des amis d&#039;Evologia\",\"isPartOf\":{\"@id\":\"https:\\\/\\\/www.pro-evologia.ch\\\/#website\"},\"datePublished\":\"2017-10-12T14:21:58+00:00\",\"dateModified\":\"2026-01-22T16:32:09+00:00\",\"breadcrumb\":{\"@id\":\"https:\\\/\\\/www.pro-evologia.ch\\\/?page_id=1618#breadcrumb\"},\"inLanguage\":\"fr-FR\",\"potentialAction\":[{\"@type\":\"ReadAction\",\"target\":[\"https:\\\/\\\/www.pro-evologia.ch\\\/?page_id=1618\"]}]},{\"@type\":\"BreadcrumbList\",\"@id\":\"https:\\\/\\\/www.pro-evologia.ch\\\/?page_id=1618#breadcrumb\",\"itemListElement\":[{\"@type\":\"ListItem\",\"position\":1,\"name\":\"Accueil\",\"item\":\"https:\\\/\\\/www.pro-evologia.ch\\\/\"},{\"@type\":\"ListItem\",\"position\":2,\"name\":\"L&rsquo;Association\",\"item\":\"https:\\\/\\\/www.pro-evologia.ch\\\/?page_id=33\"},{\"@type\":\"ListItem\",\"position\":3,\"name\":\"Archives 2017\"}]},{\"@type\":\"WebSite\",\"@id\":\"https:\\\/\\\/www.pro-evologia.ch\\\/#website\",\"url\":\"https:\\\/\\\/www.pro-evologia.ch\\\/\",\"name\":\"Association des amis d&#039;Evologia\",\"description\":\"Pro Evologia est  une association \u00e0 but non lucratif qui soutient Evologia\",\"potentialAction\":[{\"@type\":\"SearchAction\",\"target\":{\"@type\":\"EntryPoint\",\"urlTemplate\":\"https:\\\/\\\/www.pro-evologia.ch\\\/?s={search_term_string}\"},\"query-input\":{\"@type\":\"PropertyValueSpecification\",\"valueRequired\":true,\"valueName\":\"search_term_string\"}}],\"inLanguage\":\"fr-FR\"}]}<\/script>\n<!-- \/ Yoast SEO plugin. -->","yoast_head_json":{"title":"Archives 2017 &#8226; Association des amis d&#039;Evologia","robots":{"index":"index","follow":"follow","max-snippet":"max-snippet:-1","max-image-preview":"max-image-preview:large","max-video-preview":"max-video-preview:-1"},"canonical":"https:\/\/www.pro-evologia.ch\/?page_id=1618","og_locale":"fr_FR","og_type":"article","og_title":"Archives 2017 &#8226; Association des amis d&#039;Evologia","og_description":"Brochure \u00ab\u00a0Un \u00e9t\u00e9 \u00e0 Evologia &#8211; Cernier\u00a0\u00bb F\u00eate la Terre 2017 Concours de peinture \u00ab\u00a0La for\u00eat et nous\u00a0\u00bb &nbsp;","og_url":"https:\/\/www.pro-evologia.ch\/?page_id=1618","og_site_name":"Association des amis d&#039;Evologia","article_publisher":"https:\/\/www.facebook.com\/proevologia","article_modified_time":"2026-01-22T16:32:09+00:00","og_image":[{"width":640,"height":167,"url":"https:\/\/www.pro-evologia.ch\/wp-content\/uploads\/2015\/01\/Entete.jpg","type":"image\/jpeg"}],"twitter_misc":{"Dur\u00e9e de lecture estim\u00e9e":"1 minute"},"schema":{"@context":"https:\/\/schema.org","@graph":[{"@type":"WebPage","@id":"https:\/\/www.pro-evologia.ch\/?page_id=1618","url":"https:\/\/www.pro-evologia.ch\/?page_id=1618","name":"Archives 2017 &#8226; Association des amis d&#039;Evologia","isPartOf":{"@id":"https:\/\/www.pro-evologia.ch\/#website"},"datePublished":"2017-10-12T14:21:58+00:00","dateModified":"2026-01-22T16:32:09+00:00","breadcrumb":{"@id":"https:\/\/www.pro-evologia.ch\/?page_id=1618#breadcrumb"},"inLanguage":"fr-FR","potentialAction":[{"@type":"ReadAction","target":["https:\/\/www.pro-evologia.ch\/?page_id=1618"]}]},{"@type":"BreadcrumbList","@id":"https:\/\/www.pro-evologia.ch\/?page_id=1618#breadcrumb","itemListElement":[{"@type":"ListItem","position":1,"name":"Accueil","item":"https:\/\/www.pro-evologia.ch\/"},{"@type":"ListItem","position":2,"name":"L&rsquo;Association","item":"https:\/\/www.pro-evologia.ch\/?page_id=33"},{"@type":"ListItem","position":3,"name":"Archives 2017"}]},{"@type":"WebSite","@id":"https:\/\/www.pro-evologia.ch\/#website","url":"https:\/\/www.pro-evologia.ch\/","name":"Association des amis d&#039;Evologia","description":"Pro Evologia est  une association \u00e0 but non lucratif qui soutient Evologia","potentialAction":[{"@type":"SearchAction","target":{"@type":"EntryPoint","urlTemplate":"https:\/\/www.pro-evologia.ch\/?s={search_term_string}"},"query-input":{"@type":"PropertyValueSpecification","valueRequired":true,"valueName":"search_term_string"}}],"inLanguage":"fr-FR"}]}},"_links":{"self":[{"href":"https:\/\/www.pro-evologia.ch\/index.php?rest_route=\/wp\/v2\/pages\/1618","targetHints":{"allow":["GET"]}}],"collection":[{"href":"https:\/\/www.pro-evologia.ch\/index.php?rest_route=\/wp\/v2\/pages"}],"about":[{"href":"https:\/\/www.pro-evologia.ch\/index.php?rest_route=\/wp\/v2\/types\/page"}],"author":[{"embeddable":true,"href":"https:\/\/www.pro-evologia.ch\/index.php?rest_route=\/wp\/v2\/users\/1"}],"replies":[{"embeddable":true,"href":"https:\/\/www.pro-evologia.ch\/index.php?rest_route=%2Fwp%2Fv2%2Fcomments&post=1618"}],"version-history":[{"count":1,"href":"https:\/\/www.pro-evologia.ch\/index.php?rest_route=\/wp\/v2\/pages\/1618\/revisions"}],"predecessor-version":[{"id":3470,"href":"https:\/\/www.pro-evologia.ch\/index.php?rest_route=\/wp\/v2\/pages\/1618\/revisions\/3470"}],"up":[{"embeddable":true,"href":"https:\/\/www.pro-evologia.ch\/index.php?rest_route=\/wp\/v2\/pages\/33"}],"wp:attachment":[{"href":"https:\/\/www.pro-evologia.ch\/index.php?rest_route=%2Fwp%2Fv2%2Fmedia&parent=1618"}],"curies":[{"name":"wp","href":"https:\/\/api.w.org\/{rel}","templated":true}]}}