{"id":1521,"date":"2017-06-19T09:35:58","date_gmt":"2017-06-19T07:35:58","guid":{"rendered":"http:\/\/www.pro-evologia.ch\/?page_id=1521"},"modified":"2022-04-12T16:04:20","modified_gmt":"2022-04-12T14:04:20","slug":"projet-pruneau-de-chezard","status":"publish","type":"page","link":"https:\/\/www.pro-evologia.ch\/?page_id=1521","title":{"rendered":"Projet Pruneau de Ch\u00e9zard"},"content":{"rendered":"<h2>But du projet<\/h2>\n<blockquote><p>Parmi les objectifs 2017 de Parc Chasseral, le th\u00e8me \u00ab&nbsp;Renouvellement des anciens vergers&nbsp;\u00bb est int\u00e9gr\u00e9 dans le projet \u00ab&nbsp;Franges urbaines&nbsp;\u00bb.<\/p><\/blockquote>\n<h3 class=\"page-h1\">Le pruneau de Ch\u00e9zard, vari\u00e9t\u00e9 fruiti\u00e8re de l\u2019ann\u00e9e 2013<\/h3>\n<p>La prune de Ch\u00e9zard, qui est en r\u00e9alit\u00e9 un pruneau, est \u00e9lu <strong>fruit de l\u2019ann\u00e9e 2013 par Fructus<\/strong>. L\u2019association pour la sauvegarde du patrimoine fruitier suisse a couronn\u00e9 la belle, hier, au verger de la famille Sandoz, \u00e0 Ch\u00e9zard. Le comble, c\u2019est que vu le printemps pourri, il n\u2019y avait pas de pruneaux sur les pruniers\u2026<\/p>\n<h2>M\u00e9dias<\/h2>\n<table style=\"width: 1033px;\">\n<tbody>\n<tr style=\"height: 24px;\">\n<td style=\"width: 163px; height: 24px;\"><strong>19 septembre 2017<\/strong><\/td>\n<td style=\"width: 96.8px; height: 24px;\"><strong>Canal Alpha<\/strong><\/td>\n<td style=\"width: 611.2px; height: 24px;\"><a href=\"http:\/\/www.canalalpha.ch\/actu\/que-serait-le-jeune-sans-les-pruneaux\/\" target=\"_blank\" rel=\"noopener\"><strong>Que serait le Je\u00fbne sans les pruneaux ?<\/strong><\/a><\/td>\n<\/tr>\n<tr style=\"height: 24px;\">\n<td style=\"width: 163px; height: 24px;\"><strong>18 septembre 2017<\/strong><\/td>\n<td style=\"width: 96.8px; height: 24px;\"><strong>RTS<\/strong><\/td>\n<td style=\"width: 611.2px; height: 24px;\"><a href=\"http:\/\/www.rts.ch\/play\/tv\/12h45\/video\/jeune-federal-la-tarte-aux-pruneaux-est-une-tradition-ancestrale?id=8927832\" target=\"_blank\" rel=\"noopener\"><strong>Je\u00fbne f\u00e9d\u00e9ral: la tarte aux pruneaux est une tradition ancestrale<\/strong><\/a><\/td>\n<\/tr>\n<tr style=\"height: 24px;\">\n<td style=\"width: 163px; height: 24px;\"><strong>17 septembre 2017<\/strong><\/td>\n<td style=\"width: 96.8px; height: 24px;\"><strong>Le Matin<\/strong><\/td>\n<td style=\"width: 611.2px; height: 24px;\"><strong><a href=\"https:\/\/www.pro-evologia.ch\/wp-content\/uploads\/2017\/09\/Matin-17sept2017.pdf\" target=\"_blank\" rel=\"noopener\">Les prunes ont rev\u00eatu leur manteau d&rsquo;automne<\/a><\/strong><\/td>\n<\/tr>\n<tr style=\"height: 24px;\">\n<td style=\"width: 163px; height: 24px;\"><strong>30 ao\u00fbt 2013<\/strong><\/td>\n<td style=\"width: 96.8px; height: 24px;\"><strong>Canal Alpha<\/strong><\/td>\n<td style=\"width: 611.2px; height: 24px;\"><a href=\"http:\/\/www.canalalpha.ch\/actu\/le-pruneau-de-chezard-variete-fruitiere-de-lannee-2013\/\" target=\"_blank\" rel=\"noopener\"><strong>Le pruneau de Ch\u00e9zard, vari\u00e9t\u00e9 fruiti\u00e8re de l\u2019ann\u00e9e 2013<\/strong><\/a><\/td>\n<\/tr>\n<\/tbody>\n<\/table>\n<h2>Documents<\/h2>\n<h4>Panneaux d&rsquo;exposition<\/h4>\n<p><a href=\"https:\/\/www.pro-evologia.ch\/wp-content\/uploads\/2017\/09\/Panneaux-pruneau.jpg\"><img loading=\"lazy\" decoding=\"async\" class=\"wp-image-1602 size-large alignnone\" src=\"https:\/\/www.pro-evologia.ch\/wp-content\/uploads\/2017\/09\/Panneaux-pruneau-1024x480.jpg\" alt=\"\" width=\"1024\" height=\"480\" srcset=\"https:\/\/www.pro-evologia.ch\/wp-content\/uploads\/2017\/09\/Panneaux-pruneau-1024x480.jpg 1024w, https:\/\/www.pro-evologia.ch\/wp-content\/uploads\/2017\/09\/Panneaux-pruneau-300x141.jpg 300w, https:\/\/www.pro-evologia.ch\/wp-content\/uploads\/2017\/09\/Panneaux-pruneau-768x360.jpg 768w, https:\/\/www.pro-evologia.ch\/wp-content\/uploads\/2017\/09\/Panneaux-pruneau-600x281.jpg 600w, https:\/\/www.pro-evologia.ch\/wp-content\/uploads\/2017\/09\/Panneaux-pruneau-1320x619.jpg 1320w\" sizes=\"auto, (max-width: 1024px) 100vw, 1024px\" \/><\/a><\/p>\n<h4>Document en format PDF<\/h4>\n<p><a href=\"https:\/\/www.pro-evologia.ch\/wp-content\/uploads\/2017\/09\/Panneaux-pruneau.pdf\"><strong>Panneaux-pruneau<\/strong><\/a><\/p>\n","protected":false},"excerpt":{"rendered":"<p>But du projet Parmi les objectifs 2017 de Parc Chasseral, le th\u00e8me \u00ab&nbsp;Renouvellement des anciens vergers&nbsp;\u00bb est int\u00e9gr\u00e9 dans le projet \u00ab&nbsp;Franges urbaines&nbsp;\u00bb. Le pruneau de Ch\u00e9zard, vari\u00e9t\u00e9 fruiti\u00e8re de l\u2019ann\u00e9e 2013 La prune de Ch\u00e9zard, qui est en r\u00e9alit\u00e9 un pruneau, est \u00e9lu fruit de l\u2019ann\u00e9e 2013 par Fructus. L\u2019association pour la sauvegarde du &#8230; <a title=\"Projet Pruneau de Ch\u00e9zard\" class=\"read-more\" href=\"https:\/\/www.pro-evologia.ch\/?page_id=1521\" aria-label=\"En savoir plus sur Projet Pruneau de Ch\u00e9zard\">Read more<\/a><\/p>\n","protected":false},"author":1,"featured_media":0,"parent":2000,"menu_order":2,"comment_status":"closed","ping_status":"closed","template":"","meta":{"ngg_post_thumbnail":0,"generate_page_header":"","footnotes":""},"class_list":["post-1521","page","type-page","status-publish"],"yoast_head":"<!-- This site is optimized with the Yoast SEO plugin v27.2 - https:\/\/yoast.com\/product\/yoast-seo-wordpress\/ -->\n<title>Projet Pruneau de Ch\u00e9zard &#8226; Association des amis d&#039;Evologia<\/title>\n<meta name=\"robots\" content=\"index, follow, max-snippet:-1, max-image-preview:large, max-video-preview:-1\" \/>\n<link rel=\"canonical\" href=\"http:\/\/www.pro-evologia.ch\/?page_id=1521\" \/>\n<meta property=\"og:locale\" content=\"fr_FR\" \/>\n<meta property=\"og:type\" content=\"article\" \/>\n<meta property=\"og:title\" content=\"Projet Pruneau de Ch\u00e9zard &#8226; Association des amis d&#039;Evologia\" \/>\n<meta property=\"og:description\" content=\"But du projet Parmi les objectifs 2017 de Parc Chasseral, le th\u00e8me \u00ab&nbsp;Renouvellement des anciens vergers&nbsp;\u00bb est int\u00e9gr\u00e9 dans le projet \u00ab&nbsp;Franges urbaines&nbsp;\u00bb. Le pruneau de Ch\u00e9zard, vari\u00e9t\u00e9 fruiti\u00e8re de l\u2019ann\u00e9e 2013 La prune de Ch\u00e9zard, qui est en r\u00e9alit\u00e9 un pruneau, est \u00e9lu fruit de l\u2019ann\u00e9e 2013 par Fructus. L\u2019association pour la sauvegarde du ... Read more\" \/>\n<meta property=\"og:url\" content=\"http:\/\/www.pro-evologia.ch\/?page_id=1521\" \/>\n<meta property=\"og:site_name\" content=\"Association des amis d&#039;Evologia\" \/>\n<meta property=\"article:publisher\" content=\"https:\/\/www.facebook.com\/proevologia\" \/>\n<meta property=\"article:modified_time\" content=\"2022-04-12T14:04:20+00:00\" \/>\n<meta property=\"og:image\" content=\"https:\/\/www.pro-evologia.ch\/wp-content\/uploads\/2017\/09\/Panneaux-pruneau-1024x480.jpg\" \/>\n<meta name=\"twitter:label1\" content=\"Dur\u00e9e de lecture estim\u00e9e\" \/>\n\t<meta name=\"twitter:data1\" content=\"1 minute\" \/>\n<script type=\"application\/ld+json\" class=\"yoast-schema-graph\">{\"@context\":\"https:\/\/schema.org\",\"@graph\":[{\"@type\":\"WebPage\",\"@id\":\"http:\/\/www.pro-evologia.ch\/?page_id=1521\",\"url\":\"http:\/\/www.pro-evologia.ch\/?page_id=1521\",\"name\":\"Projet Pruneau de Ch\u00e9zard &#8226; Association des amis d&#039;Evologia\",\"isPartOf\":{\"@id\":\"http:\/\/www.pro-evologia.ch\/#website\"},\"primaryImageOfPage\":{\"@id\":\"http:\/\/www.pro-evologia.ch\/?page_id=1521#primaryimage\"},\"image\":{\"@id\":\"http:\/\/www.pro-evologia.ch\/?page_id=1521#primaryimage\"},\"thumbnailUrl\":\"https:\/\/www.pro-evologia.ch\/wp-content\/uploads\/2017\/09\/Panneaux-pruneau-1024x480.jpg\",\"datePublished\":\"2017-06-19T07:35:58+00:00\",\"dateModified\":\"2022-04-12T14:04:20+00:00\",\"breadcrumb\":{\"@id\":\"http:\/\/www.pro-evologia.ch\/?page_id=1521#breadcrumb\"},\"inLanguage\":\"fr-FR\",\"potentialAction\":[{\"@type\":\"ReadAction\",\"target\":[\"http:\/\/www.pro-evologia.ch\/?page_id=1521\"]}]},{\"@type\":\"ImageObject\",\"inLanguage\":\"fr-FR\",\"@id\":\"http:\/\/www.pro-evologia.ch\/?page_id=1521#primaryimage\",\"url\":\"https:\/\/www.pro-evologia.ch\/wp-content\/uploads\/2017\/09\/Panneaux-pruneau.jpg\",\"contentUrl\":\"https:\/\/www.pro-evologia.ch\/wp-content\/uploads\/2017\/09\/Panneaux-pruneau.jpg\",\"width\":6227,\"height\":2920},{\"@type\":\"BreadcrumbList\",\"@id\":\"http:\/\/www.pro-evologia.ch\/?page_id=1521#breadcrumb\",\"itemListElement\":[{\"@type\":\"ListItem\",\"position\":1,\"name\":\"Accueil\",\"item\":\"http:\/\/www.pro-evologia.ch\/\"},{\"@type\":\"ListItem\",\"position\":2,\"name\":\"Nos projets\",\"item\":\"https:\/\/www.pro-evologia.ch\/?page_id=2000\"},{\"@type\":\"ListItem\",\"position\":3,\"name\":\"Projet Pruneau de Ch\u00e9zard\"}]},{\"@type\":\"WebSite\",\"@id\":\"http:\/\/www.pro-evologia.ch\/#website\",\"url\":\"http:\/\/www.pro-evologia.ch\/\",\"name\":\"Association des amis d&#039;Evologia\",\"description\":\"Pro Evologia est  une association \u00e0 but non lucratif qui soutient Evologia\",\"potentialAction\":[{\"@type\":\"SearchAction\",\"target\":{\"@type\":\"EntryPoint\",\"urlTemplate\":\"http:\/\/www.pro-evologia.ch\/?s={search_term_string}\"},\"query-input\":{\"@type\":\"PropertyValueSpecification\",\"valueRequired\":true,\"valueName\":\"search_term_string\"}}],\"inLanguage\":\"fr-FR\"}]}<\/script>\n<!-- \/ Yoast SEO plugin. -->","yoast_head_json":{"title":"Projet Pruneau de Ch\u00e9zard &#8226; Association des amis d&#039;Evologia","robots":{"index":"index","follow":"follow","max-snippet":"max-snippet:-1","max-image-preview":"max-image-preview:large","max-video-preview":"max-video-preview:-1"},"canonical":"http:\/\/www.pro-evologia.ch\/?page_id=1521","og_locale":"fr_FR","og_type":"article","og_title":"Projet Pruneau de Ch\u00e9zard &#8226; Association des amis d&#039;Evologia","og_description":"But du projet Parmi les objectifs 2017 de Parc Chasseral, le th\u00e8me \u00ab&nbsp;Renouvellement des anciens vergers&nbsp;\u00bb est int\u00e9gr\u00e9 dans le projet \u00ab&nbsp;Franges urbaines&nbsp;\u00bb. Le pruneau de Ch\u00e9zard, vari\u00e9t\u00e9 fruiti\u00e8re de l\u2019ann\u00e9e 2013 La prune de Ch\u00e9zard, qui est en r\u00e9alit\u00e9 un pruneau, est \u00e9lu fruit de l\u2019ann\u00e9e 2013 par Fructus. L\u2019association pour la sauvegarde du ... Read more","og_url":"http:\/\/www.pro-evologia.ch\/?page_id=1521","og_site_name":"Association des amis d&#039;Evologia","article_publisher":"https:\/\/www.facebook.com\/proevologia","article_modified_time":"2022-04-12T14:04:20+00:00","og_image":[{"url":"https:\/\/www.pro-evologia.ch\/wp-content\/uploads\/2017\/09\/Panneaux-pruneau-1024x480.jpg","type":"","width":"","height":""}],"twitter_misc":{"Dur\u00e9e de lecture estim\u00e9e":"1 minute"},"schema":{"@context":"https:\/\/schema.org","@graph":[{"@type":"WebPage","@id":"http:\/\/www.pro-evologia.ch\/?page_id=1521","url":"http:\/\/www.pro-evologia.ch\/?page_id=1521","name":"Projet Pruneau de Ch\u00e9zard &#8226; Association des amis d&#039;Evologia","isPartOf":{"@id":"http:\/\/www.pro-evologia.ch\/#website"},"primaryImageOfPage":{"@id":"http:\/\/www.pro-evologia.ch\/?page_id=1521#primaryimage"},"image":{"@id":"http:\/\/www.pro-evologia.ch\/?page_id=1521#primaryimage"},"thumbnailUrl":"https:\/\/www.pro-evologia.ch\/wp-content\/uploads\/2017\/09\/Panneaux-pruneau-1024x480.jpg","datePublished":"2017-06-19T07:35:58+00:00","dateModified":"2022-04-12T14:04:20+00:00","breadcrumb":{"@id":"http:\/\/www.pro-evologia.ch\/?page_id=1521#breadcrumb"},"inLanguage":"fr-FR","potentialAction":[{"@type":"ReadAction","target":["http:\/\/www.pro-evologia.ch\/?page_id=1521"]}]},{"@type":"ImageObject","inLanguage":"fr-FR","@id":"http:\/\/www.pro-evologia.ch\/?page_id=1521#primaryimage","url":"https:\/\/www.pro-evologia.ch\/wp-content\/uploads\/2017\/09\/Panneaux-pruneau.jpg","contentUrl":"https:\/\/www.pro-evologia.ch\/wp-content\/uploads\/2017\/09\/Panneaux-pruneau.jpg","width":6227,"height":2920},{"@type":"BreadcrumbList","@id":"http:\/\/www.pro-evologia.ch\/?page_id=1521#breadcrumb","itemListElement":[{"@type":"ListItem","position":1,"name":"Accueil","item":"http:\/\/www.pro-evologia.ch\/"},{"@type":"ListItem","position":2,"name":"Nos projets","item":"https:\/\/www.pro-evologia.ch\/?page_id=2000"},{"@type":"ListItem","position":3,"name":"Projet Pruneau de Ch\u00e9zard"}]},{"@type":"WebSite","@id":"http:\/\/www.pro-evologia.ch\/#website","url":"http:\/\/www.pro-evologia.ch\/","name":"Association des amis d&#039;Evologia","description":"Pro Evologia est  une association \u00e0 but non lucratif qui soutient Evologia","potentialAction":[{"@type":"SearchAction","target":{"@type":"EntryPoint","urlTemplate":"http:\/\/www.pro-evologia.ch\/?s={search_term_string}"},"query-input":{"@type":"PropertyValueSpecification","valueRequired":true,"valueName":"search_term_string"}}],"inLanguage":"fr-FR"}]}},"_links":{"self":[{"href":"https:\/\/www.pro-evologia.ch\/index.php?rest_route=\/wp\/v2\/pages\/1521","targetHints":{"allow":["GET"]}}],"collection":[{"href":"https:\/\/www.pro-evologia.ch\/index.php?rest_route=\/wp\/v2\/pages"}],"about":[{"href":"https:\/\/www.pro-evologia.ch\/index.php?rest_route=\/wp\/v2\/types\/page"}],"author":[{"embeddable":true,"href":"https:\/\/www.pro-evologia.ch\/index.php?rest_route=\/wp\/v2\/users\/1"}],"replies":[{"embeddable":true,"href":"https:\/\/www.pro-evologia.ch\/index.php?rest_route=%2Fwp%2Fv2%2Fcomments&post=1521"}],"version-history":[{"count":0,"href":"https:\/\/www.pro-evologia.ch\/index.php?rest_route=\/wp\/v2\/pages\/1521\/revisions"}],"up":[{"embeddable":true,"href":"https:\/\/www.pro-evologia.ch\/index.php?rest_route=\/wp\/v2\/pages\/2000"}],"wp:attachment":[{"href":"https:\/\/www.pro-evologia.ch\/index.php?rest_route=%2Fwp%2Fv2%2Fmedia&parent=1521"}],"curies":[{"name":"wp","href":"https:\/\/api.w.org\/{rel}","templated":true}]}}