{"id":1383,"date":"2016-12-23T12:05:52","date_gmt":"2016-12-23T11:05:52","guid":{"rendered":"http:\/\/www.pro-evologia.ch\/?page_id=1383"},"modified":"2022-04-12T16:01:11","modified_gmt":"2022-04-12T14:01:11","slug":"permaculture","status":"publish","type":"page","link":"https:\/\/www.pro-evologia.ch\/?page_id=1383","title":{"rendered":"Projet Permaculture"},"content":{"rendered":"<h2 style=\"text-align: center;\"><strong>La permaculture expliqu\u00e9e \u00e0 Cernier (NE)<\/strong><\/h2>\n<p>L\u2019ancien verger \u00e0 pommes d\u2019Evologia, \u00e0 Cernier (NE) r\u00e9ussit cette ann\u00e9e sa mue&nbsp;! La parcelle autrefois plant\u00e9e de diverses vari\u00e9t\u00e9s de pommiers se transforme en espace d\u2019explication de la permaculture aux nombreux visiteurs du site. L\u2019association Pro Evologia, qui pilote ce projet depuis 2017, entend montrer les diff\u00e9rentes interactions entre la Nature et l\u2019Homme, entre la flore et la faune sauvage et les cultures potag\u00e8res, entre l\u2019eau et la terre. Un ruisseau jalonn\u00e9 de quatre \u00e9tangs et agr\u00e9ment\u00e9 de diverses plantations sert de colonne vert\u00e9brale \u00e0 la visite. La parcelle \u00e9volue au fil des saisons. Les \u00e9coliers y trouvent un espace de d\u00e9couvertes au travers de diff\u00e9rents ateliers organis\u00e9s au printemps. Diff\u00e9rents panneaux compl\u00e8tent les aspects didactiques du projet.<\/p>\n<p>&nbsp;<\/p>\n<blockquote>\n<p>La <strong>permaculture<\/strong> est l\u2019occasion de revenir \u00e0 l\u2019action de se nourrir sans \u00ab&nbsp;endommager&nbsp;\u00bb l\u2019environnement et sans participer \u00e0 l\u2019\u00e9puisement des ressources naturelles et au changement climatique.<\/p>\n<p>Dans la permaculture, il n\u2019y a pas de surplus. On produit ce dont on a besoin en partageant avec les autres et avec la nature (quelques pommes restent sur l\u2019arbre pour les oiseaux). C\u2019est donc une mani\u00e8re de produire o\u00f9 les aspects qui touchent \u00e0 l\u2019\u00e9thique, au social, \u00e0 l\u2019approvisionnement et \u00e0 l\u2019environnement ont leurs places \u00e0 parts \u00e9gales. On oppose trop souvent production agricole et protection de l\u2019environnement. Dans la permaculture, \u00ab&nbsp;se nourrir&nbsp;\u00bb fait partie int\u00e9grante de \u00ab&nbsp;soigner la biodiversit\u00e9&nbsp;\u00bb.<\/p>\n<p>C\u2019est aussi une mani\u00e8re d\u2019envisager un futur possible dans un monde o\u00f9 on commence \u00e0 parler de crise du p\u00e9trole, de crise autour de l\u2019eau potable, de croissance d\u00e9mographique, de crise climatique &#8230;<\/p>\n<p>C\u2019est une recherche d\u2019ind\u00e9pendance avec l\u2019aide de la biodiversit\u00e9&nbsp;: en permaculture, on apprend \u00e0 produire ses propres semences, \u00e0 faire des greffes, \u00e0 faire avec les conditions du lieu dans lequel on est (vents, orientation, ensoleillement, sol \u2026). De plus, on multiplie les vari\u00e9t\u00e9s et les sortes. On ne va pas faire un verger de pommiers, mais un verger o\u00f9 les fruits se m\u00e9langent et o\u00f9 on y met des animaux, pour augmenter la diversification de ce qu\u2019on mange et en m\u00eame temps augmenter la r\u00e9sistance aux maladies et aux ravageurs. On met en valeur leurs interactions. La poule nous donne des \u0153ufs de la viande et des plumes, elle fertilise le sol, mange les \u0153ufs de limaces, produit de la chaleur dans le poulailler-serre et se nourrit des fruits malades qui tombent des arbres en les fertilisant par leurs d\u00e9jections.<\/p>\n<p>Danielle Rouiller, agricultrice \u00e0 Cernier<\/p>\n<\/blockquote>\n<p>D\u00e9finition de <strong><a href=\"https:\/\/fr.wikipedia.org\/wiki\/Permaculture\" target=\"_blank\" rel=\"noopener noreferrer\">Permaculture \u2014 Wikip\u00e9dia<\/a><\/strong><\/p>\n<p><a href=\"https:\/\/www.pro-evologia.ch\/wp-content\/uploads\/2019\/05\/Essence_of_Pc_FR.pdf\" target=\"_blank\" rel=\"noopener noreferrer\"><strong>Essence de la permaculture :&nbsp;<\/strong><\/a>Un r\u00e9sum\u00e9 des concepts et principes de la permaculture tir\u00e9s du livre Permaculture Principles &amp; Pathways Beyond Sustainability de David Holmgren<\/p>\n<p><a href=\"http:\/\/www.grab.fr\/wp-content\/uploads\/2016\/09\/GRAB-Intro-Permaculture-28-nov-2016.pdf\" target=\"_blank\" rel=\"noopener noreferrer\"><strong>Introduction \u00e0 la Permaculture<\/strong><\/a><\/p>\n<p><strong><a href=\"https:\/\/www.pro-evologia.ch\/wp-content\/uploads\/2017\/04\/Modele_manuel_educatif_permaculture_verger_Cernier.pdf\" target=\"_blank\" rel=\"noopener noreferrer\">Manuel de la permaculture au verger d&rsquo;Evologia \u00e0 Cernier<\/a>&nbsp;<\/strong>Auteur :<strong> Katalina Landaeta \u00a9 2019<\/strong><\/p>\n<h2 class=\"editor-rich-text__editable block-editor-rich-text__editable\" role=\"textbox\" aria-multiline=\"true\" data-is-placeholder-visible=\"false\" aria-label=\"R\u00e9digez un titre\u2026\" aria-autocomplete=\"list\" contenteditable=\"true\"><strong>Vue g\u00e9n\u00e9rale de la parcelle de permaculture<\/strong><\/h2>\n\n\n<div class=\"wp-block-image\"><figure class=\"aligncenter\"><img loading=\"lazy\" decoding=\"async\" width=\"724\" height=\"1024\" src=\"https:\/\/www.pro-evologia.ch\/wp-content\/uploads\/2019\/09\/Evolution-permaculture-724x1024.png\" alt=\"\" class=\"wp-image-2277\" srcset=\"https:\/\/www.pro-evologia.ch\/wp-content\/uploads\/2019\/09\/Evolution-permaculture-724x1024.png 724w, https:\/\/www.pro-evologia.ch\/wp-content\/uploads\/2019\/09\/Evolution-permaculture-212x300.png 212w, https:\/\/www.pro-evologia.ch\/wp-content\/uploads\/2019\/09\/Evolution-permaculture-768x1087.png 768w, https:\/\/www.pro-evologia.ch\/wp-content\/uploads\/2019\/09\/Evolution-permaculture.png 800w\" sizes=\"auto, (max-width: 724px) 100vw, 724px\" \/><\/figure><\/div>\n\n\n<p>En plus un petit abris est construit pr\u00e8s de l&rsquo;entr\u00e9e et sert de station d&rsquo;entrep\u00f4t de l\u00e9gumes cueillis sur le site et mis \u00e0 disposition du public. Une petite cagnotte y est install\u00e9e.<\/p>","protected":false},"excerpt":{"rendered":"<p>La permaculture expliqu\u00e9e \u00e0 Cernier (NE) L\u2019ancien verger \u00e0 pommes d\u2019Evologia, \u00e0 Cernier (NE) r\u00e9ussit cette ann\u00e9e sa mue&nbsp;! La parcelle autrefois plant\u00e9e de diverses vari\u00e9t\u00e9s de pommiers se transforme en espace d\u2019explication de la permaculture aux nombreux visiteurs du site. L\u2019association Pro Evologia, qui pilote ce projet depuis 2017, entend montrer les diff\u00e9rentes interactions &#8230; <a title=\"Projet Permaculture\" class=\"read-more\" href=\"https:\/\/www.pro-evologia.ch\/?page_id=1383\" aria-label=\"En savoir plus sur Projet Permaculture\">Read more<\/a><\/p>\n","protected":false},"author":1,"featured_media":0,"parent":2000,"menu_order":1,"comment_status":"closed","ping_status":"closed","template":"","meta":{"ngg_post_thumbnail":0,"generate_page_header":"","footnotes":""},"class_list":["post-1383","page","type-page","status-publish"],"yoast_head":"<!-- This site is optimized with the Yoast SEO plugin v27.4 - https:\/\/yoast.com\/product\/yoast-seo-wordpress\/ -->\n<title>Projet Permaculture &#8226; Association des amis d&#039;Evologia<\/title>\n<meta name=\"robots\" content=\"index, follow, max-snippet:-1, max-image-preview:large, max-video-preview:-1\" \/>\n<link rel=\"canonical\" href=\"https:\/\/www.pro-evologia.ch\/?page_id=1383\" \/>\n<meta property=\"og:locale\" content=\"fr_FR\" \/>\n<meta property=\"og:type\" content=\"article\" \/>\n<meta property=\"og:title\" content=\"Projet Permaculture &#8226; Association des amis d&#039;Evologia\" \/>\n<meta property=\"og:description\" content=\"La permaculture expliqu\u00e9e \u00e0 Cernier (NE) L\u2019ancien verger \u00e0 pommes d\u2019Evologia, \u00e0 Cernier (NE) r\u00e9ussit cette ann\u00e9e sa mue&nbsp;! La parcelle autrefois plant\u00e9e de diverses vari\u00e9t\u00e9s de pommiers se transforme en espace d\u2019explication de la permaculture aux nombreux visiteurs du site. L\u2019association Pro Evologia, qui pilote ce projet depuis 2017, entend montrer les diff\u00e9rentes interactions ... Read more\" \/>\n<meta property=\"og:url\" content=\"https:\/\/www.pro-evologia.ch\/?page_id=1383\" \/>\n<meta property=\"og:site_name\" content=\"Association des amis d&#039;Evologia\" \/>\n<meta property=\"article:publisher\" content=\"https:\/\/www.facebook.com\/proevologia\" \/>\n<meta property=\"article:modified_time\" content=\"2022-04-12T14:01:11+00:00\" \/>\n<meta property=\"og:image\" content=\"https:\/\/www.pro-evologia.ch\/wp-content\/uploads\/2019\/09\/Evolution-permaculture-724x1024.png\" \/>\n<meta name=\"twitter:label1\" content=\"Dur\u00e9e de lecture estim\u00e9e\" \/>\n\t<meta name=\"twitter:data1\" content=\"3 minutes\" \/>\n<script type=\"application\/ld+json\" class=\"yoast-schema-graph\">{\"@context\":\"https:\\\/\\\/schema.org\",\"@graph\":[{\"@type\":\"WebPage\",\"@id\":\"https:\\\/\\\/www.pro-evologia.ch\\\/?page_id=1383\",\"url\":\"https:\\\/\\\/www.pro-evologia.ch\\\/?page_id=1383\",\"name\":\"Projet Permaculture &#8226; Association des amis d&#039;Evologia\",\"isPartOf\":{\"@id\":\"https:\\\/\\\/www.pro-evologia.ch\\\/#website\"},\"primaryImageOfPage\":{\"@id\":\"https:\\\/\\\/www.pro-evologia.ch\\\/?page_id=1383#primaryimage\"},\"image\":{\"@id\":\"https:\\\/\\\/www.pro-evologia.ch\\\/?page_id=1383#primaryimage\"},\"thumbnailUrl\":\"https:\\\/\\\/www.pro-evologia.ch\\\/wp-content\\\/uploads\\\/2019\\\/09\\\/Evolution-permaculture-724x1024.png\",\"datePublished\":\"2016-12-23T11:05:52+00:00\",\"dateModified\":\"2022-04-12T14:01:11+00:00\",\"breadcrumb\":{\"@id\":\"https:\\\/\\\/www.pro-evologia.ch\\\/?page_id=1383#breadcrumb\"},\"inLanguage\":\"fr-FR\",\"potentialAction\":[{\"@type\":\"ReadAction\",\"target\":[\"https:\\\/\\\/www.pro-evologia.ch\\\/?page_id=1383\"]}]},{\"@type\":\"ImageObject\",\"inLanguage\":\"fr-FR\",\"@id\":\"https:\\\/\\\/www.pro-evologia.ch\\\/?page_id=1383#primaryimage\",\"url\":\"https:\\\/\\\/www.pro-evologia.ch\\\/wp-content\\\/uploads\\\/2019\\\/09\\\/Evolution-permaculture.png\",\"contentUrl\":\"https:\\\/\\\/www.pro-evologia.ch\\\/wp-content\\\/uploads\\\/2019\\\/09\\\/Evolution-permaculture.png\",\"width\":800,\"height\":1132},{\"@type\":\"BreadcrumbList\",\"@id\":\"https:\\\/\\\/www.pro-evologia.ch\\\/?page_id=1383#breadcrumb\",\"itemListElement\":[{\"@type\":\"ListItem\",\"position\":1,\"name\":\"Accueil\",\"item\":\"https:\\\/\\\/www.pro-evologia.ch\\\/\"},{\"@type\":\"ListItem\",\"position\":2,\"name\":\"Nos projets\",\"item\":\"https:\\\/\\\/www.pro-evologia.ch\\\/?page_id=2000\"},{\"@type\":\"ListItem\",\"position\":3,\"name\":\"Projet Permaculture\"}]},{\"@type\":\"WebSite\",\"@id\":\"https:\\\/\\\/www.pro-evologia.ch\\\/#website\",\"url\":\"https:\\\/\\\/www.pro-evologia.ch\\\/\",\"name\":\"Association des amis d&#039;Evologia\",\"description\":\"Pro Evologia est  une association \u00e0 but non lucratif qui soutient Evologia\",\"potentialAction\":[{\"@type\":\"SearchAction\",\"target\":{\"@type\":\"EntryPoint\",\"urlTemplate\":\"https:\\\/\\\/www.pro-evologia.ch\\\/?s={search_term_string}\"},\"query-input\":{\"@type\":\"PropertyValueSpecification\",\"valueRequired\":true,\"valueName\":\"search_term_string\"}}],\"inLanguage\":\"fr-FR\"}]}<\/script>\n<!-- \/ Yoast SEO plugin. -->","yoast_head_json":{"title":"Projet Permaculture &#8226; Association des amis d&#039;Evologia","robots":{"index":"index","follow":"follow","max-snippet":"max-snippet:-1","max-image-preview":"max-image-preview:large","max-video-preview":"max-video-preview:-1"},"canonical":"https:\/\/www.pro-evologia.ch\/?page_id=1383","og_locale":"fr_FR","og_type":"article","og_title":"Projet Permaculture &#8226; Association des amis d&#039;Evologia","og_description":"La permaculture expliqu\u00e9e \u00e0 Cernier (NE) L\u2019ancien verger \u00e0 pommes d\u2019Evologia, \u00e0 Cernier (NE) r\u00e9ussit cette ann\u00e9e sa mue&nbsp;! La parcelle autrefois plant\u00e9e de diverses vari\u00e9t\u00e9s de pommiers se transforme en espace d\u2019explication de la permaculture aux nombreux visiteurs du site. L\u2019association Pro Evologia, qui pilote ce projet depuis 2017, entend montrer les diff\u00e9rentes interactions ... Read more","og_url":"https:\/\/www.pro-evologia.ch\/?page_id=1383","og_site_name":"Association des amis d&#039;Evologia","article_publisher":"https:\/\/www.facebook.com\/proevologia","article_modified_time":"2022-04-12T14:01:11+00:00","og_image":[{"url":"https:\/\/www.pro-evologia.ch\/wp-content\/uploads\/2019\/09\/Evolution-permaculture-724x1024.png","type":"","width":"","height":""}],"twitter_misc":{"Dur\u00e9e de lecture estim\u00e9e":"3 minutes"},"schema":{"@context":"https:\/\/schema.org","@graph":[{"@type":"WebPage","@id":"https:\/\/www.pro-evologia.ch\/?page_id=1383","url":"https:\/\/www.pro-evologia.ch\/?page_id=1383","name":"Projet Permaculture &#8226; Association des amis d&#039;Evologia","isPartOf":{"@id":"https:\/\/www.pro-evologia.ch\/#website"},"primaryImageOfPage":{"@id":"https:\/\/www.pro-evologia.ch\/?page_id=1383#primaryimage"},"image":{"@id":"https:\/\/www.pro-evologia.ch\/?page_id=1383#primaryimage"},"thumbnailUrl":"https:\/\/www.pro-evologia.ch\/wp-content\/uploads\/2019\/09\/Evolution-permaculture-724x1024.png","datePublished":"2016-12-23T11:05:52+00:00","dateModified":"2022-04-12T14:01:11+00:00","breadcrumb":{"@id":"https:\/\/www.pro-evologia.ch\/?page_id=1383#breadcrumb"},"inLanguage":"fr-FR","potentialAction":[{"@type":"ReadAction","target":["https:\/\/www.pro-evologia.ch\/?page_id=1383"]}]},{"@type":"ImageObject","inLanguage":"fr-FR","@id":"https:\/\/www.pro-evologia.ch\/?page_id=1383#primaryimage","url":"https:\/\/www.pro-evologia.ch\/wp-content\/uploads\/2019\/09\/Evolution-permaculture.png","contentUrl":"https:\/\/www.pro-evologia.ch\/wp-content\/uploads\/2019\/09\/Evolution-permaculture.png","width":800,"height":1132},{"@type":"BreadcrumbList","@id":"https:\/\/www.pro-evologia.ch\/?page_id=1383#breadcrumb","itemListElement":[{"@type":"ListItem","position":1,"name":"Accueil","item":"https:\/\/www.pro-evologia.ch\/"},{"@type":"ListItem","position":2,"name":"Nos projets","item":"https:\/\/www.pro-evologia.ch\/?page_id=2000"},{"@type":"ListItem","position":3,"name":"Projet Permaculture"}]},{"@type":"WebSite","@id":"https:\/\/www.pro-evologia.ch\/#website","url":"https:\/\/www.pro-evologia.ch\/","name":"Association des amis d&#039;Evologia","description":"Pro Evologia est  une association \u00e0 but non lucratif qui soutient Evologia","potentialAction":[{"@type":"SearchAction","target":{"@type":"EntryPoint","urlTemplate":"https:\/\/www.pro-evologia.ch\/?s={search_term_string}"},"query-input":{"@type":"PropertyValueSpecification","valueRequired":true,"valueName":"search_term_string"}}],"inLanguage":"fr-FR"}]}},"_links":{"self":[{"href":"https:\/\/www.pro-evologia.ch\/index.php?rest_route=\/wp\/v2\/pages\/1383","targetHints":{"allow":["GET"]}}],"collection":[{"href":"https:\/\/www.pro-evologia.ch\/index.php?rest_route=\/wp\/v2\/pages"}],"about":[{"href":"https:\/\/www.pro-evologia.ch\/index.php?rest_route=\/wp\/v2\/types\/page"}],"author":[{"embeddable":true,"href":"https:\/\/www.pro-evologia.ch\/index.php?rest_route=\/wp\/v2\/users\/1"}],"replies":[{"embeddable":true,"href":"https:\/\/www.pro-evologia.ch\/index.php?rest_route=%2Fwp%2Fv2%2Fcomments&post=1383"}],"version-history":[{"count":0,"href":"https:\/\/www.pro-evologia.ch\/index.php?rest_route=\/wp\/v2\/pages\/1383\/revisions"}],"up":[{"embeddable":true,"href":"https:\/\/www.pro-evologia.ch\/index.php?rest_route=\/wp\/v2\/pages\/2000"}],"wp:attachment":[{"href":"https:\/\/www.pro-evologia.ch\/index.php?rest_route=%2Fwp%2Fv2%2Fmedia&parent=1383"}],"curies":[{"name":"wp","href":"https:\/\/api.w.org\/{rel}","templated":true}]}}