{"id":1329,"date":"2016-08-11T15:03:45","date_gmt":"2016-08-11T13:03:45","guid":{"rendered":"http:\/\/www.pro-evologia.ch\/?page_id=1329"},"modified":"2025-07-16T20:14:31","modified_gmt":"2025-07-16T18:14:31","slug":"medias","status":"publish","type":"page","link":"https:\/\/www.pro-evologia.ch\/?page_id=1329","title":{"rendered":"M\u00e9dias"},"content":{"rendered":"<p>RTS &#8211; 16 juillet 2025 <a href=\"https:\/\/www.rts.ch\/play\/tv\/-\/video\/-?urn=urn:rts:video:54ea0fba-2465-34d6-b4de-919c3afa529a\" target=\"_blank\" rel=\"noopener\"><strong>Couleurs d&rsquo;\u00e9t\u00e9 \u00e0 Evologia<\/strong><\/a><\/p>\n<p>Arc Info &#8211; 3 avril 2025 <a href=\"http:\/\/www.pro-evologia.ch\/wp-content\/uploads\/2025\/04\/JOURNAL-DIGITAL-ArcInfo.pdf\" target=\"_blank\" rel=\"noopener noreferrer\"><strong>Des personnes en r\u00e9insertion cr\u00e9ent un safari<\/strong><\/a><\/p>\n<p>Canal Alpha &#8211; Publi\u00e9 le 16 septembre 2019 90 Secondes \u2013 <strong><a href=\"http:\/\/www.canalalpha.ch\/emissions\/90secondes\/90-secondes-cest-de-la-tarte-made-in-chezard\/\" target=\"_blank\" rel=\"noopener noreferrer\">C\u2019est de la tarte made in Ch\u00e9zard<\/a><\/strong><\/p>\n<p>Canal Alpha &#8211; Publi\u00e9 le 8 juillet 2019&nbsp;<a href=\"http:\/\/www.canalalpha.ch\/actu\/un-programme-estival-bien-charge-pour-evologia\/\" target=\"_blank\" rel=\"noopener noreferrer\"><strong>Un programme estival bien charg\u00e9 pour Evologia<\/strong><\/a><\/p>\n<p>RTN &#8211; 5 juillet 2019 <strong><a href=\"https:\/\/www.rtn.ch\/rtn\/Actualite\/Region\/20190705-Faune-et-permaculture-a-Evologia.html#\" target=\"_blank\" rel=\"noopener noreferrer\">Faune et permaculture \u00e0 Evologia<\/a><\/strong><\/p>\n<p>VdR Info &#8211; n\u00b0&nbsp;194 I 4 juillet 2019 &#8211;&nbsp;<strong><a href=\"https:\/\/www.pro-evologia.ch\/wp-content\/uploads\/2019\/07\/vdr-info-194.pdf\" target=\"_blank\" rel=\"noopener noreferrer\">Un \u00e9t\u00e9 pour se d\u00e9chausser \u00e0 Evologia<\/a><\/strong><\/p>\n<p>Arc Info &#8211; 27 ao\u00fbt 2018 <a href=\"https:\/\/www.pro-evologia.ch\/wp-content\/uploads\/2018\/08\/FLT-2018.pdf\" target=\"_blank\" rel=\"noopener noreferrer\"><strong>F\u00eate la terre entre pluie et soleil \u00e0 Cernier<\/strong><\/a><\/p>\n<p>Arc Info &#8211; Juillet 2018 <strong><a href=\"https:\/\/www.pro-evologia.ch\/wp-content\/uploads\/2018\/07\/Evologia-2018.pdf\" target=\"_blank\" rel=\"noopener noreferrer\">Evologia en un coup d&rsquo;oeil: tous les ateliers, balades, expositions \u00e0 faire \u00e0 Cernier <\/a><\/strong><\/p>\n<p>RTS &#8211; Juillet 2018 &#8211;&nbsp; <a href=\"https:\/\/www.rts.ch\/play\/tv\/couleurs-locales\/video\/ne--couleurs-dete-a-evologia-a-cernier?id=9711625\" target=\"_blank\" rel=\"noopener noreferrer\"><strong>NE : Couleurs d\u2019\u00e9t\u00e9 \u00e0 Evologia \u00e0 Cernie<\/strong>r<\/a><\/p>\n<p>Pro Evologia &#8211; Janvier 2017 &#8211; <a href=\"https:\/\/www.pro-evologia.ch\/?attachment_id=1419\" target=\"_blank\" rel=\"noopener noreferrer\"><strong>Diaporama du verger et du site d&rsquo;Evologia sous la neige<\/strong><\/a><\/p>\n<p>FR3 Franche Comt\u00e9 &#8211; Publi\u00e9 le 27 juillet 2016 &#8211; <a href=\"http:\/\/france3-regions.francetvinfo.fr\/franche-comte\/suisse-la-decouverte-du-parc-evologia-1054405.html\" target=\"_blank\" rel=\"noopener noreferrer\"><strong>Suisse : \u00e0 la d\u00e9couverte du parc Evologia<\/strong><\/a><\/p>\n<p>Canal Alpha &#8211; Publi\u00e9 le 6 mai 2016 &#8211; <a href=\"http:\/\/www.canalalpha.ch\/actu\/un-nouveau-refuge-didactique-pour-les-lapins\/\" target=\"_blank\" rel=\"noopener noreferrer\"><strong>Un nouveau refuge didactique pour les lapins<\/strong><\/a><\/p>\n<p>Canal Alpha &#8211; Publi\u00e9 le 11 septembre 2015 &#8211; <a href=\"http:\/\/www.canalalpha.ch\/actu\/plus-venimeux-que-ca-tu-meurs\/\" target=\"_blank\" rel=\"noopener noreferrer\"><strong>Plus venimeux que \u00e7a, tu meurs<\/strong><\/a><\/p>\n","protected":false},"excerpt":{"rendered":"<p>RTS &#8211; 16 juillet 2025 Couleurs d&rsquo;\u00e9t\u00e9 \u00e0 Evologia Arc Info &#8211; 3 avril 2025 Des personnes en r\u00e9insertion cr\u00e9ent un safari Canal Alpha &#8211; Publi\u00e9 le 16 septembre 2019 90 Secondes \u2013 C\u2019est de la tarte made in Ch\u00e9zard Canal Alpha &#8211; Publi\u00e9 le 8 juillet 2019&nbsp;Un programme estival bien charg\u00e9 pour Evologia RTN &#8230; <a title=\"M\u00e9dias\" class=\"read-more\" href=\"https:\/\/www.pro-evologia.ch\/?page_id=1329\" aria-label=\"En savoir plus sur M\u00e9dias\">Read more<\/a><\/p>\n","protected":false},"author":1,"featured_media":0,"parent":0,"menu_order":4,"comment_status":"closed","ping_status":"closed","template":"","meta":{"ngg_post_thumbnail":0,"generate_page_header":"","footnotes":""},"class_list":["post-1329","page","type-page","status-publish"],"yoast_head":"<!-- This site is optimized with the Yoast SEO plugin v27.4 - https:\/\/yoast.com\/product\/yoast-seo-wordpress\/ -->\n<title>M\u00e9dias &#8226; Association des amis d&#039;Evologia<\/title>\n<meta name=\"robots\" content=\"index, follow, max-snippet:-1, max-image-preview:large, max-video-preview:-1\" \/>\n<link rel=\"canonical\" href=\"https:\/\/www.pro-evologia.ch\/?page_id=1329\" \/>\n<meta property=\"og:locale\" content=\"fr_FR\" \/>\n<meta property=\"og:type\" content=\"article\" \/>\n<meta property=\"og:title\" content=\"M\u00e9dias &#8226; Association des amis d&#039;Evologia\" \/>\n<meta property=\"og:description\" content=\"RTS &#8211; 16 juillet 2025 Couleurs d&rsquo;\u00e9t\u00e9 \u00e0 Evologia Arc Info &#8211; 3 avril 2025 Des personnes en r\u00e9insertion cr\u00e9ent un safari Canal Alpha &#8211; Publi\u00e9 le 16 septembre 2019 90 Secondes \u2013 C\u2019est de la tarte made in Ch\u00e9zard Canal Alpha &#8211; Publi\u00e9 le 8 juillet 2019&nbsp;Un programme estival bien charg\u00e9 pour Evologia RTN ... Read more\" \/>\n<meta property=\"og:url\" content=\"https:\/\/www.pro-evologia.ch\/?page_id=1329\" \/>\n<meta property=\"og:site_name\" content=\"Association des amis d&#039;Evologia\" \/>\n<meta property=\"article:publisher\" content=\"https:\/\/www.facebook.com\/proevologia\" \/>\n<meta property=\"article:modified_time\" content=\"2025-07-16T18:14:31+00:00\" \/>\n<meta property=\"og:image\" content=\"https:\/\/www.pro-evologia.ch\/wp-content\/uploads\/2015\/01\/Entete.jpg\" \/>\n\t<meta property=\"og:image:width\" content=\"640\" \/>\n\t<meta property=\"og:image:height\" content=\"167\" \/>\n\t<meta property=\"og:image:type\" content=\"image\/jpeg\" \/>\n<meta name=\"twitter:label1\" content=\"Dur\u00e9e de lecture estim\u00e9e\" \/>\n\t<meta name=\"twitter:data1\" content=\"1 minute\" \/>\n<script type=\"application\/ld+json\" class=\"yoast-schema-graph\">{\"@context\":\"https:\\\/\\\/schema.org\",\"@graph\":[{\"@type\":\"WebPage\",\"@id\":\"https:\\\/\\\/www.pro-evologia.ch\\\/?page_id=1329\",\"url\":\"https:\\\/\\\/www.pro-evologia.ch\\\/?page_id=1329\",\"name\":\"M\u00e9dias &#8226; Association des amis d&#039;Evologia\",\"isPartOf\":{\"@id\":\"https:\\\/\\\/www.pro-evologia.ch\\\/#website\"},\"datePublished\":\"2016-08-11T13:03:45+00:00\",\"dateModified\":\"2025-07-16T18:14:31+00:00\",\"breadcrumb\":{\"@id\":\"https:\\\/\\\/www.pro-evologia.ch\\\/?page_id=1329#breadcrumb\"},\"inLanguage\":\"fr-FR\",\"potentialAction\":[{\"@type\":\"ReadAction\",\"target\":[\"https:\\\/\\\/www.pro-evologia.ch\\\/?page_id=1329\"]}]},{\"@type\":\"BreadcrumbList\",\"@id\":\"https:\\\/\\\/www.pro-evologia.ch\\\/?page_id=1329#breadcrumb\",\"itemListElement\":[{\"@type\":\"ListItem\",\"position\":1,\"name\":\"Accueil\",\"item\":\"https:\\\/\\\/www.pro-evologia.ch\\\/\"},{\"@type\":\"ListItem\",\"position\":2,\"name\":\"M\u00e9dias\"}]},{\"@type\":\"WebSite\",\"@id\":\"https:\\\/\\\/www.pro-evologia.ch\\\/#website\",\"url\":\"https:\\\/\\\/www.pro-evologia.ch\\\/\",\"name\":\"Association des amis d&#039;Evologia\",\"description\":\"Pro Evologia est  une association \u00e0 but non lucratif qui soutient Evologia\",\"potentialAction\":[{\"@type\":\"SearchAction\",\"target\":{\"@type\":\"EntryPoint\",\"urlTemplate\":\"https:\\\/\\\/www.pro-evologia.ch\\\/?s={search_term_string}\"},\"query-input\":{\"@type\":\"PropertyValueSpecification\",\"valueRequired\":true,\"valueName\":\"search_term_string\"}}],\"inLanguage\":\"fr-FR\"}]}<\/script>\n<!-- \/ Yoast SEO plugin. -->","yoast_head_json":{"title":"M\u00e9dias &#8226; Association des amis d&#039;Evologia","robots":{"index":"index","follow":"follow","max-snippet":"max-snippet:-1","max-image-preview":"max-image-preview:large","max-video-preview":"max-video-preview:-1"},"canonical":"https:\/\/www.pro-evologia.ch\/?page_id=1329","og_locale":"fr_FR","og_type":"article","og_title":"M\u00e9dias &#8226; Association des amis d&#039;Evologia","og_description":"RTS &#8211; 16 juillet 2025 Couleurs d&rsquo;\u00e9t\u00e9 \u00e0 Evologia Arc Info &#8211; 3 avril 2025 Des personnes en r\u00e9insertion cr\u00e9ent un safari Canal Alpha &#8211; Publi\u00e9 le 16 septembre 2019 90 Secondes \u2013 C\u2019est de la tarte made in Ch\u00e9zard Canal Alpha &#8211; Publi\u00e9 le 8 juillet 2019&nbsp;Un programme estival bien charg\u00e9 pour Evologia RTN ... Read more","og_url":"https:\/\/www.pro-evologia.ch\/?page_id=1329","og_site_name":"Association des amis d&#039;Evologia","article_publisher":"https:\/\/www.facebook.com\/proevologia","article_modified_time":"2025-07-16T18:14:31+00:00","og_image":[{"width":640,"height":167,"url":"https:\/\/www.pro-evologia.ch\/wp-content\/uploads\/2015\/01\/Entete.jpg","type":"image\/jpeg"}],"twitter_misc":{"Dur\u00e9e de lecture estim\u00e9e":"1 minute"},"schema":{"@context":"https:\/\/schema.org","@graph":[{"@type":"WebPage","@id":"https:\/\/www.pro-evologia.ch\/?page_id=1329","url":"https:\/\/www.pro-evologia.ch\/?page_id=1329","name":"M\u00e9dias &#8226; Association des amis d&#039;Evologia","isPartOf":{"@id":"https:\/\/www.pro-evologia.ch\/#website"},"datePublished":"2016-08-11T13:03:45+00:00","dateModified":"2025-07-16T18:14:31+00:00","breadcrumb":{"@id":"https:\/\/www.pro-evologia.ch\/?page_id=1329#breadcrumb"},"inLanguage":"fr-FR","potentialAction":[{"@type":"ReadAction","target":["https:\/\/www.pro-evologia.ch\/?page_id=1329"]}]},{"@type":"BreadcrumbList","@id":"https:\/\/www.pro-evologia.ch\/?page_id=1329#breadcrumb","itemListElement":[{"@type":"ListItem","position":1,"name":"Accueil","item":"https:\/\/www.pro-evologia.ch\/"},{"@type":"ListItem","position":2,"name":"M\u00e9dias"}]},{"@type":"WebSite","@id":"https:\/\/www.pro-evologia.ch\/#website","url":"https:\/\/www.pro-evologia.ch\/","name":"Association des amis d&#039;Evologia","description":"Pro Evologia est  une association \u00e0 but non lucratif qui soutient Evologia","potentialAction":[{"@type":"SearchAction","target":{"@type":"EntryPoint","urlTemplate":"https:\/\/www.pro-evologia.ch\/?s={search_term_string}"},"query-input":{"@type":"PropertyValueSpecification","valueRequired":true,"valueName":"search_term_string"}}],"inLanguage":"fr-FR"}]}},"_links":{"self":[{"href":"https:\/\/www.pro-evologia.ch\/index.php?rest_route=\/wp\/v2\/pages\/1329","targetHints":{"allow":["GET"]}}],"collection":[{"href":"https:\/\/www.pro-evologia.ch\/index.php?rest_route=\/wp\/v2\/pages"}],"about":[{"href":"https:\/\/www.pro-evologia.ch\/index.php?rest_route=\/wp\/v2\/types\/page"}],"author":[{"embeddable":true,"href":"https:\/\/www.pro-evologia.ch\/index.php?rest_route=\/wp\/v2\/users\/1"}],"replies":[{"embeddable":true,"href":"https:\/\/www.pro-evologia.ch\/index.php?rest_route=%2Fwp%2Fv2%2Fcomments&post=1329"}],"version-history":[{"count":11,"href":"https:\/\/www.pro-evologia.ch\/index.php?rest_route=\/wp\/v2\/pages\/1329\/revisions"}],"predecessor-version":[{"id":3447,"href":"https:\/\/www.pro-evologia.ch\/index.php?rest_route=\/wp\/v2\/pages\/1329\/revisions\/3447"}],"wp:attachment":[{"href":"https:\/\/www.pro-evologia.ch\/index.php?rest_route=%2Fwp%2Fv2%2Fmedia&parent=1329"}],"curies":[{"name":"wp","href":"https:\/\/api.w.org\/{rel}","templated":true}]}}