{"id":1310,"date":"2016-07-05T15:55:52","date_gmt":"2016-07-05T13:55:52","guid":{"rendered":"http:\/\/www.pro-evologia.ch\/?page_id=1310"},"modified":"2017-06-16T10:23:22","modified_gmt":"2017-06-16T08:23:22","slug":"exposition-cloches-dici-dailleurs","status":"publish","type":"page","link":"https:\/\/www.pro-evologia.ch\/?page_id=1310","title":{"rendered":"Exposition \u00ab\u00a0Cloches d\u2019ici et d\u2019ailleurs\u00a0\u00bb"},"content":{"rendered":"<p>L\u2019origine des cloches se perd dans la nuit des temps et des anciennes civilisations. On sait qu\u2019en l\u2019an 2&rsquo;261 avant J\u00e9sus Christ, un empereur chinois fit fondre cinq cloches de bronze.<br \/>\nElles sont donc universellement connues, elles ont jou\u00e9, et jouent encore, toutes sortes de r\u00f4les sur toute la plan\u00e8te: chasser les mauvais esprits, appeler les fid\u00e8les aux c\u00e9r\u00e9monies religieuses, ponctuer le temps, retrouver le b\u00e9tail, r\u00e9clamer le silence dans les assembl\u00e9es\u2026<br \/>\nEn 1966, <strong>Raymond Blondeau<\/strong> reprit la fonderie de La Chaux-de-Fonds. Au cours du temps, il collectionna de nombreuses cloches, notamment lors de ses voyages, le plus souvent par \u00e9change de cloches de sa production contre celles qu\u2019il voulait acqu\u00e9rir. La collection compl\u00e8te comprend pr\u00e8s de 400 cloches de toutes sortes. Cloches pour le b\u00e9tail, cloches d\u2019\u00e9l\u00e9phants, de buffles, cloches indiquant le dernier tour du stade pour les athl\u00e8tes des Jeux olympiques, cloches bijoux, cloches de c\u00e9r\u00e9monies. Les cloches expos\u00e9es peuvent \u00eatre de mati\u00e8res fort diff\u00e9rentes : bronze, t\u00f4le, bois, c\u00e9ramique, alb\u00e2tre, verre, bambou, noix de coco\u2026<br \/>\nLa fonderie a \u00e9t\u00e9 reprise par <strong>Serge Huguenin<\/strong>, gendre de Raymond Blondeau. Ainsi, lors des Jeux olympiques de cet \u00e9t\u00e9 \u00e0 Rio de Janeiro, la cloche indiquant le dernier tour de piste aura toujours des accents chaux-de-fonniers.<\/p>\n<p>Enfin, Raymond Blondeau sera pr\u00e9sent tous les mercredis apr\u00e8s-midi du 6 juillet au 24 ao\u00fbt 2016 pour pr\u00e9senter les cloches expos\u00e9es qui poss\u00e8dent toutes une histoire particuli\u00e8re.<br \/>\n<em>Premi\u00e8re visite: 14h \u00e0 15h<\/em><br \/>\n<em> Deuxi\u00e8me visite: de 15h \u00e0 16h<\/em><\/p>\n<h3><a href=\"https:\/\/www.pro-evologia.ch\/wp-content\/uploads\/2016\/07\/Cahier-expos-2016-final.pdf\">Cahier de l&rsquo;exposition \u00ab\u00a0Cloches d\u2019ici et d\u2019ailleurs\u00a0\u00bb<\/a><\/h3>\n","protected":false},"excerpt":{"rendered":"<p>L\u2019origine des cloches se perd dans la nuit des temps et des anciennes civilisations. On sait qu\u2019en l\u2019an 2&rsquo;261 avant J\u00e9sus Christ, un empereur chinois fit fondre cinq cloches de bronze. Elles sont donc universellement connues, elles ont jou\u00e9, et jouent encore, toutes sortes de r\u00f4les sur toute la plan\u00e8te: chasser les mauvais esprits, appeler &#8230; <a title=\"Exposition \u00ab\u00a0Cloches d\u2019ici et d\u2019ailleurs\u00a0\u00bb\" class=\"read-more\" href=\"https:\/\/www.pro-evologia.ch\/?page_id=1310\" aria-label=\"En savoir plus sur Exposition \u00ab\u00a0Cloches d\u2019ici et d\u2019ailleurs\u00a0\u00bb\">Read more<\/a><\/p>\n","protected":false},"author":1,"featured_media":0,"parent":1339,"menu_order":1,"comment_status":"closed","ping_status":"closed","template":"","meta":{"ngg_post_thumbnail":0,"generate_page_header":"","footnotes":""},"class_list":["post-1310","page","type-page","status-publish"],"yoast_head":"<!-- This site is optimized with the Yoast SEO plugin v27.5 - https:\/\/yoast.com\/product\/yoast-seo-wordpress\/ -->\n<title>Exposition &quot;Cloches d\u2019ici et d\u2019ailleurs&quot; &#8226; Association des amis d&#039;Evologia<\/title>\n<meta name=\"robots\" content=\"index, follow, max-snippet:-1, max-image-preview:large, max-video-preview:-1\" \/>\n<link rel=\"canonical\" href=\"https:\/\/www.pro-evologia.ch\/?page_id=1310\" \/>\n<meta property=\"og:locale\" content=\"fr_FR\" \/>\n<meta property=\"og:type\" content=\"article\" \/>\n<meta property=\"og:title\" content=\"Exposition &quot;Cloches d\u2019ici et d\u2019ailleurs&quot; &#8226; Association des amis d&#039;Evologia\" \/>\n<meta property=\"og:description\" content=\"L\u2019origine des cloches se perd dans la nuit des temps et des anciennes civilisations. On sait qu\u2019en l\u2019an 2&rsquo;261 avant J\u00e9sus Christ, un empereur chinois fit fondre cinq cloches de bronze. Elles sont donc universellement connues, elles ont jou\u00e9, et jouent encore, toutes sortes de r\u00f4les sur toute la plan\u00e8te: chasser les mauvais esprits, appeler ... Read more\" \/>\n<meta property=\"og:url\" content=\"https:\/\/www.pro-evologia.ch\/?page_id=1310\" \/>\n<meta property=\"og:site_name\" content=\"Association des amis d&#039;Evologia\" \/>\n<meta property=\"article:publisher\" content=\"https:\/\/www.facebook.com\/proevologia\" \/>\n<meta property=\"article:modified_time\" content=\"2017-06-16T08:23:22+00:00\" \/>\n<meta property=\"og:image\" content=\"https:\/\/www.pro-evologia.ch\/wp-content\/uploads\/2015\/01\/Entete.jpg\" \/>\n\t<meta property=\"og:image:width\" content=\"640\" \/>\n\t<meta property=\"og:image:height\" content=\"167\" \/>\n\t<meta property=\"og:image:type\" content=\"image\/jpeg\" \/>\n<meta name=\"twitter:label1\" content=\"Dur\u00e9e de lecture estim\u00e9e\" \/>\n\t<meta name=\"twitter:data1\" content=\"1 minute\" \/>\n<script type=\"application\/ld+json\" class=\"yoast-schema-graph\">{\"@context\":\"https:\\\/\\\/schema.org\",\"@graph\":[{\"@type\":\"WebPage\",\"@id\":\"https:\\\/\\\/www.pro-evologia.ch\\\/?page_id=1310\",\"url\":\"https:\\\/\\\/www.pro-evologia.ch\\\/?page_id=1310\",\"name\":\"Exposition \\\"Cloches d\u2019ici et d\u2019ailleurs\\\" &#8226; Association des amis d&#039;Evologia\",\"isPartOf\":{\"@id\":\"https:\\\/\\\/www.pro-evologia.ch\\\/#website\"},\"datePublished\":\"2016-07-05T13:55:52+00:00\",\"dateModified\":\"2017-06-16T08:23:22+00:00\",\"breadcrumb\":{\"@id\":\"https:\\\/\\\/www.pro-evologia.ch\\\/?page_id=1310#breadcrumb\"},\"inLanguage\":\"fr-FR\",\"potentialAction\":[{\"@type\":\"ReadAction\",\"target\":[\"https:\\\/\\\/www.pro-evologia.ch\\\/?page_id=1310\"]}]},{\"@type\":\"BreadcrumbList\",\"@id\":\"https:\\\/\\\/www.pro-evologia.ch\\\/?page_id=1310#breadcrumb\",\"itemListElement\":[{\"@type\":\"ListItem\",\"position\":1,\"name\":\"Accueil\",\"item\":\"https:\\\/\\\/www.pro-evologia.ch\\\/\"},{\"@type\":\"ListItem\",\"position\":2,\"name\":\"L&rsquo;Association\",\"item\":\"https:\\\/\\\/www.pro-evologia.ch\\\/?page_id=33\"},{\"@type\":\"ListItem\",\"position\":3,\"name\":\"Archives 2016\",\"item\":\"http:\\\/\\\/www.pro-evologia.ch\\\/?page_id=1339\"},{\"@type\":\"ListItem\",\"position\":4,\"name\":\"Exposition \u00ab\u00a0Cloches d\u2019ici et d\u2019ailleurs\u00a0\u00bb\"}]},{\"@type\":\"WebSite\",\"@id\":\"https:\\\/\\\/www.pro-evologia.ch\\\/#website\",\"url\":\"https:\\\/\\\/www.pro-evologia.ch\\\/\",\"name\":\"Association des amis d&#039;Evologia\",\"description\":\"Pro Evologia est  une association \u00e0 but non lucratif qui soutient Evologia\",\"potentialAction\":[{\"@type\":\"SearchAction\",\"target\":{\"@type\":\"EntryPoint\",\"urlTemplate\":\"https:\\\/\\\/www.pro-evologia.ch\\\/?s={search_term_string}\"},\"query-input\":{\"@type\":\"PropertyValueSpecification\",\"valueRequired\":true,\"valueName\":\"search_term_string\"}}],\"inLanguage\":\"fr-FR\"}]}<\/script>\n<!-- \/ Yoast SEO plugin. -->","yoast_head_json":{"title":"Exposition \"Cloches d\u2019ici et d\u2019ailleurs\" &#8226; Association des amis d&#039;Evologia","robots":{"index":"index","follow":"follow","max-snippet":"max-snippet:-1","max-image-preview":"max-image-preview:large","max-video-preview":"max-video-preview:-1"},"canonical":"https:\/\/www.pro-evologia.ch\/?page_id=1310","og_locale":"fr_FR","og_type":"article","og_title":"Exposition \"Cloches d\u2019ici et d\u2019ailleurs\" &#8226; Association des amis d&#039;Evologia","og_description":"L\u2019origine des cloches se perd dans la nuit des temps et des anciennes civilisations. On sait qu\u2019en l\u2019an 2&rsquo;261 avant J\u00e9sus Christ, un empereur chinois fit fondre cinq cloches de bronze. Elles sont donc universellement connues, elles ont jou\u00e9, et jouent encore, toutes sortes de r\u00f4les sur toute la plan\u00e8te: chasser les mauvais esprits, appeler ... Read more","og_url":"https:\/\/www.pro-evologia.ch\/?page_id=1310","og_site_name":"Association des amis d&#039;Evologia","article_publisher":"https:\/\/www.facebook.com\/proevologia","article_modified_time":"2017-06-16T08:23:22+00:00","og_image":[{"width":640,"height":167,"url":"https:\/\/www.pro-evologia.ch\/wp-content\/uploads\/2015\/01\/Entete.jpg","type":"image\/jpeg"}],"twitter_misc":{"Dur\u00e9e de lecture estim\u00e9e":"1 minute"},"schema":{"@context":"https:\/\/schema.org","@graph":[{"@type":"WebPage","@id":"https:\/\/www.pro-evologia.ch\/?page_id=1310","url":"https:\/\/www.pro-evologia.ch\/?page_id=1310","name":"Exposition \"Cloches d\u2019ici et d\u2019ailleurs\" &#8226; Association des amis d&#039;Evologia","isPartOf":{"@id":"https:\/\/www.pro-evologia.ch\/#website"},"datePublished":"2016-07-05T13:55:52+00:00","dateModified":"2017-06-16T08:23:22+00:00","breadcrumb":{"@id":"https:\/\/www.pro-evologia.ch\/?page_id=1310#breadcrumb"},"inLanguage":"fr-FR","potentialAction":[{"@type":"ReadAction","target":["https:\/\/www.pro-evologia.ch\/?page_id=1310"]}]},{"@type":"BreadcrumbList","@id":"https:\/\/www.pro-evologia.ch\/?page_id=1310#breadcrumb","itemListElement":[{"@type":"ListItem","position":1,"name":"Accueil","item":"https:\/\/www.pro-evologia.ch\/"},{"@type":"ListItem","position":2,"name":"L&rsquo;Association","item":"https:\/\/www.pro-evologia.ch\/?page_id=33"},{"@type":"ListItem","position":3,"name":"Archives 2016","item":"http:\/\/www.pro-evologia.ch\/?page_id=1339"},{"@type":"ListItem","position":4,"name":"Exposition \u00ab\u00a0Cloches d\u2019ici et d\u2019ailleurs\u00a0\u00bb"}]},{"@type":"WebSite","@id":"https:\/\/www.pro-evologia.ch\/#website","url":"https:\/\/www.pro-evologia.ch\/","name":"Association des amis d&#039;Evologia","description":"Pro Evologia est  une association \u00e0 but non lucratif qui soutient Evologia","potentialAction":[{"@type":"SearchAction","target":{"@type":"EntryPoint","urlTemplate":"https:\/\/www.pro-evologia.ch\/?s={search_term_string}"},"query-input":{"@type":"PropertyValueSpecification","valueRequired":true,"valueName":"search_term_string"}}],"inLanguage":"fr-FR"}]}},"_links":{"self":[{"href":"https:\/\/www.pro-evologia.ch\/index.php?rest_route=\/wp\/v2\/pages\/1310","targetHints":{"allow":["GET"]}}],"collection":[{"href":"https:\/\/www.pro-evologia.ch\/index.php?rest_route=\/wp\/v2\/pages"}],"about":[{"href":"https:\/\/www.pro-evologia.ch\/index.php?rest_route=\/wp\/v2\/types\/page"}],"author":[{"embeddable":true,"href":"https:\/\/www.pro-evologia.ch\/index.php?rest_route=\/wp\/v2\/users\/1"}],"replies":[{"embeddable":true,"href":"https:\/\/www.pro-evologia.ch\/index.php?rest_route=%2Fwp%2Fv2%2Fcomments&post=1310"}],"version-history":[{"count":0,"href":"https:\/\/www.pro-evologia.ch\/index.php?rest_route=\/wp\/v2\/pages\/1310\/revisions"}],"up":[{"embeddable":true,"href":"https:\/\/www.pro-evologia.ch\/index.php?rest_route=\/wp\/v2\/pages\/1339"}],"wp:attachment":[{"href":"https:\/\/www.pro-evologia.ch\/index.php?rest_route=%2Fwp%2Fv2%2Fmedia&parent=1310"}],"curies":[{"name":"wp","href":"https:\/\/api.w.org\/{rel}","templated":true}]}}