{"id":1147,"date":"2015-09-30T15:14:47","date_gmt":"2015-09-30T13:14:47","guid":{"rendered":"http:\/\/www.pro-evologia.ch\/?page_id=1147"},"modified":"2026-01-22T17:34:47","modified_gmt":"2026-01-22T16:34:47","slug":"archives-2015","status":"publish","type":"page","link":"https:\/\/www.pro-evologia.ch\/?page_id=1147","title":{"rendered":"Archives 2015"},"content":{"rendered":"<p><strong>R\u00e9trospective 2015 :<br \/>\n<\/strong><\/p>\n<p><strong><a href=\"https:\/\/www.pro-evologia.ch\/wp-content\/uploads\/2015\/11\/Pro-Evologia-Retrospective-ETE-2015.pdf\">Pro-Evologia-Retrospective-ETE-2015<\/a><\/strong><\/p>\n<p><strong>Pages : <\/strong><\/p>\n<p><strong><a href=\"https:\/\/www.pro-evologia.ch\/?page_id=60\" target=\"_blank\" rel=\"noopener\">Exposition EcoR\u00e9seau &amp; Paysages au Val-de-Ruz<\/a><\/strong><\/p>\n<p><strong><a href=\"https:\/\/www.pro-evologia.ch\/?page_id=1019\" target=\"_blank\" rel=\"noopener\">Estivage 2015<\/a><\/strong><\/p>\n<h2>Fin de saison 2015<\/h2>\n<p>Pour que les visiteurs de du petit parc animalier d\u2019Evologia ne pensent pas que canards et&nbsp;moutons leur ont pos\u00e9 un lapin&#8230; qu&rsquo;ils n&rsquo;attrapent pas la chair de poule en faisant le pied de grue devant des enclos vides&#8230; bref que l&rsquo;estivage 2015 ne se termine pas&nbsp;en queue de poisson !<\/p>\n<p><a href=\"https:\/\/www.pro-evologia.ch\/wp-content\/uploads\/2015\/10\/Estivage-Evologia.jpg\"><img loading=\"lazy\" decoding=\"async\" class=\"size-medium wp-image-1162 alignnone\" src=\"https:\/\/www.pro-evologia.ch\/wp-content\/uploads\/2015\/10\/Estivage-Evologia-300x225.jpg\" alt=\"Estivage Evologia\" width=\"300\" height=\"225\" srcset=\"https:\/\/www.pro-evologia.ch\/wp-content\/uploads\/2015\/10\/Estivage-Evologia-300x225.jpg 300w, https:\/\/www.pro-evologia.ch\/wp-content\/uploads\/2015\/10\/Estivage-Evologia-1024x768.jpg 1024w\" sizes=\"auto, (max-width: 300px) 100vw, 300px\" \/><\/a><\/p>\n<p>Dimanche matin&nbsp;1er novembre, nous offrons du th\u00e9 \u00e0 la cannelle aux visiteurs, en les invitant \u00e0 venir avec un g\u00e2teau ou une autre g\u00e2terie \u00e0 partager. Ce moment de convivialit\u00e9 permettrait aux habitu\u00e9s de l&rsquo;endroit de prendre cong\u00e9 des bestioles&#8230; en attendant leur retour au printemps prochain&#8230;<\/p>\n<p><a href=\"https:\/\/www.pro-evologia.ch\/wp-content\/uploads\/2015\/10\/Estivage2015Fin.pdf\"><img loading=\"lazy\" decoding=\"async\" class=\"wp-image-802 alignnone\" src=\"https:\/\/www.pro-evologia.ch\/wp-content\/uploads\/2015\/05\/PDF-Logo.jpg\" alt=\"PDF-Logo\" width=\"50\" height=\"50\"> <\/a><a href=\"https:\/\/www.pro-evologia.ch\/wp-content\/uploads\/2015\/10\/Estivage2015Fin.pdf\"><strong>Invitation pour la fin de l&rsquo;estivage 2015<\/strong><br \/>\n<\/a><\/p>\n<p>Le comit\u00e9 Pro Evologia<\/p>\n<h4><a href=\"https:\/\/www.pro-evologia.ch\/wp-content\/uploads\/2015\/05\/Programme-manifestations-2015.pdf\" target=\"_blank\" rel=\"noopener\"><img loading=\"lazy\" decoding=\"async\" class=\"alignnone wp-image-802\" src=\"https:\/\/www.pro-evologia.ch\/wp-content\/uploads\/2015\/05\/PDF-Logo.jpg\" alt=\"PDF-Logo\" width=\"50\" height=\"50\"><\/a><strong><a href=\"https:\/\/www.pro-evologia.ch\/wp-content\/uploads\/2015\/08\/Programme-manifestations-2015.pdf\"> Programme-manifestations-2015<\/a><\/strong><\/h4>\n<h4><a href=\"https:\/\/www.pro-evologia.ch\/wp-content\/uploads\/2015\/05\/Programme-manifestations-2015.pdf\" target=\"_blank\" rel=\"noopener\"><img loading=\"lazy\" decoding=\"async\" class=\"alignnone wp-image-802\" src=\"https:\/\/www.pro-evologia.ch\/wp-content\/uploads\/2015\/05\/PDF-Logo.jpg\" alt=\"PDF-Logo\" width=\"50\" height=\"50\"><\/a> <strong><a href=\"https:\/\/www.pro-evologia.ch\/wp-content\/uploads\/2015\/06\/Evologia-Programme-2015.pdf\" target=\"_blank\" rel=\"noopener\">Evologia &#8211; Programme 2015 &#8211; Brochure \u00ab\u00a0Un \u00e9t\u00e9 \u00e0 Cernier\u00a0\u00bb &#8211; 46 Moctets<\/a><\/strong><\/h4>\n","protected":false},"excerpt":{"rendered":"<p>R\u00e9trospective 2015 : Pro-Evologia-Retrospective-ETE-2015 Pages : Exposition EcoR\u00e9seau &amp; Paysages au Val-de-Ruz Estivage 2015 Fin de saison 2015 Pour que les visiteurs de du petit parc animalier d\u2019Evologia ne pensent pas que canards et&nbsp;moutons leur ont pos\u00e9 un lapin&#8230; qu&rsquo;ils n&rsquo;attrapent pas la chair de poule en faisant le pied de grue devant des enclos &#8230; <a title=\"Archives 2015\" class=\"read-more\" href=\"https:\/\/www.pro-evologia.ch\/?page_id=1147\" aria-label=\"En savoir plus sur Archives 2015\">Read more<\/a><\/p>\n","protected":false},"author":1,"featured_media":0,"parent":33,"menu_order":14,"comment_status":"closed","ping_status":"closed","template":"","meta":{"ngg_post_thumbnail":0,"generate_page_header":"","footnotes":""},"class_list":["post-1147","page","type-page","status-publish"],"yoast_head":"<!-- This site is optimized with the Yoast SEO plugin v27.2 - https:\/\/yoast.com\/product\/yoast-seo-wordpress\/ -->\n<title>Archives 2015 &#8226; Association des amis d&#039;Evologia<\/title>\n<meta name=\"robots\" content=\"index, follow, max-snippet:-1, max-image-preview:large, max-video-preview:-1\" \/>\n<link rel=\"canonical\" href=\"https:\/\/www.pro-evologia.ch\/?page_id=1147\" \/>\n<meta property=\"og:locale\" content=\"fr_FR\" \/>\n<meta property=\"og:type\" content=\"article\" \/>\n<meta property=\"og:title\" content=\"Archives 2015 &#8226; Association des amis d&#039;Evologia\" \/>\n<meta property=\"og:description\" content=\"R\u00e9trospective 2015 : Pro-Evologia-Retrospective-ETE-2015 Pages : Exposition EcoR\u00e9seau &amp; Paysages au Val-de-Ruz Estivage 2015 Fin de saison 2015 Pour que les visiteurs de du petit parc animalier d\u2019Evologia ne pensent pas que canards et&nbsp;moutons leur ont pos\u00e9 un lapin&#8230; qu&rsquo;ils n&rsquo;attrapent pas la chair de poule en faisant le pied de grue devant des enclos ... Read more\" \/>\n<meta property=\"og:url\" content=\"https:\/\/www.pro-evologia.ch\/?page_id=1147\" \/>\n<meta property=\"og:site_name\" content=\"Association des amis d&#039;Evologia\" \/>\n<meta property=\"article:publisher\" content=\"https:\/\/www.facebook.com\/proevologia\" \/>\n<meta property=\"article:modified_time\" content=\"2026-01-22T16:34:47+00:00\" \/>\n<meta property=\"og:image\" content=\"https:\/\/www.pro-evologia.ch\/wp-content\/uploads\/2015\/10\/Estivage-Evologia-300x225.jpg\" \/>\n<meta name=\"twitter:label1\" content=\"Dur\u00e9e de lecture estim\u00e9e\" \/>\n\t<meta name=\"twitter:data1\" content=\"2 minutes\" \/>\n<script type=\"application\/ld+json\" class=\"yoast-schema-graph\">{\"@context\":\"https:\/\/schema.org\",\"@graph\":[{\"@type\":\"WebPage\",\"@id\":\"https:\/\/www.pro-evologia.ch\/?page_id=1147\",\"url\":\"https:\/\/www.pro-evologia.ch\/?page_id=1147\",\"name\":\"Archives 2015 &#8226; Association des amis d&#039;Evologia\",\"isPartOf\":{\"@id\":\"https:\/\/www.pro-evologia.ch\/#website\"},\"primaryImageOfPage\":{\"@id\":\"https:\/\/www.pro-evologia.ch\/?page_id=1147#primaryimage\"},\"image\":{\"@id\":\"https:\/\/www.pro-evologia.ch\/?page_id=1147#primaryimage\"},\"thumbnailUrl\":\"https:\/\/www.pro-evologia.ch\/wp-content\/uploads\/2015\/10\/Estivage-Evologia-300x225.jpg\",\"datePublished\":\"2015-09-30T13:14:47+00:00\",\"dateModified\":\"2026-01-22T16:34:47+00:00\",\"breadcrumb\":{\"@id\":\"https:\/\/www.pro-evologia.ch\/?page_id=1147#breadcrumb\"},\"inLanguage\":\"fr-FR\",\"potentialAction\":[{\"@type\":\"ReadAction\",\"target\":[\"https:\/\/www.pro-evologia.ch\/?page_id=1147\"]}]},{\"@type\":\"ImageObject\",\"inLanguage\":\"fr-FR\",\"@id\":\"https:\/\/www.pro-evologia.ch\/?page_id=1147#primaryimage\",\"url\":\"https:\/\/www.pro-evologia.ch\/wp-content\/uploads\/2015\/10\/Estivage-Evologia.jpg\",\"contentUrl\":\"https:\/\/www.pro-evologia.ch\/wp-content\/uploads\/2015\/10\/Estivage-Evologia.jpg\",\"width\":3264,\"height\":2448},{\"@type\":\"BreadcrumbList\",\"@id\":\"https:\/\/www.pro-evologia.ch\/?page_id=1147#breadcrumb\",\"itemListElement\":[{\"@type\":\"ListItem\",\"position\":1,\"name\":\"Accueil\",\"item\":\"https:\/\/www.pro-evologia.ch\/\"},{\"@type\":\"ListItem\",\"position\":2,\"name\":\"L&rsquo;Association\",\"item\":\"https:\/\/www.pro-evologia.ch\/?page_id=33\"},{\"@type\":\"ListItem\",\"position\":3,\"name\":\"Archives 2015\"}]},{\"@type\":\"WebSite\",\"@id\":\"https:\/\/www.pro-evologia.ch\/#website\",\"url\":\"https:\/\/www.pro-evologia.ch\/\",\"name\":\"Association des amis d&#039;Evologia\",\"description\":\"Pro Evologia est  une association \u00e0 but non lucratif qui soutient Evologia\",\"potentialAction\":[{\"@type\":\"SearchAction\",\"target\":{\"@type\":\"EntryPoint\",\"urlTemplate\":\"https:\/\/www.pro-evologia.ch\/?s={search_term_string}\"},\"query-input\":{\"@type\":\"PropertyValueSpecification\",\"valueRequired\":true,\"valueName\":\"search_term_string\"}}],\"inLanguage\":\"fr-FR\"}]}<\/script>\n<!-- \/ Yoast SEO plugin. -->","yoast_head_json":{"title":"Archives 2015 &#8226; Association des amis d&#039;Evologia","robots":{"index":"index","follow":"follow","max-snippet":"max-snippet:-1","max-image-preview":"max-image-preview:large","max-video-preview":"max-video-preview:-1"},"canonical":"https:\/\/www.pro-evologia.ch\/?page_id=1147","og_locale":"fr_FR","og_type":"article","og_title":"Archives 2015 &#8226; Association des amis d&#039;Evologia","og_description":"R\u00e9trospective 2015 : Pro-Evologia-Retrospective-ETE-2015 Pages : Exposition EcoR\u00e9seau &amp; Paysages au Val-de-Ruz Estivage 2015 Fin de saison 2015 Pour que les visiteurs de du petit parc animalier d\u2019Evologia ne pensent pas que canards et&nbsp;moutons leur ont pos\u00e9 un lapin&#8230; qu&rsquo;ils n&rsquo;attrapent pas la chair de poule en faisant le pied de grue devant des enclos ... Read more","og_url":"https:\/\/www.pro-evologia.ch\/?page_id=1147","og_site_name":"Association des amis d&#039;Evologia","article_publisher":"https:\/\/www.facebook.com\/proevologia","article_modified_time":"2026-01-22T16:34:47+00:00","og_image":[{"url":"https:\/\/www.pro-evologia.ch\/wp-content\/uploads\/2015\/10\/Estivage-Evologia-300x225.jpg","type":"","width":"","height":""}],"twitter_misc":{"Dur\u00e9e de lecture estim\u00e9e":"2 minutes"},"schema":{"@context":"https:\/\/schema.org","@graph":[{"@type":"WebPage","@id":"https:\/\/www.pro-evologia.ch\/?page_id=1147","url":"https:\/\/www.pro-evologia.ch\/?page_id=1147","name":"Archives 2015 &#8226; Association des amis d&#039;Evologia","isPartOf":{"@id":"https:\/\/www.pro-evologia.ch\/#website"},"primaryImageOfPage":{"@id":"https:\/\/www.pro-evologia.ch\/?page_id=1147#primaryimage"},"image":{"@id":"https:\/\/www.pro-evologia.ch\/?page_id=1147#primaryimage"},"thumbnailUrl":"https:\/\/www.pro-evologia.ch\/wp-content\/uploads\/2015\/10\/Estivage-Evologia-300x225.jpg","datePublished":"2015-09-30T13:14:47+00:00","dateModified":"2026-01-22T16:34:47+00:00","breadcrumb":{"@id":"https:\/\/www.pro-evologia.ch\/?page_id=1147#breadcrumb"},"inLanguage":"fr-FR","potentialAction":[{"@type":"ReadAction","target":["https:\/\/www.pro-evologia.ch\/?page_id=1147"]}]},{"@type":"ImageObject","inLanguage":"fr-FR","@id":"https:\/\/www.pro-evologia.ch\/?page_id=1147#primaryimage","url":"https:\/\/www.pro-evologia.ch\/wp-content\/uploads\/2015\/10\/Estivage-Evologia.jpg","contentUrl":"https:\/\/www.pro-evologia.ch\/wp-content\/uploads\/2015\/10\/Estivage-Evologia.jpg","width":3264,"height":2448},{"@type":"BreadcrumbList","@id":"https:\/\/www.pro-evologia.ch\/?page_id=1147#breadcrumb","itemListElement":[{"@type":"ListItem","position":1,"name":"Accueil","item":"https:\/\/www.pro-evologia.ch\/"},{"@type":"ListItem","position":2,"name":"L&rsquo;Association","item":"https:\/\/www.pro-evologia.ch\/?page_id=33"},{"@type":"ListItem","position":3,"name":"Archives 2015"}]},{"@type":"WebSite","@id":"https:\/\/www.pro-evologia.ch\/#website","url":"https:\/\/www.pro-evologia.ch\/","name":"Association des amis d&#039;Evologia","description":"Pro Evologia est  une association \u00e0 but non lucratif qui soutient Evologia","potentialAction":[{"@type":"SearchAction","target":{"@type":"EntryPoint","urlTemplate":"https:\/\/www.pro-evologia.ch\/?s={search_term_string}"},"query-input":{"@type":"PropertyValueSpecification","valueRequired":true,"valueName":"search_term_string"}}],"inLanguage":"fr-FR"}]}},"_links":{"self":[{"href":"https:\/\/www.pro-evologia.ch\/index.php?rest_route=\/wp\/v2\/pages\/1147","targetHints":{"allow":["GET"]}}],"collection":[{"href":"https:\/\/www.pro-evologia.ch\/index.php?rest_route=\/wp\/v2\/pages"}],"about":[{"href":"https:\/\/www.pro-evologia.ch\/index.php?rest_route=\/wp\/v2\/types\/page"}],"author":[{"embeddable":true,"href":"https:\/\/www.pro-evologia.ch\/index.php?rest_route=\/wp\/v2\/users\/1"}],"replies":[{"embeddable":true,"href":"https:\/\/www.pro-evologia.ch\/index.php?rest_route=%2Fwp%2Fv2%2Fcomments&post=1147"}],"version-history":[{"count":1,"href":"https:\/\/www.pro-evologia.ch\/index.php?rest_route=\/wp\/v2\/pages\/1147\/revisions"}],"predecessor-version":[{"id":3466,"href":"https:\/\/www.pro-evologia.ch\/index.php?rest_route=\/wp\/v2\/pages\/1147\/revisions\/3466"}],"up":[{"embeddable":true,"href":"https:\/\/www.pro-evologia.ch\/index.php?rest_route=\/wp\/v2\/pages\/33"}],"wp:attachment":[{"href":"https:\/\/www.pro-evologia.ch\/index.php?rest_route=%2Fwp%2Fv2%2Fmedia&parent=1147"}],"curies":[{"name":"wp","href":"https:\/\/api.w.org\/{rel}","templated":true}]}}