{"id":1086,"date":"2015-08-13T08:21:46","date_gmt":"2015-08-13T06:21:46","guid":{"rendered":"http:\/\/www.pro-evologia.ch\/?page_id=1086"},"modified":"2015-08-13T09:27:08","modified_gmt":"2015-08-13T07:27:08","slug":"animations-2015","status":"publish","type":"page","link":"https:\/\/www.pro-evologia.ch\/?page_id=1086","title":{"rendered":"Animations vid\u00e9os de l&rsquo;Exposition 2015"},"content":{"rendered":"<h3><\/h3>\n<h3><strong>1.\u00a0 Le Film \u00ab\u00a0Ecor\u00e9seaux et qualit\u00e9 du paysage au Val-de-Ruz\u00a0\u00bb<\/strong> <em>(dur\u00e9e 17&rsquo;40)<\/em><\/h3>\n<p><a href=\"https:\/\/www.pro-evologia.ch\/wp-content\/uploads\/2015\/08\/Film-Ecoreseau-VdR.jpg\"><img loading=\"lazy\" decoding=\"async\" class=\"alignnone size-medium wp-image-1101\" src=\"https:\/\/www.pro-evologia.ch\/wp-content\/uploads\/2015\/08\/Film-Ecoreseau-VdR-300x167.jpg\" alt=\"Film-Ecoreseau-VdR\" width=\"300\" height=\"167\" srcset=\"https:\/\/www.pro-evologia.ch\/wp-content\/uploads\/2015\/08\/Film-Ecoreseau-VdR-300x167.jpg 300w, https:\/\/www.pro-evologia.ch\/wp-content\/uploads\/2015\/08\/Film-Ecoreseau-VdR.jpg 665w\" sizes=\"auto, (max-width: 300px) 100vw, 300px\" \/><\/a><\/p>\n<div style=\"width: 1200px;\" class=\"wp-video\"><video class=\"wp-video-shortcode\" id=\"video-1086-1\" width=\"1200\" height=\"675\" preload=\"metadata\" controls=\"controls\"><source type=\"video\/mp4\" src=\"https:\/\/www.pro-evologia.ch\/wp-content\/uploads\/2015\/08\/eco_reso_film.mp4?_=1\" \/><a href=\"https:\/\/www.pro-evologia.ch\/wp-content\/uploads\/2015\/08\/eco_reso_film.mp4\">https:\/\/www.pro-evologia.ch\/wp-content\/uploads\/2015\/08\/eco_reso_film.mp4<\/a><\/video><\/div>\n<p>&nbsp;<\/p>\n<p>&nbsp;<\/p>\n<h3><strong>2.\u00a0 Diaporama \u00ab\u00a0Paysages des 4 saisons au Val-de-Ruz\u00a0\u00bb<\/strong> <em>(dur\u00e9e 9&rsquo;43)<\/em><\/h3>\n<p><a href=\"https:\/\/www.pro-evologia.ch\/wp-content\/uploads\/2015\/08\/Diaporama-4-saisons.jpg\"><img loading=\"lazy\" decoding=\"async\" class=\"alignnone size-medium wp-image-1111\" src=\"https:\/\/www.pro-evologia.ch\/wp-content\/uploads\/2015\/08\/Diaporama-4-saisons-300x130.jpg\" alt=\"Diaporama-4-saisons\" width=\"300\" height=\"130\" srcset=\"https:\/\/www.pro-evologia.ch\/wp-content\/uploads\/2015\/08\/Diaporama-4-saisons-300x130.jpg 300w, https:\/\/www.pro-evologia.ch\/wp-content\/uploads\/2015\/08\/Diaporama-4-saisons.jpg 939w\" sizes=\"auto, (max-width: 300px) 100vw, 300px\" \/><\/a><\/p>\n<div style=\"width: 1200px;\" class=\"wp-video\"><video class=\"wp-video-shortcode\" id=\"video-1086-2\" width=\"1200\" height=\"675\" preload=\"metadata\" controls=\"controls\"><source type=\"video\/mp4\" src=\"https:\/\/www.pro-evologia.ch\/wp-content\/uploads\/2015\/08\/eco_reso_dia_final_22juin15.mp4?_=2\" \/><a href=\"https:\/\/www.pro-evologia.ch\/wp-content\/uploads\/2015\/08\/eco_reso_dia_final_22juin15.mp4\">https:\/\/www.pro-evologia.ch\/wp-content\/uploads\/2015\/08\/eco_reso_dia_final_22juin15.mp4<\/a><\/video><\/div>\n<p>&nbsp;<\/p>\n<h3><strong>3.\u00a0 Diaporama \u00ab\u00a0Visions utopiques et d\u2019\u00e9volution des paysages\u00a0\u00bb &#8211; <\/strong><strong>Faites-vous votre opinion !<\/strong><\/h3>\n<p><a href=\"https:\/\/www.pro-evologia.ch\/wp-content\/uploads\/2015\/08\/Diaporama-Utopies.jpg\"><img loading=\"lazy\" decoding=\"async\" class=\"alignnone size-medium wp-image-1100\" src=\"https:\/\/www.pro-evologia.ch\/wp-content\/uploads\/2015\/08\/Diaporama-Utopies-300x228.jpg\" alt=\"Diaporama-Utopies\" width=\"300\" height=\"228\" srcset=\"https:\/\/www.pro-evologia.ch\/wp-content\/uploads\/2015\/08\/Diaporama-Utopies-300x228.jpg 300w, https:\/\/www.pro-evologia.ch\/wp-content\/uploads\/2015\/08\/Diaporama-Utopies.jpg 718w\" sizes=\"auto, (max-width: 300px) 100vw, 300px\" \/><\/a><\/p>\n<h3><strong><a href=\"https:\/\/www.pro-evologia.ch\/wp-content\/uploads\/2015\/08\/pps-icon.png\"><img loading=\"lazy\" decoding=\"async\" class=\"alignnone wp-image-1106\" src=\"https:\/\/www.pro-evologia.ch\/wp-content\/uploads\/2015\/08\/pps-icon.png\" alt=\"pps-icon\" width=\"60\" height=\"68\" \/><\/a><a href=\"https:\/\/www.pro-evologia.ch\/wp-content\/uploads\/2015\/08\/Utopies-EcoReseau-Paysage.ppsx\" target=\"_blank\"> Utopies-EcoReseau-Paysage<\/a><\/strong><\/h3>\n<h4><strong>Fichier \u00e0 t\u00e9l\u00e9charger<\/strong> <em>(33 Mo) <\/em><strong>&#8211; Dur\u00e9e du diaporama : <em>4&rsquo;40<\/em><\/strong><\/h4>\n<p>&nbsp;<\/p>\n<p>&nbsp;<\/p>\n\n<table id=\"tablepress-7\" class=\"tablepress tablepress-id-7\">\n<tbody>\n<tr class=\"row-1\">\n\t<td class=\"column-1\"><a href=\"http:\/\/www.pro-evologia.ch\/wp-content\/uploads\/2015\/05\/Logo-ne.png\"><img loading=\"lazy\" decoding=\"async\" src=\"http:\/\/www.pro-evologia.ch\/wp-content\/uploads\/2015\/05\/Logo-ne.png\" alt=\"Logo-ne\" width=\"100\" height=\"32\" class=\"alignnone size-full wp-image-653\" \/><\/a><br \/>\n<small><span style=\"font-weight: bold;\"><strong>Service de l\u2019Agriculture<br \/>\nService de la faune, des for\u00eats et de la nature<\/span><\/small><br><br \/>\n<a href=\"http:\/\/www.pro-evologia.ch\/wp-content\/uploads\/2015\/06\/Logo-LORO.jpg\"><img loading=\"lazy\" decoding=\"async\" src=\"http:\/\/www.pro-evologia.ch\/wp-content\/uploads\/2015\/06\/Logo-LORO-300x105.jpg\" alt=\"LoRo-Beneficiaire\" width=\"200\" height=\"70\" class=\"alignnone size-medium wp-image-916\" srcset=\"https:\/\/www.pro-evologia.ch\/wp-content\/uploads\/2015\/06\/Logo-LORO-300x105.jpg 300w, https:\/\/www.pro-evologia.ch\/wp-content\/uploads\/2015\/06\/Logo-LORO.jpg 780w\" sizes=\"auto, (max-width: 200px) 100vw, 200px\" \/><\/a><\/td><td class=\"column-2\"><a href=\"http:\/\/www.pro-evologia.ch\/wp-content\/uploads\/2015\/05\/Logo-CNAV.jpg\"><img loading=\"lazy\" decoding=\"async\" src=\"http:\/\/www.pro-evologia.ch\/wp-content\/uploads\/2015\/05\/Logo-CNAV.jpg\" alt=\"Logo-CNAV\" width=\"100\" height=\"45\" class=\"alignnone size-full wp-image-657\" \/><\/a><strong><br><small><span style=\"font-weight: bold;\">Chambre neuch\u00e2teloise d'agriculture et de viticulture<\/span><\/small><\/strong><br><br \/>\n<a href=\"http:\/\/www.pro-evologia.ch\/wp-content\/uploads\/2015\/06\/Val-impressions.jpg\"><img loading=\"lazy\" decoding=\"async\" src=\"http:\/\/www.pro-evologia.ch\/wp-content\/uploads\/2015\/06\/Val-impressions-300x61.jpg\" alt=\"Val-impressions\" width=\"200\" height=\"41\" class=\"alignnone size-medium wp-image-950\" srcset=\"https:\/\/www.pro-evologia.ch\/wp-content\/uploads\/2015\/06\/Val-impressions-300x61.jpg 300w, https:\/\/www.pro-evologia.ch\/wp-content\/uploads\/2015\/06\/Val-impressions-1024x208.jpg 1024w, https:\/\/www.pro-evologia.ch\/wp-content\/uploads\/2015\/06\/Val-impressions.jpg 1393w\" sizes=\"auto, (max-width: 200px) 100vw, 200px\" \/><\/a><\/td><td class=\"column-3\"><a href=\"http:\/\/www.pro-evologia.ch\/wp-content\/uploads\/2015\/05\/Logo-ecoforum.jpg\"><img loading=\"lazy\" decoding=\"async\" src=\"http:\/\/www.pro-evologia.ch\/wp-content\/uploads\/2015\/05\/Logo-ecoforum-300x132.jpg\" alt=\"Logo-ecoforum\" width=\"100\" height=\"44\" class=\"alignnone size-medium wp-image-655\" srcset=\"https:\/\/www.pro-evologia.ch\/wp-content\/uploads\/2015\/05\/Logo-ecoforum-300x132.jpg 300w, https:\/\/www.pro-evologia.ch\/wp-content\/uploads\/2015\/05\/Logo-ecoforum.jpg 926w\" sizes=\"auto, (max-width: 100px) 100vw, 100px\" \/><\/a><br><br><a href=\"http:\/\/www.pro-evologia.ch\/wp-content\/uploads\/2015\/05\/Logo-wwf.jpg\"><img loading=\"lazy\" decoding=\"async\" src=\"http:\/\/www.pro-evologia.ch\/wp-content\/uploads\/2015\/05\/Logo-wwf.jpg\" alt=\"Logo-wwf\" width=\"50\" height=\"75\" class=\"alignnone size-full wp-image-658\" \/><\/a><\/td><td class=\"column-4\"><a href=\"http:\/\/www.pro-evologia.ch\/wp-content\/uploads\/2015\/05\/Logo-Azure.jpg\"><img loading=\"lazy\" decoding=\"async\" src=\"http:\/\/www.pro-evologia.ch\/wp-content\/uploads\/2015\/05\/Logo-Azure-300x76.jpg\" alt=\"Logo-Azure\" width=\"130\" height=\"32\" class=\"alignnone size-medium wp-image-656\" srcset=\"https:\/\/www.pro-evologia.ch\/wp-content\/uploads\/2015\/05\/Logo-Azure-300x76.jpg 300w, https:\/\/www.pro-evologia.ch\/wp-content\/uploads\/2015\/05\/Logo-Azure-1024x260.jpg 1024w, https:\/\/www.pro-evologia.ch\/wp-content\/uploads\/2015\/05\/Logo-Azure.jpg 1235w\" sizes=\"auto, (max-width: 130px) 100vw, 130px\" \/><\/a><br \/>\n<br><a href=\"http:\/\/www.pro-evologia.ch\/wp-content\/uploads\/2015\/05\/Logo-vdr.png\"><img loading=\"lazy\" decoding=\"async\" src=\"http:\/\/www.pro-evologia.ch\/wp-content\/uploads\/2015\/05\/Logo-vdr-261x300.png\" alt=\"Logo-vdr\" width=\"60\" height=\"67\" class=\"alignnone size-medium wp-image-659\" \/><\/a><br><small><span style=\"font-weight: bold;\"><strong>Commune de<p> Val-de-Ruz<\/span ><\/small><\/td><td class=\"column-5\"><a href=\"http:\/\/www.pro-evologia.ch\/wp-content\/uploads\/2015\/05\/Logo-pronatura.gif\"><img loading=\"lazy\" decoding=\"async\" src=\"http:\/\/www.pro-evologia.ch\/wp-content\/uploads\/2015\/05\/Logo-pronatura.gif\" alt=\"Logo-pronatura\" width=\"100\" height=\"50\" class=\"alignnone size-full wp-image-654\" \/><\/a><br><br><a href=\"http:\/\/www.pro-evologia.ch\/wp-content\/uploads\/2015\/05\/Logo-EVR.jpg\"><img loading=\"lazy\" decoding=\"async\" src=\"http:\/\/www.pro-evologia.ch\/wp-content\/uploads\/2015\/05\/Logo-EVR-300x188.jpg\" alt=\"Logo-EVR\" width=\"100\" height=\"62\" class=\"alignnone size-medium wp-image-660\" srcset=\"https:\/\/www.pro-evologia.ch\/wp-content\/uploads\/2015\/05\/Logo-EVR-300x188.jpg 300w, https:\/\/www.pro-evologia.ch\/wp-content\/uploads\/2015\/05\/Logo-EVR-1024x642.jpg 1024w, https:\/\/www.pro-evologia.ch\/wp-content\/uploads\/2015\/05\/Logo-EVR.jpg 1465w\" sizes=\"auto, (max-width: 100px) 100vw, 100px\" \/><\/a><br \/>\n<br \/>\n<\/td><td class=\"column-6\"><a href=\"http:\/\/www.pro-evologia.ch\/wp-content\/uploads\/2015\/05\/Logo-parc-chasseral.png\"><img loading=\"lazy\" decoding=\"async\" src=\"http:\/\/www.pro-evologia.ch\/wp-content\/uploads\/2015\/05\/Logo-parc-chasseral.png\" alt=\"Logo-parc-chasseral\" width=\"100\" height=\"56\" class=\"alignnone size-full wp-image-652\" \/><\/a><br \/>\n<small><span style=\"font-weight: bold;\"><strong>Parc Chasseral<\/strong><\/span><\/small><\/td>\n<\/tr>\n<\/tbody>\n<\/table>\n<!-- #tablepress-7 from cache -->\n","protected":false},"excerpt":{"rendered":"<p>1.\u00a0 Le Film \u00ab\u00a0Ecor\u00e9seaux et qualit\u00e9 du paysage au Val-de-Ruz\u00a0\u00bb (dur\u00e9e 17&rsquo;40) &nbsp; &nbsp; 2.\u00a0 Diaporama \u00ab\u00a0Paysages des 4 saisons au Val-de-Ruz\u00a0\u00bb (dur\u00e9e 9&rsquo;43) &nbsp; 3.\u00a0 Diaporama \u00ab\u00a0Visions utopiques et d\u2019\u00e9volution des paysages\u00a0\u00bb &#8211; Faites-vous votre opinion ! Utopies-EcoReseau-Paysage Fichier \u00e0 t\u00e9l\u00e9charger (33 Mo) &#8211; Dur\u00e9e du diaporama : 4&rsquo;40 &nbsp; &nbsp;<\/p>\n","protected":false},"author":1,"featured_media":0,"parent":60,"menu_order":0,"comment_status":"closed","ping_status":"closed","template":"","meta":{"ngg_post_thumbnail":0,"generate_page_header":"","footnotes":""},"class_list":["post-1086","page","type-page","status-publish"],"yoast_head":"<!-- This site is optimized with the Yoast SEO plugin v27.4 - https:\/\/yoast.com\/product\/yoast-seo-wordpress\/ -->\n<title>Animations vid\u00e9os de l&#039;Exposition 2015 &#8226; Association des amis d&#039;Evologia<\/title>\n<meta name=\"robots\" content=\"index, follow, max-snippet:-1, max-image-preview:large, max-video-preview:-1\" \/>\n<link rel=\"canonical\" href=\"https:\/\/www.pro-evologia.ch\/?page_id=1086\" \/>\n<meta property=\"og:locale\" content=\"fr_FR\" \/>\n<meta property=\"og:type\" content=\"article\" \/>\n<meta property=\"og:title\" content=\"Animations vid\u00e9os de l&#039;Exposition 2015 &#8226; Association des amis d&#039;Evologia\" \/>\n<meta property=\"og:description\" content=\"1.\u00a0 Le Film \u00ab\u00a0Ecor\u00e9seaux et qualit\u00e9 du paysage au Val-de-Ruz\u00a0\u00bb (dur\u00e9e 17&rsquo;40) &nbsp; &nbsp; 2.\u00a0 Diaporama \u00ab\u00a0Paysages des 4 saisons au Val-de-Ruz\u00a0\u00bb (dur\u00e9e 9&rsquo;43) &nbsp; 3.\u00a0 Diaporama \u00ab\u00a0Visions utopiques et d\u2019\u00e9volution des paysages\u00a0\u00bb &#8211; Faites-vous votre opinion ! Utopies-EcoReseau-Paysage Fichier \u00e0 t\u00e9l\u00e9charger (33 Mo) &#8211; Dur\u00e9e du diaporama : 4&rsquo;40 &nbsp; &nbsp;\" \/>\n<meta property=\"og:url\" content=\"https:\/\/www.pro-evologia.ch\/?page_id=1086\" \/>\n<meta property=\"og:site_name\" content=\"Association des amis d&#039;Evologia\" \/>\n<meta property=\"article:publisher\" content=\"https:\/\/www.facebook.com\/proevologia\" \/>\n<meta property=\"article:modified_time\" content=\"2015-08-13T07:27:08+00:00\" \/>\n<meta property=\"og:image\" content=\"https:\/\/www.pro-evologia.ch\/wp-content\/uploads\/2015\/08\/Film-Ecoreseau-VdR-300x167.jpg\" \/>\n<script type=\"application\/ld+json\" class=\"yoast-schema-graph\">{\"@context\":\"https:\\\/\\\/schema.org\",\"@graph\":[{\"@type\":\"WebPage\",\"@id\":\"https:\\\/\\\/www.pro-evologia.ch\\\/?page_id=1086\",\"url\":\"https:\\\/\\\/www.pro-evologia.ch\\\/?page_id=1086\",\"name\":\"Animations vid\u00e9os de l'Exposition 2015 &#8226; Association des amis d&#039;Evologia\",\"isPartOf\":{\"@id\":\"https:\\\/\\\/www.pro-evologia.ch\\\/#website\"},\"primaryImageOfPage\":{\"@id\":\"https:\\\/\\\/www.pro-evologia.ch\\\/?page_id=1086#primaryimage\"},\"image\":{\"@id\":\"https:\\\/\\\/www.pro-evologia.ch\\\/?page_id=1086#primaryimage\"},\"thumbnailUrl\":\"https:\\\/\\\/www.pro-evologia.ch\\\/wp-content\\\/uploads\\\/2015\\\/08\\\/Film-Ecoreseau-VdR-300x167.jpg\",\"datePublished\":\"2015-08-13T06:21:46+00:00\",\"dateModified\":\"2015-08-13T07:27:08+00:00\",\"breadcrumb\":{\"@id\":\"https:\\\/\\\/www.pro-evologia.ch\\\/?page_id=1086#breadcrumb\"},\"inLanguage\":\"fr-FR\",\"potentialAction\":[{\"@type\":\"ReadAction\",\"target\":[\"https:\\\/\\\/www.pro-evologia.ch\\\/?page_id=1086\"]}]},{\"@type\":\"ImageObject\",\"inLanguage\":\"fr-FR\",\"@id\":\"https:\\\/\\\/www.pro-evologia.ch\\\/?page_id=1086#primaryimage\",\"url\":\"https:\\\/\\\/www.pro-evologia.ch\\\/wp-content\\\/uploads\\\/2015\\\/08\\\/Film-Ecoreseau-VdR.jpg\",\"contentUrl\":\"https:\\\/\\\/www.pro-evologia.ch\\\/wp-content\\\/uploads\\\/2015\\\/08\\\/Film-Ecoreseau-VdR.jpg\",\"width\":665,\"height\":371},{\"@type\":\"BreadcrumbList\",\"@id\":\"https:\\\/\\\/www.pro-evologia.ch\\\/?page_id=1086#breadcrumb\",\"itemListElement\":[{\"@type\":\"ListItem\",\"position\":1,\"name\":\"Accueil\",\"item\":\"https:\\\/\\\/www.pro-evologia.ch\\\/\"},{\"@type\":\"ListItem\",\"position\":2,\"name\":\"L&rsquo;Association\",\"item\":\"https:\\\/\\\/www.pro-evologia.ch\\\/?page_id=33\"},{\"@type\":\"ListItem\",\"position\":3,\"name\":\"Archives 2015\",\"item\":\"https:\\\/\\\/www.pro-evologia.ch\\\/?page_id=1147\"},{\"@type\":\"ListItem\",\"position\":4,\"name\":\"Exposition 2015 \u00ab\u00a0Eco-r\u00e9seaux &#038; Paysages au Val-de-Ruz\u00a0\u00bb\",\"item\":\"https:\\\/\\\/www.pro-evologia.ch\\\/?page_id=60\"},{\"@type\":\"ListItem\",\"position\":5,\"name\":\"Animations vid\u00e9os de l&rsquo;Exposition 2015\"}]},{\"@type\":\"WebSite\",\"@id\":\"https:\\\/\\\/www.pro-evologia.ch\\\/#website\",\"url\":\"https:\\\/\\\/www.pro-evologia.ch\\\/\",\"name\":\"Association des amis d&#039;Evologia\",\"description\":\"Pro Evologia est  une association \u00e0 but non lucratif qui soutient Evologia\",\"potentialAction\":[{\"@type\":\"SearchAction\",\"target\":{\"@type\":\"EntryPoint\",\"urlTemplate\":\"https:\\\/\\\/www.pro-evologia.ch\\\/?s={search_term_string}\"},\"query-input\":{\"@type\":\"PropertyValueSpecification\",\"valueRequired\":true,\"valueName\":\"search_term_string\"}}],\"inLanguage\":\"fr-FR\"}]}<\/script>\n<!-- \/ Yoast SEO plugin. -->","yoast_head_json":{"title":"Animations vid\u00e9os de l'Exposition 2015 &#8226; Association des amis d&#039;Evologia","robots":{"index":"index","follow":"follow","max-snippet":"max-snippet:-1","max-image-preview":"max-image-preview:large","max-video-preview":"max-video-preview:-1"},"canonical":"https:\/\/www.pro-evologia.ch\/?page_id=1086","og_locale":"fr_FR","og_type":"article","og_title":"Animations vid\u00e9os de l'Exposition 2015 &#8226; Association des amis d&#039;Evologia","og_description":"1.\u00a0 Le Film \u00ab\u00a0Ecor\u00e9seaux et qualit\u00e9 du paysage au Val-de-Ruz\u00a0\u00bb (dur\u00e9e 17&rsquo;40) &nbsp; &nbsp; 2.\u00a0 Diaporama \u00ab\u00a0Paysages des 4 saisons au Val-de-Ruz\u00a0\u00bb (dur\u00e9e 9&rsquo;43) &nbsp; 3.\u00a0 Diaporama \u00ab\u00a0Visions utopiques et d\u2019\u00e9volution des paysages\u00a0\u00bb &#8211; Faites-vous votre opinion ! Utopies-EcoReseau-Paysage Fichier \u00e0 t\u00e9l\u00e9charger (33 Mo) &#8211; Dur\u00e9e du diaporama : 4&rsquo;40 &nbsp; &nbsp;","og_url":"https:\/\/www.pro-evologia.ch\/?page_id=1086","og_site_name":"Association des amis d&#039;Evologia","article_publisher":"https:\/\/www.facebook.com\/proevologia","article_modified_time":"2015-08-13T07:27:08+00:00","og_image":[{"url":"https:\/\/www.pro-evologia.ch\/wp-content\/uploads\/2015\/08\/Film-Ecoreseau-VdR-300x167.jpg","type":"","width":"","height":""}],"schema":{"@context":"https:\/\/schema.org","@graph":[{"@type":"WebPage","@id":"https:\/\/www.pro-evologia.ch\/?page_id=1086","url":"https:\/\/www.pro-evologia.ch\/?page_id=1086","name":"Animations vid\u00e9os de l'Exposition 2015 &#8226; Association des amis d&#039;Evologia","isPartOf":{"@id":"https:\/\/www.pro-evologia.ch\/#website"},"primaryImageOfPage":{"@id":"https:\/\/www.pro-evologia.ch\/?page_id=1086#primaryimage"},"image":{"@id":"https:\/\/www.pro-evologia.ch\/?page_id=1086#primaryimage"},"thumbnailUrl":"https:\/\/www.pro-evologia.ch\/wp-content\/uploads\/2015\/08\/Film-Ecoreseau-VdR-300x167.jpg","datePublished":"2015-08-13T06:21:46+00:00","dateModified":"2015-08-13T07:27:08+00:00","breadcrumb":{"@id":"https:\/\/www.pro-evologia.ch\/?page_id=1086#breadcrumb"},"inLanguage":"fr-FR","potentialAction":[{"@type":"ReadAction","target":["https:\/\/www.pro-evologia.ch\/?page_id=1086"]}]},{"@type":"ImageObject","inLanguage":"fr-FR","@id":"https:\/\/www.pro-evologia.ch\/?page_id=1086#primaryimage","url":"https:\/\/www.pro-evologia.ch\/wp-content\/uploads\/2015\/08\/Film-Ecoreseau-VdR.jpg","contentUrl":"https:\/\/www.pro-evologia.ch\/wp-content\/uploads\/2015\/08\/Film-Ecoreseau-VdR.jpg","width":665,"height":371},{"@type":"BreadcrumbList","@id":"https:\/\/www.pro-evologia.ch\/?page_id=1086#breadcrumb","itemListElement":[{"@type":"ListItem","position":1,"name":"Accueil","item":"https:\/\/www.pro-evologia.ch\/"},{"@type":"ListItem","position":2,"name":"L&rsquo;Association","item":"https:\/\/www.pro-evologia.ch\/?page_id=33"},{"@type":"ListItem","position":3,"name":"Archives 2015","item":"https:\/\/www.pro-evologia.ch\/?page_id=1147"},{"@type":"ListItem","position":4,"name":"Exposition 2015 \u00ab\u00a0Eco-r\u00e9seaux &#038; Paysages au Val-de-Ruz\u00a0\u00bb","item":"https:\/\/www.pro-evologia.ch\/?page_id=60"},{"@type":"ListItem","position":5,"name":"Animations vid\u00e9os de l&rsquo;Exposition 2015"}]},{"@type":"WebSite","@id":"https:\/\/www.pro-evologia.ch\/#website","url":"https:\/\/www.pro-evologia.ch\/","name":"Association des amis d&#039;Evologia","description":"Pro Evologia est  une association \u00e0 but non lucratif qui soutient Evologia","potentialAction":[{"@type":"SearchAction","target":{"@type":"EntryPoint","urlTemplate":"https:\/\/www.pro-evologia.ch\/?s={search_term_string}"},"query-input":{"@type":"PropertyValueSpecification","valueRequired":true,"valueName":"search_term_string"}}],"inLanguage":"fr-FR"}]}},"_links":{"self":[{"href":"https:\/\/www.pro-evologia.ch\/index.php?rest_route=\/wp\/v2\/pages\/1086","targetHints":{"allow":["GET"]}}],"collection":[{"href":"https:\/\/www.pro-evologia.ch\/index.php?rest_route=\/wp\/v2\/pages"}],"about":[{"href":"https:\/\/www.pro-evologia.ch\/index.php?rest_route=\/wp\/v2\/types\/page"}],"author":[{"embeddable":true,"href":"https:\/\/www.pro-evologia.ch\/index.php?rest_route=\/wp\/v2\/users\/1"}],"replies":[{"embeddable":true,"href":"https:\/\/www.pro-evologia.ch\/index.php?rest_route=%2Fwp%2Fv2%2Fcomments&post=1086"}],"version-history":[{"count":0,"href":"https:\/\/www.pro-evologia.ch\/index.php?rest_route=\/wp\/v2\/pages\/1086\/revisions"}],"up":[{"embeddable":true,"href":"https:\/\/www.pro-evologia.ch\/index.php?rest_route=\/wp\/v2\/pages\/60"}],"wp:attachment":[{"href":"https:\/\/www.pro-evologia.ch\/index.php?rest_route=%2Fwp%2Fv2%2Fmedia&parent=1086"}],"curies":[{"name":"wp","href":"https:\/\/api.w.org\/{rel}","templated":true}]}}