{"id":1047,"date":"2015-06-30T17:20:50","date_gmt":"2015-06-30T15:20:50","guid":{"rendered":"http:\/\/www.pro-evologia.ch\/?page_id=1047"},"modified":"2017-06-16T10:19:46","modified_gmt":"2017-06-16T08:19:46","slug":"les-jardins-extraordinaires","status":"publish","type":"page","link":"https:\/\/www.pro-evologia.ch\/?page_id=1047","title":{"rendered":"Les jardins Extraordinaires 2015"},"content":{"rendered":"<h2>vous pr\u00e9sentent 2015<\/h2>\n<p>Comme chaque ann\u00e9e nous nous effor\u00e7ons de pr\u00e9senter des jardins \u00e9ph\u00e9m\u00e8res, artistiques et color\u00e9s aux patines des fleurs et des v\u00e9g\u00e9taux. Depuis 2012 et la fleur bor\u00e9ale, nos jardins se sont parsem\u00e9s tout autour d&rsquo;Evologia. Les jardins que nous pr\u00e9sentons sont durables pour 3 saisons. Nos jardins sont ax\u00e9s sur la magie, sur l&rsquo;imaginaire et sur la didactique sans toutefois devoir jouer un r\u00f4le de jardin botanique.<\/p>\n<p>La nouveaut\u00e9 cette ann\u00e9e se trouve \u00e0 l&rsquo;est du Mycorama. Vous pouvez ne pas le manquer, les pas et les bottes l&rsquo;indiquent sur tout le site d&rsquo;Evologia.&nbsp; Nous vous avons pr\u00e9par\u00e9 un grand Gulliver qui va se faire envahir durant 3 ans par des multitudes de plantes grimpantes. Nous avons aussi concoct\u00e9 une ballade fleurie \u00e0 travers les jardins, vous pouvez obtenir un plan \u00e0 la r\u00e9ception. Les jardins sont gratuits et visitables du matin jusqu&rsquo;au soir et voir plus puisqu&rsquo;ils sont illumin\u00e9s pour certains jusqu&rsquo;\u00e0 1h00 du matin. Nos jardins sont r\u00e9alis\u00e9s par des stagiaires en r\u00e9insertion sociale et professionnelle.<\/p>\n<p>Notre but et de pr\u00e9senter des jardins artistiques \u00e0 la fibre sociale et professionnelle. Nous collaborons aussi au festival des jardins \u00e0 la Saline Royale d&rsquo;Arc-et-Senans en France et avec les lyc\u00e9es professionnels de France et des fins de Morteau. Nous collaborons aussi avec jardin suisse bejune et la fili\u00e8re horticulture de l&rsquo;EMTN. Avec les \u00e9coles primaires du Val-de-Ruz avec 200 \u00e9l\u00e8ves qui ont particip\u00e9 \u00e0 nos ateliers depuis le mois de mars et qui viendront pr\u00e9senter leur travail \u00e0 f\u00eate la terre. Nous collaborons aussi avec les espaces verts de la Ville de Neuch\u00e2tel, La Chaux-de-Fonds et les autorit\u00e9s du Val-de-Ruz.<\/p>\n<p>Nous vous souhaitons bon voyage et de belles d\u00e9couvertes dans nos jardins extraordinaires ici et ailleurs. Et nous vous remercions de contribuer \u00e0 l&rsquo;envo\u00fbtement et au plaisir de partager ensemble.<\/p>\n<h3>Ballades Florales dans tous les espaces verts d&rsquo;Evologia<\/h3>\n<p>Les ballades florales sont l\u00e0 pour vous guider dans toutes nos installations artistiques et florales.<\/p>\n<h3>Le Jardin de Gulliver \u00e0 l&rsquo;est du Mycorama<\/h3>\n<p>Qui ne r\u00eaverait pas de voir un g\u00e9ant, en terre et en nature, comme s&rsquo;il sortait des manuels de formation des apprenants de l&rsquo;\u00c9cole des m\u00e9tiers de la terre et de la nature du CPLN (EMTN) ! On le retiendra avec des plantes grimpantes, on le coiffera en \u00e9pic\u00e9as et en lattes de bois, on l&rsquo;enracinera avec des fleurs pour que les abeilles et les papillons le butinent. On le gravira par un chemin en palettes afin que l&rsquo;on puisse le cultiver, on l&rsquo;arrosera pour qu&rsquo;il puisse s&rsquo;\u00e9panouir pour F\u00eate la Terre, on le d\u00e9sherbera afin de le styliser, on le pr\u00e9sentera afin de le rendre populaire et imaginaire. On le d\u00e9chaussera de ses bottes afin de le regarder depuis en haut au Mycorama 2<sup>\u00e8me<\/sup> \u00e9tage. Sacr\u00e9s lilliputiens que nous sommes et que les visiteurs seront pour faire la f\u00eate \u00e0 notre Gulliver des Jardins Extraordinaires d&rsquo;Evologia.<\/p>\n<h3>Le Jardin Potager Extraordinaire au nord du Mycorama<\/h3>\n<p>Le Jardin Potager va de nouveau germer des Serres de la Ville de Neuch\u00e2tel, de semis en semis, de repiquage en repiquage, planter et cultiver avec les \u00e9coliers du Val-de-Ruz, au nombre de 200 petits pouces verts main dans la main avec le personnel en r\u00e9insertion d&rsquo;Evologia et en collaboration avec l&rsquo;\u00e9quipe des Parcs et Promenades de la Ville de Neuch\u00e2tel, de l&rsquo;\u00c9tablissement horticole de la Ville de Neuch\u00e2tel ainsi que par la formation des horticulteurs de l&rsquo;EMTN.<\/p>\n<p>La nouveaut\u00e9 sera l&#8217;embellissement des jardins par des fleurs annuelles, une ligne sur trois, afin que les jardins soient le plus bucolique possible et que le velours des p\u00e9tales \u00e9loigne les nuisibles.<\/p>\n<h3>La flore bor\u00e9ale et le Jardin des sculptures au sud du Mycorama<\/h3>\n<p>L&rsquo;histoire est le voyage d&rsquo;une graine magique venant du nord de la for\u00eat de la ta\u00efga, apr\u00e8s une longue marche entre la glace et les \u00e9pines aiguis\u00e9es de la for\u00eat nous rencontrons un mage au milieu de la clairi\u00e8re c\u00e9leste de la ta\u00efga. Il nous offre la graine dans un papier de soie et une fiole de s\u00e8ve bor\u00e9ale. La magie s&rsquo;op\u00e8re le soir de la pleine lune, nous enterrons les graines et l&rsquo;arrosons de sa s\u00e8ve\u2026.<\/p>\n<p>Et d&rsquo;un coup, une fleur bor\u00e9ale de 12 m de hauteur poussant dans un temps record de 4 secondes s&rsquo;implante au milieu des Jardins Extraordinaires. Lorsque le soleil l&rsquo;illumine, vous verrez sortir de ses p\u00e9tales un voile bor\u00e9al tout autour du jardin qui vous fera voyager jusqu&rsquo;\u00e0 son origine.<\/p>\n<h3>Paniers Potagers devant La Terrassiette<\/h3>\n<p>Les paniers potagers devant La Terrassiette sont un jardin sc\u00e9nographique de paniers g\u00e9ants invitant \u00e0 la gourmandise, \u00e0 la d\u00e9couverte et \u00e0 attirer les cuisiniers dans le jardin.<\/p>\n<h3>Jardin lunaire Troisi\u00e8me voyage au nord de l\u2019EMTN<\/h3>\n<p>Neil Armstrong se trouvant dans un EMS pour ses derniers jours sur terre s&rsquo;ennuyait \u00e0 mourir, la nostalgie plein le cosmos, Neil ne pensait qu&rsquo;\u00e0 une chose. Une chose qui l&rsquo;obs\u00e9dait, c&rsquo;\u00e9tait de revoir son arri\u00e8re-petit-fils. Jones le visitait toutes les deux semaines et il avait toujours une surprise pour Neil. Une surprise au go\u00fbt sucr\u00e9 et aux formes si plan\u00e9taires. En effet quand Jones tapait \u00e0 la porte le rituel de ces deux aventuriers commen\u00e7ait. \u00ab&nbsp;C&rsquo;est moi Jones, comment tu vas Neil ?&nbsp;\u00bb \u00ab&nbsp;Bien et toi mon petit-fils&nbsp;\u00bb lui r\u00e9torquait Neil. \u00ab&nbsp;Bien, tu sais que j&rsquo;ai une surprise pour toi, oui, et quelle surprise ? Alors grand-papa, tu choisis quelle poche, la droite ou la gauche ? La gauche. Perdu&nbsp;!&nbsp;&nbsp; Alors la gauche \u00bb. Et l\u00e0 d&rsquo;un geste c\u00e9leste, Jones lui tendait la surprise&nbsp;; une chupa chups. Neil dans toute sa pr\u00e9cipitation la d\u00e9balle et la met d\u00e9licatement sur sa langue pour la faire glisser jusque dans sa bouche. Ses yeux deviennent ronds, ronds comme la lune. Neil soupira en articulant autant bien que mal. \u00ab&nbsp;C\u2019est bien mon petit fils. Je me sens \u00e0 nouveau proche de la lune en sentant sur mon palais la rondeur et le c\u00f4t\u00e9 onctueux de la chupa chups&nbsp;\u00bb. Et Neil continua de raconter ses aventures lunaires \u00e0 son petit-fils et refaire le monde \u00e0 eux deux.<\/p>\n<h3>Premier voyage dans les jardins Extraordinaires en 2013<\/h3>\n<p>Les Jardins Extraordinaires sont en premi\u00e8re mondiale sur la pr\u00e9sentation du jardin lunaire de Neil Armstrong. Une histoire incroyable encore secr\u00e8te s&rsquo;ouvre \u00e0 vous sur la vie et la relation que Neil a entretenue avec la nature, la lune et la terre.<\/p>\n<p>De retour sur terre apr\u00e8s avoir foul\u00e9 la lune le 21 juillet 1969, durant la mission Apollo XI, Neil sombre dans une d\u00e9pression profonde. Sa femme Janet tr\u00e8s pr\u00e9occup\u00e9e demande \u00e0 la NASA de quel mal il est pris et comment le soigner. Elle explique qu&rsquo;il est r\u00e9fugi\u00e9 dans son galetas dans lequel tous ses r\u00eaves sont orient\u00e9s vers la lune. Il observe aussi le cosmos \u00e0 travers son t\u00e9lescope et ne mange que des produits lyophilis\u00e9s de sa mission Apollo XI. Dans sa jeunesse Neil est un enfant passionn\u00e9 d&rsquo;avions, de voitures et de bateaux et de sport, mais aussi de jardin. Il adore avec sa grand-maman retourner le jardin, d\u00e9vorer les radis qu&rsquo;il compare d\u00e9j\u00e0 \u00e0 des fus\u00e9es et mange des baies aux formes et aux couleurs des plan\u00e8tes qui entourent la terre. La NASA sous la demande de Janet lui propose un jardin lunaire afin qu&rsquo;il se recueille sur terre et cultive ses racines. Un jardin qui permit pas \u00e0 pas de reconstruire Neil et de retrouver go\u00fbt \u00e0 la vie terrestre.<\/p>\n<h3>Deuxi\u00e8me voyage dans les jardins Extraordinaires en 2014<\/h3>\n<p>Chaque homme r\u00eave sur terre. Et Neil sur la lune, il r\u00eave de quoi&nbsp;? Venez y jeter un coup d&rsquo;\u0153il \u00e0 l&rsquo;int\u00e9rieur de la lune. Un r\u00eave en cosmos s&rsquo;ouvre \u00e0 vous.<\/p>\n<h3>Nid V\u00e9g\u00e9tal au nord de l\u2019EMTN<\/h3>\n<p>Le Nid v\u00e9g\u00e9tal est un anneau de souches de pommiers empil\u00e9es pour marquer l&rsquo;\u00e9nergie du lieu et de l&rsquo;arbre qu&rsquo;il entoure. Le nid v\u00e9g\u00e9tal s&rsquo;inscrit dans le mouvement pur du Land Art.<\/p>\n<h3>Arbres et Plantes<\/h3>\n<p>Un fr\u00eane, des foug\u00e8res.<\/p>\n<h3>Arches V\u00e9g\u00e9tales au nord de l&rsquo;EMTN<\/h3>\n<p>Les arches v\u00e9g\u00e9tales sont un recyclage de branches de pommiers qui proviennent de notre verger au nord-ouest d&rsquo;Evologia. On l&rsquo;utilise comme barri\u00e8re biotope o\u00f9 les h\u00e9rissons trouvent un refuge manifestant un nouvel \u00e9quilibre. Ainsi, la vie peut perdurer. Le nid v\u00e9g\u00e9tal s&rsquo;inscrit dans le mouvement pur du Land Art<\/p>\n<h3>Arbres et Plantes indig\u00e8nes<\/h3>\n<p>Conseil : Une arche v\u00e9g\u00e9tale peut \u00eatre r\u00e9alis\u00e9e chez vous, comme biotope, compost, arche potag\u00e8re ou annuelle.<\/p>\n<h3>Place de jeux \u00e0 l&rsquo;ouest des serres de l&rsquo;EMTN<\/h3>\n<p>Elle pr\u00e9sente le retour de la domestication par un petit parc \u00e0 ch\u00e8vres. Comme on est bien dans ce parc \u00e0 ch\u00e8vres.<\/p>\n<h3>ICE CHAIR &lsquo;VERT BANQUISE&rsquo; au nord de l\u2019EMTN<\/h3>\n<p>ICE CHAIR &lsquo;VERT BANQUISE&rsquo; est un processus d\u2019Art comtenporain indiquant un arr\u00eat sur image. A quand la fonte de la banquise&nbsp;?<\/p>\n<h3>La chaise<\/h3>\n<p>La chaise repr\u00e9sente le repos, le temps de s\u2019arr\u00eater. Seuls les yeux peuvent s\u2019asseoir \u00e0 l\u2019int\u00e9rieur de la sculpture. A nous de r\u00e9fl\u00e9chier sur le rapport que l\u2019homme a sur la nature et l\u2019environnement.<\/p>\n<h3>Jardin de plantes d&rsquo;ombre au nord de l\u2019EMTN<\/h3>\n<p>Jardin de plantes d&rsquo;ombre est un jardin des plantes d&rsquo;ombre que l&rsquo;on peut retrouver dans un milieu sec, m\u00e9sophile et humide. Ce jardin a pris racine sur la base d&rsquo;un jardin \u00e9ph\u00e9m\u00e8re r\u00e9alis\u00e9 par Patrick Percier en 2012 et les jardiniers de la Saline Royale d&rsquo;Arc-et-Senans et des lyc\u00e9es professionnels de France. Nous \u00e9changeons notre savoir-faire entre les deux festivals de jardins depuis 9 ans.<\/p>\n<h3>Jardin de l\u2019envol au sud-est du Mycorama<\/h3>\n<p>Le jardin de l\u2019envol est un jardin de calebasse et de l\u00e9gumes a\u00e9rien. Le jardin est parsem\u00e9 de fleurs des champs. Cr\u00e9ation Luc Vincent et la ville de Neuch\u00e2tel. R\u00e9alisation et entretien Evologia.<\/p>\n<h3>Baie d\u2019H\u1ea1 Long \u00e0 2 heures de route depuis Evologia<\/h3>\n<p>C&rsquo;est le jardin que nous avons con\u00e7u ensemble \u00e0 La Saline Royale d&rsquo;Arc-et-Senans (JURA \/ France). Au th\u00e8me de \u00ab&nbsp; Pour la 15<sup>\u00e8me<\/sup> \u00c9dition du festival des jardins&nbsp;\u00bb. Un double jardin que vous nous proposons dans la saline royale. Une entr\u00e9e par un pont pittoresque et brumeux. Nous distinguons des pitons rocheux paysag\u00e9s et leur v\u00e9g\u00e9tation luxuriante. De l\u00e0 nous pouvons nous asseoir dans un paysage terrestre \u00e0 travers des jonques v\u00e9g\u00e9tales en sycomore. Venez visitez les jardins de la Saline Royale d&rsquo;Arc-et-Senans.<\/p>\n<p>Pr\u00e9sentation d&rsquo;un Jardin \u00e9ph\u00e9m\u00e8re \u00e0 la Saline Royale d&rsquo;Arc-et-Senans. Jardin de voyageurs 15<sup>\u00e8me<\/sup> Festival des Jardins. Du 13 juin au 18 octobre 2015. Conception : Roger Hofstetter \/ Art et Paysage. R\u00e9alisation : Benjamin Vuille et les jardiniers des Jardins Extraordinaires d&rsquo;Evologia.<\/p>\n<p>Pour toute information&nbsp;: Roger Hofstetter: 079 675 78 49 roger.hofstetter@ne.ch<\/p>\n","protected":false},"excerpt":{"rendered":"<p>vous pr\u00e9sentent 2015 Comme chaque ann\u00e9e nous nous effor\u00e7ons de pr\u00e9senter des jardins \u00e9ph\u00e9m\u00e8res, artistiques et color\u00e9s aux patines des fleurs et des v\u00e9g\u00e9taux. Depuis 2012 et la fleur bor\u00e9ale, nos jardins se sont parsem\u00e9s tout autour d&rsquo;Evologia. Les jardins que nous pr\u00e9sentons sont durables pour 3 saisons. Nos jardins sont ax\u00e9s sur la magie, &#8230; <a title=\"Les jardins Extraordinaires 2015\" class=\"read-more\" href=\"https:\/\/www.pro-evologia.ch\/?page_id=1047\" aria-label=\"En savoir plus sur Les jardins Extraordinaires 2015\">Read more<\/a><\/p>\n","protected":false},"author":1,"featured_media":0,"parent":1147,"menu_order":4,"comment_status":"closed","ping_status":"closed","template":"","meta":{"ngg_post_thumbnail":0,"generate_page_header":"","footnotes":""},"class_list":["post-1047","page","type-page","status-publish"],"yoast_head":"<!-- This site is optimized with the Yoast SEO plugin v27.4 - https:\/\/yoast.com\/product\/yoast-seo-wordpress\/ -->\n<title>Les jardins Extraordinaires 2015 &#8226; Association des amis d&#039;Evologia<\/title>\n<meta name=\"robots\" content=\"index, follow, max-snippet:-1, max-image-preview:large, max-video-preview:-1\" \/>\n<link rel=\"canonical\" href=\"https:\/\/www.pro-evologia.ch\/?page_id=1047\" \/>\n<meta property=\"og:locale\" content=\"fr_FR\" \/>\n<meta property=\"og:type\" content=\"article\" \/>\n<meta property=\"og:title\" content=\"Les jardins Extraordinaires 2015 &#8226; Association des amis d&#039;Evologia\" \/>\n<meta property=\"og:description\" content=\"vous pr\u00e9sentent 2015 Comme chaque ann\u00e9e nous nous effor\u00e7ons de pr\u00e9senter des jardins \u00e9ph\u00e9m\u00e8res, artistiques et color\u00e9s aux patines des fleurs et des v\u00e9g\u00e9taux. Depuis 2012 et la fleur bor\u00e9ale, nos jardins se sont parsem\u00e9s tout autour d&rsquo;Evologia. Les jardins que nous pr\u00e9sentons sont durables pour 3 saisons. Nos jardins sont ax\u00e9s sur la magie, ... Read more\" \/>\n<meta property=\"og:url\" content=\"https:\/\/www.pro-evologia.ch\/?page_id=1047\" \/>\n<meta property=\"og:site_name\" content=\"Association des amis d&#039;Evologia\" \/>\n<meta property=\"article:publisher\" content=\"https:\/\/www.facebook.com\/proevologia\" \/>\n<meta property=\"article:modified_time\" content=\"2017-06-16T08:19:46+00:00\" \/>\n<meta property=\"og:image\" content=\"https:\/\/www.pro-evologia.ch\/wp-content\/uploads\/2015\/01\/Entete.jpg\" \/>\n\t<meta property=\"og:image:width\" content=\"640\" \/>\n\t<meta property=\"og:image:height\" content=\"167\" \/>\n\t<meta property=\"og:image:type\" content=\"image\/jpeg\" \/>\n<meta name=\"twitter:label1\" content=\"Dur\u00e9e de lecture estim\u00e9e\" \/>\n\t<meta name=\"twitter:data1\" content=\"9 minutes\" \/>\n<script type=\"application\/ld+json\" class=\"yoast-schema-graph\">{\"@context\":\"https:\\\/\\\/schema.org\",\"@graph\":[{\"@type\":\"WebPage\",\"@id\":\"https:\\\/\\\/www.pro-evologia.ch\\\/?page_id=1047\",\"url\":\"https:\\\/\\\/www.pro-evologia.ch\\\/?page_id=1047\",\"name\":\"Les jardins Extraordinaires 2015 &#8226; Association des amis d&#039;Evologia\",\"isPartOf\":{\"@id\":\"https:\\\/\\\/www.pro-evologia.ch\\\/#website\"},\"datePublished\":\"2015-06-30T15:20:50+00:00\",\"dateModified\":\"2017-06-16T08:19:46+00:00\",\"breadcrumb\":{\"@id\":\"https:\\\/\\\/www.pro-evologia.ch\\\/?page_id=1047#breadcrumb\"},\"inLanguage\":\"fr-FR\",\"potentialAction\":[{\"@type\":\"ReadAction\",\"target\":[\"https:\\\/\\\/www.pro-evologia.ch\\\/?page_id=1047\"]}]},{\"@type\":\"BreadcrumbList\",\"@id\":\"https:\\\/\\\/www.pro-evologia.ch\\\/?page_id=1047#breadcrumb\",\"itemListElement\":[{\"@type\":\"ListItem\",\"position\":1,\"name\":\"Accueil\",\"item\":\"https:\\\/\\\/www.pro-evologia.ch\\\/\"},{\"@type\":\"ListItem\",\"position\":2,\"name\":\"L&rsquo;Association\",\"item\":\"https:\\\/\\\/www.pro-evologia.ch\\\/?page_id=33\"},{\"@type\":\"ListItem\",\"position\":3,\"name\":\"Archives 2015\",\"item\":\"https:\\\/\\\/www.pro-evologia.ch\\\/?page_id=1147\"},{\"@type\":\"ListItem\",\"position\":4,\"name\":\"Les jardins Extraordinaires 2015\"}]},{\"@type\":\"WebSite\",\"@id\":\"https:\\\/\\\/www.pro-evologia.ch\\\/#website\",\"url\":\"https:\\\/\\\/www.pro-evologia.ch\\\/\",\"name\":\"Association des amis d&#039;Evologia\",\"description\":\"Pro Evologia est  une association \u00e0 but non lucratif qui soutient Evologia\",\"potentialAction\":[{\"@type\":\"SearchAction\",\"target\":{\"@type\":\"EntryPoint\",\"urlTemplate\":\"https:\\\/\\\/www.pro-evologia.ch\\\/?s={search_term_string}\"},\"query-input\":{\"@type\":\"PropertyValueSpecification\",\"valueRequired\":true,\"valueName\":\"search_term_string\"}}],\"inLanguage\":\"fr-FR\"}]}<\/script>\n<!-- \/ Yoast SEO plugin. -->","yoast_head_json":{"title":"Les jardins Extraordinaires 2015 &#8226; Association des amis d&#039;Evologia","robots":{"index":"index","follow":"follow","max-snippet":"max-snippet:-1","max-image-preview":"max-image-preview:large","max-video-preview":"max-video-preview:-1"},"canonical":"https:\/\/www.pro-evologia.ch\/?page_id=1047","og_locale":"fr_FR","og_type":"article","og_title":"Les jardins Extraordinaires 2015 &#8226; Association des amis d&#039;Evologia","og_description":"vous pr\u00e9sentent 2015 Comme chaque ann\u00e9e nous nous effor\u00e7ons de pr\u00e9senter des jardins \u00e9ph\u00e9m\u00e8res, artistiques et color\u00e9s aux patines des fleurs et des v\u00e9g\u00e9taux. Depuis 2012 et la fleur bor\u00e9ale, nos jardins se sont parsem\u00e9s tout autour d&rsquo;Evologia. Les jardins que nous pr\u00e9sentons sont durables pour 3 saisons. Nos jardins sont ax\u00e9s sur la magie, ... Read more","og_url":"https:\/\/www.pro-evologia.ch\/?page_id=1047","og_site_name":"Association des amis d&#039;Evologia","article_publisher":"https:\/\/www.facebook.com\/proevologia","article_modified_time":"2017-06-16T08:19:46+00:00","og_image":[{"width":640,"height":167,"url":"https:\/\/www.pro-evologia.ch\/wp-content\/uploads\/2015\/01\/Entete.jpg","type":"image\/jpeg"}],"twitter_misc":{"Dur\u00e9e de lecture estim\u00e9e":"9 minutes"},"schema":{"@context":"https:\/\/schema.org","@graph":[{"@type":"WebPage","@id":"https:\/\/www.pro-evologia.ch\/?page_id=1047","url":"https:\/\/www.pro-evologia.ch\/?page_id=1047","name":"Les jardins Extraordinaires 2015 &#8226; Association des amis d&#039;Evologia","isPartOf":{"@id":"https:\/\/www.pro-evologia.ch\/#website"},"datePublished":"2015-06-30T15:20:50+00:00","dateModified":"2017-06-16T08:19:46+00:00","breadcrumb":{"@id":"https:\/\/www.pro-evologia.ch\/?page_id=1047#breadcrumb"},"inLanguage":"fr-FR","potentialAction":[{"@type":"ReadAction","target":["https:\/\/www.pro-evologia.ch\/?page_id=1047"]}]},{"@type":"BreadcrumbList","@id":"https:\/\/www.pro-evologia.ch\/?page_id=1047#breadcrumb","itemListElement":[{"@type":"ListItem","position":1,"name":"Accueil","item":"https:\/\/www.pro-evologia.ch\/"},{"@type":"ListItem","position":2,"name":"L&rsquo;Association","item":"https:\/\/www.pro-evologia.ch\/?page_id=33"},{"@type":"ListItem","position":3,"name":"Archives 2015","item":"https:\/\/www.pro-evologia.ch\/?page_id=1147"},{"@type":"ListItem","position":4,"name":"Les jardins Extraordinaires 2015"}]},{"@type":"WebSite","@id":"https:\/\/www.pro-evologia.ch\/#website","url":"https:\/\/www.pro-evologia.ch\/","name":"Association des amis d&#039;Evologia","description":"Pro Evologia est  une association \u00e0 but non lucratif qui soutient Evologia","potentialAction":[{"@type":"SearchAction","target":{"@type":"EntryPoint","urlTemplate":"https:\/\/www.pro-evologia.ch\/?s={search_term_string}"},"query-input":{"@type":"PropertyValueSpecification","valueRequired":true,"valueName":"search_term_string"}}],"inLanguage":"fr-FR"}]}},"_links":{"self":[{"href":"https:\/\/www.pro-evologia.ch\/index.php?rest_route=\/wp\/v2\/pages\/1047","targetHints":{"allow":["GET"]}}],"collection":[{"href":"https:\/\/www.pro-evologia.ch\/index.php?rest_route=\/wp\/v2\/pages"}],"about":[{"href":"https:\/\/www.pro-evologia.ch\/index.php?rest_route=\/wp\/v2\/types\/page"}],"author":[{"embeddable":true,"href":"https:\/\/www.pro-evologia.ch\/index.php?rest_route=\/wp\/v2\/users\/1"}],"replies":[{"embeddable":true,"href":"https:\/\/www.pro-evologia.ch\/index.php?rest_route=%2Fwp%2Fv2%2Fcomments&post=1047"}],"version-history":[{"count":0,"href":"https:\/\/www.pro-evologia.ch\/index.php?rest_route=\/wp\/v2\/pages\/1047\/revisions"}],"up":[{"embeddable":true,"href":"https:\/\/www.pro-evologia.ch\/index.php?rest_route=\/wp\/v2\/pages\/1147"}],"wp:attachment":[{"href":"https:\/\/www.pro-evologia.ch\/index.php?rest_route=%2Fwp%2Fv2%2Fmedia&parent=1047"}],"curies":[{"name":"wp","href":"https:\/\/api.w.org\/{rel}","templated":true}]}}