{"id":1019,"date":"2015-06-29T17:18:52","date_gmt":"2015-06-29T15:18:52","guid":{"rendered":"http:\/\/www.pro-evologia.ch\/?page_id=1019"},"modified":"2015-09-30T15:16:19","modified_gmt":"2015-09-30T13:16:19","slug":"estivage-2015","status":"publish","type":"page","link":"https:\/\/www.pro-evologia.ch\/?page_id=1019","title":{"rendered":"Estivage 2015"},"content":{"rendered":"<h2>Du plus petit au plus grand, les animaux<\/h2>\n<p>Lors de ses voyages, Gulliver est tant\u00f4t tout petit tant\u00f4t g\u00e9ant&#8230; La th\u00e9matique du plus petit au plus grand est donc pr\u00e9sente dans les estivages 2015 de Pro Evologia. Et tout le monde sera le bienvenu dans l&rsquo;enclos am\u00e9nag\u00e9 au sud du Jardin didactique. Tout le monde ? Oui, sauf ma\u00eetre Goupil qui sera tenu \u00e0 l&rsquo;\u00e9cart des animaux pr\u00e9sent\u00e9s, gr\u00e2ce \u00e0 une cl\u00f4ture \u00e9lectrifi\u00e9e. Le grand public pourra ainsi se familiariser avec la grandeur compar\u00e9e de diverses esp\u00e8ces animales domestiqu\u00e9es, tout en profitant de trois paillotes pouvant accueillir des pique-niqueurs.<\/p>\n<p>L&rsquo;estivage 2015 comprendra ainsi divers animaux pr\u00e9sentant des diff\u00e9rences de taille. Poules naines ou grandes c\u00f4toieront la petite caille, et le tout petit mouton d&rsquo;Ouessant fera ami-ami avec les grandes dindes, les dindons et les oies. Cette ann\u00e9e, l&rsquo;estivage privil\u00e9giera la vari\u00e9t\u00e9 \u00e0 la quantit\u00e9, pour permettre \u00e0 chacun d&rsquo;appr\u00e9cier chaque animal pr\u00e9sent\u00e9.<\/p>\n<p>Ces derniers disposeront de leur propre espace, avec abri pour la nuit et contre les dents du renard. L&rsquo;Unit\u00e9 de r\u00e9insertion d&rsquo;Evologia aura l&rsquo;occasion de participer aux soins et \u00e0 l&rsquo;entretien de ce sympathique cheptel venu de divers \u00e9levages.<\/p>\n<p>Pro Evologia est heureux de participer \u00e0 la r\u00e9habilitation de l&rsquo;enclos qui a autrefois et notamment abrit\u00e9 des cochons laineux et des ch\u00e8vres grises du Tessin. L&rsquo;association entend bien faire de ce nouvel espace de vie un lieu convivial, l\u00e0 o\u00f9 l&rsquo;homme et l&rsquo;animal se c\u00f4toient et se d\u00e9couvrent. Pour concr\u00e9tiser cette rencontre, Pro Evologia proposera parfois aux enfants de venir nourrir les animaux et nettoyer les enclos.<\/p>\n<p><strong><a href=\"https:\/\/www.pro-evologia.ch\/wp-content\/uploads\/2015\/06\/Panneau-estivage-2015.pdf\" target=\"_blank\">Panneau g\u00e9n\u00e9ral de l&rsquo;estivage 2015<\/a><\/strong><\/p>\n<p><strong><a href=\"https:\/\/www.pro-evologia.ch\/wp-content\/uploads\/2015\/06\/Panneaux-animaux-estivage-2015.pdf\" target=\"_blank\">Les 7 panneaux des animaux de l&rsquo;estivage 2015<\/a><\/strong><\/p>\n","protected":false},"excerpt":{"rendered":"<p>Du plus petit au plus grand, les animaux Lors de ses voyages, Gulliver est tant\u00f4t tout petit tant\u00f4t g\u00e9ant&#8230; La th\u00e9matique du plus petit au plus grand est donc pr\u00e9sente dans les estivages 2015 de Pro Evologia. Et tout le monde sera le bienvenu dans l&rsquo;enclos am\u00e9nag\u00e9 au sud du Jardin didactique. Tout le monde &#8230; <a title=\"Estivage 2015\" class=\"read-more\" href=\"https:\/\/www.pro-evologia.ch\/?page_id=1019\" aria-label=\"En savoir plus sur Estivage 2015\">Read more<\/a><\/p>\n","protected":false},"author":1,"featured_media":0,"parent":1147,"menu_order":1,"comment_status":"closed","ping_status":"closed","template":"","meta":{"ngg_post_thumbnail":0,"generate_page_header":"","footnotes":""},"class_list":["post-1019","page","type-page","status-publish"],"yoast_head":"<!-- This site is optimized with the Yoast SEO plugin v27.5 - https:\/\/yoast.com\/product\/yoast-seo-wordpress\/ -->\n<title>Estivage 2015 &#8226; Association des amis d&#039;Evologia<\/title>\n<meta name=\"robots\" content=\"index, follow, max-snippet:-1, max-image-preview:large, max-video-preview:-1\" \/>\n<link rel=\"canonical\" href=\"https:\/\/www.pro-evologia.ch\/?page_id=1019\" \/>\n<meta property=\"og:locale\" content=\"fr_FR\" \/>\n<meta property=\"og:type\" content=\"article\" \/>\n<meta property=\"og:title\" content=\"Estivage 2015 &#8226; Association des amis d&#039;Evologia\" \/>\n<meta property=\"og:description\" content=\"Du plus petit au plus grand, les animaux Lors de ses voyages, Gulliver est tant\u00f4t tout petit tant\u00f4t g\u00e9ant&#8230; La th\u00e9matique du plus petit au plus grand est donc pr\u00e9sente dans les estivages 2015 de Pro Evologia. Et tout le monde sera le bienvenu dans l&rsquo;enclos am\u00e9nag\u00e9 au sud du Jardin didactique. Tout le monde ... Read more\" \/>\n<meta property=\"og:url\" content=\"https:\/\/www.pro-evologia.ch\/?page_id=1019\" \/>\n<meta property=\"og:site_name\" content=\"Association des amis d&#039;Evologia\" \/>\n<meta property=\"article:publisher\" content=\"https:\/\/www.facebook.com\/proevologia\" \/>\n<meta property=\"article:modified_time\" content=\"2015-09-30T13:16:19+00:00\" \/>\n<meta property=\"og:image\" content=\"https:\/\/www.pro-evologia.ch\/wp-content\/uploads\/2015\/01\/Entete.jpg\" \/>\n\t<meta property=\"og:image:width\" content=\"640\" \/>\n\t<meta property=\"og:image:height\" content=\"167\" \/>\n\t<meta property=\"og:image:type\" content=\"image\/jpeg\" \/>\n<meta name=\"twitter:label1\" content=\"Dur\u00e9e de lecture estim\u00e9e\" \/>\n\t<meta name=\"twitter:data1\" content=\"1 minute\" \/>\n<script type=\"application\/ld+json\" class=\"yoast-schema-graph\">{\"@context\":\"https:\\\/\\\/schema.org\",\"@graph\":[{\"@type\":\"WebPage\",\"@id\":\"https:\\\/\\\/www.pro-evologia.ch\\\/?page_id=1019\",\"url\":\"https:\\\/\\\/www.pro-evologia.ch\\\/?page_id=1019\",\"name\":\"Estivage 2015 &#8226; Association des amis d&#039;Evologia\",\"isPartOf\":{\"@id\":\"https:\\\/\\\/www.pro-evologia.ch\\\/#website\"},\"datePublished\":\"2015-06-29T15:18:52+00:00\",\"dateModified\":\"2015-09-30T13:16:19+00:00\",\"breadcrumb\":{\"@id\":\"https:\\\/\\\/www.pro-evologia.ch\\\/?page_id=1019#breadcrumb\"},\"inLanguage\":\"fr-FR\",\"potentialAction\":[{\"@type\":\"ReadAction\",\"target\":[\"https:\\\/\\\/www.pro-evologia.ch\\\/?page_id=1019\"]}]},{\"@type\":\"BreadcrumbList\",\"@id\":\"https:\\\/\\\/www.pro-evologia.ch\\\/?page_id=1019#breadcrumb\",\"itemListElement\":[{\"@type\":\"ListItem\",\"position\":1,\"name\":\"Accueil\",\"item\":\"https:\\\/\\\/www.pro-evologia.ch\\\/\"},{\"@type\":\"ListItem\",\"position\":2,\"name\":\"L&rsquo;Association\",\"item\":\"http:\\\/\\\/www.pro-evologia.ch\\\/?page_id=33\"},{\"@type\":\"ListItem\",\"position\":3,\"name\":\"Archives 2015\",\"item\":\"http:\\\/\\\/www.pro-evologia.ch\\\/?page_id=1147\"},{\"@type\":\"ListItem\",\"position\":4,\"name\":\"Estivage 2015\"}]},{\"@type\":\"WebSite\",\"@id\":\"https:\\\/\\\/www.pro-evologia.ch\\\/#website\",\"url\":\"https:\\\/\\\/www.pro-evologia.ch\\\/\",\"name\":\"Association des amis d&#039;Evologia\",\"description\":\"Pro Evologia est  une association \u00e0 but non lucratif qui soutient Evologia\",\"potentialAction\":[{\"@type\":\"SearchAction\",\"target\":{\"@type\":\"EntryPoint\",\"urlTemplate\":\"https:\\\/\\\/www.pro-evologia.ch\\\/?s={search_term_string}\"},\"query-input\":{\"@type\":\"PropertyValueSpecification\",\"valueRequired\":true,\"valueName\":\"search_term_string\"}}],\"inLanguage\":\"fr-FR\"}]}<\/script>\n<!-- \/ Yoast SEO plugin. -->","yoast_head_json":{"title":"Estivage 2015 &#8226; Association des amis d&#039;Evologia","robots":{"index":"index","follow":"follow","max-snippet":"max-snippet:-1","max-image-preview":"max-image-preview:large","max-video-preview":"max-video-preview:-1"},"canonical":"https:\/\/www.pro-evologia.ch\/?page_id=1019","og_locale":"fr_FR","og_type":"article","og_title":"Estivage 2015 &#8226; Association des amis d&#039;Evologia","og_description":"Du plus petit au plus grand, les animaux Lors de ses voyages, Gulliver est tant\u00f4t tout petit tant\u00f4t g\u00e9ant&#8230; La th\u00e9matique du plus petit au plus grand est donc pr\u00e9sente dans les estivages 2015 de Pro Evologia. Et tout le monde sera le bienvenu dans l&rsquo;enclos am\u00e9nag\u00e9 au sud du Jardin didactique. Tout le monde ... Read more","og_url":"https:\/\/www.pro-evologia.ch\/?page_id=1019","og_site_name":"Association des amis d&#039;Evologia","article_publisher":"https:\/\/www.facebook.com\/proevologia","article_modified_time":"2015-09-30T13:16:19+00:00","og_image":[{"width":640,"height":167,"url":"https:\/\/www.pro-evologia.ch\/wp-content\/uploads\/2015\/01\/Entete.jpg","type":"image\/jpeg"}],"twitter_misc":{"Dur\u00e9e de lecture estim\u00e9e":"1 minute"},"schema":{"@context":"https:\/\/schema.org","@graph":[{"@type":"WebPage","@id":"https:\/\/www.pro-evologia.ch\/?page_id=1019","url":"https:\/\/www.pro-evologia.ch\/?page_id=1019","name":"Estivage 2015 &#8226; Association des amis d&#039;Evologia","isPartOf":{"@id":"https:\/\/www.pro-evologia.ch\/#website"},"datePublished":"2015-06-29T15:18:52+00:00","dateModified":"2015-09-30T13:16:19+00:00","breadcrumb":{"@id":"https:\/\/www.pro-evologia.ch\/?page_id=1019#breadcrumb"},"inLanguage":"fr-FR","potentialAction":[{"@type":"ReadAction","target":["https:\/\/www.pro-evologia.ch\/?page_id=1019"]}]},{"@type":"BreadcrumbList","@id":"https:\/\/www.pro-evologia.ch\/?page_id=1019#breadcrumb","itemListElement":[{"@type":"ListItem","position":1,"name":"Accueil","item":"https:\/\/www.pro-evologia.ch\/"},{"@type":"ListItem","position":2,"name":"L&rsquo;Association","item":"http:\/\/www.pro-evologia.ch\/?page_id=33"},{"@type":"ListItem","position":3,"name":"Archives 2015","item":"http:\/\/www.pro-evologia.ch\/?page_id=1147"},{"@type":"ListItem","position":4,"name":"Estivage 2015"}]},{"@type":"WebSite","@id":"https:\/\/www.pro-evologia.ch\/#website","url":"https:\/\/www.pro-evologia.ch\/","name":"Association des amis d&#039;Evologia","description":"Pro Evologia est  une association \u00e0 but non lucratif qui soutient Evologia","potentialAction":[{"@type":"SearchAction","target":{"@type":"EntryPoint","urlTemplate":"https:\/\/www.pro-evologia.ch\/?s={search_term_string}"},"query-input":{"@type":"PropertyValueSpecification","valueRequired":true,"valueName":"search_term_string"}}],"inLanguage":"fr-FR"}]}},"_links":{"self":[{"href":"https:\/\/www.pro-evologia.ch\/index.php?rest_route=\/wp\/v2\/pages\/1019","targetHints":{"allow":["GET"]}}],"collection":[{"href":"https:\/\/www.pro-evologia.ch\/index.php?rest_route=\/wp\/v2\/pages"}],"about":[{"href":"https:\/\/www.pro-evologia.ch\/index.php?rest_route=\/wp\/v2\/types\/page"}],"author":[{"embeddable":true,"href":"https:\/\/www.pro-evologia.ch\/index.php?rest_route=\/wp\/v2\/users\/1"}],"replies":[{"embeddable":true,"href":"https:\/\/www.pro-evologia.ch\/index.php?rest_route=%2Fwp%2Fv2%2Fcomments&post=1019"}],"version-history":[{"count":0,"href":"https:\/\/www.pro-evologia.ch\/index.php?rest_route=\/wp\/v2\/pages\/1019\/revisions"}],"up":[{"embeddable":true,"href":"https:\/\/www.pro-evologia.ch\/index.php?rest_route=\/wp\/v2\/pages\/1147"}],"wp:attachment":[{"href":"https:\/\/www.pro-evologia.ch\/index.php?rest_route=%2Fwp%2Fv2%2Fmedia&parent=1019"}],"curies":[{"name":"wp","href":"https:\/\/api.w.org\/{rel}","templated":true}]}}