{"id":995,"date":"2015-06-27T17:38:38","date_gmt":"2015-06-27T15:38:38","guid":{"rendered":"http:\/\/www.pro-evologia.ch\/?page_id=995"},"modified":"2015-06-27T17:40:52","modified_gmt":"2015-06-27T15:40:52","slug":"fritillaire-pintade","status":"publish","type":"page","link":"http:\/\/www.pro-evologia.ch\/?page_id=995","title":{"rendered":"Fritillaire Pintade"},"content":{"rendered":"<div class=\"page\" title=\"Page 1\">\n<div class=\"layoutArea\">\n<div class=\"column\">\n<h2>Fritillaire pintade, sur la liste rouge des espe\u0300ces menace\u0301es<\/h2>\n<\/div>\n<\/div>\n<\/div>\n<p>Fleur de la famille des liliac\u00e9es (qui renferme les lys notamment), la fritillaire pintade doit son nom aux damiers ornant ses p\u00e9tales et rappelant curieusement le plumage de ces oiseaux.<\/p>\n<p>Figurant aujourd\u2019hui sur la liste rouge des esp\u00e8ces menac\u00e9es, elle \u00e9tait autrefois tr\u00e8s pr\u00e9sente dans les zones de prairies inondables \u00e0 proximit\u00e9 des cours d\u2019eau. En effet, pour son d\u00e9veloppement elle a besoin d\u2019un sol d\u00e9tremp\u00e9 durant la p\u00e9riode allant de mars \u00e0 mai soit lorsque la plante fleurit et produit ses graines.<\/p>\n<p>La canalisation des cours d\u2019eau ainsi que les syst\u00e8mes de drainage ne permettent plus l\u2019inondation temporaire des prairies alluviales adjacentes ce qui pourrait expliquer la rar\u00e9faction de cette plante. Au niveau des pratiques agricoles, une fauche trop pr\u00e9coce ne permettant plus \u00e0 la plante de r\u00e9aliser son cycle ou encore un apport excessif d\u2019engrais serait \u00e9galement des facteurs p\u00e9jorant\u2026<\/p>\n<p>Dans le canton, la prairie des Goudebas situ\u00e9e sur la commune des Brenets rassemble 80% des effectifs de fritillaires en Suisse. D\u2019ailleurs, cette plante portait autrefois le nom de <em>Tulipe de Goudeba.<\/em><\/p>\n<p>Au Val-de-Ruz, les Pr\u00e9s Mar\u00e9chaux, situ\u00e9s le long du Seyon, en contrebas du village d\u2019Engollon, sont un des sites o\u00f9 il est possible de la rencontrer. Provenant probablement d\u2019une introduction \u00e0 la fin du 19\u00e8<sup>me<\/sup> et d\u00e9but 20<sup>\u00e8me<\/sup> si\u00e8cle de quelques plants issus des Goudebas par des naturalistes passionn\u00e9s, les quelques individus qui demeurent encore aujourd\u2019hui b\u00e9n\u00e9ficient de mesures afin de p\u00e9renniser ce site.<\/p>\n<ul>\n<li><em>Milieu o\u00f9 elle se d\u00e9veloppe\u00a0: prairie inondable proche des cours d\u2019eau\u00a0; sol d\u00e9tremp\u00e9 entre mars et mai <\/em><\/li>\n<li><em>Menace\u00a0: Un exc\u00e8s d\u2019engrais, une fauche pr\u00e9coce, la quantit\u00e9 d\u2019eau apport\u00e9e par les cours d\u2019eau qui ne doit \u00eatre ni trop faible, ni trop importante, et la cueillette<\/em><\/li>\n<li><em>Mesures\u00a0: revitalisation du cours d\u2019eau permettant de remonter la nappe phr\u00e9atique afin que les bulbes puissent \u00eatre dans un sol d\u00e9tremp\u00e9 lors de la phase de floraison, retarder la fauche, rehaussement de la nappe<\/em><\/li>\n<li><em>Ethnobotanique\u00a0: elle \u00e9tait autrefois cultiv\u00e9e pour ses vertus m\u00e9dicinales et \u00e9tait utilis\u00e9e en tant que diur\u00e9tique ainsi que pour faire dispara\u00eetre les inflammations et pour permettre un rel\u00e2chement des muscles (r\u00e9solutive et \u00e9molliente)<\/em><\/li>\n<\/ul>\n<p>Les individus recens\u00e9s aux Pr\u00e9s Mar\u00e9chaux proviennent apparemment d\u2019une introduction (ou d\u2019une r\u00e9introduction\u00a0; nous ne disposons toutefois pas de preuves que cette plante \u00e9tait effectivement pr\u00e9sente sur ce site auparavant) par des naturalistes, il y a environ un si\u00e8cle de cela. Il s\u2019agit donc d\u2019une population artificielle qui n\u2019est pr\u00e9sente que gr\u00e2ce \u00e0 l\u2019intervention humaine. Malgr\u00e9 son statut de population artificielle, cette population devrait-elle malgr\u00e9 tout faire l\u2019objet de mesures de sauvegarde\u00a0? De mani\u00e8re g\u00e9n\u00e9rale les mesures prises visent \u00e0 redonner \u00e0 l\u2019\u00e9cosyst\u00e8me un fonctionnement proche du naturel et favorisent par l\u00e0 m\u00eame cette esp\u00e8ce. De m\u00eame, au fil des d\u00e9cennies, sa pr\u00e9sence a pris une valeur symbolique et patrimoniale importante pour la population vaudruzienne, ce qui constitue un argument suppl\u00e9mentaire justifiant sa pr\u00e9servation.<\/p>\n","protected":false},"excerpt":{"rendered":"<p>Fritillaire pintade, sur la liste rouge des espe\u0300ces menace\u0301es Fleur de la famille des liliac\u00e9es (qui renferme les lys notamment), la fritillaire pintade doit son nom aux damiers ornant ses p\u00e9tales et rappelant curieusement le plumage de ces oiseaux. Figurant aujourd\u2019hui sur la liste rouge des esp\u00e8ces menac\u00e9es, elle \u00e9tait autrefois tr\u00e8s pr\u00e9sente dans les &#8230; <a title=\"Fritillaire Pintade\" class=\"read-more\" href=\"http:\/\/www.pro-evologia.ch\/?page_id=995\" aria-label=\"En savoir plus sur Fritillaire Pintade\">Read more<\/a><\/p>\n","protected":false},"author":1,"featured_media":0,"parent":816,"menu_order":2,"comment_status":"closed","ping_status":"closed","template":"","meta":{"ngg_post_thumbnail":0,"generate_page_header":"","footnotes":""},"class_list":["post-995","page","type-page","status-publish"],"yoast_head":"<!-- This site is optimized with the Yoast SEO plugin v27.2 - https:\/\/yoast.com\/product\/yoast-seo-wordpress\/ -->\n<title>Fritillaire Pintade &#8226; Association des amis d&#039;Evologia<\/title>\n<meta name=\"robots\" content=\"index, follow, max-snippet:-1, max-image-preview:large, max-video-preview:-1\" \/>\n<link rel=\"canonical\" href=\"https:\/\/www.pro-evologia.ch\/?page_id=995\" \/>\n<meta property=\"og:locale\" content=\"fr_FR\" \/>\n<meta property=\"og:type\" content=\"article\" \/>\n<meta property=\"og:title\" content=\"Fritillaire Pintade &#8226; Association des amis d&#039;Evologia\" \/>\n<meta property=\"og:description\" content=\"Fritillaire pintade, sur la liste rouge des espe\u0300ces menace\u0301es Fleur de la famille des liliac\u00e9es (qui renferme les lys notamment), la fritillaire pintade doit son nom aux damiers ornant ses p\u00e9tales et rappelant curieusement le plumage de ces oiseaux. Figurant aujourd\u2019hui sur la liste rouge des esp\u00e8ces menac\u00e9es, elle \u00e9tait autrefois tr\u00e8s pr\u00e9sente dans les ... Read more\" \/>\n<meta property=\"og:url\" content=\"https:\/\/www.pro-evologia.ch\/?page_id=995\" \/>\n<meta property=\"og:site_name\" content=\"Association des amis d&#039;Evologia\" \/>\n<meta property=\"article:publisher\" content=\"https:\/\/www.facebook.com\/proevologia\" \/>\n<meta property=\"article:modified_time\" content=\"2015-06-27T15:40:52+00:00\" \/>\n<meta property=\"og:image\" content=\"http:\/\/www.pro-evologia.ch\/wp-content\/uploads\/2015\/01\/Entete.jpg\" \/>\n\t<meta property=\"og:image:width\" content=\"640\" \/>\n\t<meta property=\"og:image:height\" content=\"167\" \/>\n\t<meta property=\"og:image:type\" content=\"image\/jpeg\" \/>\n<meta name=\"twitter:label1\" content=\"Dur\u00e9e de lecture estim\u00e9e\" \/>\n\t<meta name=\"twitter:data1\" content=\"3 minutes\" \/>\n<script type=\"application\/ld+json\" class=\"yoast-schema-graph\">{\"@context\":\"https:\/\/schema.org\",\"@graph\":[{\"@type\":\"WebPage\",\"@id\":\"https:\/\/www.pro-evologia.ch\/?page_id=995\",\"url\":\"https:\/\/www.pro-evologia.ch\/?page_id=995\",\"name\":\"Fritillaire Pintade &#8226; Association des amis d&#039;Evologia\",\"isPartOf\":{\"@id\":\"https:\/\/www.pro-evologia.ch\/#website\"},\"datePublished\":\"2015-06-27T15:38:38+00:00\",\"dateModified\":\"2015-06-27T15:40:52+00:00\",\"breadcrumb\":{\"@id\":\"https:\/\/www.pro-evologia.ch\/?page_id=995#breadcrumb\"},\"inLanguage\":\"fr-FR\",\"potentialAction\":[{\"@type\":\"ReadAction\",\"target\":[\"https:\/\/www.pro-evologia.ch\/?page_id=995\"]}]},{\"@type\":\"BreadcrumbList\",\"@id\":\"https:\/\/www.pro-evologia.ch\/?page_id=995#breadcrumb\",\"itemListElement\":[{\"@type\":\"ListItem\",\"position\":1,\"name\":\"Accueil\",\"item\":\"https:\/\/www.pro-evologia.ch\/\"},{\"@type\":\"ListItem\",\"position\":2,\"name\":\"L&rsquo;Association\",\"item\":\"https:\/\/www.pro-evologia.ch\/?page_id=33\"},{\"@type\":\"ListItem\",\"position\":3,\"name\":\"Archives 2015\",\"item\":\"https:\/\/www.pro-evologia.ch\/?page_id=1147\"},{\"@type\":\"ListItem\",\"position\":4,\"name\":\"Exposition 2015 \u00ab\u00a0Eco-r\u00e9seaux &#038; Paysages au Val-de-Ruz\u00a0\u00bb\",\"item\":\"https:\/\/www.pro-evologia.ch\/?page_id=60\"},{\"@type\":\"ListItem\",\"position\":5,\"name\":\"Panneaux de l&rsquo;exposition\",\"item\":\"https:\/\/www.pro-evologia.ch\/?page_id=810\"},{\"@type\":\"ListItem\",\"position\":6,\"name\":\"Panneaux \u00ab\u00a0L&rsquo;eau\u00a0\u00bb\",\"item\":\"https:\/\/www.pro-evologia.ch\/?page_id=816\"},{\"@type\":\"ListItem\",\"position\":7,\"name\":\"Fritillaire Pintade\"}]},{\"@type\":\"WebSite\",\"@id\":\"https:\/\/www.pro-evologia.ch\/#website\",\"url\":\"https:\/\/www.pro-evologia.ch\/\",\"name\":\"Association des amis d&#039;Evologia\",\"description\":\"Pro Evologia est  une association \u00e0 but non lucratif qui soutient Evologia\",\"potentialAction\":[{\"@type\":\"SearchAction\",\"target\":{\"@type\":\"EntryPoint\",\"urlTemplate\":\"https:\/\/www.pro-evologia.ch\/?s={search_term_string}\"},\"query-input\":{\"@type\":\"PropertyValueSpecification\",\"valueRequired\":true,\"valueName\":\"search_term_string\"}}],\"inLanguage\":\"fr-FR\"}]}<\/script>\n<!-- \/ Yoast SEO plugin. -->","yoast_head_json":{"title":"Fritillaire Pintade &#8226; Association des amis d&#039;Evologia","robots":{"index":"index","follow":"follow","max-snippet":"max-snippet:-1","max-image-preview":"max-image-preview:large","max-video-preview":"max-video-preview:-1"},"canonical":"https:\/\/www.pro-evologia.ch\/?page_id=995","og_locale":"fr_FR","og_type":"article","og_title":"Fritillaire Pintade &#8226; Association des amis d&#039;Evologia","og_description":"Fritillaire pintade, sur la liste rouge des espe\u0300ces menace\u0301es Fleur de la famille des liliac\u00e9es (qui renferme les lys notamment), la fritillaire pintade doit son nom aux damiers ornant ses p\u00e9tales et rappelant curieusement le plumage de ces oiseaux. Figurant aujourd\u2019hui sur la liste rouge des esp\u00e8ces menac\u00e9es, elle \u00e9tait autrefois tr\u00e8s pr\u00e9sente dans les ... Read more","og_url":"https:\/\/www.pro-evologia.ch\/?page_id=995","og_site_name":"Association des amis d&#039;Evologia","article_publisher":"https:\/\/www.facebook.com\/proevologia","article_modified_time":"2015-06-27T15:40:52+00:00","og_image":[{"width":640,"height":167,"url":"http:\/\/www.pro-evologia.ch\/wp-content\/uploads\/2015\/01\/Entete.jpg","type":"image\/jpeg"}],"twitter_misc":{"Dur\u00e9e de lecture estim\u00e9e":"3 minutes"},"schema":{"@context":"https:\/\/schema.org","@graph":[{"@type":"WebPage","@id":"https:\/\/www.pro-evologia.ch\/?page_id=995","url":"https:\/\/www.pro-evologia.ch\/?page_id=995","name":"Fritillaire Pintade &#8226; Association des amis d&#039;Evologia","isPartOf":{"@id":"https:\/\/www.pro-evologia.ch\/#website"},"datePublished":"2015-06-27T15:38:38+00:00","dateModified":"2015-06-27T15:40:52+00:00","breadcrumb":{"@id":"https:\/\/www.pro-evologia.ch\/?page_id=995#breadcrumb"},"inLanguage":"fr-FR","potentialAction":[{"@type":"ReadAction","target":["https:\/\/www.pro-evologia.ch\/?page_id=995"]}]},{"@type":"BreadcrumbList","@id":"https:\/\/www.pro-evologia.ch\/?page_id=995#breadcrumb","itemListElement":[{"@type":"ListItem","position":1,"name":"Accueil","item":"https:\/\/www.pro-evologia.ch\/"},{"@type":"ListItem","position":2,"name":"L&rsquo;Association","item":"https:\/\/www.pro-evologia.ch\/?page_id=33"},{"@type":"ListItem","position":3,"name":"Archives 2015","item":"https:\/\/www.pro-evologia.ch\/?page_id=1147"},{"@type":"ListItem","position":4,"name":"Exposition 2015 \u00ab\u00a0Eco-r\u00e9seaux &#038; Paysages au Val-de-Ruz\u00a0\u00bb","item":"https:\/\/www.pro-evologia.ch\/?page_id=60"},{"@type":"ListItem","position":5,"name":"Panneaux de l&rsquo;exposition","item":"https:\/\/www.pro-evologia.ch\/?page_id=810"},{"@type":"ListItem","position":6,"name":"Panneaux \u00ab\u00a0L&rsquo;eau\u00a0\u00bb","item":"https:\/\/www.pro-evologia.ch\/?page_id=816"},{"@type":"ListItem","position":7,"name":"Fritillaire Pintade"}]},{"@type":"WebSite","@id":"https:\/\/www.pro-evologia.ch\/#website","url":"https:\/\/www.pro-evologia.ch\/","name":"Association des amis d&#039;Evologia","description":"Pro Evologia est  une association \u00e0 but non lucratif qui soutient Evologia","potentialAction":[{"@type":"SearchAction","target":{"@type":"EntryPoint","urlTemplate":"https:\/\/www.pro-evologia.ch\/?s={search_term_string}"},"query-input":{"@type":"PropertyValueSpecification","valueRequired":true,"valueName":"search_term_string"}}],"inLanguage":"fr-FR"}]}},"_links":{"self":[{"href":"http:\/\/www.pro-evologia.ch\/index.php?rest_route=\/wp\/v2\/pages\/995","targetHints":{"allow":["GET"]}}],"collection":[{"href":"http:\/\/www.pro-evologia.ch\/index.php?rest_route=\/wp\/v2\/pages"}],"about":[{"href":"http:\/\/www.pro-evologia.ch\/index.php?rest_route=\/wp\/v2\/types\/page"}],"author":[{"embeddable":true,"href":"http:\/\/www.pro-evologia.ch\/index.php?rest_route=\/wp\/v2\/users\/1"}],"replies":[{"embeddable":true,"href":"http:\/\/www.pro-evologia.ch\/index.php?rest_route=%2Fwp%2Fv2%2Fcomments&post=995"}],"version-history":[{"count":0,"href":"http:\/\/www.pro-evologia.ch\/index.php?rest_route=\/wp\/v2\/pages\/995\/revisions"}],"up":[{"embeddable":true,"href":"http:\/\/www.pro-evologia.ch\/index.php?rest_route=\/wp\/v2\/pages\/816"}],"wp:attachment":[{"href":"http:\/\/www.pro-evologia.ch\/index.php?rest_route=%2Fwp%2Fv2%2Fmedia&parent=995"}],"curies":[{"name":"wp","href":"https:\/\/api.w.org\/{rel}","templated":true}]}}