{"id":3430,"date":"2025-05-21T09:39:24","date_gmt":"2025-05-21T07:39:24","guid":{"rendered":"https:\/\/www.pro-evologia.ch\/?page_id=3430"},"modified":"2026-01-22T17:27:29","modified_gmt":"2026-01-22T16:27:29","slug":"charte-grandeur-nature","status":"publish","type":"page","link":"http:\/\/www.pro-evologia.ch\/?page_id=3430","title":{"rendered":"Charte Grandeur nature"},"content":{"rendered":"\n<p class=\"has-large-font-size\"><strong>Dix pictogrammes pour partager le bon sens<\/strong><\/p>\n\n\n<div class=\"wp-block-image is-style-rounded\">\n<figure class=\"aligncenter size-full is-resized\"><a href=\"https:\/\/www.pro-evologia.ch\/wp-content\/uploads\/2025\/05\/Charte.jpg\"><img loading=\"lazy\" decoding=\"async\" width=\"260\" height=\"258\" src=\"https:\/\/www.pro-evologia.ch\/wp-content\/uploads\/2025\/05\/Charte.jpg\" alt=\"\" class=\"wp-image-3440\" style=\"width:335px;height:auto\" srcset=\"http:\/\/www.pro-evologia.ch\/wp-content\/uploads\/2025\/05\/Charte.jpg 260w, http:\/\/www.pro-evologia.ch\/wp-content\/uploads\/2025\/05\/Charte-150x150.jpg 150w\" sizes=\"auto, (max-width: 260px) 100vw, 260px\" \/><\/a><\/figure>\n<\/div>\n\n\n<p class=\"has-text-align-left has-medium-font-size\"><strong>L\u2019Association Pro Evologia est signataire de la charte Respect Grandeur Nature qui vise \u00e0 promouvoir une pratique respectueuse des espaces naturels et des autres dans le cadre des loisirs en ext\u00e9rieur.<\/strong><\/p>\n\n\n\n<p class=\"has-text-align-left has-medium-font-size\">ECOFORUM, fa\u00eeti\u00e8re des associations de protection de la nature et du patrimoine neuch\u00e2telois, a invit\u00e9 ses membres ainsi que diverses associations sportives ou d\u2019activit\u00e9s de plein air \u00e0 r\u00e9fl\u00e9chir sur la th\u00e9matique des d\u00e9rangements li\u00e9s aux pratiques de loisirs en ext\u00e9rieur.<\/p>\n\n\n\n<p class=\"has-text-align-left has-medium-font-size\">Apr\u00e8s plus d\u2019un an et demi d\u2019\u00e9changes et de discussions, le r\u00e9sultat de ce travail collectif se mat\u00e9rialise sous la forme de la charte Respect grandeur nature. Celle-ci pr\u00e9sente, en 10 points, les meilleures fa\u00e7ons de pratiquer son activit\u00e9 dans l\u2019optique d\u2019impacter le moins possible la nature. Elle cherche \u00e9galement \u00e0 favoriser des relations sereines avec les autres personnes qui partagent le m\u00eame espace.<\/p>\n\n\n\n<p class=\"has-text-align-left has-medium-font-size\">Un site internet est d\u00e9di\u00e9 \u00e0 la charte. Il fourmille de conseils et d\u2019informations en lien avec les enjeux li\u00e9s \u00e0 chacun de ces dix principes. Il d\u00e9taille \u00e9galement les r\u00e8gles en vigueur selon le milieu naturel parcouru. Un moteur de recherche permet d\u2019acc\u00e9der \u00e0 de nombreux liens dont la liste est r\u00e9guli\u00e8rement mise \u00e0 jour et compl\u00e9t\u00e9e.<\/p>\n\n\n\n<p class=\"has-text-align-left has-medium-font-size\">Un parcours ludique permet d\u2019aboutir \u00e0 des recommandations plus sp\u00e9cifiques, en fonction du moment de la journ\u00e9e ou de l\u2019ann\u00e9e, du type d\u2019activit\u00e9 ou du milieu o\u00f9 se d\u00e9roule l\u2019activit\u00e9.<\/p>\n\n\n\n<p class=\"has-text-align-left has-medium-font-size\">De nombreuses associations et collectivit\u00e9s sont d\u2019ores et d\u00e9j\u00e0 signataires de la charte Respect grandeur nature. Leur liste, disponible sur le site internet, ne cesse de s\u2019allonger. Tous ensemble, nous partageons des valeurs communes et nous avons \u00e0 c\u0153ur de les mettre en pratique dans nos activit\u00e9s.<\/p>\n\n\n\n<p class=\"has-medium-font-size\"><strong>Pro Evologia<\/strong> encourage ses membres \u00e0 liker la charte et \u00e0 s\u2019approprier les dix principes qui l\u2019animent.<\/p>\n\n\n\n<p class=\"has-medium-font-size\">Pour une biodiversit\u00e9 foisonnante tout autour de nous !<\/p>\n\n\n\n<p class=\"has-medium-font-size\"><strong><a href=\"https:\/\/www.respectgrandeurnature-neuch.ch\/\">Respect grandeur nature<\/a> &nbsp;&#8211; &nbsp;<a href=\"http:\/\/www.ecoforum-ne.ch\">ECOFORUM<\/a><\/strong><\/p>\n\n\n\n<figure class=\"wp-block-image size-large is-resized\"><a href=\"http:\/\/www.pro-evologia.ch\/wp-content\/uploads\/2025\/05\/RESPECT-GRANDEUR-NATURE-A4.jpg\"><img loading=\"lazy\" decoding=\"async\" width=\"724\" height=\"1024\" src=\"http:\/\/www.pro-evologia.ch\/wp-content\/uploads\/2025\/05\/RESPECT-GRANDEUR-NATURE-A4-724x1024.jpg\" alt=\"\" class=\"wp-image-3433\" style=\"width:889px;height:auto\" srcset=\"http:\/\/www.pro-evologia.ch\/wp-content\/uploads\/2025\/05\/RESPECT-GRANDEUR-NATURE-A4-724x1024.jpg 724w, http:\/\/www.pro-evologia.ch\/wp-content\/uploads\/2025\/05\/RESPECT-GRANDEUR-NATURE-A4-212x300.jpg 212w, http:\/\/www.pro-evologia.ch\/wp-content\/uploads\/2025\/05\/RESPECT-GRANDEUR-NATURE-A4-768x1086.jpg 768w, http:\/\/www.pro-evologia.ch\/wp-content\/uploads\/2025\/05\/RESPECT-GRANDEUR-NATURE-A4-1086x1536.jpg 1086w, http:\/\/www.pro-evologia.ch\/wp-content\/uploads\/2025\/05\/RESPECT-GRANDEUR-NATURE-A4.jpg 1240w\" sizes=\"auto, (max-width: 724px) 100vw, 724px\" \/><\/a><\/figure>\n","protected":false},"excerpt":{"rendered":"<p>Dix pictogrammes pour partager le bon sens L\u2019Association Pro Evologia est signataire de la charte Respect Grandeur Nature qui vise \u00e0 promouvoir une pratique respectueuse des espaces naturels et des autres dans le cadre des loisirs en ext\u00e9rieur. ECOFORUM, fa\u00eeti\u00e8re des associations de protection de la nature et du patrimoine neuch\u00e2telois, a invit\u00e9 ses membres &#8230; <a title=\"Charte Grandeur nature\" class=\"read-more\" href=\"http:\/\/www.pro-evologia.ch\/?page_id=3430\" aria-label=\"En savoir plus sur Charte Grandeur nature\">Read more<\/a><\/p>\n","protected":false},"author":1,"featured_media":0,"parent":33,"menu_order":3,"comment_status":"closed","ping_status":"closed","template":"","meta":{"ngg_post_thumbnail":0,"generate_page_header":"","footnotes":""},"class_list":["post-3430","page","type-page","status-publish"],"yoast_head":"<!-- This site is optimized with the Yoast SEO plugin v27.4 - https:\/\/yoast.com\/product\/yoast-seo-wordpress\/ -->\n<title>Charte Grandeur nature &#8226; Association des amis d&#039;Evologia<\/title>\n<meta name=\"robots\" content=\"index, follow, max-snippet:-1, max-image-preview:large, max-video-preview:-1\" \/>\n<link rel=\"canonical\" href=\"https:\/\/www.pro-evologia.ch\/?page_id=3430\" \/>\n<meta property=\"og:locale\" content=\"fr_FR\" \/>\n<meta property=\"og:type\" content=\"article\" \/>\n<meta property=\"og:title\" content=\"Charte Grandeur nature &#8226; Association des amis d&#039;Evologia\" \/>\n<meta property=\"og:description\" content=\"Dix pictogrammes pour partager le bon sens L\u2019Association Pro Evologia est signataire de la charte Respect Grandeur Nature qui vise \u00e0 promouvoir une pratique respectueuse des espaces naturels et des autres dans le cadre des loisirs en ext\u00e9rieur. ECOFORUM, fa\u00eeti\u00e8re des associations de protection de la nature et du patrimoine neuch\u00e2telois, a invit\u00e9 ses membres ... Read more\" \/>\n<meta property=\"og:url\" content=\"https:\/\/www.pro-evologia.ch\/?page_id=3430\" \/>\n<meta property=\"og:site_name\" content=\"Association des amis d&#039;Evologia\" \/>\n<meta property=\"article:publisher\" content=\"https:\/\/www.facebook.com\/proevologia\" \/>\n<meta property=\"article:modified_time\" content=\"2026-01-22T16:27:29+00:00\" \/>\n<meta property=\"og:image\" content=\"https:\/\/www.pro-evologia.ch\/wp-content\/uploads\/2025\/05\/Charte.jpg\" \/>\n<meta name=\"twitter:label1\" content=\"Dur\u00e9e de lecture estim\u00e9e\" \/>\n\t<meta name=\"twitter:data1\" content=\"2 minutes\" \/>\n<script type=\"application\/ld+json\" class=\"yoast-schema-graph\">{\"@context\":\"https:\\\/\\\/schema.org\",\"@graph\":[{\"@type\":\"WebPage\",\"@id\":\"https:\\\/\\\/www.pro-evologia.ch\\\/?page_id=3430\",\"url\":\"https:\\\/\\\/www.pro-evologia.ch\\\/?page_id=3430\",\"name\":\"Charte Grandeur nature &#8226; Association des amis d&#039;Evologia\",\"isPartOf\":{\"@id\":\"https:\\\/\\\/www.pro-evologia.ch\\\/#website\"},\"primaryImageOfPage\":{\"@id\":\"https:\\\/\\\/www.pro-evologia.ch\\\/?page_id=3430#primaryimage\"},\"image\":{\"@id\":\"https:\\\/\\\/www.pro-evologia.ch\\\/?page_id=3430#primaryimage\"},\"thumbnailUrl\":\"https:\\\/\\\/www.pro-evologia.ch\\\/wp-content\\\/uploads\\\/2025\\\/05\\\/Charte.jpg\",\"datePublished\":\"2025-05-21T07:39:24+00:00\",\"dateModified\":\"2026-01-22T16:27:29+00:00\",\"breadcrumb\":{\"@id\":\"https:\\\/\\\/www.pro-evologia.ch\\\/?page_id=3430#breadcrumb\"},\"inLanguage\":\"fr-FR\",\"potentialAction\":[{\"@type\":\"ReadAction\",\"target\":[\"https:\\\/\\\/www.pro-evologia.ch\\\/?page_id=3430\"]}]},{\"@type\":\"ImageObject\",\"inLanguage\":\"fr-FR\",\"@id\":\"https:\\\/\\\/www.pro-evologia.ch\\\/?page_id=3430#primaryimage\",\"url\":\"https:\\\/\\\/www.pro-evologia.ch\\\/wp-content\\\/uploads\\\/2025\\\/05\\\/Charte.jpg\",\"contentUrl\":\"https:\\\/\\\/www.pro-evologia.ch\\\/wp-content\\\/uploads\\\/2025\\\/05\\\/Charte.jpg\"},{\"@type\":\"BreadcrumbList\",\"@id\":\"https:\\\/\\\/www.pro-evologia.ch\\\/?page_id=3430#breadcrumb\",\"itemListElement\":[{\"@type\":\"ListItem\",\"position\":1,\"name\":\"Accueil\",\"item\":\"https:\\\/\\\/www.pro-evologia.ch\\\/\"},{\"@type\":\"ListItem\",\"position\":2,\"name\":\"L&rsquo;Association\",\"item\":\"https:\\\/\\\/www.pro-evologia.ch\\\/?page_id=33\"},{\"@type\":\"ListItem\",\"position\":3,\"name\":\"Charte Grandeur nature\"}]},{\"@type\":\"WebSite\",\"@id\":\"https:\\\/\\\/www.pro-evologia.ch\\\/#website\",\"url\":\"https:\\\/\\\/www.pro-evologia.ch\\\/\",\"name\":\"Association des amis d&#039;Evologia\",\"description\":\"Pro Evologia est  une association \u00e0 but non lucratif qui soutient Evologia\",\"potentialAction\":[{\"@type\":\"SearchAction\",\"target\":{\"@type\":\"EntryPoint\",\"urlTemplate\":\"https:\\\/\\\/www.pro-evologia.ch\\\/?s={search_term_string}\"},\"query-input\":{\"@type\":\"PropertyValueSpecification\",\"valueRequired\":true,\"valueName\":\"search_term_string\"}}],\"inLanguage\":\"fr-FR\"}]}<\/script>\n<!-- \/ Yoast SEO plugin. -->","yoast_head_json":{"title":"Charte Grandeur nature &#8226; Association des amis d&#039;Evologia","robots":{"index":"index","follow":"follow","max-snippet":"max-snippet:-1","max-image-preview":"max-image-preview:large","max-video-preview":"max-video-preview:-1"},"canonical":"https:\/\/www.pro-evologia.ch\/?page_id=3430","og_locale":"fr_FR","og_type":"article","og_title":"Charte Grandeur nature &#8226; Association des amis d&#039;Evologia","og_description":"Dix pictogrammes pour partager le bon sens L\u2019Association Pro Evologia est signataire de la charte Respect Grandeur Nature qui vise \u00e0 promouvoir une pratique respectueuse des espaces naturels et des autres dans le cadre des loisirs en ext\u00e9rieur. ECOFORUM, fa\u00eeti\u00e8re des associations de protection de la nature et du patrimoine neuch\u00e2telois, a invit\u00e9 ses membres ... Read more","og_url":"https:\/\/www.pro-evologia.ch\/?page_id=3430","og_site_name":"Association des amis d&#039;Evologia","article_publisher":"https:\/\/www.facebook.com\/proevologia","article_modified_time":"2026-01-22T16:27:29+00:00","og_image":[{"url":"https:\/\/www.pro-evologia.ch\/wp-content\/uploads\/2025\/05\/Charte.jpg","type":"","width":"","height":""}],"twitter_misc":{"Dur\u00e9e de lecture estim\u00e9e":"2 minutes"},"schema":{"@context":"https:\/\/schema.org","@graph":[{"@type":"WebPage","@id":"https:\/\/www.pro-evologia.ch\/?page_id=3430","url":"https:\/\/www.pro-evologia.ch\/?page_id=3430","name":"Charte Grandeur nature &#8226; Association des amis d&#039;Evologia","isPartOf":{"@id":"https:\/\/www.pro-evologia.ch\/#website"},"primaryImageOfPage":{"@id":"https:\/\/www.pro-evologia.ch\/?page_id=3430#primaryimage"},"image":{"@id":"https:\/\/www.pro-evologia.ch\/?page_id=3430#primaryimage"},"thumbnailUrl":"https:\/\/www.pro-evologia.ch\/wp-content\/uploads\/2025\/05\/Charte.jpg","datePublished":"2025-05-21T07:39:24+00:00","dateModified":"2026-01-22T16:27:29+00:00","breadcrumb":{"@id":"https:\/\/www.pro-evologia.ch\/?page_id=3430#breadcrumb"},"inLanguage":"fr-FR","potentialAction":[{"@type":"ReadAction","target":["https:\/\/www.pro-evologia.ch\/?page_id=3430"]}]},{"@type":"ImageObject","inLanguage":"fr-FR","@id":"https:\/\/www.pro-evologia.ch\/?page_id=3430#primaryimage","url":"https:\/\/www.pro-evologia.ch\/wp-content\/uploads\/2025\/05\/Charte.jpg","contentUrl":"https:\/\/www.pro-evologia.ch\/wp-content\/uploads\/2025\/05\/Charte.jpg"},{"@type":"BreadcrumbList","@id":"https:\/\/www.pro-evologia.ch\/?page_id=3430#breadcrumb","itemListElement":[{"@type":"ListItem","position":1,"name":"Accueil","item":"https:\/\/www.pro-evologia.ch\/"},{"@type":"ListItem","position":2,"name":"L&rsquo;Association","item":"https:\/\/www.pro-evologia.ch\/?page_id=33"},{"@type":"ListItem","position":3,"name":"Charte Grandeur nature"}]},{"@type":"WebSite","@id":"https:\/\/www.pro-evologia.ch\/#website","url":"https:\/\/www.pro-evologia.ch\/","name":"Association des amis d&#039;Evologia","description":"Pro Evologia est  une association \u00e0 but non lucratif qui soutient Evologia","potentialAction":[{"@type":"SearchAction","target":{"@type":"EntryPoint","urlTemplate":"https:\/\/www.pro-evologia.ch\/?s={search_term_string}"},"query-input":{"@type":"PropertyValueSpecification","valueRequired":true,"valueName":"search_term_string"}}],"inLanguage":"fr-FR"}]}},"_links":{"self":[{"href":"http:\/\/www.pro-evologia.ch\/index.php?rest_route=\/wp\/v2\/pages\/3430","targetHints":{"allow":["GET"]}}],"collection":[{"href":"http:\/\/www.pro-evologia.ch\/index.php?rest_route=\/wp\/v2\/pages"}],"about":[{"href":"http:\/\/www.pro-evologia.ch\/index.php?rest_route=\/wp\/v2\/types\/page"}],"author":[{"embeddable":true,"href":"http:\/\/www.pro-evologia.ch\/index.php?rest_route=\/wp\/v2\/users\/1"}],"replies":[{"embeddable":true,"href":"http:\/\/www.pro-evologia.ch\/index.php?rest_route=%2Fwp%2Fv2%2Fcomments&post=3430"}],"version-history":[{"count":5,"href":"http:\/\/www.pro-evologia.ch\/index.php?rest_route=\/wp\/v2\/pages\/3430\/revisions"}],"predecessor-version":[{"id":3442,"href":"http:\/\/www.pro-evologia.ch\/index.php?rest_route=\/wp\/v2\/pages\/3430\/revisions\/3442"}],"up":[{"embeddable":true,"href":"http:\/\/www.pro-evologia.ch\/index.php?rest_route=\/wp\/v2\/pages\/33"}],"wp:attachment":[{"href":"http:\/\/www.pro-evologia.ch\/index.php?rest_route=%2Fwp%2Fv2%2Fmedia&parent=3430"}],"curies":[{"name":"wp","href":"https:\/\/api.w.org\/{rel}","templated":true}]}}