{"id":3352,"date":"2025-02-11T16:09:07","date_gmt":"2025-02-11T15:09:07","guid":{"rendered":"https:\/\/www.pro-evologia.ch\/?page_id=3352"},"modified":"2026-01-22T17:27:51","modified_gmt":"2026-01-22T16:27:51","slug":"projets-2025","status":"publish","type":"page","link":"http:\/\/www.pro-evologia.ch\/?page_id=3352","title":{"rendered":"Archives 2025"},"content":{"rendered":"\n<p class=\"has-medium-font-size\"><strong>Brochure <a href=\"http:\/\/www.pro-evologia.ch\/wp-content\/uploads\/2025\/04\/Un_Ete_A_Evologia_2025.pdf\" target=\"_blank\" rel=\"noreferrer noopener\">Un \u00e9t\u00e9 \u00e0 Evologia<\/a><\/strong><\/p>\n\n\n\n<figure class=\"wp-block-image size-full is-resized\"><a href=\"http:\/\/www.pro-evologia.ch\/wp-content\/uploads\/2025\/04\/Un_Ete_A_Evologia_2025.png\"><img loading=\"lazy\" decoding=\"async\" width=\"561\" height=\"796\" src=\"http:\/\/www.pro-evologia.ch\/wp-content\/uploads\/2025\/04\/Un_Ete_A_Evologia_2025.png\" alt=\"\" class=\"wp-image-3418\" style=\"width:235px;height:auto\" srcset=\"http:\/\/www.pro-evologia.ch\/wp-content\/uploads\/2025\/04\/Un_Ete_A_Evologia_2025.png 561w, http:\/\/www.pro-evologia.ch\/wp-content\/uploads\/2025\/04\/Un_Ete_A_Evologia_2025-211x300.png 211w\" sizes=\"auto, (max-width: 561px) 100vw, 561px\" \/><\/a><\/figure>\n\n\n\n<p><\/p>\n\n\n\n<p class=\"has-medium-font-size\">Pour cette ann\u00e9e 2025, nous avons mis sur pied :<\/p>\n\n\n\n<a href=\"#Concours\"><p class=\"has-large-font-size\"><strong>Un concours photo<\/strong><\/p>\n\n\n\n<figure class=\"wp-block-image size-large is-resized\"><a href=\"https:\/\/www.pro-evologia.ch\/wp-content\/uploads\/2025\/02\/Concours-photo.png\"><img loading=\"lazy\" decoding=\"async\" width=\"1024\" height=\"375\" src=\"https:\/\/www.pro-evologia.ch\/wp-content\/uploads\/2025\/02\/Concours-photo-1024x375.png\" alt=\"\" class=\"wp-image-3363\" style=\"width:448px;height:auto\" srcset=\"http:\/\/www.pro-evologia.ch\/wp-content\/uploads\/2025\/02\/Concours-photo-1024x375.png 1024w, http:\/\/www.pro-evologia.ch\/wp-content\/uploads\/2025\/02\/Concours-photo-300x110.png 300w, http:\/\/www.pro-evologia.ch\/wp-content\/uploads\/2025\/02\/Concours-photo-768x282.png 768w, http:\/\/www.pro-evologia.ch\/wp-content\/uploads\/2025\/02\/Concours-photo-1536x563.png 1536w, http:\/\/www.pro-evologia.ch\/wp-content\/uploads\/2025\/02\/Concours-photo-2048x751.png 2048w\" sizes=\"auto, (max-width: 1024px) 100vw, 1024px\" \/><\/a><\/figure>\n\n\n\n<p class=\"has-medium-font-size\"><strong>Th\u00e8me :<\/strong> Le concours photo propose de capturer la beaut\u00e9 des <strong>Jardins Extraordinaires \u00e0 travers trois cat\u00e9gories<\/strong> :<\/p>\n\n\n\n<ul class=\"wp-block-list has-medium-font-size\">\n<li><strong>V\u00e9g\u00e9tal<\/strong> \u2013 Portraits de la flore des jardins.<\/li>\n<\/ul>\n\n\n\n<ul class=\"wp-block-list\">\n<li class=\"has-medium-font-size\"><strong>Animal<\/strong> \u2013 Sc\u00e8nes de la faune locale.<\/li>\n<\/ul>\n\n\n\n<ul class=\"wp-block-list\">\n<li class=\"has-medium-font-size\"><strong>Sculptures dans les jardins<\/strong> \u2013 Mises en valeur des sculptures et autres \u00e9l\u00e9ments d\u00e9coratifs.<\/li>\n<\/ul>\n\n\n\n<p class=\"has-medium-font-size\">Voir sa description d\u00e9taill\u00e9e <strong><a href=\"http:\/\/www.pro-evologia.ch\/wp-content\/uploads\/2025\/02\/Concours-Photo-Jardins-Extraordinaires.pdf\" target=\"_blank\" rel=\"noreferrer noopener\">ICI<\/a><\/strong><\/p>\n\n\n\n<hr class=\"wp-block-separator has-alpha-channel-opacity\"\/>\n\n\n\n<a href=\"#Challenge\"><p class=\"has-large-font-size\"><strong>Un challenge photo<\/strong><\/p>\n\n\n\n<figure class=\"wp-block-image size-full is-resized\"><a href=\"https:\/\/www.pro-evologia.ch\/wp-content\/uploads\/2025\/02\/Challenge-photo.png\"><img loading=\"lazy\" decoding=\"async\" width=\"912\" height=\"722\" src=\"https:\/\/www.pro-evologia.ch\/wp-content\/uploads\/2025\/02\/Challenge-photo.png\" alt=\"\" class=\"wp-image-3364\" style=\"width:289px;height:auto\" srcset=\"http:\/\/www.pro-evologia.ch\/wp-content\/uploads\/2025\/02\/Challenge-photo.png 912w, http:\/\/www.pro-evologia.ch\/wp-content\/uploads\/2025\/02\/Challenge-photo-300x238.png 300w, http:\/\/www.pro-evologia.ch\/wp-content\/uploads\/2025\/02\/Challenge-photo-768x608.png 768w\" sizes=\"auto, (max-width: 912px) 100vw, 912px\" \/><\/a><\/figure>\n\n\n\n<p class=\"has-medium-font-size\"><strong>Objectif du challenge :<\/strong> Ce challenge photo vise \u00e0 <strong>encourager les visiteurs<\/strong> \u00e0 capturer et partager les moments marquants du <strong>nouveau parcours \u00ab\u00a0Safari\u00a0\u00bb<\/strong> dans les jardins. Ce parcours met en sc\u00e8ne des <strong>sculptures g\u00e9antes d\u2019animaux tress\u00e9es en bois<\/strong> qu\u2019il est possible d\u2019observer sur le site d\u2019Evologia.<\/p>\n\n\n\n<p class=\"has-medium-font-size\">Voir sa description d\u00e9taill\u00e9e <strong><a href=\"http:\/\/www.pro-evologia.ch\/wp-content\/uploads\/2025\/02\/Challenge-Photo-Safari.pdf\" target=\"_blank\" rel=\"noreferrer noopener\">ICI<\/a><\/strong><\/p>\n","protected":false},"excerpt":{"rendered":"<p>Brochure Un \u00e9t\u00e9 \u00e0 Evologia Pour cette ann\u00e9e 2025, nous avons mis sur pied : Un concours photo Th\u00e8me : Le concours photo propose de capturer la beaut\u00e9 des Jardins Extraordinaires \u00e0 travers trois cat\u00e9gories : Voir sa description d\u00e9taill\u00e9e ICI Un challenge photo Objectif du challenge : Ce challenge photo vise \u00e0 encourager les &#8230; <a title=\"Archives 2025\" class=\"read-more\" href=\"http:\/\/www.pro-evologia.ch\/?page_id=3352\" aria-label=\"En savoir plus sur Archives 2025\">Read more<\/a><\/p>\n","protected":false},"author":1,"featured_media":0,"parent":33,"menu_order":4,"comment_status":"closed","ping_status":"closed","template":"","meta":{"ngg_post_thumbnail":0,"generate_page_header":"","footnotes":""},"class_list":["post-3352","page","type-page","status-publish"],"yoast_head":"<!-- This site is optimized with the Yoast SEO plugin v27.2 - https:\/\/yoast.com\/product\/yoast-seo-wordpress\/ -->\n<title>Archives 2025 &#8226; Association des amis d&#039;Evologia<\/title>\n<meta name=\"robots\" content=\"index, follow, max-snippet:-1, max-image-preview:large, max-video-preview:-1\" \/>\n<link rel=\"canonical\" href=\"http:\/\/www.pro-evologia.ch\/?page_id=3352\" \/>\n<meta property=\"og:locale\" content=\"fr_FR\" \/>\n<meta property=\"og:type\" content=\"article\" \/>\n<meta property=\"og:title\" content=\"Archives 2025 &#8226; Association des amis d&#039;Evologia\" \/>\n<meta property=\"og:description\" content=\"Brochure Un \u00e9t\u00e9 \u00e0 Evologia Pour cette ann\u00e9e 2025, nous avons mis sur pied : Un concours photo Th\u00e8me : Le concours photo propose de capturer la beaut\u00e9 des Jardins Extraordinaires \u00e0 travers trois cat\u00e9gories : Voir sa description d\u00e9taill\u00e9e ICI Un challenge photo Objectif du challenge : Ce challenge photo vise \u00e0 encourager les ... Read more\" \/>\n<meta property=\"og:url\" content=\"http:\/\/www.pro-evologia.ch\/?page_id=3352\" \/>\n<meta property=\"og:site_name\" content=\"Association des amis d&#039;Evologia\" \/>\n<meta property=\"article:publisher\" content=\"https:\/\/www.facebook.com\/proevologia\" \/>\n<meta property=\"article:modified_time\" content=\"2026-01-22T16:27:51+00:00\" \/>\n<meta property=\"og:image\" content=\"http:\/\/www.pro-evologia.ch\/wp-content\/uploads\/2025\/04\/Un_Ete_A_Evologia_2025.png\" \/>\n<meta name=\"twitter:label1\" content=\"Dur\u00e9e de lecture estim\u00e9e\" \/>\n\t<meta name=\"twitter:data1\" content=\"2 minutes\" \/>\n<script type=\"application\/ld+json\" class=\"yoast-schema-graph\">{\"@context\":\"https:\/\/schema.org\",\"@graph\":[{\"@type\":\"WebPage\",\"@id\":\"http:\/\/www.pro-evologia.ch\/?page_id=3352\",\"url\":\"http:\/\/www.pro-evologia.ch\/?page_id=3352\",\"name\":\"Archives 2025 &#8226; Association des amis d&#039;Evologia\",\"isPartOf\":{\"@id\":\"https:\/\/www.pro-evologia.ch\/#website\"},\"primaryImageOfPage\":{\"@id\":\"http:\/\/www.pro-evologia.ch\/?page_id=3352#primaryimage\"},\"image\":{\"@id\":\"http:\/\/www.pro-evologia.ch\/?page_id=3352#primaryimage\"},\"thumbnailUrl\":\"http:\/\/www.pro-evologia.ch\/wp-content\/uploads\/2025\/04\/Un_Ete_A_Evologia_2025.png\",\"datePublished\":\"2025-02-11T15:09:07+00:00\",\"dateModified\":\"2026-01-22T16:27:51+00:00\",\"breadcrumb\":{\"@id\":\"http:\/\/www.pro-evologia.ch\/?page_id=3352#breadcrumb\"},\"inLanguage\":\"fr-FR\",\"potentialAction\":[{\"@type\":\"ReadAction\",\"target\":[\"http:\/\/www.pro-evologia.ch\/?page_id=3352\"]}]},{\"@type\":\"ImageObject\",\"inLanguage\":\"fr-FR\",\"@id\":\"http:\/\/www.pro-evologia.ch\/?page_id=3352#primaryimage\",\"url\":\"http:\/\/www.pro-evologia.ch\/wp-content\/uploads\/2025\/04\/Un_Ete_A_Evologia_2025.png\",\"contentUrl\":\"http:\/\/www.pro-evologia.ch\/wp-content\/uploads\/2025\/04\/Un_Ete_A_Evologia_2025.png\"},{\"@type\":\"BreadcrumbList\",\"@id\":\"http:\/\/www.pro-evologia.ch\/?page_id=3352#breadcrumb\",\"itemListElement\":[{\"@type\":\"ListItem\",\"position\":1,\"name\":\"Accueil\",\"item\":\"https:\/\/www.pro-evologia.ch\/\"},{\"@type\":\"ListItem\",\"position\":2,\"name\":\"L&rsquo;Association\",\"item\":\"https:\/\/www.pro-evologia.ch\/?page_id=33\"},{\"@type\":\"ListItem\",\"position\":3,\"name\":\"Archives 2025\"}]},{\"@type\":\"WebSite\",\"@id\":\"https:\/\/www.pro-evologia.ch\/#website\",\"url\":\"https:\/\/www.pro-evologia.ch\/\",\"name\":\"Association des amis d&#039;Evologia\",\"description\":\"Pro Evologia est  une association \u00e0 but non lucratif qui soutient Evologia\",\"potentialAction\":[{\"@type\":\"SearchAction\",\"target\":{\"@type\":\"EntryPoint\",\"urlTemplate\":\"https:\/\/www.pro-evologia.ch\/?s={search_term_string}\"},\"query-input\":{\"@type\":\"PropertyValueSpecification\",\"valueRequired\":true,\"valueName\":\"search_term_string\"}}],\"inLanguage\":\"fr-FR\"}]}<\/script>\n<!-- \/ Yoast SEO plugin. -->","yoast_head_json":{"title":"Archives 2025 &#8226; Association des amis d&#039;Evologia","robots":{"index":"index","follow":"follow","max-snippet":"max-snippet:-1","max-image-preview":"max-image-preview:large","max-video-preview":"max-video-preview:-1"},"canonical":"http:\/\/www.pro-evologia.ch\/?page_id=3352","og_locale":"fr_FR","og_type":"article","og_title":"Archives 2025 &#8226; Association des amis d&#039;Evologia","og_description":"Brochure Un \u00e9t\u00e9 \u00e0 Evologia Pour cette ann\u00e9e 2025, nous avons mis sur pied : Un concours photo Th\u00e8me : Le concours photo propose de capturer la beaut\u00e9 des Jardins Extraordinaires \u00e0 travers trois cat\u00e9gories : Voir sa description d\u00e9taill\u00e9e ICI Un challenge photo Objectif du challenge : Ce challenge photo vise \u00e0 encourager les ... Read more","og_url":"http:\/\/www.pro-evologia.ch\/?page_id=3352","og_site_name":"Association des amis d&#039;Evologia","article_publisher":"https:\/\/www.facebook.com\/proevologia","article_modified_time":"2026-01-22T16:27:51+00:00","og_image":[{"url":"http:\/\/www.pro-evologia.ch\/wp-content\/uploads\/2025\/04\/Un_Ete_A_Evologia_2025.png","type":"","width":"","height":""}],"twitter_misc":{"Dur\u00e9e de lecture estim\u00e9e":"2 minutes"},"schema":{"@context":"https:\/\/schema.org","@graph":[{"@type":"WebPage","@id":"http:\/\/www.pro-evologia.ch\/?page_id=3352","url":"http:\/\/www.pro-evologia.ch\/?page_id=3352","name":"Archives 2025 &#8226; Association des amis d&#039;Evologia","isPartOf":{"@id":"https:\/\/www.pro-evologia.ch\/#website"},"primaryImageOfPage":{"@id":"http:\/\/www.pro-evologia.ch\/?page_id=3352#primaryimage"},"image":{"@id":"http:\/\/www.pro-evologia.ch\/?page_id=3352#primaryimage"},"thumbnailUrl":"http:\/\/www.pro-evologia.ch\/wp-content\/uploads\/2025\/04\/Un_Ete_A_Evologia_2025.png","datePublished":"2025-02-11T15:09:07+00:00","dateModified":"2026-01-22T16:27:51+00:00","breadcrumb":{"@id":"http:\/\/www.pro-evologia.ch\/?page_id=3352#breadcrumb"},"inLanguage":"fr-FR","potentialAction":[{"@type":"ReadAction","target":["http:\/\/www.pro-evologia.ch\/?page_id=3352"]}]},{"@type":"ImageObject","inLanguage":"fr-FR","@id":"http:\/\/www.pro-evologia.ch\/?page_id=3352#primaryimage","url":"http:\/\/www.pro-evologia.ch\/wp-content\/uploads\/2025\/04\/Un_Ete_A_Evologia_2025.png","contentUrl":"http:\/\/www.pro-evologia.ch\/wp-content\/uploads\/2025\/04\/Un_Ete_A_Evologia_2025.png"},{"@type":"BreadcrumbList","@id":"http:\/\/www.pro-evologia.ch\/?page_id=3352#breadcrumb","itemListElement":[{"@type":"ListItem","position":1,"name":"Accueil","item":"https:\/\/www.pro-evologia.ch\/"},{"@type":"ListItem","position":2,"name":"L&rsquo;Association","item":"https:\/\/www.pro-evologia.ch\/?page_id=33"},{"@type":"ListItem","position":3,"name":"Archives 2025"}]},{"@type":"WebSite","@id":"https:\/\/www.pro-evologia.ch\/#website","url":"https:\/\/www.pro-evologia.ch\/","name":"Association des amis d&#039;Evologia","description":"Pro Evologia est  une association \u00e0 but non lucratif qui soutient Evologia","potentialAction":[{"@type":"SearchAction","target":{"@type":"EntryPoint","urlTemplate":"https:\/\/www.pro-evologia.ch\/?s={search_term_string}"},"query-input":{"@type":"PropertyValueSpecification","valueRequired":true,"valueName":"search_term_string"}}],"inLanguage":"fr-FR"}]}},"_links":{"self":[{"href":"http:\/\/www.pro-evologia.ch\/index.php?rest_route=\/wp\/v2\/pages\/3352","targetHints":{"allow":["GET"]}}],"collection":[{"href":"http:\/\/www.pro-evologia.ch\/index.php?rest_route=\/wp\/v2\/pages"}],"about":[{"href":"http:\/\/www.pro-evologia.ch\/index.php?rest_route=\/wp\/v2\/types\/page"}],"author":[{"embeddable":true,"href":"http:\/\/www.pro-evologia.ch\/index.php?rest_route=\/wp\/v2\/users\/1"}],"replies":[{"embeddable":true,"href":"http:\/\/www.pro-evologia.ch\/index.php?rest_route=%2Fwp%2Fv2%2Fcomments&post=3352"}],"version-history":[{"count":15,"href":"http:\/\/www.pro-evologia.ch\/index.php?rest_route=\/wp\/v2\/pages\/3352\/revisions"}],"predecessor-version":[{"id":3460,"href":"http:\/\/www.pro-evologia.ch\/index.php?rest_route=\/wp\/v2\/pages\/3352\/revisions\/3460"}],"up":[{"embeddable":true,"href":"http:\/\/www.pro-evologia.ch\/index.php?rest_route=\/wp\/v2\/pages\/33"}],"wp:attachment":[{"href":"http:\/\/www.pro-evologia.ch\/index.php?rest_route=%2Fwp%2Fv2%2Fmedia&parent=3352"}],"curies":[{"name":"wp","href":"https:\/\/api.w.org\/{rel}","templated":true}]}}