{"id":2015,"date":"2019-03-22T09:55:54","date_gmt":"2019-03-22T08:55:54","guid":{"rendered":"https:\/\/www.pro-evologia.ch\/?page_id=2015"},"modified":"2022-04-12T16:00:09","modified_gmt":"2022-04-12T14:00:09","slug":"la-fleur-boreale","status":"publish","type":"page","link":"http:\/\/www.pro-evologia.ch\/?page_id=2015","title":{"rendered":"La Fleur bor\u00e9ale"},"content":{"rendered":"\n<div class=\"wp-block-image\"><figure class=\"aligncenter is-resized\"><img loading=\"lazy\" decoding=\"async\" src=\"https:\/\/www.pro-evologia.ch\/wp-content\/uploads\/2019\/03\/Fleur_boreale-1024x655.png\" alt=\"\" class=\"wp-image-2006\" width=\"768\" height=\"491\" srcset=\"http:\/\/www.pro-evologia.ch\/wp-content\/uploads\/2019\/03\/Fleur_boreale-1024x655.png 1024w, http:\/\/www.pro-evologia.ch\/wp-content\/uploads\/2019\/03\/Fleur_boreale-300x192.png 300w, http:\/\/www.pro-evologia.ch\/wp-content\/uploads\/2019\/03\/Fleur_boreale-768x491.png 768w, http:\/\/www.pro-evologia.ch\/wp-content\/uploads\/2019\/03\/Fleur_boreale.png 1897w\" sizes=\"auto, (max-width: 768px) 100vw, 768px\" \/><\/figure><\/div>\n\n\n\n<p><strong>V\u00e9ritable embl\u00e8me d\u2019Evologia, \u00e0 Cernier, cette \u0153uvre monumentale, install\u00e9e en 2012 a d\u00e9j\u00e0 marqu\u00e9 les Jardins extraordinaires depuis. <\/strong><\/p>\n\n\n\n<p>Entour\u00e9e d\u2019une pi\u00e8ce d\u2019eau peu profonde, elle commence par nous donner l\u2019impression de marcher au sommet d\u2019une for\u00eat et nous guide par son feuillage et sa flore. Dans sa clairi\u00e8re, elle se laisse imaginer au milieu d\u2019un miroir d\u2019eau, entre mim\u00e9tisme et vie int\u00e9rieure. Elle se laisse ainsi admirer \u00e0 l\u2019aurore, de jour comme de nuit, et au fil des saisons. Apr\u00e8s cinq ans de vie, il faut que cette fleur devienne p\u00e9renne. C\u2019est ainsi que Pro Evologia souhaite l\u2019illuminer et renforcer son enveloppe.<\/p>\n\n\n\n<p><strong>Outre les effets du temps qui passe sur la structure, la fleur bor\u00e9ale doit pouvoir s\u2019inscrire dans son environnement. Il s\u2019agit de la faire rayonner.<\/strong><\/p>\n\n\n\n<p>Il s\u2019agit d\u2019animer l\u2019\u0153uvre en jouant entre ses mat\u00e9riaux (bois, plexiglas) et la lumi\u00e8re du lieu. Pour cela, il faut consolider la structure. Une alimentation \u00e9lectrique\ndiscr\u00e8te, cach\u00e9e dans la corolle, favorise le dialogue lumineux entre les\np\u00e9tales et son environnement. L\u2019am\u00e9lioration du c\u00e2blage est n\u00e9cessaire. Les\ntravaux seront r\u00e9alis\u00e9s par les personnes au b\u00e9n\u00e9fice du Programme d\u2019emplois\ntemporaires du canton de Neuch\u00e2tel.<\/p>\n\n\n\n<p><strong>La fleur bor\u00e9ale a ainsi fait partie de diverses d\u00e9ambulations po\u00e9tiques, notamment depuis quelques \u00e9t\u00e9s \u00e0 l\u2019enseigne du festival de Po\u00e9sie en arrosoir de Cernier.&nbsp; <\/strong><\/p>\n\n\n\n<p>Fruit de l\u2019imagination de son concepteur, Roger Hofstetter, elle a \u00e9t\u00e9 notamment r\u00e9alis\u00e9e par 40 stagiaires au b\u00e9n\u00e9fice des Programmes d\u2019emplois temporaires du canton de Neuch\u00e2tel. Elle a \u00e9t\u00e9 implant\u00e9e sur une surface de 5000 m\u00e8tres carr\u00e9s, dont 2000 sont consacr\u00e9s aux plantes vivaces, aux gramin\u00e9es, aux arbres et arbustes group\u00e9s sous l\u2019enseigne du Jardin des th\u00e9rophytes. La Loterie romande a apport\u00e9 une g\u00e9n\u00e9reuse contribution \u00e0 sa r\u00e9alisation. <\/p>\n\n\n\n<p><strong>Nos objectifs<\/strong><\/p>\n\n\n\n<ol class=\"wp-block-list\"><li>En faire l\u2019embl\u00e8me du site d\u2019Evologia et de la commune de Val-de-Ruz.<\/li><li>En faire devenir un lieu de m\u00e9ditation multiculturelle en pleine nature.<\/li><li>En faire le centre p\u00e9renne d\u2019un nouveau parc arboris\u00e9 au sein d\u2019Evologia.<\/li><\/ol>\n\n\n\n<p> <strong>Notre budget<\/strong><\/p>\n\n\n\n<div class=\"wp-block-image\"><figure class=\"alignright is-resized\"><img loading=\"lazy\" decoding=\"async\" src=\"https:\/\/www.pro-evologia.ch\/wp-content\/uploads\/2019\/03\/Souscription-2-1024x634.png\" alt=\"\" class=\"wp-image-2037\" width=\"360\" height=\"327\"\/><figcaption><strong>Faites votre choix pour une part de souscription<\/strong><\/figcaption><\/figure><\/div>\n\n\n\n<figure class=\"wp-block-image is-resized\"><img loading=\"lazy\" decoding=\"async\" src=\"https:\/\/www.pro-evologia.ch\/wp-content\/uploads\/2019\/03\/Souscription-1-1024x596.png\" alt=\"\" class=\"wp-image-2038\" width=\"512\" height=\"298\" srcset=\"http:\/\/www.pro-evologia.ch\/wp-content\/uploads\/2019\/03\/Souscription-1-1024x596.png 1024w, http:\/\/www.pro-evologia.ch\/wp-content\/uploads\/2019\/03\/Souscription-1-300x174.png 300w, http:\/\/www.pro-evologia.ch\/wp-content\/uploads\/2019\/03\/Souscription-1-768x447.png 768w, http:\/\/www.pro-evologia.ch\/wp-content\/uploads\/2019\/03\/Souscription-1.png 1606w\" sizes=\"auto, (max-width: 512px) 100vw, 512px\" \/><\/figure>\n\n\n\n<p>Un <strong>panneau descriptif et didactique <\/strong>de la Fleur bor\u00e9ale sera plant\u00e9 \u00e0 son cot\u00e9 avec mention du nom des sponsors.<\/p>\n\n\n\n<h5><strong>Votre souscription<\/strong><\/h5>\n<p class=\"wpcf7-contact-form-not-found\"><strong>Erreur\u00a0:<\/strong> Formulaire de contact non trouv\u00e9\u00a0!<\/p>\n\n\n\n<p><\/p>\n","protected":false},"excerpt":{"rendered":"<p>V\u00e9ritable embl\u00e8me d\u2019Evologia, \u00e0 Cernier, cette \u0153uvre monumentale, install\u00e9e en 2012 a d\u00e9j\u00e0 marqu\u00e9 les Jardins extraordinaires depuis. Entour\u00e9e d\u2019une pi\u00e8ce d\u2019eau peu profonde, elle commence par nous donner l\u2019impression de marcher au sommet d\u2019une for\u00eat et nous guide par son feuillage et sa flore. Dans sa clairi\u00e8re, elle se laisse imaginer au milieu d\u2019un &#8230; <a title=\"La Fleur bor\u00e9ale\" class=\"read-more\" href=\"http:\/\/www.pro-evologia.ch\/?page_id=2015\" aria-label=\"En savoir plus sur La Fleur bor\u00e9ale\">Read more<\/a><\/p>\n","protected":false},"author":1,"featured_media":0,"parent":2000,"menu_order":0,"comment_status":"closed","ping_status":"closed","template":"","meta":{"ngg_post_thumbnail":0,"generate_page_header":"","footnotes":""},"class_list":["post-2015","page","type-page","status-publish"],"yoast_head":"<!-- This site is optimized with the Yoast SEO plugin v27.5 - https:\/\/yoast.com\/product\/yoast-seo-wordpress\/ -->\n<title>La Fleur bor\u00e9ale &#8226; Association des amis d&#039;Evologia<\/title>\n<meta name=\"robots\" content=\"index, follow, max-snippet:-1, max-image-preview:large, max-video-preview:-1\" \/>\n<link rel=\"canonical\" href=\"https:\/\/www.pro-evologia.ch\/?page_id=2015\" \/>\n<meta property=\"og:locale\" content=\"fr_FR\" \/>\n<meta property=\"og:type\" content=\"article\" \/>\n<meta property=\"og:title\" content=\"La Fleur bor\u00e9ale &#8226; Association des amis d&#039;Evologia\" \/>\n<meta property=\"og:description\" content=\"V\u00e9ritable embl\u00e8me d\u2019Evologia, \u00e0 Cernier, cette \u0153uvre monumentale, install\u00e9e en 2012 a d\u00e9j\u00e0 marqu\u00e9 les Jardins extraordinaires depuis. Entour\u00e9e d\u2019une pi\u00e8ce d\u2019eau peu profonde, elle commence par nous donner l\u2019impression de marcher au sommet d\u2019une for\u00eat et nous guide par son feuillage et sa flore. Dans sa clairi\u00e8re, elle se laisse imaginer au milieu d\u2019un ... Read more\" \/>\n<meta property=\"og:url\" content=\"https:\/\/www.pro-evologia.ch\/?page_id=2015\" \/>\n<meta property=\"og:site_name\" content=\"Association des amis d&#039;Evologia\" \/>\n<meta property=\"article:publisher\" content=\"https:\/\/www.facebook.com\/proevologia\" \/>\n<meta property=\"article:modified_time\" content=\"2022-04-12T14:00:09+00:00\" \/>\n<meta property=\"og:image\" content=\"https:\/\/www.pro-evologia.ch\/wp-content\/uploads\/2019\/03\/Fleur_boreale-1024x655.png\" \/>\n<meta name=\"twitter:label1\" content=\"Dur\u00e9e de lecture estim\u00e9e\" \/>\n\t<meta name=\"twitter:data1\" content=\"3 minutes\" \/>\n<script type=\"application\/ld+json\" class=\"yoast-schema-graph\">{\"@context\":\"https:\\\/\\\/schema.org\",\"@graph\":[{\"@type\":\"WebPage\",\"@id\":\"https:\\\/\\\/www.pro-evologia.ch\\\/?page_id=2015\",\"url\":\"https:\\\/\\\/www.pro-evologia.ch\\\/?page_id=2015\",\"name\":\"La Fleur bor\u00e9ale &#8226; Association des amis d&#039;Evologia\",\"isPartOf\":{\"@id\":\"https:\\\/\\\/www.pro-evologia.ch\\\/#website\"},\"primaryImageOfPage\":{\"@id\":\"https:\\\/\\\/www.pro-evologia.ch\\\/?page_id=2015#primaryimage\"},\"image\":{\"@id\":\"https:\\\/\\\/www.pro-evologia.ch\\\/?page_id=2015#primaryimage\"},\"thumbnailUrl\":\"https:\\\/\\\/www.pro-evologia.ch\\\/wp-content\\\/uploads\\\/2019\\\/03\\\/Fleur_boreale-1024x655.png\",\"datePublished\":\"2019-03-22T08:55:54+00:00\",\"dateModified\":\"2022-04-12T14:00:09+00:00\",\"breadcrumb\":{\"@id\":\"https:\\\/\\\/www.pro-evologia.ch\\\/?page_id=2015#breadcrumb\"},\"inLanguage\":\"fr-FR\",\"potentialAction\":[{\"@type\":\"ReadAction\",\"target\":[\"https:\\\/\\\/www.pro-evologia.ch\\\/?page_id=2015\"]}]},{\"@type\":\"ImageObject\",\"inLanguage\":\"fr-FR\",\"@id\":\"https:\\\/\\\/www.pro-evologia.ch\\\/?page_id=2015#primaryimage\",\"url\":\"http:\\\/\\\/www.pro-evologia.ch\\\/wp-content\\\/uploads\\\/2019\\\/03\\\/Fleur_boreale.png\",\"contentUrl\":\"http:\\\/\\\/www.pro-evologia.ch\\\/wp-content\\\/uploads\\\/2019\\\/03\\\/Fleur_boreale.png\",\"width\":1897,\"height\":1214},{\"@type\":\"BreadcrumbList\",\"@id\":\"https:\\\/\\\/www.pro-evologia.ch\\\/?page_id=2015#breadcrumb\",\"itemListElement\":[{\"@type\":\"ListItem\",\"position\":1,\"name\":\"Accueil\",\"item\":\"https:\\\/\\\/www.pro-evologia.ch\\\/\"},{\"@type\":\"ListItem\",\"position\":2,\"name\":\"Nos projets\",\"item\":\"https:\\\/\\\/www.pro-evologia.ch\\\/?page_id=2000\"},{\"@type\":\"ListItem\",\"position\":3,\"name\":\"La Fleur bor\u00e9ale\"}]},{\"@type\":\"WebSite\",\"@id\":\"https:\\\/\\\/www.pro-evologia.ch\\\/#website\",\"url\":\"https:\\\/\\\/www.pro-evologia.ch\\\/\",\"name\":\"Association des amis d&#039;Evologia\",\"description\":\"Pro Evologia est  une association \u00e0 but non lucratif qui soutient Evologia\",\"potentialAction\":[{\"@type\":\"SearchAction\",\"target\":{\"@type\":\"EntryPoint\",\"urlTemplate\":\"https:\\\/\\\/www.pro-evologia.ch\\\/?s={search_term_string}\"},\"query-input\":{\"@type\":\"PropertyValueSpecification\",\"valueRequired\":true,\"valueName\":\"search_term_string\"}}],\"inLanguage\":\"fr-FR\"}]}<\/script>\n<!-- \/ Yoast SEO plugin. -->","yoast_head_json":{"title":"La Fleur bor\u00e9ale &#8226; Association des amis d&#039;Evologia","robots":{"index":"index","follow":"follow","max-snippet":"max-snippet:-1","max-image-preview":"max-image-preview:large","max-video-preview":"max-video-preview:-1"},"canonical":"https:\/\/www.pro-evologia.ch\/?page_id=2015","og_locale":"fr_FR","og_type":"article","og_title":"La Fleur bor\u00e9ale &#8226; Association des amis d&#039;Evologia","og_description":"V\u00e9ritable embl\u00e8me d\u2019Evologia, \u00e0 Cernier, cette \u0153uvre monumentale, install\u00e9e en 2012 a d\u00e9j\u00e0 marqu\u00e9 les Jardins extraordinaires depuis. Entour\u00e9e d\u2019une pi\u00e8ce d\u2019eau peu profonde, elle commence par nous donner l\u2019impression de marcher au sommet d\u2019une for\u00eat et nous guide par son feuillage et sa flore. Dans sa clairi\u00e8re, elle se laisse imaginer au milieu d\u2019un ... Read more","og_url":"https:\/\/www.pro-evologia.ch\/?page_id=2015","og_site_name":"Association des amis d&#039;Evologia","article_publisher":"https:\/\/www.facebook.com\/proevologia","article_modified_time":"2022-04-12T14:00:09+00:00","og_image":[{"url":"https:\/\/www.pro-evologia.ch\/wp-content\/uploads\/2019\/03\/Fleur_boreale-1024x655.png","type":"","width":"","height":""}],"twitter_misc":{"Dur\u00e9e de lecture estim\u00e9e":"3 minutes"},"schema":{"@context":"https:\/\/schema.org","@graph":[{"@type":"WebPage","@id":"https:\/\/www.pro-evologia.ch\/?page_id=2015","url":"https:\/\/www.pro-evologia.ch\/?page_id=2015","name":"La Fleur bor\u00e9ale &#8226; Association des amis d&#039;Evologia","isPartOf":{"@id":"https:\/\/www.pro-evologia.ch\/#website"},"primaryImageOfPage":{"@id":"https:\/\/www.pro-evologia.ch\/?page_id=2015#primaryimage"},"image":{"@id":"https:\/\/www.pro-evologia.ch\/?page_id=2015#primaryimage"},"thumbnailUrl":"https:\/\/www.pro-evologia.ch\/wp-content\/uploads\/2019\/03\/Fleur_boreale-1024x655.png","datePublished":"2019-03-22T08:55:54+00:00","dateModified":"2022-04-12T14:00:09+00:00","breadcrumb":{"@id":"https:\/\/www.pro-evologia.ch\/?page_id=2015#breadcrumb"},"inLanguage":"fr-FR","potentialAction":[{"@type":"ReadAction","target":["https:\/\/www.pro-evologia.ch\/?page_id=2015"]}]},{"@type":"ImageObject","inLanguage":"fr-FR","@id":"https:\/\/www.pro-evologia.ch\/?page_id=2015#primaryimage","url":"http:\/\/www.pro-evologia.ch\/wp-content\/uploads\/2019\/03\/Fleur_boreale.png","contentUrl":"http:\/\/www.pro-evologia.ch\/wp-content\/uploads\/2019\/03\/Fleur_boreale.png","width":1897,"height":1214},{"@type":"BreadcrumbList","@id":"https:\/\/www.pro-evologia.ch\/?page_id=2015#breadcrumb","itemListElement":[{"@type":"ListItem","position":1,"name":"Accueil","item":"https:\/\/www.pro-evologia.ch\/"},{"@type":"ListItem","position":2,"name":"Nos projets","item":"https:\/\/www.pro-evologia.ch\/?page_id=2000"},{"@type":"ListItem","position":3,"name":"La Fleur bor\u00e9ale"}]},{"@type":"WebSite","@id":"https:\/\/www.pro-evologia.ch\/#website","url":"https:\/\/www.pro-evologia.ch\/","name":"Association des amis d&#039;Evologia","description":"Pro Evologia est  une association \u00e0 but non lucratif qui soutient Evologia","potentialAction":[{"@type":"SearchAction","target":{"@type":"EntryPoint","urlTemplate":"https:\/\/www.pro-evologia.ch\/?s={search_term_string}"},"query-input":{"@type":"PropertyValueSpecification","valueRequired":true,"valueName":"search_term_string"}}],"inLanguage":"fr-FR"}]}},"_links":{"self":[{"href":"http:\/\/www.pro-evologia.ch\/index.php?rest_route=\/wp\/v2\/pages\/2015","targetHints":{"allow":["GET"]}}],"collection":[{"href":"http:\/\/www.pro-evologia.ch\/index.php?rest_route=\/wp\/v2\/pages"}],"about":[{"href":"http:\/\/www.pro-evologia.ch\/index.php?rest_route=\/wp\/v2\/types\/page"}],"author":[{"embeddable":true,"href":"http:\/\/www.pro-evologia.ch\/index.php?rest_route=\/wp\/v2\/users\/1"}],"replies":[{"embeddable":true,"href":"http:\/\/www.pro-evologia.ch\/index.php?rest_route=%2Fwp%2Fv2%2Fcomments&post=2015"}],"version-history":[{"count":0,"href":"http:\/\/www.pro-evologia.ch\/index.php?rest_route=\/wp\/v2\/pages\/2015\/revisions"}],"up":[{"embeddable":true,"href":"http:\/\/www.pro-evologia.ch\/index.php?rest_route=\/wp\/v2\/pages\/2000"}],"wp:attachment":[{"href":"http:\/\/www.pro-evologia.ch\/index.php?rest_route=%2Fwp%2Fv2%2Fmedia&parent=2015"}],"curies":[{"name":"wp","href":"https:\/\/api.w.org\/{rel}","templated":true}]}}